{"id":146,"date":"2019-08-05T12:00:02","date_gmt":"2019-08-05T12:00:02","guid":{"rendered":"https:\/\/veeohutus.ee\/kevad\/?page_id=146"},"modified":"2022-04-11T05:43:53","modified_gmt":"2022-04-11T05:43:53","slug":"ohud-veele-minnes","status":"publish","type":"page","link":"https:\/\/veeohutus.ee\/kevad\/ohud-veele-minnes\/","title":{"rendered":"Millised on ohud"},"content":{"rendered":"<ul>\n<li>Kuigi miinuskraadide saabudes hakkavad veekogud j\u00e4\u00e4tuma, siis p\u00e4rast esimesi k\u00fclmasid tekkinud j\u00e4\u00e4 on \u00f5huke ja n\u00f5rk ega kanna inimest.<\/li>\n<li>2-3-kraadises vees viibimine on eluohtlik juba 15 minuti ja k\u00fclmemas vees isegi paari minuti m\u00f6\u00f6dudes. Seet\u00f5ttu on p\u00e4\u00e4semise kiirus ja kannatanu \u00fclessoojendamine v\u00e4ga oluline.<\/li>\n<li>Piiriveekogule minnes on oluline teha selgeks piiriveekogul kehtestatud piirangud (n\u00e4it. riigipiiri kulgemine, piirire\u017eiimi ala). Piiriveekogule minek ja sealt tagasitulek tuleb registreerida l\u00e4himas kordonis ning kanda kaasas isiku ja ujuvvahendiga seotud dokumente.<\/li>\n<\/ul>\n<p><strong>Peamised ohud on:<\/strong><\/p>\n<ul>\n<li><strong>\u00d5huke riietus<\/strong> \u2013 tuul veekogul s\u00fcvendab k\u00fclma tunnet ja alajahtumine tekib kiiremini.<\/li>\n<li><strong>Alkoholitarvitamine<\/strong> \u2013 alkohol tekitab petliku soojatunde, kuid ei peata keha jahtumist.<\/li>\n<li><strong>Liikumine pimedas<\/strong> \u2013 oht on kaotada orientatsioon.<\/li>\n<li><strong>Libedus<\/strong> &#8211; langenud lehed ja k\u00fclmakraadid muudavad pinnase libedaks, seega ole ka kaldal ettevaatlik.<\/li>\n<\/ul>\n<p>&nbsp;<\/p>\n","protected":false},"excerpt":{"rendered":"<p>Kuigi miinuskraadide saabudes hakkavad veekogud j\u00e4\u00e4tuma, siis p\u00e4rast esimesi k\u00fclmasid tekkinud j\u00e4\u00e4 on \u00f5huke ja n\u00f5rk ega kanna inimest. 2-3-kraadises vees viibimine on eluohtlik juba 15 minuti ja k\u00fclmemas vees isegi paari minuti m\u00f6\u00f6dudes. Seet\u00f5ttu on p\u00e4\u00e4semise kiirus ja kannatanu \u00fclessoojendamine v\u00e4ga oluline. Piiriveekogule minnes on oluline teha selgeks piiriveekogul kehtestatud piirangud (n\u00e4it. riigipiiri kulgemine,&#8230;  <a class=\"excerpt-read-more\" href=\"https:\/\/veeohutus.ee\/kevad\/ohud-veele-minnes\/\" title=\"Read Millised on ohud\">Read more<\/a><\/p>\n","protected":false},"author":2,"featured_media":94,"parent":0,"menu_order":0,"comment_status":"closed","ping_status":"closed","template":"","meta":{"_acf_changed":false,"footnotes":""},"class_list":["post-146","page","type-page","status-publish","has-post-thumbnail","hentry"],"acf":[],"yoast_head":"<!-- This site is optimized with the Yoast SEO plugin v26.7 - https:\/\/yoast.com\/wordpress\/plugins\/seo\/ -->\n<title>Millised on ohud - Veeohutus - Kevad<\/title>\n<meta name=\"robots\" content=\"index, follow, max-snippet:-1, max-image-preview:large, max-video-preview:-1\" \/>\n<link rel=\"canonical\" href=\"https:\/\/veeohutus.ee\/kevad\/ohud-veele-minnes\/\" \/>\n<meta property=\"og:locale\" content=\"et_EE\" \/>\n<meta property=\"og:type\" content=\"article\" \/>\n<meta property=\"og:title\" content=\"Millised on ohud - Veeohutus - Kevad\" \/>\n<meta property=\"og:description\" content=\"Kuigi miinuskraadide saabudes hakkavad veekogud j\u00e4\u00e4tuma, siis p\u00e4rast esimesi k\u00fclmasid tekkinud j\u00e4\u00e4 on \u00f5huke ja n\u00f5rk ega kanna inimest. 2-3-kraadises vees viibimine on eluohtlik juba 15 minuti ja k\u00fclmemas vees isegi paari minuti m\u00f6\u00f6dudes. Seet\u00f5ttu on p\u00e4\u00e4semise kiirus ja kannatanu \u00fclessoojendamine v\u00e4ga oluline. Piiriveekogule minnes on oluline teha selgeks piiriveekogul kehtestatud piirangud (n\u00e4it. riigipiiri kulgemine,... Read more\" \/>\n<meta property=\"og:url\" content=\"https:\/\/veeohutus.ee\/kevad\/ohud-veele-minnes\/\" \/>\n<meta property=\"og:site_name\" content=\"Veeohutus - Kevad\" \/>\n<meta property=\"article:modified_time\" content=\"2022-04-11T05:43:53+00:00\" \/>\n<meta property=\"og:image\" content=\"https:\/\/veeohutus.ee\/kevad\/wp-content\/uploads\/sites\/2\/2019\/08\/13527726755_e4bb01875d_k-1.jpg\" \/>\n\t<meta property=\"og:image:width\" content=\"2048\" \/>\n\t<meta property=\"og:image:height\" content=\"1366\" \/>\n\t<meta property=\"og:image:type\" content=\"image\/jpeg\" \/>\n<meta name=\"twitter:card\" content=\"summary_large_image\" \/>\n<meta name=\"twitter:label1\" content=\"Est. reading time\" \/>\n\t<meta name=\"twitter:data1\" content=\"1 minut\" \/>\n<script type=\"application\/ld+json\" class=\"yoast-schema-graph\">{\"@context\":\"https:\/\/schema.org\",\"@graph\":[{\"@type\":\"WebPage\",\"@id\":\"https:\/\/veeohutus.ee\/kevad\/ohud-veele-minnes\/\",\"url\":\"https:\/\/veeohutus.ee\/kevad\/ohud-veele-minnes\/\",\"name\":\"Millised on ohud - Veeohutus - Kevad\",\"isPartOf\":{\"@id\":\"https:\/\/veeohutus.ee\/kevad\/#website\"},\"primaryImageOfPage\":{\"@id\":\"https:\/\/veeohutus.ee\/kevad\/ohud-veele-minnes\/#primaryimage\"},\"image\":{\"@id\":\"https:\/\/veeohutus.ee\/kevad\/ohud-veele-minnes\/#primaryimage\"},\"thumbnailUrl\":\"https:\/\/veeohutus.ee\/kevad\/wp-content\/uploads\/sites\/2\/2019\/08\/13527726755_e4bb01875d_k-1.jpg\",\"datePublished\":\"2019-08-05T12:00:02+00:00\",\"dateModified\":\"2022-04-11T05:43:53+00:00\",\"breadcrumb\":{\"@id\":\"https:\/\/veeohutus.ee\/kevad\/ohud-veele-minnes\/#breadcrumb\"},\"inLanguage\":\"et\",\"potentialAction\":[{\"@type\":\"ReadAction\",\"target\":[\"https:\/\/veeohutus.ee\/kevad\/ohud-veele-minnes\/\"]}]},{\"@type\":\"ImageObject\",\"inLanguage\":\"et\",\"@id\":\"https:\/\/veeohutus.ee\/kevad\/ohud-veele-minnes\/#primaryimage\",\"url\":\"https:\/\/veeohutus.ee\/kevad\/wp-content\/uploads\/sites\/2\/2019\/08\/13527726755_e4bb01875d_k-1.jpg\",\"contentUrl\":\"https:\/\/veeohutus.ee\/kevad\/wp-content\/uploads\/sites\/2\/2019\/08\/13527726755_e4bb01875d_k-1.jpg\",\"width\":2048,\"height\":1366},{\"@type\":\"BreadcrumbList\",\"@id\":\"https:\/\/veeohutus.ee\/kevad\/ohud-veele-minnes\/#breadcrumb\",\"itemListElement\":[{\"@type\":\"ListItem\",\"position\":1,\"name\":\"Home\",\"item\":\"https:\/\/veeohutus.ee\/kevad\/\"},{\"@type\":\"ListItem\",\"position\":2,\"name\":\"Millised on ohud\"}]},{\"@type\":\"WebSite\",\"@id\":\"https:\/\/veeohutus.ee\/kevad\/#website\",\"url\":\"https:\/\/veeohutus.ee\/kevad\/\",\"name\":\"Veeohutus - Kevad\",\"description\":\"Veeohutus - kevad\",\"potentialAction\":[{\"@type\":\"SearchAction\",\"target\":{\"@type\":\"EntryPoint\",\"urlTemplate\":\"https:\/\/veeohutus.ee\/kevad\/?s={search_term_string}\"},\"query-input\":{\"@type\":\"PropertyValueSpecification\",\"valueRequired\":true,\"valueName\":\"search_term_string\"}}],\"inLanguage\":\"et\"}]}<\/script>\n<!-- \/ Yoast SEO plugin. -->","yoast_head_json":{"title":"Millised on ohud - Veeohutus - Kevad","robots":{"index":"index","follow":"follow","max-snippet":"max-snippet:-1","max-image-preview":"max-image-preview:large","max-video-preview":"max-video-preview:-1"},"canonical":"https:\/\/veeohutus.ee\/kevad\/ohud-veele-minnes\/","og_locale":"et_EE","og_type":"article","og_title":"Millised on ohud - Veeohutus - Kevad","og_description":"Kuigi miinuskraadide saabudes hakkavad veekogud j\u00e4\u00e4tuma, siis p\u00e4rast esimesi k\u00fclmasid tekkinud j\u00e4\u00e4 on \u00f5huke ja n\u00f5rk ega kanna inimest. 2-3-kraadises vees viibimine on eluohtlik juba 15 minuti ja k\u00fclmemas vees isegi paari minuti m\u00f6\u00f6dudes. Seet\u00f5ttu on p\u00e4\u00e4semise kiirus ja kannatanu \u00fclessoojendamine v\u00e4ga oluline. Piiriveekogule minnes on oluline teha selgeks piiriveekogul kehtestatud piirangud (n\u00e4it. riigipiiri kulgemine,... Read more","og_url":"https:\/\/veeohutus.ee\/kevad\/ohud-veele-minnes\/","og_site_name":"Veeohutus - Kevad","article_modified_time":"2022-04-11T05:43:53+00:00","og_image":[{"width":2048,"height":1366,"url":"https:\/\/veeohutus.ee\/kevad\/wp-content\/uploads\/sites\/2\/2019\/08\/13527726755_e4bb01875d_k-1.jpg","type":"image\/jpeg"}],"twitter_card":"summary_large_image","twitter_misc":{"Est. reading time":"1 minut"},"schema":{"@context":"https:\/\/schema.org","@graph":[{"@type":"WebPage","@id":"https:\/\/veeohutus.ee\/kevad\/ohud-veele-minnes\/","url":"https:\/\/veeohutus.ee\/kevad\/ohud-veele-minnes\/","name":"Millised on ohud - Veeohutus - Kevad","isPartOf":{"@id":"https:\/\/veeohutus.ee\/kevad\/#website"},"primaryImageOfPage":{"@id":"https:\/\/veeohutus.ee\/kevad\/ohud-veele-minnes\/#primaryimage"},"image":{"@id":"https:\/\/veeohutus.ee\/kevad\/ohud-veele-minnes\/#primaryimage"},"thumbnailUrl":"https:\/\/veeohutus.ee\/kevad\/wp-content\/uploads\/sites\/2\/2019\/08\/13527726755_e4bb01875d_k-1.jpg","datePublished":"2019-08-05T12:00:02+00:00","dateModified":"2022-04-11T05:43:53+00:00","breadcrumb":{"@id":"https:\/\/veeohutus.ee\/kevad\/ohud-veele-minnes\/#breadcrumb"},"inLanguage":"et","potentialAction":[{"@type":"ReadAction","target":["https:\/\/veeohutus.ee\/kevad\/ohud-veele-minnes\/"]}]},{"@type":"ImageObject","inLanguage":"et","@id":"https:\/\/veeohutus.ee\/kevad\/ohud-veele-minnes\/#primaryimage","url":"https:\/\/veeohutus.ee\/kevad\/wp-content\/uploads\/sites\/2\/2019\/08\/13527726755_e4bb01875d_k-1.jpg","contentUrl":"https:\/\/veeohutus.ee\/kevad\/wp-content\/uploads\/sites\/2\/2019\/08\/13527726755_e4bb01875d_k-1.jpg","width":2048,"height":1366},{"@type":"BreadcrumbList","@id":"https:\/\/veeohutus.ee\/kevad\/ohud-veele-minnes\/#breadcrumb","itemListElement":[{"@type":"ListItem","position":1,"name":"Home","item":"https:\/\/veeohutus.ee\/kevad\/"},{"@type":"ListItem","position":2,"name":"Millised on ohud"}]},{"@type":"WebSite","@id":"https:\/\/veeohutus.ee\/kevad\/#website","url":"https:\/\/veeohutus.ee\/kevad\/","name":"Veeohutus - Kevad","description":"Veeohutus - kevad","potentialAction":[{"@type":"SearchAction","target":{"@type":"EntryPoint","urlTemplate":"https:\/\/veeohutus.ee\/kevad\/?s={search_term_string}"},"query-input":{"@type":"PropertyValueSpecification","valueRequired":true,"valueName":"search_term_string"}}],"inLanguage":"et"}]}},"_links":{"self":[{"href":"https:\/\/veeohutus.ee\/kevad\/wp-json\/wp\/v2\/pages\/146","targetHints":{"allow":["GET"]}}],"collection":[{"href":"https:\/\/veeohutus.ee\/kevad\/wp-json\/wp\/v2\/pages"}],"about":[{"href":"https:\/\/veeohutus.ee\/kevad\/wp-json\/wp\/v2\/types\/page"}],"author":[{"embeddable":true,"href":"https:\/\/veeohutus.ee\/kevad\/wp-json\/wp\/v2\/users\/2"}],"replies":[{"embeddable":true,"href":"https:\/\/veeohutus.ee\/kevad\/wp-json\/wp\/v2\/comments?post=146"}],"version-history":[{"count":3,"href":"https:\/\/veeohutus.ee\/kevad\/wp-json\/wp\/v2\/pages\/146\/revisions"}],"predecessor-version":[{"id":409,"href":"https:\/\/veeohutus.ee\/kevad\/wp-json\/wp\/v2\/pages\/146\/revisions\/409"}],"wp:featuredmedia":[{"embeddable":true,"href":"https:\/\/veeohutus.ee\/kevad\/wp-json\/wp\/v2\/media\/94"}],"wp:attachment":[{"href":"https:\/\/veeohutus.ee\/kevad\/wp-json\/wp\/v2\/media?parent=146"}],"curies":[{"name":"wp","href":"https:\/\/api.w.org\/{rel}","templated":true}]}}