{"id":194,"date":"2019-08-05T12:29:33","date_gmt":"2019-08-05T12:29:33","guid":{"rendered":"https:\/\/veeohutus.ee\/kevad\/?page_id=194"},"modified":"2021-10-18T13:25:12","modified_gmt":"2021-10-18T13:25:12","slug":"matkamine-kevadise-suurvee-ajal","status":"publish","type":"page","link":"https:\/\/veeohutus.ee\/kevad\/matkamine-kevadise-suurvee-ajal\/","title":{"rendered":"Matkamine kevadise suurvee ajal"},"content":{"rendered":"<p style=\"text-align: justify;\">Veematkamiseks sobivad kaks p\u00f5hilist aastaaega &#8211; kevad ja suvi. Kevaditi v\u00f5etakse ette \u00fche- kuni kolmep\u00e4evaseid matku, sealhulgas slaalomiv\u00f5istlusi ja rallisid. Ilma kohta tasub enne teele asumist otsida internetist teavet &#8211; selleks sobivad nii teemaportaalid, turismifirmade kodulehed kui ka Facebook.<\/p>\n<h2>Kevad on suvest ohtlikum<\/h2>\n<p style=\"text-align: justify;\">Matkaohutuse seisukohalt on kevad suvest ohtlikum. Varakevadel, kui lumi ja j\u00e4\u00e4 sulama hakkavad, on vesi kiire ja k\u00fclm. J\u00f5ekallastel v\u00f5ib olla veel sulamata j\u00e4\u00e4kamakaid, mis takistavad ohu korral randumist. Halvemal juhul esineb ka j\u00e4\u00e4sulge, mille alla sattumine on \u00e4\u00e4rmiselt ohtlik. Kui minnakse veematkale suurema seltskonnaga, tuleks alati silmas pidada, et esimene paatkond oleks suuremate kogemustega.<\/p>\n<h2>Algajad alustagu leebematel j\u00f5gedel<\/h2>\n<p style=\"text-align: justify;\">P\u00f5hja-Eestis on palju veerohkeid ojasid ja j\u00f5ekesi, mis kutsuvad veematkale just kevaditi. Algaja matkaja peaks nendest hoiduma. Sageli on seal k\u00e4restikke ja astanguid, mis k\u00e4ivad algajale \u00fcle j\u00f5u. Esimene ebameeldiv kogemus v\u00f5ib tekitada aga t\u00f5rke kogu eluks. Seega valige esimesteks katsetusteks veidi leebem j\u00f5gi &#8211; terve P\u00e4rnu j\u00f5e vesikond, samuti V\u00f5handu, Pirita (v.a Pirita pais), V\u00e4\u00e4na j\u00f5gi v\u00f5i Pedja. Suurep\u00e4rase elamuse annab Halliste j\u00f5gi oma \u00fcleujutatud heinamaadega ja \u00fcksikute vees pesitsevate taludega. See on ju meie Veneetsia!<\/p>\n<p><iframe loading=\"lazy\" title=\"Veeohutus kevadisel veematkal 1 osa\" width=\"680\" height=\"510\" src=\"https:\/\/www.youtube.com\/embed\/VSOelOdsuyI?feature=oembed\" frameborder=\"0\" allow=\"accelerometer; autoplay; clipboard-write; encrypted-media; gyroscope; picture-in-picture\" allowfullscreen><\/iframe><\/p>\n<h2>Paisualune tuleb alati \u00fcle kontrollida<\/h2>\n<p style=\"text-align: justify;\">Paisud ja vanad veskitammid, mis suvel endast erilist ohtu ei kujuta, muutuvad ohuallikaks just kevaditi. Kuidas siis \u00fcletada paadiga \u00fclevoolu paisu ja l\u00e4bida paisualust valtsi v\u00f5i tagasivoolu?<br \/>\nS\u00fcstal peab olema positiivne omakiirus, et l\u00e4bida tagasivoolu ala. Aeru pole m\u00f5tet k\u00f5rgel peakohal hoida, vaid ikka selliselt, et saaks paisualuses vees toimivatele keerisvooludele kiirelt reageerida.<br \/>\nKeerisvoolud p\u00fc\u00fcavad sageli paati valitud kursist j\u00e4rsult k\u00f5rvale kallutada. Kanuuga paisust laskudes kaevub kanuu nina s\u00fcgavalt \u00f5huosakestest (mullidest) k\u00fcllastunud vette, sest esimene s\u00f5itja istub paadi ninas ja see vajub raskuse t\u00f5ttu s\u00fcgavalt tagasivoolu lainesse.<br \/>\nEsimene s\u00f5itja peaks istuma v\u00f5imalikult kanuu keskele, et selle nina muutuks kergemaks ja t\u00f5useks kiiremini pinnale.<br \/>\nLaskumist pole m\u00f5tet alustada suure omakiirusega, vaid t\u00f5sta kiirust alles siis, kui nina on t\u00f5usnud pinnale ja pidurdava tagasivoolu m\u00f5jul hakkab kanuu saba sattuma tagant langeva voolu alla.<\/p>\n<p><iframe loading=\"lazy\" title=\"Veeohutus kevadisel veematkal 2 osa\" width=\"680\" height=\"510\" src=\"https:\/\/www.youtube.com\/embed\/RpT_w-5idQI?feature=oembed\" frameborder=\"0\" allow=\"accelerometer; autoplay; clipboard-write; encrypted-media; gyroscope; picture-in-picture\" allowfullscreen><\/iframe><\/p>\n<p>Alati on vajalik eelnevalt vaadata paisualust &#8211; ka siis, kui olete paisu varem \u00fcletanud. Iga kevadine suurvesi v\u00f5ib sinna lisada \u00fcllatuse, kas siis kividele takerdunud puut\u00fcve v\u00f5i vana k\u00fc\u00fcniv\u00e4rava n\u00e4ol.<br \/>\nKui takistuse eduka l\u00e4bimise t\u00f5en\u00e4osus on alla 0,7, tuleks sellest loobuda ja paadid takistusest m\u00f6\u00f6da tassida. Kui r\u00fchmas on v\u00e4heste kogemustega matkajaid, tuleks paatkondi ajutiselt \u00fcmber paigutada ja j\u00e4tta algajatele kaldalt pildistaja-filmija vastutusrikas \u00fclesanne.<br \/>\nSobiv on siin julgestada kaldalt viskeliiniga. Julgestaja peaks olema kogemustega matkaja.<\/p>\n<p>Allikas: Kajak.ee<\/p>\n","protected":false},"excerpt":{"rendered":"<p>Veematkamiseks sobivad kaks p\u00f5hilist aastaaega &#8211; kevad ja suvi. Kevaditi v\u00f5etakse ette \u00fche- kuni kolmep\u00e4evaseid matku, sealhulgas slaalomiv\u00f5istlusi ja rallisid. Ilma kohta tasub enne teele asumist otsida internetist teavet &#8211; selleks sobivad nii teemaportaalid, turismifirmade kodulehed kui ka Facebook. Kevad on suvest ohtlikum Matkaohutuse seisukohalt on kevad suvest ohtlikum. Varakevadel, kui lumi ja j\u00e4\u00e4 sulama&#8230;  <a class=\"excerpt-read-more\" href=\"https:\/\/veeohutus.ee\/kevad\/matkamine-kevadise-suurvee-ajal\/\" title=\"Read Matkamine kevadise suurvee ajal\">Read more<\/a><\/p>\n","protected":false},"author":2,"featured_media":121,"parent":0,"menu_order":0,"comment_status":"closed","ping_status":"closed","template":"","meta":{"_acf_changed":false,"footnotes":""},"class_list":["post-194","page","type-page","status-publish","has-post-thumbnail","hentry"],"acf":[],"yoast_head":"<!-- This site is optimized with the Yoast SEO plugin v26.7 - https:\/\/yoast.com\/wordpress\/plugins\/seo\/ -->\n<title>Matkamine kevadise suurvee ajal - Veeohutus - Kevad<\/title>\n<meta name=\"robots\" content=\"index, follow, max-snippet:-1, max-image-preview:large, max-video-preview:-1\" \/>\n<link rel=\"canonical\" href=\"https:\/\/veeohutus.ee\/kevad\/matkamine-kevadise-suurvee-ajal\/\" \/>\n<meta property=\"og:locale\" content=\"et_EE\" \/>\n<meta property=\"og:type\" content=\"article\" \/>\n<meta property=\"og:title\" content=\"Matkamine kevadise suurvee ajal - Veeohutus - Kevad\" \/>\n<meta property=\"og:description\" content=\"Veematkamiseks sobivad kaks p\u00f5hilist aastaaega &#8211; kevad ja suvi. Kevaditi v\u00f5etakse ette \u00fche- kuni kolmep\u00e4evaseid matku, sealhulgas slaalomiv\u00f5istlusi ja rallisid. Ilma kohta tasub enne teele asumist otsida internetist teavet &#8211; selleks sobivad nii teemaportaalid, turismifirmade kodulehed kui ka Facebook. Kevad on suvest ohtlikum Matkaohutuse seisukohalt on kevad suvest ohtlikum. Varakevadel, kui lumi ja j\u00e4\u00e4 sulama... Read more\" \/>\n<meta property=\"og:url\" content=\"https:\/\/veeohutus.ee\/kevad\/matkamine-kevadise-suurvee-ajal\/\" \/>\n<meta property=\"og:site_name\" content=\"Veeohutus - Kevad\" \/>\n<meta property=\"article:modified_time\" content=\"2021-10-18T13:25:12+00:00\" \/>\n<meta property=\"og:image\" content=\"https:\/\/veeohutus.ee\/kevad\/wp-content\/uploads\/sites\/2\/2019\/08\/spring-2271477_1920.jpg\" \/>\n\t<meta property=\"og:image:width\" content=\"1920\" \/>\n\t<meta property=\"og:image:height\" content=\"1275\" \/>\n\t<meta property=\"og:image:type\" content=\"image\/jpeg\" \/>\n<meta name=\"twitter:card\" content=\"summary_large_image\" \/>\n<meta name=\"twitter:label1\" content=\"Est. reading time\" \/>\n\t<meta name=\"twitter:data1\" content=\"2 minutit\" \/>\n<script type=\"application\/ld+json\" class=\"yoast-schema-graph\">{\"@context\":\"https:\/\/schema.org\",\"@graph\":[{\"@type\":\"WebPage\",\"@id\":\"https:\/\/veeohutus.ee\/kevad\/matkamine-kevadise-suurvee-ajal\/\",\"url\":\"https:\/\/veeohutus.ee\/kevad\/matkamine-kevadise-suurvee-ajal\/\",\"name\":\"Matkamine kevadise suurvee ajal - Veeohutus - Kevad\",\"isPartOf\":{\"@id\":\"https:\/\/veeohutus.ee\/kevad\/#website\"},\"primaryImageOfPage\":{\"@id\":\"https:\/\/veeohutus.ee\/kevad\/matkamine-kevadise-suurvee-ajal\/#primaryimage\"},\"image\":{\"@id\":\"https:\/\/veeohutus.ee\/kevad\/matkamine-kevadise-suurvee-ajal\/#primaryimage\"},\"thumbnailUrl\":\"https:\/\/veeohutus.ee\/kevad\/wp-content\/uploads\/sites\/2\/2019\/08\/spring-2271477_1920.jpg\",\"datePublished\":\"2019-08-05T12:29:33+00:00\",\"dateModified\":\"2021-10-18T13:25:12+00:00\",\"breadcrumb\":{\"@id\":\"https:\/\/veeohutus.ee\/kevad\/matkamine-kevadise-suurvee-ajal\/#breadcrumb\"},\"inLanguage\":\"et\",\"potentialAction\":[{\"@type\":\"ReadAction\",\"target\":[\"https:\/\/veeohutus.ee\/kevad\/matkamine-kevadise-suurvee-ajal\/\"]}]},{\"@type\":\"ImageObject\",\"inLanguage\":\"et\",\"@id\":\"https:\/\/veeohutus.ee\/kevad\/matkamine-kevadise-suurvee-ajal\/#primaryimage\",\"url\":\"https:\/\/veeohutus.ee\/kevad\/wp-content\/uploads\/sites\/2\/2019\/08\/spring-2271477_1920.jpg\",\"contentUrl\":\"https:\/\/veeohutus.ee\/kevad\/wp-content\/uploads\/sites\/2\/2019\/08\/spring-2271477_1920.jpg\",\"width\":1920,\"height\":1275},{\"@type\":\"BreadcrumbList\",\"@id\":\"https:\/\/veeohutus.ee\/kevad\/matkamine-kevadise-suurvee-ajal\/#breadcrumb\",\"itemListElement\":[{\"@type\":\"ListItem\",\"position\":1,\"name\":\"Home\",\"item\":\"https:\/\/veeohutus.ee\/kevad\/\"},{\"@type\":\"ListItem\",\"position\":2,\"name\":\"Matkamine kevadise suurvee ajal\"}]},{\"@type\":\"WebSite\",\"@id\":\"https:\/\/veeohutus.ee\/kevad\/#website\",\"url\":\"https:\/\/veeohutus.ee\/kevad\/\",\"name\":\"Veeohutus - Kevad\",\"description\":\"Veeohutus - kevad\",\"potentialAction\":[{\"@type\":\"SearchAction\",\"target\":{\"@type\":\"EntryPoint\",\"urlTemplate\":\"https:\/\/veeohutus.ee\/kevad\/?s={search_term_string}\"},\"query-input\":{\"@type\":\"PropertyValueSpecification\",\"valueRequired\":true,\"valueName\":\"search_term_string\"}}],\"inLanguage\":\"et\"}]}<\/script>\n<!-- \/ Yoast SEO plugin. -->","yoast_head_json":{"title":"Matkamine kevadise suurvee ajal - Veeohutus - Kevad","robots":{"index":"index","follow":"follow","max-snippet":"max-snippet:-1","max-image-preview":"max-image-preview:large","max-video-preview":"max-video-preview:-1"},"canonical":"https:\/\/veeohutus.ee\/kevad\/matkamine-kevadise-suurvee-ajal\/","og_locale":"et_EE","og_type":"article","og_title":"Matkamine kevadise suurvee ajal - Veeohutus - Kevad","og_description":"Veematkamiseks sobivad kaks p\u00f5hilist aastaaega &#8211; kevad ja suvi. Kevaditi v\u00f5etakse ette \u00fche- kuni kolmep\u00e4evaseid matku, sealhulgas slaalomiv\u00f5istlusi ja rallisid. Ilma kohta tasub enne teele asumist otsida internetist teavet &#8211; selleks sobivad nii teemaportaalid, turismifirmade kodulehed kui ka Facebook. Kevad on suvest ohtlikum Matkaohutuse seisukohalt on kevad suvest ohtlikum. Varakevadel, kui lumi ja j\u00e4\u00e4 sulama... Read more","og_url":"https:\/\/veeohutus.ee\/kevad\/matkamine-kevadise-suurvee-ajal\/","og_site_name":"Veeohutus - Kevad","article_modified_time":"2021-10-18T13:25:12+00:00","og_image":[{"width":1920,"height":1275,"url":"https:\/\/veeohutus.ee\/kevad\/wp-content\/uploads\/sites\/2\/2019\/08\/spring-2271477_1920.jpg","type":"image\/jpeg"}],"twitter_card":"summary_large_image","twitter_misc":{"Est. reading time":"2 minutit"},"schema":{"@context":"https:\/\/schema.org","@graph":[{"@type":"WebPage","@id":"https:\/\/veeohutus.ee\/kevad\/matkamine-kevadise-suurvee-ajal\/","url":"https:\/\/veeohutus.ee\/kevad\/matkamine-kevadise-suurvee-ajal\/","name":"Matkamine kevadise suurvee ajal - Veeohutus - Kevad","isPartOf":{"@id":"https:\/\/veeohutus.ee\/kevad\/#website"},"primaryImageOfPage":{"@id":"https:\/\/veeohutus.ee\/kevad\/matkamine-kevadise-suurvee-ajal\/#primaryimage"},"image":{"@id":"https:\/\/veeohutus.ee\/kevad\/matkamine-kevadise-suurvee-ajal\/#primaryimage"},"thumbnailUrl":"https:\/\/veeohutus.ee\/kevad\/wp-content\/uploads\/sites\/2\/2019\/08\/spring-2271477_1920.jpg","datePublished":"2019-08-05T12:29:33+00:00","dateModified":"2021-10-18T13:25:12+00:00","breadcrumb":{"@id":"https:\/\/veeohutus.ee\/kevad\/matkamine-kevadise-suurvee-ajal\/#breadcrumb"},"inLanguage":"et","potentialAction":[{"@type":"ReadAction","target":["https:\/\/veeohutus.ee\/kevad\/matkamine-kevadise-suurvee-ajal\/"]}]},{"@type":"ImageObject","inLanguage":"et","@id":"https:\/\/veeohutus.ee\/kevad\/matkamine-kevadise-suurvee-ajal\/#primaryimage","url":"https:\/\/veeohutus.ee\/kevad\/wp-content\/uploads\/sites\/2\/2019\/08\/spring-2271477_1920.jpg","contentUrl":"https:\/\/veeohutus.ee\/kevad\/wp-content\/uploads\/sites\/2\/2019\/08\/spring-2271477_1920.jpg","width":1920,"height":1275},{"@type":"BreadcrumbList","@id":"https:\/\/veeohutus.ee\/kevad\/matkamine-kevadise-suurvee-ajal\/#breadcrumb","itemListElement":[{"@type":"ListItem","position":1,"name":"Home","item":"https:\/\/veeohutus.ee\/kevad\/"},{"@type":"ListItem","position":2,"name":"Matkamine kevadise suurvee ajal"}]},{"@type":"WebSite","@id":"https:\/\/veeohutus.ee\/kevad\/#website","url":"https:\/\/veeohutus.ee\/kevad\/","name":"Veeohutus - Kevad","description":"Veeohutus - kevad","potentialAction":[{"@type":"SearchAction","target":{"@type":"EntryPoint","urlTemplate":"https:\/\/veeohutus.ee\/kevad\/?s={search_term_string}"},"query-input":{"@type":"PropertyValueSpecification","valueRequired":true,"valueName":"search_term_string"}}],"inLanguage":"et"}]}},"_links":{"self":[{"href":"https:\/\/veeohutus.ee\/kevad\/wp-json\/wp\/v2\/pages\/194","targetHints":{"allow":["GET"]}}],"collection":[{"href":"https:\/\/veeohutus.ee\/kevad\/wp-json\/wp\/v2\/pages"}],"about":[{"href":"https:\/\/veeohutus.ee\/kevad\/wp-json\/wp\/v2\/types\/page"}],"author":[{"embeddable":true,"href":"https:\/\/veeohutus.ee\/kevad\/wp-json\/wp\/v2\/users\/2"}],"replies":[{"embeddable":true,"href":"https:\/\/veeohutus.ee\/kevad\/wp-json\/wp\/v2\/comments?post=194"}],"version-history":[{"count":5,"href":"https:\/\/veeohutus.ee\/kevad\/wp-json\/wp\/v2\/pages\/194\/revisions"}],"predecessor-version":[{"id":366,"href":"https:\/\/veeohutus.ee\/kevad\/wp-json\/wp\/v2\/pages\/194\/revisions\/366"}],"wp:featuredmedia":[{"embeddable":true,"href":"https:\/\/veeohutus.ee\/kevad\/wp-json\/wp\/v2\/media\/121"}],"wp:attachment":[{"href":"https:\/\/veeohutus.ee\/kevad\/wp-json\/wp\/v2\/media?parent=194"}],"curies":[{"name":"wp","href":"https:\/\/api.w.org\/{rel}","templated":true}]}}