{"id":217,"date":"2019-08-05T12:50:25","date_gmt":"2019-08-05T12:50:25","guid":{"rendered":"https:\/\/veeohutus.ee\/kevad\/?page_id=217"},"modified":"2022-04-11T05:56:33","modified_gmt":"2022-04-11T05:56:33","slug":"ohud-ujumisel","status":"publish","type":"page","link":"https:\/\/veeohutus.ee\/kevad\/ohud-ujumisel\/","title":{"rendered":"Ohud ujumisel"},"content":{"rendered":"<h3>Ujumine on tervisele kasulik aga tunne oma piire. Ka t\u0161empionid v\u00e4sivad.<\/h3>\n<p><strong>K\u00f5ige kergem on \u00f5nnetust \u00e4ra hoida, kui eaka l\u00e4hedasega veeohutusest r\u00e4\u00e4kida ja head n\u00f5u anda.<\/strong><\/p>\n<p>R\u00e4\u00e4gi eaka l\u00e4hedasega ja soovita tal:<\/p>\n<ul>\n<li>Valida ujumiseks turvalised, ametlikud valvega ujumiskohad<\/li>\n<li>Mitte ujuda t\u00e4is k\u00f5huga<\/li>\n<li>V\u00f5tta s\u00f5ber ujuma kaasa, siis saab s\u00f5ber vajadusel abi kutsuda<\/li>\n<li>Siseneda ja v\u00e4ljuda vette alati ettevaatlikult<\/li>\n<li>Ujuda kalda l\u00e4hedal ja nii, et jalad alati p\u00f5hja ulatuks<\/li>\n<\/ul>\n<p>Ning \u00e4ra unusta, et kui jood \u00e4ra uju!<\/p>\n<p><iframe loading=\"lazy\" title=\"Ka t\u0161empionid v\u00e4sivad. Ujumine.\" width=\"680\" height=\"383\" src=\"https:\/\/www.youtube.com\/embed\/NNEBn9017Mk?feature=oembed\" frameborder=\"0\" allow=\"accelerometer; autoplay; clipboard-write; encrypted-media; gyroscope; picture-in-picture\" allowfullscreen><\/iframe><\/p>\n","protected":false},"excerpt":{"rendered":"<p>Ujumine on tervisele kasulik aga tunne oma piire. Ka t\u0161empionid v\u00e4sivad. K\u00f5ige kergem on \u00f5nnetust \u00e4ra hoida, kui eaka l\u00e4hedasega veeohutusest r\u00e4\u00e4kida ja head n\u00f5u anda. R\u00e4\u00e4gi eaka l\u00e4hedasega ja soovita tal: Valida ujumiseks turvalised, ametlikud valvega ujumiskohad Mitte ujuda t\u00e4is k\u00f5huga V\u00f5tta s\u00f5ber ujuma kaasa, siis saab s\u00f5ber vajadusel abi kutsuda Siseneda ja v\u00e4ljuda&#8230;  <a class=\"excerpt-read-more\" href=\"https:\/\/veeohutus.ee\/kevad\/ohud-ujumisel\/\" title=\"Read Ohud ujumisel\">Read more<\/a><\/p>\n","protected":false},"author":2,"featured_media":209,"parent":0,"menu_order":0,"comment_status":"closed","ping_status":"closed","template":"","meta":{"_acf_changed":false,"footnotes":""},"class_list":["post-217","page","type-page","status-publish","has-post-thumbnail","hentry"],"acf":[],"yoast_head":"<!-- This site is optimized with the Yoast SEO plugin v26.7 - https:\/\/yoast.com\/wordpress\/plugins\/seo\/ -->\n<title>Ohud ujumisel - Veeohutus - Kevad<\/title>\n<meta name=\"robots\" content=\"index, follow, max-snippet:-1, max-image-preview:large, max-video-preview:-1\" \/>\n<link rel=\"canonical\" href=\"https:\/\/veeohutus.ee\/kevad\/ohud-ujumisel\/\" \/>\n<meta property=\"og:locale\" content=\"et_EE\" \/>\n<meta property=\"og:type\" content=\"article\" \/>\n<meta property=\"og:title\" content=\"Ohud ujumisel - Veeohutus - Kevad\" \/>\n<meta property=\"og:description\" content=\"Ujumine on tervisele kasulik aga tunne oma piire. Ka t\u0161empionid v\u00e4sivad. K\u00f5ige kergem on \u00f5nnetust \u00e4ra hoida, kui eaka l\u00e4hedasega veeohutusest r\u00e4\u00e4kida ja head n\u00f5u anda. R\u00e4\u00e4gi eaka l\u00e4hedasega ja soovita tal: Valida ujumiseks turvalised, ametlikud valvega ujumiskohad Mitte ujuda t\u00e4is k\u00f5huga V\u00f5tta s\u00f5ber ujuma kaasa, siis saab s\u00f5ber vajadusel abi kutsuda Siseneda ja v\u00e4ljuda... Read more\" \/>\n<meta property=\"og:url\" content=\"https:\/\/veeohutus.ee\/kevad\/ohud-ujumisel\/\" \/>\n<meta property=\"og:site_name\" content=\"Veeohutus - Kevad\" \/>\n<meta property=\"article:modified_time\" content=\"2022-04-11T05:56:33+00:00\" \/>\n<meta property=\"og:image\" content=\"https:\/\/veeohutus.ee\/kevad\/wp-content\/uploads\/sites\/2\/2019\/08\/veeohutus_ujuja_1320x320_tekstivaba-1.png\" \/>\n\t<meta property=\"og:image:width\" content=\"1296\" \/>\n\t<meta property=\"og:image:height\" content=\"314\" \/>\n\t<meta property=\"og:image:type\" content=\"image\/png\" \/>\n<meta name=\"twitter:card\" content=\"summary_large_image\" \/>\n<meta name=\"twitter:label1\" content=\"Est. reading time\" \/>\n\t<meta name=\"twitter:data1\" content=\"1 minut\" \/>\n<script type=\"application\/ld+json\" class=\"yoast-schema-graph\">{\"@context\":\"https:\/\/schema.org\",\"@graph\":[{\"@type\":\"WebPage\",\"@id\":\"https:\/\/veeohutus.ee\/kevad\/ohud-ujumisel\/\",\"url\":\"https:\/\/veeohutus.ee\/kevad\/ohud-ujumisel\/\",\"name\":\"Ohud ujumisel - Veeohutus - Kevad\",\"isPartOf\":{\"@id\":\"https:\/\/veeohutus.ee\/kevad\/#website\"},\"primaryImageOfPage\":{\"@id\":\"https:\/\/veeohutus.ee\/kevad\/ohud-ujumisel\/#primaryimage\"},\"image\":{\"@id\":\"https:\/\/veeohutus.ee\/kevad\/ohud-ujumisel\/#primaryimage\"},\"thumbnailUrl\":\"https:\/\/veeohutus.ee\/kevad\/wp-content\/uploads\/sites\/2\/2019\/08\/veeohutus_ujuja_1320x320_tekstivaba-1.png\",\"datePublished\":\"2019-08-05T12:50:25+00:00\",\"dateModified\":\"2022-04-11T05:56:33+00:00\",\"breadcrumb\":{\"@id\":\"https:\/\/veeohutus.ee\/kevad\/ohud-ujumisel\/#breadcrumb\"},\"inLanguage\":\"et\",\"potentialAction\":[{\"@type\":\"ReadAction\",\"target\":[\"https:\/\/veeohutus.ee\/kevad\/ohud-ujumisel\/\"]}]},{\"@type\":\"ImageObject\",\"inLanguage\":\"et\",\"@id\":\"https:\/\/veeohutus.ee\/kevad\/ohud-ujumisel\/#primaryimage\",\"url\":\"https:\/\/veeohutus.ee\/kevad\/wp-content\/uploads\/sites\/2\/2019\/08\/veeohutus_ujuja_1320x320_tekstivaba-1.png\",\"contentUrl\":\"https:\/\/veeohutus.ee\/kevad\/wp-content\/uploads\/sites\/2\/2019\/08\/veeohutus_ujuja_1320x320_tekstivaba-1.png\",\"width\":1296,\"height\":314},{\"@type\":\"BreadcrumbList\",\"@id\":\"https:\/\/veeohutus.ee\/kevad\/ohud-ujumisel\/#breadcrumb\",\"itemListElement\":[{\"@type\":\"ListItem\",\"position\":1,\"name\":\"Home\",\"item\":\"https:\/\/veeohutus.ee\/kevad\/\"},{\"@type\":\"ListItem\",\"position\":2,\"name\":\"Ohud ujumisel\"}]},{\"@type\":\"WebSite\",\"@id\":\"https:\/\/veeohutus.ee\/kevad\/#website\",\"url\":\"https:\/\/veeohutus.ee\/kevad\/\",\"name\":\"Veeohutus - Kevad\",\"description\":\"Veeohutus - kevad\",\"potentialAction\":[{\"@type\":\"SearchAction\",\"target\":{\"@type\":\"EntryPoint\",\"urlTemplate\":\"https:\/\/veeohutus.ee\/kevad\/?s={search_term_string}\"},\"query-input\":{\"@type\":\"PropertyValueSpecification\",\"valueRequired\":true,\"valueName\":\"search_term_string\"}}],\"inLanguage\":\"et\"}]}<\/script>\n<!-- \/ Yoast SEO plugin. -->","yoast_head_json":{"title":"Ohud ujumisel - Veeohutus - Kevad","robots":{"index":"index","follow":"follow","max-snippet":"max-snippet:-1","max-image-preview":"max-image-preview:large","max-video-preview":"max-video-preview:-1"},"canonical":"https:\/\/veeohutus.ee\/kevad\/ohud-ujumisel\/","og_locale":"et_EE","og_type":"article","og_title":"Ohud ujumisel - Veeohutus - Kevad","og_description":"Ujumine on tervisele kasulik aga tunne oma piire. Ka t\u0161empionid v\u00e4sivad. K\u00f5ige kergem on \u00f5nnetust \u00e4ra hoida, kui eaka l\u00e4hedasega veeohutusest r\u00e4\u00e4kida ja head n\u00f5u anda. R\u00e4\u00e4gi eaka l\u00e4hedasega ja soovita tal: Valida ujumiseks turvalised, ametlikud valvega ujumiskohad Mitte ujuda t\u00e4is k\u00f5huga V\u00f5tta s\u00f5ber ujuma kaasa, siis saab s\u00f5ber vajadusel abi kutsuda Siseneda ja v\u00e4ljuda... Read more","og_url":"https:\/\/veeohutus.ee\/kevad\/ohud-ujumisel\/","og_site_name":"Veeohutus - Kevad","article_modified_time":"2022-04-11T05:56:33+00:00","og_image":[{"width":1296,"height":314,"url":"https:\/\/veeohutus.ee\/kevad\/wp-content\/uploads\/sites\/2\/2019\/08\/veeohutus_ujuja_1320x320_tekstivaba-1.png","type":"image\/png"}],"twitter_card":"summary_large_image","twitter_misc":{"Est. reading time":"1 minut"},"schema":{"@context":"https:\/\/schema.org","@graph":[{"@type":"WebPage","@id":"https:\/\/veeohutus.ee\/kevad\/ohud-ujumisel\/","url":"https:\/\/veeohutus.ee\/kevad\/ohud-ujumisel\/","name":"Ohud ujumisel - Veeohutus - Kevad","isPartOf":{"@id":"https:\/\/veeohutus.ee\/kevad\/#website"},"primaryImageOfPage":{"@id":"https:\/\/veeohutus.ee\/kevad\/ohud-ujumisel\/#primaryimage"},"image":{"@id":"https:\/\/veeohutus.ee\/kevad\/ohud-ujumisel\/#primaryimage"},"thumbnailUrl":"https:\/\/veeohutus.ee\/kevad\/wp-content\/uploads\/sites\/2\/2019\/08\/veeohutus_ujuja_1320x320_tekstivaba-1.png","datePublished":"2019-08-05T12:50:25+00:00","dateModified":"2022-04-11T05:56:33+00:00","breadcrumb":{"@id":"https:\/\/veeohutus.ee\/kevad\/ohud-ujumisel\/#breadcrumb"},"inLanguage":"et","potentialAction":[{"@type":"ReadAction","target":["https:\/\/veeohutus.ee\/kevad\/ohud-ujumisel\/"]}]},{"@type":"ImageObject","inLanguage":"et","@id":"https:\/\/veeohutus.ee\/kevad\/ohud-ujumisel\/#primaryimage","url":"https:\/\/veeohutus.ee\/kevad\/wp-content\/uploads\/sites\/2\/2019\/08\/veeohutus_ujuja_1320x320_tekstivaba-1.png","contentUrl":"https:\/\/veeohutus.ee\/kevad\/wp-content\/uploads\/sites\/2\/2019\/08\/veeohutus_ujuja_1320x320_tekstivaba-1.png","width":1296,"height":314},{"@type":"BreadcrumbList","@id":"https:\/\/veeohutus.ee\/kevad\/ohud-ujumisel\/#breadcrumb","itemListElement":[{"@type":"ListItem","position":1,"name":"Home","item":"https:\/\/veeohutus.ee\/kevad\/"},{"@type":"ListItem","position":2,"name":"Ohud ujumisel"}]},{"@type":"WebSite","@id":"https:\/\/veeohutus.ee\/kevad\/#website","url":"https:\/\/veeohutus.ee\/kevad\/","name":"Veeohutus - Kevad","description":"Veeohutus - kevad","potentialAction":[{"@type":"SearchAction","target":{"@type":"EntryPoint","urlTemplate":"https:\/\/veeohutus.ee\/kevad\/?s={search_term_string}"},"query-input":{"@type":"PropertyValueSpecification","valueRequired":true,"valueName":"search_term_string"}}],"inLanguage":"et"}]}},"_links":{"self":[{"href":"https:\/\/veeohutus.ee\/kevad\/wp-json\/wp\/v2\/pages\/217","targetHints":{"allow":["GET"]}}],"collection":[{"href":"https:\/\/veeohutus.ee\/kevad\/wp-json\/wp\/v2\/pages"}],"about":[{"href":"https:\/\/veeohutus.ee\/kevad\/wp-json\/wp\/v2\/types\/page"}],"author":[{"embeddable":true,"href":"https:\/\/veeohutus.ee\/kevad\/wp-json\/wp\/v2\/users\/2"}],"replies":[{"embeddable":true,"href":"https:\/\/veeohutus.ee\/kevad\/wp-json\/wp\/v2\/comments?post=217"}],"version-history":[{"count":2,"href":"https:\/\/veeohutus.ee\/kevad\/wp-json\/wp\/v2\/pages\/217\/revisions"}],"predecessor-version":[{"id":410,"href":"https:\/\/veeohutus.ee\/kevad\/wp-json\/wp\/v2\/pages\/217\/revisions\/410"}],"wp:featuredmedia":[{"embeddable":true,"href":"https:\/\/veeohutus.ee\/kevad\/wp-json\/wp\/v2\/media\/209"}],"wp:attachment":[{"href":"https:\/\/veeohutus.ee\/kevad\/wp-json\/wp\/v2\/media?parent=217"}],"curies":[{"name":"wp","href":"https:\/\/api.w.org\/{rel}","templated":true}]}}