{"id":229,"date":"2019-08-06T08:35:29","date_gmt":"2019-08-06T08:35:29","guid":{"rendered":"https:\/\/veeohutus.ee\/kevad\/?page_id=229"},"modified":"2019-08-06T08:35:29","modified_gmt":"2019-08-06T08:35:29","slug":"kuidas-aidata","status":"publish","type":"page","link":"https:\/\/veeohutus.ee\/kevad\/kuidas-aidata\/","title":{"rendered":"Kuidas aidata"},"content":{"rendered":"<p><strong>2-3-kraadises vees viibimine on eluohtlik juba 15 minuti ja k\u00fclmemas vees isegi paari minuti m\u00f6\u00f6dudes. Seet\u00f5ttu on p\u00e4\u00e4semise kiirus ja kannatanu \u00fclessoojendamine v\u00e4ga oluline.<\/strong><\/p>\n<p>Sa v\u00f5id osata p\u00f5hiv\u00f5tteid \u00f5nnetusse sattunud inimese p\u00e4\u00e4stmiseks veest, kuid <strong>\u00e4ra unusta \u2013 sinu enda turvalisus ennek\u00f5ike. Kui tekib v\u00e4ikseimgi kahtlus, et sa ei suuda abistada, kutsu professionaalne abi.<\/strong><\/p>\n<p>Kuidas abi kutsuda, loe <strong>siit<\/strong><\/p>\n<h1>Enda p\u00e4\u00e4stmisel:<\/h1>\n<ul>\n<li>H\u00fc\u00fca appi;<\/li>\n<li>P\u00fc\u00fca mitte sattuda paanikasse \u2013 ole rahulik ja \u00e4ra rabele;<\/li>\n<li>Vaata ringi ujuvate esemete j\u00e4rele;<\/li>\n<li>Proovi veepinnal p\u00fcsida rahulikult h\u00f5ljudes;<\/li>\n<li>Riided ja isegi saapad v\u00f5ivad sul aidata h\u00f5ljuda veepinnal;<\/li>\n<li>Kui kallas on l\u00e4hedal, uju kaldale.<\/li>\n<\/ul>\n<h1>Kui kukud paadist vette<\/h1>\n<ul>\n<li>H\u00fc\u00fca appi ja p\u00fc\u00fca mitte sattuda paanikasse;<\/li>\n<li>Proovi ronida paati ahtrist;<\/li>\n<li>Hoia kinni paadi reelingust, samal ajal kui teine kaldale s\u00f5uab;<\/li>\n<li>Kui paat l\u00e4heb \u00fcmber, hoia paadist kinni v\u00f5i roni sellele.<\/li>\n<\/ul>\n<h1>Kannatanu abistamine kaldalt<\/h1>\n<ul>\n<li>Ulata kannatanule m\u00f5ni ese, n\u00e4iteks tugev puuoks, aer, lauajupp vms, basseinides v\u00f5ib olla selleks spetsiaalne teivas;<\/li>\n<li>Kui abivajaja on \u201ck\u00e4eulatuse\u201d kaugusest v\u00e4ljas, v\u00f5id heita talle p\u00e4\u00e4stevahendi, n\u00e4iteks p\u00e4\u00e4ster\u00f5nga, -poi v\u00f5i v\u00f5i viskeliini ja t\u00f5mmata kannatanu selle abil kaldale;<\/li>\n<li>Kui ei ole p\u00e4\u00e4stevahendeid, viska \u00fcksk\u00f5ik milline ujuv ese. Selleks sobib h\u00e4sti ka t\u00fchi \u00e4mber!<\/li>\n<\/ul>\n<h1>Kannatanu abistamine vees<\/h1>\n<ul>\n<li>Abista kannatanut vees, kui see on piisavalt madal ja sinu jalad ulatuvad p\u00f5hja;<\/li>\n<li>\u00c4ra mine vette kui vool, hoovus ja pehme p\u00f5hi teevad kannatanu vedamise raskeks;<\/li>\n<li>J\u00e4ta kannatanu ja enda vahele mingisugunegi ujuv-vahend;<\/li>\n<li>Kui kannatanu on saanud ujuvvahendist kinni, vea ta kaldale;<\/li>\n<li>Kui kannatanu on teadvuseta, keera ta selili ja vea ta kaldale v\u00f5i basseini madalasse otsa;<\/li>\n<li>Kui kannatanu on madalas vees, jalad p\u00f5hjas ning suudab seista, aseta kannatanu \u00fcks k\u00e4si \u00fcmber<\/li>\n<li>Oma kaela ja \u00fcle \u00f5la, haara risti tema k\u00e4elabast ning aita ta veest v\u00e4lja;<\/li>\n<li>Kui kannatanu on teadvuseta v\u00f5i v\u00e4ga raske, tuleb ta veest v\u00e4lja \u201clohistada\u201d, selleks seisa tema taha,<\/li>\n<li>Haara kaenlaalustest, toetades ta pea k\u00e4sivartele;<\/li>\n<li>Kui kannatanu libiseb \u00e4ra, lukusta oma k\u00e4ed tema rinnal ning \u201elohista\u201d ta kaldale.<\/li>\n<\/ul>\n","protected":false},"excerpt":{"rendered":"<p>2-3-kraadises vees viibimine on eluohtlik juba 15 minuti ja k\u00fclmemas vees isegi paari minuti m\u00f6\u00f6dudes. Seet\u00f5ttu on p\u00e4\u00e4semise kiirus ja kannatanu \u00fclessoojendamine v\u00e4ga oluline. Sa v\u00f5id osata p\u00f5hiv\u00f5tteid \u00f5nnetusse sattunud inimese p\u00e4\u00e4stmiseks veest, kuid \u00e4ra unusta \u2013 sinu enda turvalisus ennek\u00f5ike. Kui tekib v\u00e4ikseimgi kahtlus, et sa ei suuda abistada, kutsu professionaalne abi. Kuidas abi&#8230;  <a class=\"excerpt-read-more\" href=\"https:\/\/veeohutus.ee\/kevad\/kuidas-aidata\/\" title=\"Read Kuidas aidata\">Read more<\/a><\/p>\n","protected":false},"author":2,"featured_media":63,"parent":0,"menu_order":0,"comment_status":"closed","ping_status":"closed","template":"","meta":{"_acf_changed":false,"footnotes":""},"class_list":["post-229","page","type-page","status-publish","has-post-thumbnail","hentry"],"acf":[],"yoast_head":"<!-- This site is optimized with the Yoast SEO plugin v26.7 - https:\/\/yoast.com\/wordpress\/plugins\/seo\/ -->\n<title>Kuidas aidata - Veeohutus - Kevad<\/title>\n<meta name=\"robots\" content=\"index, follow, max-snippet:-1, max-image-preview:large, max-video-preview:-1\" \/>\n<link rel=\"canonical\" href=\"https:\/\/veeohutus.ee\/kevad\/kuidas-aidata\/\" \/>\n<meta property=\"og:locale\" content=\"et_EE\" \/>\n<meta property=\"og:type\" content=\"article\" \/>\n<meta property=\"og:title\" content=\"Kuidas aidata - Veeohutus - Kevad\" \/>\n<meta property=\"og:description\" content=\"2-3-kraadises vees viibimine on eluohtlik juba 15 minuti ja k\u00fclmemas vees isegi paari minuti m\u00f6\u00f6dudes. Seet\u00f5ttu on p\u00e4\u00e4semise kiirus ja kannatanu \u00fclessoojendamine v\u00e4ga oluline. Sa v\u00f5id osata p\u00f5hiv\u00f5tteid \u00f5nnetusse sattunud inimese p\u00e4\u00e4stmiseks veest, kuid \u00e4ra unusta \u2013 sinu enda turvalisus ennek\u00f5ike. Kui tekib v\u00e4ikseimgi kahtlus, et sa ei suuda abistada, kutsu professionaalne abi. Kuidas abi... Read more\" \/>\n<meta property=\"og:url\" content=\"https:\/\/veeohutus.ee\/kevad\/kuidas-aidata\/\" \/>\n<meta property=\"og:site_name\" content=\"Veeohutus - Kevad\" \/>\n<meta property=\"og:image\" content=\"https:\/\/veeohutus.ee\/kevad\/wp-content\/uploads\/sites\/2\/2019\/08\/paasterongas.jpg\" \/>\n\t<meta property=\"og:image:width\" content=\"1521\" \/>\n\t<meta property=\"og:image:height\" content=\"600\" \/>\n\t<meta property=\"og:image:type\" content=\"image\/jpeg\" \/>\n<meta name=\"twitter:card\" content=\"summary_large_image\" \/>\n<meta name=\"twitter:label1\" content=\"Est. reading time\" \/>\n\t<meta name=\"twitter:data1\" content=\"2 minutit\" \/>\n<script type=\"application\/ld+json\" class=\"yoast-schema-graph\">{\"@context\":\"https:\/\/schema.org\",\"@graph\":[{\"@type\":\"WebPage\",\"@id\":\"https:\/\/veeohutus.ee\/kevad\/kuidas-aidata\/\",\"url\":\"https:\/\/veeohutus.ee\/kevad\/kuidas-aidata\/\",\"name\":\"Kuidas aidata - Veeohutus - Kevad\",\"isPartOf\":{\"@id\":\"https:\/\/veeohutus.ee\/kevad\/#website\"},\"primaryImageOfPage\":{\"@id\":\"https:\/\/veeohutus.ee\/kevad\/kuidas-aidata\/#primaryimage\"},\"image\":{\"@id\":\"https:\/\/veeohutus.ee\/kevad\/kuidas-aidata\/#primaryimage\"},\"thumbnailUrl\":\"https:\/\/veeohutus.ee\/kevad\/wp-content\/uploads\/sites\/2\/2019\/08\/paasterongas.jpg\",\"datePublished\":\"2019-08-06T08:35:29+00:00\",\"breadcrumb\":{\"@id\":\"https:\/\/veeohutus.ee\/kevad\/kuidas-aidata\/#breadcrumb\"},\"inLanguage\":\"et\",\"potentialAction\":[{\"@type\":\"ReadAction\",\"target\":[\"https:\/\/veeohutus.ee\/kevad\/kuidas-aidata\/\"]}]},{\"@type\":\"ImageObject\",\"inLanguage\":\"et\",\"@id\":\"https:\/\/veeohutus.ee\/kevad\/kuidas-aidata\/#primaryimage\",\"url\":\"https:\/\/veeohutus.ee\/kevad\/wp-content\/uploads\/sites\/2\/2019\/08\/paasterongas.jpg\",\"contentUrl\":\"https:\/\/veeohutus.ee\/kevad\/wp-content\/uploads\/sites\/2\/2019\/08\/paasterongas.jpg\",\"width\":1521,\"height\":600},{\"@type\":\"BreadcrumbList\",\"@id\":\"https:\/\/veeohutus.ee\/kevad\/kuidas-aidata\/#breadcrumb\",\"itemListElement\":[{\"@type\":\"ListItem\",\"position\":1,\"name\":\"Home\",\"item\":\"https:\/\/veeohutus.ee\/kevad\/\"},{\"@type\":\"ListItem\",\"position\":2,\"name\":\"Kuidas aidata\"}]},{\"@type\":\"WebSite\",\"@id\":\"https:\/\/veeohutus.ee\/kevad\/#website\",\"url\":\"https:\/\/veeohutus.ee\/kevad\/\",\"name\":\"Veeohutus - Kevad\",\"description\":\"Veeohutus - kevad\",\"potentialAction\":[{\"@type\":\"SearchAction\",\"target\":{\"@type\":\"EntryPoint\",\"urlTemplate\":\"https:\/\/veeohutus.ee\/kevad\/?s={search_term_string}\"},\"query-input\":{\"@type\":\"PropertyValueSpecification\",\"valueRequired\":true,\"valueName\":\"search_term_string\"}}],\"inLanguage\":\"et\"}]}<\/script>\n<!-- \/ Yoast SEO plugin. -->","yoast_head_json":{"title":"Kuidas aidata - Veeohutus - Kevad","robots":{"index":"index","follow":"follow","max-snippet":"max-snippet:-1","max-image-preview":"max-image-preview:large","max-video-preview":"max-video-preview:-1"},"canonical":"https:\/\/veeohutus.ee\/kevad\/kuidas-aidata\/","og_locale":"et_EE","og_type":"article","og_title":"Kuidas aidata - Veeohutus - Kevad","og_description":"2-3-kraadises vees viibimine on eluohtlik juba 15 minuti ja k\u00fclmemas vees isegi paari minuti m\u00f6\u00f6dudes. Seet\u00f5ttu on p\u00e4\u00e4semise kiirus ja kannatanu \u00fclessoojendamine v\u00e4ga oluline. Sa v\u00f5id osata p\u00f5hiv\u00f5tteid \u00f5nnetusse sattunud inimese p\u00e4\u00e4stmiseks veest, kuid \u00e4ra unusta \u2013 sinu enda turvalisus ennek\u00f5ike. Kui tekib v\u00e4ikseimgi kahtlus, et sa ei suuda abistada, kutsu professionaalne abi. Kuidas abi... Read more","og_url":"https:\/\/veeohutus.ee\/kevad\/kuidas-aidata\/","og_site_name":"Veeohutus - Kevad","og_image":[{"width":1521,"height":600,"url":"https:\/\/veeohutus.ee\/kevad\/wp-content\/uploads\/sites\/2\/2019\/08\/paasterongas.jpg","type":"image\/jpeg"}],"twitter_card":"summary_large_image","twitter_misc":{"Est. reading time":"2 minutit"},"schema":{"@context":"https:\/\/schema.org","@graph":[{"@type":"WebPage","@id":"https:\/\/veeohutus.ee\/kevad\/kuidas-aidata\/","url":"https:\/\/veeohutus.ee\/kevad\/kuidas-aidata\/","name":"Kuidas aidata - Veeohutus - Kevad","isPartOf":{"@id":"https:\/\/veeohutus.ee\/kevad\/#website"},"primaryImageOfPage":{"@id":"https:\/\/veeohutus.ee\/kevad\/kuidas-aidata\/#primaryimage"},"image":{"@id":"https:\/\/veeohutus.ee\/kevad\/kuidas-aidata\/#primaryimage"},"thumbnailUrl":"https:\/\/veeohutus.ee\/kevad\/wp-content\/uploads\/sites\/2\/2019\/08\/paasterongas.jpg","datePublished":"2019-08-06T08:35:29+00:00","breadcrumb":{"@id":"https:\/\/veeohutus.ee\/kevad\/kuidas-aidata\/#breadcrumb"},"inLanguage":"et","potentialAction":[{"@type":"ReadAction","target":["https:\/\/veeohutus.ee\/kevad\/kuidas-aidata\/"]}]},{"@type":"ImageObject","inLanguage":"et","@id":"https:\/\/veeohutus.ee\/kevad\/kuidas-aidata\/#primaryimage","url":"https:\/\/veeohutus.ee\/kevad\/wp-content\/uploads\/sites\/2\/2019\/08\/paasterongas.jpg","contentUrl":"https:\/\/veeohutus.ee\/kevad\/wp-content\/uploads\/sites\/2\/2019\/08\/paasterongas.jpg","width":1521,"height":600},{"@type":"BreadcrumbList","@id":"https:\/\/veeohutus.ee\/kevad\/kuidas-aidata\/#breadcrumb","itemListElement":[{"@type":"ListItem","position":1,"name":"Home","item":"https:\/\/veeohutus.ee\/kevad\/"},{"@type":"ListItem","position":2,"name":"Kuidas aidata"}]},{"@type":"WebSite","@id":"https:\/\/veeohutus.ee\/kevad\/#website","url":"https:\/\/veeohutus.ee\/kevad\/","name":"Veeohutus - Kevad","description":"Veeohutus - kevad","potentialAction":[{"@type":"SearchAction","target":{"@type":"EntryPoint","urlTemplate":"https:\/\/veeohutus.ee\/kevad\/?s={search_term_string}"},"query-input":{"@type":"PropertyValueSpecification","valueRequired":true,"valueName":"search_term_string"}}],"inLanguage":"et"}]}},"_links":{"self":[{"href":"https:\/\/veeohutus.ee\/kevad\/wp-json\/wp\/v2\/pages\/229","targetHints":{"allow":["GET"]}}],"collection":[{"href":"https:\/\/veeohutus.ee\/kevad\/wp-json\/wp\/v2\/pages"}],"about":[{"href":"https:\/\/veeohutus.ee\/kevad\/wp-json\/wp\/v2\/types\/page"}],"author":[{"embeddable":true,"href":"https:\/\/veeohutus.ee\/kevad\/wp-json\/wp\/v2\/users\/2"}],"replies":[{"embeddable":true,"href":"https:\/\/veeohutus.ee\/kevad\/wp-json\/wp\/v2\/comments?post=229"}],"version-history":[{"count":1,"href":"https:\/\/veeohutus.ee\/kevad\/wp-json\/wp\/v2\/pages\/229\/revisions"}],"predecessor-version":[{"id":230,"href":"https:\/\/veeohutus.ee\/kevad\/wp-json\/wp\/v2\/pages\/229\/revisions\/230"}],"wp:featuredmedia":[{"embeddable":true,"href":"https:\/\/veeohutus.ee\/kevad\/wp-json\/wp\/v2\/media\/63"}],"wp:attachment":[{"href":"https:\/\/veeohutus.ee\/kevad\/wp-json\/wp\/v2\/media?parent=229"}],"curies":[{"name":"wp","href":"https:\/\/api.w.org\/{rel}","templated":true}]}}