{"id":32,"date":"2019-08-01T12:18:05","date_gmt":"2019-08-01T12:18:05","guid":{"rendered":"https:\/\/veeohutus.ee\/kevad\/?page_id=32"},"modified":"2022-04-13T06:40:36","modified_gmt":"2022-04-13T06:40:36","slug":"abi-kutsumine","status":"publish","type":"page","link":"https:\/\/veeohutus.ee\/kevad\/abi-kutsumine\/","title":{"rendered":"Abi kutsumine"},"content":{"rendered":"<ul>\n<li>H\u00f5ika \u00fcmberkaudsed inimesed appi;<\/li>\n<li>Kui kardad ise tegutseda, juhi kellegi t\u00e4helepanu toimuvale;<\/li>\n<li>Kui abivajaja on vees \u2013 abista teda ja alles siis kutsu abi v\u00f5i saada kedagi samaaegselt abi j\u00e4rele v\u00f5i vastupidi;<\/li>\n<li>Helista 112 ja anna teada, mis juhtus.<\/li>\n<\/ul>\n<p>&nbsp;<\/p>\n<p><strong>Et H\u00e4irekeskus saaks abi v\u00f5imalikult kiirelt teele saata, pea 112 helistades meeles j\u00e4rgmist:<\/strong><\/p>\n<ul>\n<li>Helista 112, kui vajad kiiret abi. \u00c4ra helista 112-le info saamiseks ja andmiseks v\u00f5i n\u00f5uannete k\u00fcsimiseks \u2013 selleks on olemas P\u00e4\u00e4steala infotelefon 1247.<\/li>\n<li>Helista k\u00f5igepealt 112-le, mitte pereliikmele v\u00f5i s\u00f5brale. Kui Sa ei helista k\u00f5igepealt H\u00e4irekeskusele numbril 112, kaotad v\u00e4\u00e4rtuslikku aega Sulle abi saatmiseks.<\/li>\n<li>\u00dctle, mis juhtus ning kas keegi on viga saanud ja vajab abi.<\/li>\n<li>\u00dctle aadress v\u00f5i kirjelda asukohta, kuhu on vaja abi saata. Sinu lauatelefoni positsioneerides n\u00e4eb H\u00e4irekeskus aadressi, mobiiltelefoni positsioneerides piirkonda, kus Sa asud. \u00d5nnetuse asukoha t\u00e4pseks m\u00e4\u00e4ramiseks anna t\u00e4psustavat infot \u2013 \u00fctle aadress, nimeta l\u00e4hedalasuvaid objekte, anna v\u00f5imalusel GPS-koordinaadid.<\/li>\n<li>Kui Sa ei asu ise s\u00fcndmuskohal, anna sellest teada.<\/li>\n<li>P\u00fc\u00fca s\u00e4ilitada rahu, kuula p\u00e4\u00e4stekorraldaja k\u00fcsimusi, vasta t\u00e4pselt ja l\u00fchidalt.<\/li>\n<li>Kui elu ja vara on ohus, saadetakse abi v\u00e4lja juba k\u00f5ne ajal. Lisak\u00fcsimuste esitamise t\u00f5ttu ei viibi abi saatmine \u2013 abi on juba teel.<\/li>\n<li>\u00c4ra katkesta k\u00f5net enne, kui abistamiseks vajalikud asjaolud on v\u00e4lja selgitatud.<\/li>\n<li>Hoia oma telefoniliin vaba, et lisateabe saamiseks v\u00f5i n\u00f5uannete andmiseks saaks Sulle tagasi helistada.<\/li>\n<li>Kui olukord s\u00fcndmuskohal muutus \u2013 l\u00e4ks halvemaks v\u00f5i paremaks, helista 112-le ja anna sellest teada.<\/li>\n<li>K\u00f5ik h\u00e4daabik\u00f5ned salvestatakse.<\/li>\n<\/ul>\n<p><strong>Kui vajad h\u00e4daabi, kuid mobiililevi puudub, eemalda mobiiltelefonist SIM-kaart. Sellisel juhul valib mobiiltelefon h\u00e4daabinumbrile 112 helistamiseks m\u00f5ne teise samas piirkonnas k\u00e4ttesaadava ja tugevama leviga v\u00f5rgu.<\/strong><\/p>\n<p><iframe loading=\"lazy\" title=\"H\u00e4daabinumbrile helistamine\" width=\"680\" height=\"510\" src=\"https:\/\/www.youtube.com\/embed\/EaP0NuHf_wI?feature=oembed\" frameborder=\"0\" allow=\"accelerometer; autoplay; clipboard-write; encrypted-media; gyroscope; picture-in-picture\" allowfullscreen><\/iframe><\/p>\n","protected":false},"excerpt":{"rendered":"<p>H\u00f5ika \u00fcmberkaudsed inimesed appi; Kui kardad ise tegutseda, juhi kellegi t\u00e4helepanu toimuvale; Kui abivajaja on vees \u2013 abista teda ja alles siis kutsu abi v\u00f5i saada kedagi samaaegselt abi j\u00e4rele v\u00f5i vastupidi; Helista 112 ja anna teada, mis juhtus. &nbsp; Et H\u00e4irekeskus saaks abi v\u00f5imalikult kiirelt teele saata, pea 112 helistades meeles j\u00e4rgmist: Helista 112,&#8230;  <a class=\"excerpt-read-more\" href=\"https:\/\/veeohutus.ee\/kevad\/abi-kutsumine\/\" title=\"Read Abi kutsumine\">Read more<\/a><\/p>\n","protected":false},"author":2,"featured_media":54,"parent":0,"menu_order":0,"comment_status":"closed","ping_status":"closed","template":"","meta":{"_acf_changed":false,"footnotes":""},"class_list":["post-32","page","type-page","status-publish","has-post-thumbnail","hentry"],"acf":[],"yoast_head":"<!-- This site is optimized with the Yoast SEO plugin v26.7 - https:\/\/yoast.com\/wordpress\/plugins\/seo\/ -->\n<title>Abi kutsumine - Veeohutus - Kevad<\/title>\n<meta name=\"robots\" content=\"index, follow, max-snippet:-1, max-image-preview:large, max-video-preview:-1\" \/>\n<link rel=\"canonical\" href=\"https:\/\/veeohutus.ee\/kevad\/abi-kutsumine\/\" \/>\n<meta property=\"og:locale\" content=\"et_EE\" \/>\n<meta property=\"og:type\" content=\"article\" \/>\n<meta property=\"og:title\" content=\"Abi kutsumine - Veeohutus - Kevad\" \/>\n<meta property=\"og:description\" content=\"H\u00f5ika \u00fcmberkaudsed inimesed appi; Kui kardad ise tegutseda, juhi kellegi t\u00e4helepanu toimuvale; Kui abivajaja on vees \u2013 abista teda ja alles siis kutsu abi v\u00f5i saada kedagi samaaegselt abi j\u00e4rele v\u00f5i vastupidi; Helista 112 ja anna teada, mis juhtus. &nbsp; Et H\u00e4irekeskus saaks abi v\u00f5imalikult kiirelt teele saata, pea 112 helistades meeles j\u00e4rgmist: Helista 112,... Read more\" \/>\n<meta property=\"og:url\" content=\"https:\/\/veeohutus.ee\/kevad\/abi-kutsumine\/\" \/>\n<meta property=\"og:site_name\" content=\"Veeohutus - Kevad\" \/>\n<meta property=\"article:modified_time\" content=\"2022-04-13T06:40:36+00:00\" \/>\n<meta property=\"og:image\" content=\"https:\/\/veeohutus.ee\/kevad\/wp-content\/uploads\/sites\/2\/2019\/08\/kuidasaidata.jpg\" \/>\n\t<meta property=\"og:image:width\" content=\"2500\" \/>\n\t<meta property=\"og:image:height\" content=\"2001\" \/>\n\t<meta property=\"og:image:type\" content=\"image\/jpeg\" \/>\n<meta name=\"twitter:card\" content=\"summary_large_image\" \/>\n<meta name=\"twitter:label1\" content=\"Est. reading time\" \/>\n\t<meta name=\"twitter:data1\" content=\"2 minutit\" \/>\n<script type=\"application\/ld+json\" class=\"yoast-schema-graph\">{\"@context\":\"https:\/\/schema.org\",\"@graph\":[{\"@type\":\"WebPage\",\"@id\":\"https:\/\/veeohutus.ee\/kevad\/abi-kutsumine\/\",\"url\":\"https:\/\/veeohutus.ee\/kevad\/abi-kutsumine\/\",\"name\":\"Abi kutsumine - Veeohutus - Kevad\",\"isPartOf\":{\"@id\":\"https:\/\/veeohutus.ee\/kevad\/#website\"},\"primaryImageOfPage\":{\"@id\":\"https:\/\/veeohutus.ee\/kevad\/abi-kutsumine\/#primaryimage\"},\"image\":{\"@id\":\"https:\/\/veeohutus.ee\/kevad\/abi-kutsumine\/#primaryimage\"},\"thumbnailUrl\":\"https:\/\/veeohutus.ee\/kevad\/wp-content\/uploads\/sites\/2\/2019\/08\/kuidasaidata.jpg\",\"datePublished\":\"2019-08-01T12:18:05+00:00\",\"dateModified\":\"2022-04-13T06:40:36+00:00\",\"breadcrumb\":{\"@id\":\"https:\/\/veeohutus.ee\/kevad\/abi-kutsumine\/#breadcrumb\"},\"inLanguage\":\"et\",\"potentialAction\":[{\"@type\":\"ReadAction\",\"target\":[\"https:\/\/veeohutus.ee\/kevad\/abi-kutsumine\/\"]}]},{\"@type\":\"ImageObject\",\"inLanguage\":\"et\",\"@id\":\"https:\/\/veeohutus.ee\/kevad\/abi-kutsumine\/#primaryimage\",\"url\":\"https:\/\/veeohutus.ee\/kevad\/wp-content\/uploads\/sites\/2\/2019\/08\/kuidasaidata.jpg\",\"contentUrl\":\"https:\/\/veeohutus.ee\/kevad\/wp-content\/uploads\/sites\/2\/2019\/08\/kuidasaidata.jpg\",\"width\":2500,\"height\":2001},{\"@type\":\"BreadcrumbList\",\"@id\":\"https:\/\/veeohutus.ee\/kevad\/abi-kutsumine\/#breadcrumb\",\"itemListElement\":[{\"@type\":\"ListItem\",\"position\":1,\"name\":\"Home\",\"item\":\"https:\/\/veeohutus.ee\/kevad\/\"},{\"@type\":\"ListItem\",\"position\":2,\"name\":\"Abi kutsumine\"}]},{\"@type\":\"WebSite\",\"@id\":\"https:\/\/veeohutus.ee\/kevad\/#website\",\"url\":\"https:\/\/veeohutus.ee\/kevad\/\",\"name\":\"Veeohutus - Kevad\",\"description\":\"Veeohutus - kevad\",\"potentialAction\":[{\"@type\":\"SearchAction\",\"target\":{\"@type\":\"EntryPoint\",\"urlTemplate\":\"https:\/\/veeohutus.ee\/kevad\/?s={search_term_string}\"},\"query-input\":{\"@type\":\"PropertyValueSpecification\",\"valueRequired\":true,\"valueName\":\"search_term_string\"}}],\"inLanguage\":\"et\"}]}<\/script>\n<!-- \/ Yoast SEO plugin. -->","yoast_head_json":{"title":"Abi kutsumine - Veeohutus - Kevad","robots":{"index":"index","follow":"follow","max-snippet":"max-snippet:-1","max-image-preview":"max-image-preview:large","max-video-preview":"max-video-preview:-1"},"canonical":"https:\/\/veeohutus.ee\/kevad\/abi-kutsumine\/","og_locale":"et_EE","og_type":"article","og_title":"Abi kutsumine - Veeohutus - Kevad","og_description":"H\u00f5ika \u00fcmberkaudsed inimesed appi; Kui kardad ise tegutseda, juhi kellegi t\u00e4helepanu toimuvale; Kui abivajaja on vees \u2013 abista teda ja alles siis kutsu abi v\u00f5i saada kedagi samaaegselt abi j\u00e4rele v\u00f5i vastupidi; Helista 112 ja anna teada, mis juhtus. &nbsp; Et H\u00e4irekeskus saaks abi v\u00f5imalikult kiirelt teele saata, pea 112 helistades meeles j\u00e4rgmist: Helista 112,... Read more","og_url":"https:\/\/veeohutus.ee\/kevad\/abi-kutsumine\/","og_site_name":"Veeohutus - Kevad","article_modified_time":"2022-04-13T06:40:36+00:00","og_image":[{"width":2500,"height":2001,"url":"https:\/\/veeohutus.ee\/kevad\/wp-content\/uploads\/sites\/2\/2019\/08\/kuidasaidata.jpg","type":"image\/jpeg"}],"twitter_card":"summary_large_image","twitter_misc":{"Est. reading time":"2 minutit"},"schema":{"@context":"https:\/\/schema.org","@graph":[{"@type":"WebPage","@id":"https:\/\/veeohutus.ee\/kevad\/abi-kutsumine\/","url":"https:\/\/veeohutus.ee\/kevad\/abi-kutsumine\/","name":"Abi kutsumine - Veeohutus - Kevad","isPartOf":{"@id":"https:\/\/veeohutus.ee\/kevad\/#website"},"primaryImageOfPage":{"@id":"https:\/\/veeohutus.ee\/kevad\/abi-kutsumine\/#primaryimage"},"image":{"@id":"https:\/\/veeohutus.ee\/kevad\/abi-kutsumine\/#primaryimage"},"thumbnailUrl":"https:\/\/veeohutus.ee\/kevad\/wp-content\/uploads\/sites\/2\/2019\/08\/kuidasaidata.jpg","datePublished":"2019-08-01T12:18:05+00:00","dateModified":"2022-04-13T06:40:36+00:00","breadcrumb":{"@id":"https:\/\/veeohutus.ee\/kevad\/abi-kutsumine\/#breadcrumb"},"inLanguage":"et","potentialAction":[{"@type":"ReadAction","target":["https:\/\/veeohutus.ee\/kevad\/abi-kutsumine\/"]}]},{"@type":"ImageObject","inLanguage":"et","@id":"https:\/\/veeohutus.ee\/kevad\/abi-kutsumine\/#primaryimage","url":"https:\/\/veeohutus.ee\/kevad\/wp-content\/uploads\/sites\/2\/2019\/08\/kuidasaidata.jpg","contentUrl":"https:\/\/veeohutus.ee\/kevad\/wp-content\/uploads\/sites\/2\/2019\/08\/kuidasaidata.jpg","width":2500,"height":2001},{"@type":"BreadcrumbList","@id":"https:\/\/veeohutus.ee\/kevad\/abi-kutsumine\/#breadcrumb","itemListElement":[{"@type":"ListItem","position":1,"name":"Home","item":"https:\/\/veeohutus.ee\/kevad\/"},{"@type":"ListItem","position":2,"name":"Abi kutsumine"}]},{"@type":"WebSite","@id":"https:\/\/veeohutus.ee\/kevad\/#website","url":"https:\/\/veeohutus.ee\/kevad\/","name":"Veeohutus - Kevad","description":"Veeohutus - kevad","potentialAction":[{"@type":"SearchAction","target":{"@type":"EntryPoint","urlTemplate":"https:\/\/veeohutus.ee\/kevad\/?s={search_term_string}"},"query-input":{"@type":"PropertyValueSpecification","valueRequired":true,"valueName":"search_term_string"}}],"inLanguage":"et"}]}},"_links":{"self":[{"href":"https:\/\/veeohutus.ee\/kevad\/wp-json\/wp\/v2\/pages\/32","targetHints":{"allow":["GET"]}}],"collection":[{"href":"https:\/\/veeohutus.ee\/kevad\/wp-json\/wp\/v2\/pages"}],"about":[{"href":"https:\/\/veeohutus.ee\/kevad\/wp-json\/wp\/v2\/types\/page"}],"author":[{"embeddable":true,"href":"https:\/\/veeohutus.ee\/kevad\/wp-json\/wp\/v2\/users\/2"}],"replies":[{"embeddable":true,"href":"https:\/\/veeohutus.ee\/kevad\/wp-json\/wp\/v2\/comments?post=32"}],"version-history":[{"count":3,"href":"https:\/\/veeohutus.ee\/kevad\/wp-json\/wp\/v2\/pages\/32\/revisions"}],"predecessor-version":[{"id":414,"href":"https:\/\/veeohutus.ee\/kevad\/wp-json\/wp\/v2\/pages\/32\/revisions\/414"}],"wp:featuredmedia":[{"embeddable":true,"href":"https:\/\/veeohutus.ee\/kevad\/wp-json\/wp\/v2\/media\/54"}],"wp:attachment":[{"href":"https:\/\/veeohutus.ee\/kevad\/wp-json\/wp\/v2\/media?parent=32"}],"curies":[{"name":"wp","href":"https:\/\/api.w.org\/{rel}","templated":true}]}}