{"id":81,"date":"2019-08-01T12:40:44","date_gmt":"2019-08-01T12:40:44","guid":{"rendered":"https:\/\/veeohutus.ee\/kevad\/?page_id=81"},"modified":"2020-07-13T10:07:13","modified_gmt":"2020-07-13T10:07:13","slug":"uppumissurmade-pohjused","status":"publish","type":"page","link":"https:\/\/veeohutus.ee\/kevad\/uppumissurmade-pohjused\/","title":{"rendered":"Uppumissurmade p\u00f5hjused"},"content":{"rendered":"<h2>Peamised uppumissurmade p\u00f5hjused on:<\/h2>\n<p>&nbsp;<\/p>\n<ul>\n<li style=\"list-style-type: none;\">\n<ul>\n<li style=\"list-style-type: none;\">\n<ul>\n<li><strong>N\u00f5rk ujumisoskus<\/strong> \u2013 v\u00e4hese ujumisoskusega ujuja hindab sageli oma v\u00f5imeid \u00fcle. Ujutakse liiga s\u00fcgavasse kohta, kus jalad ei ulata enam p\u00f5hja ja v\u00e4sides tekib paanika. Koordineeritud ujumist asendab sihitu rabelemine, mis soodustab kiiret vee alla vajumist.<\/li>\n<li><strong>J\u00e4relvalveta lapsed <\/strong>\u2013 tihti j\u00e4tavad lapsevanemad oma lapsed veekogude \u00e4\u00e4res j\u00e4relvalveta v\u00f5i usaldavad paar aastat vanemate \u00f5dede-vendade hooleks. Tihti ei arvestata, et see vees\u00fcgavus v\u00f5i lainetus, mis t\u00e4iskasvanu jaoks on v\u00e4ike, v\u00f5ib lapsele osutuda eluohtlikuks.<\/li>\n<li><strong>Alkohol<\/strong> \u2013 alkoholijoove on peamiseks meeste uppumise p\u00f5hjuseks. Ohtlikuks osutub ka n\u00f5rk joove ja pohmell. Alkoholi tarvitanu v\u00e4sib kiiresti, lisaks tekivad reflektoorsed s\u00fcdamevereringes\u00fcsteemi talituse h\u00e4ired. V\u00f5ib tekkida kiiresti alajahtumine ja j\u00e4semete verevarustus v\u00f5ib j\u00e4rsult halveneda.<\/li>\n<li><strong>Tervislik seisund<\/strong> \u2013 suplema minekul ei arvestata sageli oma tervislikku seisundit ja ignoreeritakse arsti ettekirjutusi. Ujumine on ohtlik s\u00fcdame-, neeru-, kopsu-, ja k\u00f5rvahaigetele ning epilepsiahoogude all kannatavatele inimestele. Tihti ei arvestata ka oma vanusega \u2013 see, mis eelmisel suvel oli j\u00f5ukohane ei puugi j\u00e4rgmisel enam olla.<\/li>\n<li><strong>Ujumine selleks mitte etten\u00e4htud kohtades <\/strong>\u2013 tihti minnakse ujuma merre tugeva lainetusega v\u00f5i kiirevoolulisse j\u00f5kke. Samuti v\u00f5ib tundmatus kohas sattuda veekeeristesse v\u00f5i veekasvudesse. Palju vigastusi juhtub vette h\u00fcppamisel selleks mitte etten\u00e4htud kohtadest (nt sillad, muulid). Meeles peab pidama, et kohtades, mis ei ole ujumiseks ette n\u00e4htud, v\u00f5ib leiduda veealuseid poste, kive, k\u00e4nde ja muud. Samuti v\u00f5ib p\u00f5hi olla reostatud teravate ja ohtlike esemeteaga (nt klaastaara).<\/li>\n<li><strong>Ujumine juhuslike vee peal hoidvate esemetega<\/strong> \u2013 tihti kasutavad n\u00f5rga ujumisoskusega v\u00f5i ujuda mitteoskavad inimesed vee peal p\u00fcsimiseks abivahendeid, nagu auto sisekumme, \u00f5hkmadratseid, t\u00e4ispuhutavaid m\u00e4nguasu, enda valmistatud parvesid. Nendega ujudes ei tajuta vee s\u00fcgavust. \u00dcmberminemise korral avastatakse, et jalad ei ulatu p\u00f5hja, millele j\u00e4rgneb paanikahoog.<\/li>\n<li><strong>Paadis\u00f5idu eeskirjade rikkumine <\/strong>\u2013 \u00f5nnetused paadis\u00f5idul tekivad sageli oskamatusest v\u00f5i hooletusest. Sagedasemaks p\u00f5hjuseks on paatide \u00fclekoormamine, paadis\u00f5it alkoholijoobes, s\u00f5iduks k\u00f5lbmatute paatide kasutamine, kogenematus juhtimisel. Riikides, kus on tehtud statistikat kaatrite, paatide ja jahtidega juhtunud vee\u00f5nnetuste ja nende p\u00f5hjuste kohta, on j\u00f5utud j\u00e4reldusele, et enamik vees hukkunud inimesi oleks j\u00e4\u00e4nud ellu, kui nad oleks kandnud p\u00e4\u00e4stevesti.<\/li>\n<\/ul>\n<\/li>\n<\/ul>\n<\/li>\n<\/ul>\n<p>Allikas: T.Klooster, I.Paulus 2005 \u201cVetelp\u00e4\u00e4ste\u201d, Sisekaitseakadeemia, Tallinn<\/p>\n<h2><\/h2>\n<p>&nbsp;<\/p>\n","protected":false},"excerpt":{"rendered":"<p>Peamised uppumissurmade p\u00f5hjused on: &nbsp; N\u00f5rk ujumisoskus \u2013 v\u00e4hese ujumisoskusega ujuja hindab sageli oma v\u00f5imeid \u00fcle. Ujutakse liiga s\u00fcgavasse kohta, kus jalad ei ulata enam p\u00f5hja ja v\u00e4sides tekib paanika. Koordineeritud ujumist asendab sihitu rabelemine, mis soodustab kiiret vee alla vajumist. J\u00e4relvalveta lapsed \u2013 tihti j\u00e4tavad lapsevanemad oma lapsed veekogude \u00e4\u00e4res j\u00e4relvalveta v\u00f5i usaldavad paar&#8230;  <a class=\"excerpt-read-more\" href=\"https:\/\/veeohutus.ee\/kevad\/uppumissurmade-pohjused\/\" title=\"Read Uppumissurmade p\u00f5hjused\">Read more<\/a><\/p>\n","protected":false},"author":2,"featured_media":63,"parent":0,"menu_order":0,"comment_status":"closed","ping_status":"closed","template":"","meta":{"_acf_changed":false,"footnotes":""},"class_list":["post-81","page","type-page","status-publish","has-post-thumbnail","hentry"],"acf":[],"yoast_head":"<!-- This site is optimized with the Yoast SEO plugin v26.7 - https:\/\/yoast.com\/wordpress\/plugins\/seo\/ -->\n<title>Uppumissurmade p\u00f5hjused - Veeohutus - Kevad<\/title>\n<meta name=\"robots\" content=\"index, follow, max-snippet:-1, max-image-preview:large, max-video-preview:-1\" \/>\n<link rel=\"canonical\" href=\"https:\/\/veeohutus.ee\/kevad\/uppumissurmade-pohjused\/\" \/>\n<meta property=\"og:locale\" content=\"et_EE\" \/>\n<meta property=\"og:type\" content=\"article\" \/>\n<meta property=\"og:title\" content=\"Uppumissurmade p\u00f5hjused - Veeohutus - Kevad\" \/>\n<meta property=\"og:description\" content=\"Peamised uppumissurmade p\u00f5hjused on: &nbsp; N\u00f5rk ujumisoskus \u2013 v\u00e4hese ujumisoskusega ujuja hindab sageli oma v\u00f5imeid \u00fcle. Ujutakse liiga s\u00fcgavasse kohta, kus jalad ei ulata enam p\u00f5hja ja v\u00e4sides tekib paanika. Koordineeritud ujumist asendab sihitu rabelemine, mis soodustab kiiret vee alla vajumist. J\u00e4relvalveta lapsed \u2013 tihti j\u00e4tavad lapsevanemad oma lapsed veekogude \u00e4\u00e4res j\u00e4relvalveta v\u00f5i usaldavad paar... Read more\" \/>\n<meta property=\"og:url\" content=\"https:\/\/veeohutus.ee\/kevad\/uppumissurmade-pohjused\/\" \/>\n<meta property=\"og:site_name\" content=\"Veeohutus - Kevad\" \/>\n<meta property=\"article:modified_time\" content=\"2020-07-13T10:07:13+00:00\" \/>\n<meta property=\"og:image\" content=\"https:\/\/veeohutus.ee\/kevad\/wp-content\/uploads\/sites\/2\/2019\/08\/paasterongas.jpg\" \/>\n\t<meta property=\"og:image:width\" content=\"1521\" \/>\n\t<meta property=\"og:image:height\" content=\"600\" \/>\n\t<meta property=\"og:image:type\" content=\"image\/jpeg\" \/>\n<meta name=\"twitter:card\" content=\"summary_large_image\" \/>\n<meta name=\"twitter:label1\" content=\"Est. reading time\" \/>\n\t<meta name=\"twitter:data1\" content=\"2 minutit\" \/>\n<script type=\"application\/ld+json\" class=\"yoast-schema-graph\">{\"@context\":\"https:\/\/schema.org\",\"@graph\":[{\"@type\":\"WebPage\",\"@id\":\"https:\/\/veeohutus.ee\/kevad\/uppumissurmade-pohjused\/\",\"url\":\"https:\/\/veeohutus.ee\/kevad\/uppumissurmade-pohjused\/\",\"name\":\"Uppumissurmade p\u00f5hjused - Veeohutus - Kevad\",\"isPartOf\":{\"@id\":\"https:\/\/veeohutus.ee\/kevad\/#website\"},\"primaryImageOfPage\":{\"@id\":\"https:\/\/veeohutus.ee\/kevad\/uppumissurmade-pohjused\/#primaryimage\"},\"image\":{\"@id\":\"https:\/\/veeohutus.ee\/kevad\/uppumissurmade-pohjused\/#primaryimage\"},\"thumbnailUrl\":\"https:\/\/veeohutus.ee\/kevad\/wp-content\/uploads\/sites\/2\/2019\/08\/paasterongas.jpg\",\"datePublished\":\"2019-08-01T12:40:44+00:00\",\"dateModified\":\"2020-07-13T10:07:13+00:00\",\"breadcrumb\":{\"@id\":\"https:\/\/veeohutus.ee\/kevad\/uppumissurmade-pohjused\/#breadcrumb\"},\"inLanguage\":\"et\",\"potentialAction\":[{\"@type\":\"ReadAction\",\"target\":[\"https:\/\/veeohutus.ee\/kevad\/uppumissurmade-pohjused\/\"]}]},{\"@type\":\"ImageObject\",\"inLanguage\":\"et\",\"@id\":\"https:\/\/veeohutus.ee\/kevad\/uppumissurmade-pohjused\/#primaryimage\",\"url\":\"https:\/\/veeohutus.ee\/kevad\/wp-content\/uploads\/sites\/2\/2019\/08\/paasterongas.jpg\",\"contentUrl\":\"https:\/\/veeohutus.ee\/kevad\/wp-content\/uploads\/sites\/2\/2019\/08\/paasterongas.jpg\",\"width\":1521,\"height\":600},{\"@type\":\"BreadcrumbList\",\"@id\":\"https:\/\/veeohutus.ee\/kevad\/uppumissurmade-pohjused\/#breadcrumb\",\"itemListElement\":[{\"@type\":\"ListItem\",\"position\":1,\"name\":\"Home\",\"item\":\"https:\/\/veeohutus.ee\/kevad\/\"},{\"@type\":\"ListItem\",\"position\":2,\"name\":\"Uppumissurmade p\u00f5hjused\"}]},{\"@type\":\"WebSite\",\"@id\":\"https:\/\/veeohutus.ee\/kevad\/#website\",\"url\":\"https:\/\/veeohutus.ee\/kevad\/\",\"name\":\"Veeohutus - Kevad\",\"description\":\"Veeohutus - kevad\",\"potentialAction\":[{\"@type\":\"SearchAction\",\"target\":{\"@type\":\"EntryPoint\",\"urlTemplate\":\"https:\/\/veeohutus.ee\/kevad\/?s={search_term_string}\"},\"query-input\":{\"@type\":\"PropertyValueSpecification\",\"valueRequired\":true,\"valueName\":\"search_term_string\"}}],\"inLanguage\":\"et\"}]}<\/script>\n<!-- \/ Yoast SEO plugin. -->","yoast_head_json":{"title":"Uppumissurmade p\u00f5hjused - Veeohutus - Kevad","robots":{"index":"index","follow":"follow","max-snippet":"max-snippet:-1","max-image-preview":"max-image-preview:large","max-video-preview":"max-video-preview:-1"},"canonical":"https:\/\/veeohutus.ee\/kevad\/uppumissurmade-pohjused\/","og_locale":"et_EE","og_type":"article","og_title":"Uppumissurmade p\u00f5hjused - Veeohutus - Kevad","og_description":"Peamised uppumissurmade p\u00f5hjused on: &nbsp; N\u00f5rk ujumisoskus \u2013 v\u00e4hese ujumisoskusega ujuja hindab sageli oma v\u00f5imeid \u00fcle. Ujutakse liiga s\u00fcgavasse kohta, kus jalad ei ulata enam p\u00f5hja ja v\u00e4sides tekib paanika. Koordineeritud ujumist asendab sihitu rabelemine, mis soodustab kiiret vee alla vajumist. J\u00e4relvalveta lapsed \u2013 tihti j\u00e4tavad lapsevanemad oma lapsed veekogude \u00e4\u00e4res j\u00e4relvalveta v\u00f5i usaldavad paar... Read more","og_url":"https:\/\/veeohutus.ee\/kevad\/uppumissurmade-pohjused\/","og_site_name":"Veeohutus - Kevad","article_modified_time":"2020-07-13T10:07:13+00:00","og_image":[{"width":1521,"height":600,"url":"https:\/\/veeohutus.ee\/kevad\/wp-content\/uploads\/sites\/2\/2019\/08\/paasterongas.jpg","type":"image\/jpeg"}],"twitter_card":"summary_large_image","twitter_misc":{"Est. reading time":"2 minutit"},"schema":{"@context":"https:\/\/schema.org","@graph":[{"@type":"WebPage","@id":"https:\/\/veeohutus.ee\/kevad\/uppumissurmade-pohjused\/","url":"https:\/\/veeohutus.ee\/kevad\/uppumissurmade-pohjused\/","name":"Uppumissurmade p\u00f5hjused - Veeohutus - Kevad","isPartOf":{"@id":"https:\/\/veeohutus.ee\/kevad\/#website"},"primaryImageOfPage":{"@id":"https:\/\/veeohutus.ee\/kevad\/uppumissurmade-pohjused\/#primaryimage"},"image":{"@id":"https:\/\/veeohutus.ee\/kevad\/uppumissurmade-pohjused\/#primaryimage"},"thumbnailUrl":"https:\/\/veeohutus.ee\/kevad\/wp-content\/uploads\/sites\/2\/2019\/08\/paasterongas.jpg","datePublished":"2019-08-01T12:40:44+00:00","dateModified":"2020-07-13T10:07:13+00:00","breadcrumb":{"@id":"https:\/\/veeohutus.ee\/kevad\/uppumissurmade-pohjused\/#breadcrumb"},"inLanguage":"et","potentialAction":[{"@type":"ReadAction","target":["https:\/\/veeohutus.ee\/kevad\/uppumissurmade-pohjused\/"]}]},{"@type":"ImageObject","inLanguage":"et","@id":"https:\/\/veeohutus.ee\/kevad\/uppumissurmade-pohjused\/#primaryimage","url":"https:\/\/veeohutus.ee\/kevad\/wp-content\/uploads\/sites\/2\/2019\/08\/paasterongas.jpg","contentUrl":"https:\/\/veeohutus.ee\/kevad\/wp-content\/uploads\/sites\/2\/2019\/08\/paasterongas.jpg","width":1521,"height":600},{"@type":"BreadcrumbList","@id":"https:\/\/veeohutus.ee\/kevad\/uppumissurmade-pohjused\/#breadcrumb","itemListElement":[{"@type":"ListItem","position":1,"name":"Home","item":"https:\/\/veeohutus.ee\/kevad\/"},{"@type":"ListItem","position":2,"name":"Uppumissurmade p\u00f5hjused"}]},{"@type":"WebSite","@id":"https:\/\/veeohutus.ee\/kevad\/#website","url":"https:\/\/veeohutus.ee\/kevad\/","name":"Veeohutus - Kevad","description":"Veeohutus - kevad","potentialAction":[{"@type":"SearchAction","target":{"@type":"EntryPoint","urlTemplate":"https:\/\/veeohutus.ee\/kevad\/?s={search_term_string}"},"query-input":{"@type":"PropertyValueSpecification","valueRequired":true,"valueName":"search_term_string"}}],"inLanguage":"et"}]}},"_links":{"self":[{"href":"https:\/\/veeohutus.ee\/kevad\/wp-json\/wp\/v2\/pages\/81","targetHints":{"allow":["GET"]}}],"collection":[{"href":"https:\/\/veeohutus.ee\/kevad\/wp-json\/wp\/v2\/pages"}],"about":[{"href":"https:\/\/veeohutus.ee\/kevad\/wp-json\/wp\/v2\/types\/page"}],"author":[{"embeddable":true,"href":"https:\/\/veeohutus.ee\/kevad\/wp-json\/wp\/v2\/users\/2"}],"replies":[{"embeddable":true,"href":"https:\/\/veeohutus.ee\/kevad\/wp-json\/wp\/v2\/comments?post=81"}],"version-history":[{"count":2,"href":"https:\/\/veeohutus.ee\/kevad\/wp-json\/wp\/v2\/pages\/81\/revisions"}],"predecessor-version":[{"id":325,"href":"https:\/\/veeohutus.ee\/kevad\/wp-json\/wp\/v2\/pages\/81\/revisions\/325"}],"wp:featuredmedia":[{"embeddable":true,"href":"https:\/\/veeohutus.ee\/kevad\/wp-json\/wp\/v2\/media\/63"}],"wp:attachment":[{"href":"https:\/\/veeohutus.ee\/kevad\/wp-json\/wp\/v2\/media?parent=81"}],"curies":[{"name":"wp","href":"https:\/\/api.w.org\/{rel}","templated":true}]}}