{"id":93,"date":"2019-08-05T11:33:21","date_gmt":"2019-08-05T11:33:21","guid":{"rendered":"https:\/\/veeohutus.ee\/kevad\/?page_id=93"},"modified":"2022-04-12T08:55:52","modified_gmt":"2022-04-12T08:55:52","slug":"kuidas-muuta-kodulahedane-veekogu-ohutuks","status":"publish","type":"page","link":"https:\/\/veeohutus.ee\/kevad\/kuidas-muuta-kodulahedane-veekogu-ohutuks\/","title":{"rendered":"Kuidas muuta kodul\u00e4hedane veekogu ohutuks?"},"content":{"rendered":"<h3><strong>Enamus uppumisi leiab aset vette kukkumiste v\u00f5i libastumiste t\u00f5ttu.<\/strong><\/h3>\n<p>2021. aastal moodustasid need 32<strong>% (19 tk 60-st) k\u00f5ikidest juhtumitest<\/strong>. Sagedasti on kukkujateks eakad v\u00f5i v\u00e4ikelapsed.<\/p>\n<p><strong>Muuda kodul\u00e4hedased veekogud ohutuks ja takista laste juurdep\u00e4\u00e4su piirdeaiaga<\/strong><\/p>\n<p><strong>Levinuim aiamaterjal on puit.<\/strong><\/p>\n<ul>\n<li>Puitaed s\u00e4ilib paremini, kui seda niiskuskindla vahendiga immutada.<\/li>\n<li>V\u00e4rvi aed n\u00e4iteks kodukihelkonna v\u00e4ridesse!<\/li>\n<li>Taaskasuta julgelt erineva kuju ja laiusega lippe.<\/li>\n<li>Ettevaatust aialippide horisontaalsete asetusega, lapsed v\u00f5ivad seda redelina kasutada!<\/li>\n<\/ul>\n<p>&nbsp;<\/p>\n<img loading=\"lazy\" decoding=\"async\" class=\"aligncenter wp-image-182 size-large\" src=\"https:\/\/veeohutus.ee\/sugis\/wp-content\/uploads\/sites\/4\/2018\/10\/Kodutiigi-aed-1024x763.jpg\" alt=\"Kodutiigi aed\" width=\"680\" height=\"507\" \/>\n<p class=\"aligncenter size-full wp-image-2378\"><strong>Piirdeaiana kasutatakse k\u00f5ige enam v\u00f5rkaedu<\/strong><\/p>\n<ul>\n<li>P\u00f6\u00f6ra t\u00e4helepanu v\u00f5rgu aluse ala kindlustamisele.<\/li>\n<li>Aia k\u00f5rgus peaks j\u00e4\u00e4ma kuni 1,5m, sellest k\u00f5rgema aia puhul tuleks see kohalikus omavalitsuses koosk\u00f5lastada.<\/li>\n<\/ul>\n<p>&nbsp;<\/p>\n<img loading=\"lazy\" decoding=\"async\" class=\"aligncenter wp-image-185 size-large\" src=\"https:\/\/veeohutus.ee\/sugis\/wp-content\/uploads\/sites\/4\/2018\/10\/v\u00f5rk-aed-1024x760.jpg\" alt=\"v\u00f5rk aed\" width=\"680\" height=\"505\" \/>\n<h4><strong>Kaevud korda<\/strong><\/h4>\n<ul>\n<li>Kui sinu kaevu kivi- v\u00f5i puitkonstruktsioonid on lagunenud, v\u00f5ivad need t\u00f5sise \u00f5nnetuse p\u00f5hjustada.<\/li>\n<li>Vaheta v\u00e4lja pehkinud puitkonstruktsioonid v\u00f5i asenda lagunenud kivid uutega.<\/li>\n<li>Eriti ohtlikud on lahtised kaevusuud, kuhu tuleb paigaldada korralikud kaaned!<\/li>\n<li>Kaevu parandamiseks kasutatav puitmaterjal t\u00f6\u00f6tle veekindla vahendiga.<\/li>\n<li>V\u00e4rvi kaevukaas ja kaevurakked oma kihelkonna v\u00e4rvidesse!<\/li>\n<\/ul>\n<img loading=\"lazy\" decoding=\"async\" class=\"aligncenter wp-image-191 size-large\" src=\"https:\/\/veeohutus.ee\/sugis\/wp-content\/uploads\/sites\/4\/2018\/10\/kaev1-1024x767.jpg\" alt=\"kaev1\" width=\"680\" height=\"509\" \/>\n","protected":false},"excerpt":{"rendered":"<p>Enamus uppumisi leiab aset vette kukkumiste v\u00f5i libastumiste t\u00f5ttu. 2021. aastal moodustasid need 32% (19 tk 60-st) k\u00f5ikidest juhtumitest. Sagedasti on kukkujateks eakad v\u00f5i v\u00e4ikelapsed. Muuda kodul\u00e4hedased veekogud ohutuks ja takista laste juurdep\u00e4\u00e4su piirdeaiaga Levinuim aiamaterjal on puit. Puitaed s\u00e4ilib paremini, kui seda niiskuskindla vahendiga immutada. V\u00e4rvi aed n\u00e4iteks kodukihelkonna v\u00e4ridesse! Taaskasuta julgelt erineva kuju&#8230;  <a class=\"excerpt-read-more\" href=\"https:\/\/veeohutus.ee\/kevad\/kuidas-muuta-kodulahedane-veekogu-ohutuks\/\" title=\"Read Kuidas muuta kodul\u00e4hedane veekogu ohutuks?\">Read more<\/a><\/p>\n","protected":false},"author":2,"featured_media":143,"parent":0,"menu_order":0,"comment_status":"closed","ping_status":"closed","template":"","meta":{"_acf_changed":false,"footnotes":""},"class_list":["post-93","page","type-page","status-publish","has-post-thumbnail","hentry"],"acf":[],"yoast_head":"<!-- This site is optimized with the Yoast SEO plugin v26.7 - https:\/\/yoast.com\/wordpress\/plugins\/seo\/ -->\n<title>Kuidas muuta kodul\u00e4hedane veekogu ohutuks? - Veeohutus - Kevad<\/title>\n<meta name=\"robots\" content=\"index, follow, max-snippet:-1, max-image-preview:large, max-video-preview:-1\" \/>\n<link rel=\"canonical\" href=\"https:\/\/veeohutus.ee\/kevad\/kuidas-muuta-kodulahedane-veekogu-ohutuks\/\" \/>\n<meta property=\"og:locale\" content=\"et_EE\" \/>\n<meta property=\"og:type\" content=\"article\" \/>\n<meta property=\"og:title\" content=\"Kuidas muuta kodul\u00e4hedane veekogu ohutuks? - Veeohutus - Kevad\" \/>\n<meta property=\"og:description\" content=\"Enamus uppumisi leiab aset vette kukkumiste v\u00f5i libastumiste t\u00f5ttu. 2021. aastal moodustasid need 32% (19 tk 60-st) k\u00f5ikidest juhtumitest. Sagedasti on kukkujateks eakad v\u00f5i v\u00e4ikelapsed. Muuda kodul\u00e4hedased veekogud ohutuks ja takista laste juurdep\u00e4\u00e4su piirdeaiaga Levinuim aiamaterjal on puit. Puitaed s\u00e4ilib paremini, kui seda niiskuskindla vahendiga immutada. V\u00e4rvi aed n\u00e4iteks kodukihelkonna v\u00e4ridesse! Taaskasuta julgelt erineva kuju... Read more\" \/>\n<meta property=\"og:url\" content=\"https:\/\/veeohutus.ee\/kevad\/kuidas-muuta-kodulahedane-veekogu-ohutuks\/\" \/>\n<meta property=\"og:site_name\" content=\"Veeohutus - Kevad\" \/>\n<meta property=\"article:modified_time\" content=\"2022-04-12T08:55:52+00:00\" \/>\n<meta property=\"og:image\" content=\"https:\/\/veeohutus.ee\/kevad\/wp-content\/uploads\/sites\/2\/2019\/08\/pond-3422388_1920-2.jpg\" \/>\n\t<meta property=\"og:image:width\" content=\"1920\" \/>\n\t<meta property=\"og:image:height\" content=\"1280\" \/>\n\t<meta property=\"og:image:type\" content=\"image\/jpeg\" \/>\n<meta name=\"twitter:card\" content=\"summary_large_image\" \/>\n<meta name=\"twitter:label1\" content=\"Est. reading time\" \/>\n\t<meta name=\"twitter:data1\" content=\"1 minut\" \/>\n<script type=\"application\/ld+json\" class=\"yoast-schema-graph\">{\"@context\":\"https:\/\/schema.org\",\"@graph\":[{\"@type\":\"WebPage\",\"@id\":\"https:\/\/veeohutus.ee\/kevad\/kuidas-muuta-kodulahedane-veekogu-ohutuks\/\",\"url\":\"https:\/\/veeohutus.ee\/kevad\/kuidas-muuta-kodulahedane-veekogu-ohutuks\/\",\"name\":\"Kuidas muuta kodul\u00e4hedane veekogu ohutuks? - Veeohutus - Kevad\",\"isPartOf\":{\"@id\":\"https:\/\/veeohutus.ee\/kevad\/#website\"},\"primaryImageOfPage\":{\"@id\":\"https:\/\/veeohutus.ee\/kevad\/kuidas-muuta-kodulahedane-veekogu-ohutuks\/#primaryimage\"},\"image\":{\"@id\":\"https:\/\/veeohutus.ee\/kevad\/kuidas-muuta-kodulahedane-veekogu-ohutuks\/#primaryimage\"},\"thumbnailUrl\":\"https:\/\/veeohutus.ee\/kevad\/wp-content\/uploads\/sites\/2\/2019\/08\/pond-3422388_1920-2.jpg\",\"datePublished\":\"2019-08-05T11:33:21+00:00\",\"dateModified\":\"2022-04-12T08:55:52+00:00\",\"breadcrumb\":{\"@id\":\"https:\/\/veeohutus.ee\/kevad\/kuidas-muuta-kodulahedane-veekogu-ohutuks\/#breadcrumb\"},\"inLanguage\":\"et\",\"potentialAction\":[{\"@type\":\"ReadAction\",\"target\":[\"https:\/\/veeohutus.ee\/kevad\/kuidas-muuta-kodulahedane-veekogu-ohutuks\/\"]}]},{\"@type\":\"ImageObject\",\"inLanguage\":\"et\",\"@id\":\"https:\/\/veeohutus.ee\/kevad\/kuidas-muuta-kodulahedane-veekogu-ohutuks\/#primaryimage\",\"url\":\"https:\/\/veeohutus.ee\/kevad\/wp-content\/uploads\/sites\/2\/2019\/08\/pond-3422388_1920-2.jpg\",\"contentUrl\":\"https:\/\/veeohutus.ee\/kevad\/wp-content\/uploads\/sites\/2\/2019\/08\/pond-3422388_1920-2.jpg\",\"width\":1920,\"height\":1280},{\"@type\":\"BreadcrumbList\",\"@id\":\"https:\/\/veeohutus.ee\/kevad\/kuidas-muuta-kodulahedane-veekogu-ohutuks\/#breadcrumb\",\"itemListElement\":[{\"@type\":\"ListItem\",\"position\":1,\"name\":\"Home\",\"item\":\"https:\/\/veeohutus.ee\/kevad\/\"},{\"@type\":\"ListItem\",\"position\":2,\"name\":\"Kuidas muuta kodul\u00e4hedane veekogu ohutuks?\"}]},{\"@type\":\"WebSite\",\"@id\":\"https:\/\/veeohutus.ee\/kevad\/#website\",\"url\":\"https:\/\/veeohutus.ee\/kevad\/\",\"name\":\"Veeohutus - Kevad\",\"description\":\"Veeohutus - kevad\",\"potentialAction\":[{\"@type\":\"SearchAction\",\"target\":{\"@type\":\"EntryPoint\",\"urlTemplate\":\"https:\/\/veeohutus.ee\/kevad\/?s={search_term_string}\"},\"query-input\":{\"@type\":\"PropertyValueSpecification\",\"valueRequired\":true,\"valueName\":\"search_term_string\"}}],\"inLanguage\":\"et\"}]}<\/script>\n<!-- \/ Yoast SEO plugin. -->","yoast_head_json":{"title":"Kuidas muuta kodul\u00e4hedane veekogu ohutuks? - Veeohutus - Kevad","robots":{"index":"index","follow":"follow","max-snippet":"max-snippet:-1","max-image-preview":"max-image-preview:large","max-video-preview":"max-video-preview:-1"},"canonical":"https:\/\/veeohutus.ee\/kevad\/kuidas-muuta-kodulahedane-veekogu-ohutuks\/","og_locale":"et_EE","og_type":"article","og_title":"Kuidas muuta kodul\u00e4hedane veekogu ohutuks? - Veeohutus - Kevad","og_description":"Enamus uppumisi leiab aset vette kukkumiste v\u00f5i libastumiste t\u00f5ttu. 2021. aastal moodustasid need 32% (19 tk 60-st) k\u00f5ikidest juhtumitest. Sagedasti on kukkujateks eakad v\u00f5i v\u00e4ikelapsed. Muuda kodul\u00e4hedased veekogud ohutuks ja takista laste juurdep\u00e4\u00e4su piirdeaiaga Levinuim aiamaterjal on puit. Puitaed s\u00e4ilib paremini, kui seda niiskuskindla vahendiga immutada. V\u00e4rvi aed n\u00e4iteks kodukihelkonna v\u00e4ridesse! Taaskasuta julgelt erineva kuju... Read more","og_url":"https:\/\/veeohutus.ee\/kevad\/kuidas-muuta-kodulahedane-veekogu-ohutuks\/","og_site_name":"Veeohutus - Kevad","article_modified_time":"2022-04-12T08:55:52+00:00","og_image":[{"width":1920,"height":1280,"url":"https:\/\/veeohutus.ee\/kevad\/wp-content\/uploads\/sites\/2\/2019\/08\/pond-3422388_1920-2.jpg","type":"image\/jpeg"}],"twitter_card":"summary_large_image","twitter_misc":{"Est. reading time":"1 minut"},"schema":{"@context":"https:\/\/schema.org","@graph":[{"@type":"WebPage","@id":"https:\/\/veeohutus.ee\/kevad\/kuidas-muuta-kodulahedane-veekogu-ohutuks\/","url":"https:\/\/veeohutus.ee\/kevad\/kuidas-muuta-kodulahedane-veekogu-ohutuks\/","name":"Kuidas muuta kodul\u00e4hedane veekogu ohutuks? - Veeohutus - Kevad","isPartOf":{"@id":"https:\/\/veeohutus.ee\/kevad\/#website"},"primaryImageOfPage":{"@id":"https:\/\/veeohutus.ee\/kevad\/kuidas-muuta-kodulahedane-veekogu-ohutuks\/#primaryimage"},"image":{"@id":"https:\/\/veeohutus.ee\/kevad\/kuidas-muuta-kodulahedane-veekogu-ohutuks\/#primaryimage"},"thumbnailUrl":"https:\/\/veeohutus.ee\/kevad\/wp-content\/uploads\/sites\/2\/2019\/08\/pond-3422388_1920-2.jpg","datePublished":"2019-08-05T11:33:21+00:00","dateModified":"2022-04-12T08:55:52+00:00","breadcrumb":{"@id":"https:\/\/veeohutus.ee\/kevad\/kuidas-muuta-kodulahedane-veekogu-ohutuks\/#breadcrumb"},"inLanguage":"et","potentialAction":[{"@type":"ReadAction","target":["https:\/\/veeohutus.ee\/kevad\/kuidas-muuta-kodulahedane-veekogu-ohutuks\/"]}]},{"@type":"ImageObject","inLanguage":"et","@id":"https:\/\/veeohutus.ee\/kevad\/kuidas-muuta-kodulahedane-veekogu-ohutuks\/#primaryimage","url":"https:\/\/veeohutus.ee\/kevad\/wp-content\/uploads\/sites\/2\/2019\/08\/pond-3422388_1920-2.jpg","contentUrl":"https:\/\/veeohutus.ee\/kevad\/wp-content\/uploads\/sites\/2\/2019\/08\/pond-3422388_1920-2.jpg","width":1920,"height":1280},{"@type":"BreadcrumbList","@id":"https:\/\/veeohutus.ee\/kevad\/kuidas-muuta-kodulahedane-veekogu-ohutuks\/#breadcrumb","itemListElement":[{"@type":"ListItem","position":1,"name":"Home","item":"https:\/\/veeohutus.ee\/kevad\/"},{"@type":"ListItem","position":2,"name":"Kuidas muuta kodul\u00e4hedane veekogu ohutuks?"}]},{"@type":"WebSite","@id":"https:\/\/veeohutus.ee\/kevad\/#website","url":"https:\/\/veeohutus.ee\/kevad\/","name":"Veeohutus - Kevad","description":"Veeohutus - kevad","potentialAction":[{"@type":"SearchAction","target":{"@type":"EntryPoint","urlTemplate":"https:\/\/veeohutus.ee\/kevad\/?s={search_term_string}"},"query-input":{"@type":"PropertyValueSpecification","valueRequired":true,"valueName":"search_term_string"}}],"inLanguage":"et"}]}},"_links":{"self":[{"href":"https:\/\/veeohutus.ee\/kevad\/wp-json\/wp\/v2\/pages\/93","targetHints":{"allow":["GET"]}}],"collection":[{"href":"https:\/\/veeohutus.ee\/kevad\/wp-json\/wp\/v2\/pages"}],"about":[{"href":"https:\/\/veeohutus.ee\/kevad\/wp-json\/wp\/v2\/types\/page"}],"author":[{"embeddable":true,"href":"https:\/\/veeohutus.ee\/kevad\/wp-json\/wp\/v2\/users\/2"}],"replies":[{"embeddable":true,"href":"https:\/\/veeohutus.ee\/kevad\/wp-json\/wp\/v2\/comments?post=93"}],"version-history":[{"count":5,"href":"https:\/\/veeohutus.ee\/kevad\/wp-json\/wp\/v2\/pages\/93\/revisions"}],"predecessor-version":[{"id":413,"href":"https:\/\/veeohutus.ee\/kevad\/wp-json\/wp\/v2\/pages\/93\/revisions\/413"}],"wp:featuredmedia":[{"embeddable":true,"href":"https:\/\/veeohutus.ee\/kevad\/wp-json\/wp\/v2\/media\/143"}],"wp:attachment":[{"href":"https:\/\/veeohutus.ee\/kevad\/wp-json\/wp\/v2\/media?parent=93"}],"curies":[{"name":"wp","href":"https:\/\/api.w.org\/{rel}","templated":true}]}}