{"id":242,"date":"2018-10-03T07:17:13","date_gmt":"2018-10-03T07:17:13","guid":{"rendered":"https:\/\/veeohutus.ee\/sugis\/?page_id=242"},"modified":"2019-11-19T13:18:55","modified_gmt":"2019-11-19T13:18:55","slug":"veeohutusest-raakimine-lastega","status":"publish","type":"page","link":"https:\/\/veeohutus.ee\/sugis\/veeohutusest-raakimine-lastega\/","title":{"rendered":"Veeohutusest r\u00e4\u00e4kimine v\u00e4ikelastega"},"content":{"rendered":"<p>1\u20133-aastaste laste arengu\u00fclesanne on oma keha ja teda \u00fcmbritseva maailma tundma\u00f5ppimine. Tohutu uudishimu, vajadus k\u00f5ike ise j\u00e4rele katsuda, maitsta, loopida, ronida jne paneb neid sageli olukordadesse, kus \u00f5nnetused on kerged juhtuma.<\/p>\n<p><strong>\u00d5nnetused juhtuvad alati ootamatult<\/strong><\/p>\n<p>\u00dcks v\u00e4ga suurtest ohtudest v\u00e4ikelapsele on veekogud ning seda mitte ainult suvel, vaid n\u00f5rga j\u00e4\u00e4 t\u00f5ttu ka kevadel ja s\u00fcgisel. Kurb on fakt, et pigem upuvad v\u00e4ikelapsed kodu\u00f5uel v\u00f5i selle l\u00e4histel olevas veekogus. Avalikes randades, kus v\u00f5\u00f5ra keskkonna t\u00f5ttu on oht lapse kadumiseks suurem, on harjutud lastel rohkem silma peal hoidma kui koduhoovis. Kodune \u00f5ueala tundub sageli turvaline ja v\u00f5ib tekkida olukordi, kus j\u00e4relevalveks tundub piisavat sellest, kui teiste toimetuste k\u00f5rvalt aeg-ajalt veenduda, et laps on vaatev\u00e4ljas. Reeglina on v\u00e4ikelapsed v\u00e4ga impulsiivsed, mist\u00f5ttu v\u00f5ib rahulikult m\u00e4ngiv laps hetkega meelt muuta ja ohtu sattuda. \u00d5nnetused juhtuvad ootamatult ja kiiresti \u2013 uppumiseks pole tarvis enamat, kui veesilma l\u00e4heduses paariks minutiks laps silmist lasta. Uppumine on enamasti vaikne s\u00fcndmus, ilma karjumise ja appih\u00fc\u00fcdmiseta, sest hingamisteedesse sattunud vee v\u00f5i k\u00f5rikrambi korral ei ole see f\u00fcsioloogiliselt v\u00f5imalik.<\/p>\n<p><strong>V\u00e4ikelapsed ei ole vastutuseks k\u00fcpsed<\/strong><\/p>\n<p>1\u20133-aastased lapsed saavad \u00fcha enam aru s\u00f5nadest ja nende t\u00e4hendusest, areneb kujutlusv\u00f5ime. Samuti hakkavad nad m\u00e4rkama hooldaja n\u00f5udmisi ja reageerima nendele kas eitavalt v\u00f5i n\u00f5usolevalt ning katsetama oma mina m\u00f5jusust \u2013 mida ma juba suudan teha ja kui palju otsustada? Kindlasti on iga lapsevanem kogenud olukorda, kus ikka ja j\u00e4lle tuleb p\u00f5hjendada, miks m\u00f5ni asi on keelatud. Ka \u00fcksi vee \u00e4\u00e4rde minemise keelust ei p\u00e4\u00e4se \u00fckski laps. Vanem peab teadma, et v\u00e4ikelapsel ei ole veel oskust teha \u00fcldistusi (reegel on \u00fcldistus) ja ka nende m\u00e4lu on piiratud. Ehkki laps saab s\u00f5nadest aru, ei suuda ta neid kuigi kaua meeles hoida ja unustab pea koheselt lapsevanema poolt \u00f6eldu! Seda seet\u00f5ttu, et nooremate kui nelja-aastaste laste ajus ei ole impulsside ja keeldude tsoonid veel kuigiv\u00f5rd seotud.<\/p>\n<p>Seega ei saa eeldada, et kui v\u00e4ikelapsele on midagi selgitatud v\u00f5i keelatud, siis laps seda ka m\u00e4letab ning seatud piire ja piiranguid j\u00e4rgib. V\u00e4ikelapse ohutuse peab tagama lapsevanem, see ei ole koht, kus vaatamata sagedasele selgitust\u00f6\u00f6le ja lapse lubadusele veest eemale hoida teda usaldada! Piiridest selge arusaam kujuneb lastel v\u00e4lja umbes 4\u20135-aastaselt.<\/p>\n<p>V\u00e4ikelapsel on ettekujutus iseendast kui k\u00f5ikv\u00f5imsast \u2013 see paneb neid ikka j\u00e4lle piire \u00fcletama, keelde eirama ja uusi katsetusi ette v\u00f5tma. Seega vajavad lapsed t\u00e4iskasvanute abi turvalise keskkonna loomisel ning t\u00e4iskasvanud vastutavad ja t\u00e4iendavad v\u00e4ikeste laste puudulikku enesekontrolli.<\/p>\n<p><strong>Soovitusi v\u00e4ikelastega ohtudest r\u00e4\u00e4kimiseks<\/strong>:<\/p>\n<ul>\n<li>V\u00e4ikelapsele piire seades kasutage \u201cEi!\u201d asemel \u201cStopp!\u201d. \u00d6eldes \u201cStopp!\u201d on teie miimika ilmekas \u2013 sirutate liikumise peatamiseks k\u00e4e ette, silmad avanevad ja teie h\u00e4\u00e4letoon on konkreetne (k\u00e4skiv), kuid mitte s\u00fc\u00fcdistav, nagu \u201cEi!\u201d \u00f6eldes. Lisaks on hea teada, et v\u00e4ikelapse aju ei saa eitusest aru.<br \/>\nLapsevanema keeld k\u00f5lab talle kui korraldus, n\u00e4iteks: \u201c\u00c4ra mine mere \u00e4\u00e4rde!\u201d kostab lapsele kui \u201cMine mere \u00e4\u00e4rde!\u201d<\/li>\n<li>R\u00e4\u00e4kige l\u00fchidalt. V\u00e4ltige pikki ja keerulisi selgitusi, liigset detailidesse laskumist. N\u00e4iteks peale seda, kui olete vanemana lapsele piirid seadnud, \u00f6eldes mere poolel liduvale lapsele: \u201cStopp!\u201d, siis peale ohuolukorra likvideerimist saate lapsega r\u00e4\u00e4kida. Piisab, kui v\u00e4ikelapsele \u00f6elda: \u201cVee \u00e4\u00e4rde l\u00e4heme alati koos, nii on turvaline!\u201d<\/li>\n<li>R\u00e4\u00e4kige lihtsas, lapsele arusaadavas keeles. Mida noorem laps, seda v\u00e4hem infot on ta aju arengust l\u00e4htuvalt v\u00f5imeline t\u00f6\u00f6tlema ja meeles hoidma. Pole m\u00f5tet paariaastasele lapsele pidada pikka loengut veeohutusest.<\/li>\n<li>Kasutage positiivset keelt. See t\u00e4hendab, et \u00fctlete lastele, mida teha, mitte mida ei tohi teha. Seda seet\u00f5ttu, et kui keelata ohtlikku k\u00e4itumist, siis koondab just see lapse t\u00e4helepanu mittesoovitavale k\u00e4itumisele (ja see muutub k\u00e4itumise eesm\u00e4rgiks) ning keeldudest astutakse paratamatult varem v\u00f5i hiljem \u00fcle\u2026 Seega on t\u00f5husam \u00f6elda lapsele, milline on lubatav\/oodatud k\u00e4itumine. N\u00e4iteks selle asemel, et \u00f6elda: \u201cBasseini \u00e4\u00e4res ei tohi joosta!\u201d, \u00f6elge hoopis: \u201cBasseini \u00e4\u00e4res k\u00f5nnitakse rahulikult!\u201d<\/li>\n<li>Paremaks arusaamiseks v\u00f5ib lisada ka: nagu kilpkonn\/kass, v\u00f5i keegi teine olend, kelle kaudu saaks iseloomustada rahulikku liikumist; miks mitte ka nagu k\u00f5nniks vahukommidel vms.<\/li>\n<li>P\u00f5his\u00f5numid \u00fche s\u00f5na kaudu! Kui laps on lubatavast k\u00e4itumisest (reeglist) teadlik, ei ole tarvidust seda talle pikalt ja pidevalt korrutada, vaid aeg-ajalt l\u00fchidalt meelde tuletada. Seda seet\u00f5ttu, et v\u00e4ikelapse t\u00e4helepanuv\u00f5ime ja aju pole veel t\u00e4ielikult v\u00e4lja arenenud ning nad ei suuda ette kujutada, mida k\u00f5ike te selgitused t\u00e4hendavad. Piisab \u00fchest s\u00f5nast, et korraldus meenuks. Kasutades eelmise soovituse n\u00e4idet kohasest k\u00e4itumisest basseini \u00e4\u00e4res, saab t\u00f5hus lapsevanem \u00f6elda reegli meenutamiseks n\u00e4iteks \u201ckilpkonn\u201d.<\/li>\n<\/ul>\n<p>Dagi Dorbek, P\u00e4\u00e4steamet<br \/>\n\u00d5nne Aas-Udam, ps\u00fchholoogiline n\u00f5ustaja, koolitaja ja loovterapeut<\/p>\n","protected":false},"excerpt":{"rendered":"<p>1\u20133-aastaste laste arengu\u00fclesanne on oma keha ja teda \u00fcmbritseva maailma tundma\u00f5ppimine. Tohutu uudishimu, vajadus k\u00f5ike ise j\u00e4rele katsuda, maitsta, loopida, ronida jne paneb neid sageli olukordadesse, kus \u00f5nnetused on kerged juhtuma. \u00d5nnetused juhtuvad alati ootamatult \u00dcks v\u00e4ga suurtest ohtudest v\u00e4ikelapsele on veekogud ning seda mitte ainult suvel, vaid n\u00f5rga j\u00e4\u00e4 t\u00f5ttu ka kevadel ja s\u00fcgisel&#8230;.  <a class=\"excerpt-read-more\" href=\"https:\/\/veeohutus.ee\/sugis\/veeohutusest-raakimine-lastega\/\" title=\"Read Veeohutusest r\u00e4\u00e4kimine v\u00e4ikelastega\">Read more<\/a><\/p>\n","protected":false},"author":2,"featured_media":207,"parent":0,"menu_order":0,"comment_status":"closed","ping_status":"closed","template":"","meta":{"_acf_changed":false,"footnotes":""},"class_list":["post-242","page","type-page","status-publish","has-post-thumbnail","hentry"],"acf":[],"yoast_head":"<!-- This site is optimized with the Yoast SEO plugin v26.7 - https:\/\/yoast.com\/wordpress\/plugins\/seo\/ -->\n<title>Veeohutusest r\u00e4\u00e4kimine v\u00e4ikelastega - Veeohutus - S\u00fcgis<\/title>\n<meta name=\"description\" content=\"V\u00e4ga palju vee\u00f5nnetusi juhtub v\u00e4ikelastega. Vaata t\u00e4psemalt, kuidas lastega veeohutusest r\u00e4\u00e4kida ning millistele teemadele t\u00e4helepanu p\u00f6\u00f6rata.\" \/>\n<meta name=\"robots\" content=\"index, follow, max-snippet:-1, max-image-preview:large, max-video-preview:-1\" \/>\n<link rel=\"canonical\" href=\"https:\/\/veeohutus.ee\/sugis\/veeohutusest-raakimine-lastega\/\" \/>\n<meta property=\"og:locale\" content=\"et_EE\" \/>\n<meta property=\"og:type\" content=\"article\" \/>\n<meta property=\"og:title\" content=\"Veeohutusest r\u00e4\u00e4kimine v\u00e4ikelastega - Veeohutus - S\u00fcgis\" \/>\n<meta property=\"og:description\" content=\"V\u00e4ga palju vee\u00f5nnetusi juhtub v\u00e4ikelastega. Vaata t\u00e4psemalt, kuidas lastega veeohutusest r\u00e4\u00e4kida ning millistele teemadele t\u00e4helepanu p\u00f6\u00f6rata.\" \/>\n<meta property=\"og:url\" content=\"https:\/\/veeohutus.ee\/sugis\/veeohutusest-raakimine-lastega\/\" \/>\n<meta property=\"og:site_name\" content=\"Veeohutus - S\u00fcgis\" \/>\n<meta property=\"article:modified_time\" content=\"2019-11-19T13:18:55+00:00\" \/>\n<meta property=\"og:image\" content=\"https:\/\/veeohutus.ee\/sugis\/wp-content\/uploads\/sites\/4\/2018\/05\/lasteveeohutus.jpg\" \/>\n\t<meta property=\"og:image:width\" content=\"1512\" \/>\n\t<meta property=\"og:image:height\" content=\"1008\" \/>\n\t<meta property=\"og:image:type\" content=\"image\/jpeg\" \/>\n<meta name=\"twitter:card\" content=\"summary_large_image\" \/>\n<meta name=\"twitter:label1\" content=\"Est. reading time\" \/>\n\t<meta name=\"twitter:data1\" content=\"4 minutit\" \/>\n<script type=\"application\/ld+json\" class=\"yoast-schema-graph\">{\"@context\":\"https:\/\/schema.org\",\"@graph\":[{\"@type\":\"WebPage\",\"@id\":\"https:\/\/veeohutus.ee\/sugis\/veeohutusest-raakimine-lastega\/\",\"url\":\"https:\/\/veeohutus.ee\/sugis\/veeohutusest-raakimine-lastega\/\",\"name\":\"Veeohutusest r\u00e4\u00e4kimine v\u00e4ikelastega - Veeohutus - S\u00fcgis\",\"isPartOf\":{\"@id\":\"https:\/\/veeohutus.ee\/sugis\/#website\"},\"primaryImageOfPage\":{\"@id\":\"https:\/\/veeohutus.ee\/sugis\/veeohutusest-raakimine-lastega\/#primaryimage\"},\"image\":{\"@id\":\"https:\/\/veeohutus.ee\/sugis\/veeohutusest-raakimine-lastega\/#primaryimage\"},\"thumbnailUrl\":\"https:\/\/veeohutus.ee\/sugis\/wp-content\/uploads\/sites\/4\/2018\/05\/lasteveeohutus.jpg\",\"datePublished\":\"2018-10-03T07:17:13+00:00\",\"dateModified\":\"2019-11-19T13:18:55+00:00\",\"description\":\"V\u00e4ga palju vee\u00f5nnetusi juhtub v\u00e4ikelastega. Vaata t\u00e4psemalt, kuidas lastega veeohutusest r\u00e4\u00e4kida ning millistele teemadele t\u00e4helepanu p\u00f6\u00f6rata.\",\"breadcrumb\":{\"@id\":\"https:\/\/veeohutus.ee\/sugis\/veeohutusest-raakimine-lastega\/#breadcrumb\"},\"inLanguage\":\"et\",\"potentialAction\":[{\"@type\":\"ReadAction\",\"target\":[\"https:\/\/veeohutus.ee\/sugis\/veeohutusest-raakimine-lastega\/\"]}]},{\"@type\":\"ImageObject\",\"inLanguage\":\"et\",\"@id\":\"https:\/\/veeohutus.ee\/sugis\/veeohutusest-raakimine-lastega\/#primaryimage\",\"url\":\"https:\/\/veeohutus.ee\/sugis\/wp-content\/uploads\/sites\/4\/2018\/05\/lasteveeohutus.jpg\",\"contentUrl\":\"https:\/\/veeohutus.ee\/sugis\/wp-content\/uploads\/sites\/4\/2018\/05\/lasteveeohutus.jpg\",\"width\":1512,\"height\":1008},{\"@type\":\"BreadcrumbList\",\"@id\":\"https:\/\/veeohutus.ee\/sugis\/veeohutusest-raakimine-lastega\/#breadcrumb\",\"itemListElement\":[{\"@type\":\"ListItem\",\"position\":1,\"name\":\"Home\",\"item\":\"https:\/\/veeohutus.ee\/sugis\/\"},{\"@type\":\"ListItem\",\"position\":2,\"name\":\"Veeohutusest r\u00e4\u00e4kimine v\u00e4ikelastega\"}]},{\"@type\":\"WebSite\",\"@id\":\"https:\/\/veeohutus.ee\/sugis\/#website\",\"url\":\"https:\/\/veeohutus.ee\/sugis\/\",\"name\":\"Veeohutus - S\u00fcgis\",\"description\":\"Just another P\u00e4\u00e4steamet - Veeohutus site\",\"potentialAction\":[{\"@type\":\"SearchAction\",\"target\":{\"@type\":\"EntryPoint\",\"urlTemplate\":\"https:\/\/veeohutus.ee\/sugis\/?s={search_term_string}\"},\"query-input\":{\"@type\":\"PropertyValueSpecification\",\"valueRequired\":true,\"valueName\":\"search_term_string\"}}],\"inLanguage\":\"et\"}]}<\/script>\n<!-- \/ Yoast SEO plugin. -->","yoast_head_json":{"title":"Veeohutusest r\u00e4\u00e4kimine v\u00e4ikelastega - Veeohutus - S\u00fcgis","description":"V\u00e4ga palju vee\u00f5nnetusi juhtub v\u00e4ikelastega. Vaata t\u00e4psemalt, kuidas lastega veeohutusest r\u00e4\u00e4kida ning millistele teemadele t\u00e4helepanu p\u00f6\u00f6rata.","robots":{"index":"index","follow":"follow","max-snippet":"max-snippet:-1","max-image-preview":"max-image-preview:large","max-video-preview":"max-video-preview:-1"},"canonical":"https:\/\/veeohutus.ee\/sugis\/veeohutusest-raakimine-lastega\/","og_locale":"et_EE","og_type":"article","og_title":"Veeohutusest r\u00e4\u00e4kimine v\u00e4ikelastega - Veeohutus - S\u00fcgis","og_description":"V\u00e4ga palju vee\u00f5nnetusi juhtub v\u00e4ikelastega. Vaata t\u00e4psemalt, kuidas lastega veeohutusest r\u00e4\u00e4kida ning millistele teemadele t\u00e4helepanu p\u00f6\u00f6rata.","og_url":"https:\/\/veeohutus.ee\/sugis\/veeohutusest-raakimine-lastega\/","og_site_name":"Veeohutus - S\u00fcgis","article_modified_time":"2019-11-19T13:18:55+00:00","og_image":[{"width":1512,"height":1008,"url":"https:\/\/veeohutus.ee\/sugis\/wp-content\/uploads\/sites\/4\/2018\/05\/lasteveeohutus.jpg","type":"image\/jpeg"}],"twitter_card":"summary_large_image","twitter_misc":{"Est. reading time":"4 minutit"},"schema":{"@context":"https:\/\/schema.org","@graph":[{"@type":"WebPage","@id":"https:\/\/veeohutus.ee\/sugis\/veeohutusest-raakimine-lastega\/","url":"https:\/\/veeohutus.ee\/sugis\/veeohutusest-raakimine-lastega\/","name":"Veeohutusest r\u00e4\u00e4kimine v\u00e4ikelastega - Veeohutus - S\u00fcgis","isPartOf":{"@id":"https:\/\/veeohutus.ee\/sugis\/#website"},"primaryImageOfPage":{"@id":"https:\/\/veeohutus.ee\/sugis\/veeohutusest-raakimine-lastega\/#primaryimage"},"image":{"@id":"https:\/\/veeohutus.ee\/sugis\/veeohutusest-raakimine-lastega\/#primaryimage"},"thumbnailUrl":"https:\/\/veeohutus.ee\/sugis\/wp-content\/uploads\/sites\/4\/2018\/05\/lasteveeohutus.jpg","datePublished":"2018-10-03T07:17:13+00:00","dateModified":"2019-11-19T13:18:55+00:00","description":"V\u00e4ga palju vee\u00f5nnetusi juhtub v\u00e4ikelastega. Vaata t\u00e4psemalt, kuidas lastega veeohutusest r\u00e4\u00e4kida ning millistele teemadele t\u00e4helepanu p\u00f6\u00f6rata.","breadcrumb":{"@id":"https:\/\/veeohutus.ee\/sugis\/veeohutusest-raakimine-lastega\/#breadcrumb"},"inLanguage":"et","potentialAction":[{"@type":"ReadAction","target":["https:\/\/veeohutus.ee\/sugis\/veeohutusest-raakimine-lastega\/"]}]},{"@type":"ImageObject","inLanguage":"et","@id":"https:\/\/veeohutus.ee\/sugis\/veeohutusest-raakimine-lastega\/#primaryimage","url":"https:\/\/veeohutus.ee\/sugis\/wp-content\/uploads\/sites\/4\/2018\/05\/lasteveeohutus.jpg","contentUrl":"https:\/\/veeohutus.ee\/sugis\/wp-content\/uploads\/sites\/4\/2018\/05\/lasteveeohutus.jpg","width":1512,"height":1008},{"@type":"BreadcrumbList","@id":"https:\/\/veeohutus.ee\/sugis\/veeohutusest-raakimine-lastega\/#breadcrumb","itemListElement":[{"@type":"ListItem","position":1,"name":"Home","item":"https:\/\/veeohutus.ee\/sugis\/"},{"@type":"ListItem","position":2,"name":"Veeohutusest r\u00e4\u00e4kimine v\u00e4ikelastega"}]},{"@type":"WebSite","@id":"https:\/\/veeohutus.ee\/sugis\/#website","url":"https:\/\/veeohutus.ee\/sugis\/","name":"Veeohutus - S\u00fcgis","description":"Just another P\u00e4\u00e4steamet - Veeohutus site","potentialAction":[{"@type":"SearchAction","target":{"@type":"EntryPoint","urlTemplate":"https:\/\/veeohutus.ee\/sugis\/?s={search_term_string}"},"query-input":{"@type":"PropertyValueSpecification","valueRequired":true,"valueName":"search_term_string"}}],"inLanguage":"et"}]}},"_links":{"self":[{"href":"https:\/\/veeohutus.ee\/sugis\/wp-json\/wp\/v2\/pages\/242","targetHints":{"allow":["GET"]}}],"collection":[{"href":"https:\/\/veeohutus.ee\/sugis\/wp-json\/wp\/v2\/pages"}],"about":[{"href":"https:\/\/veeohutus.ee\/sugis\/wp-json\/wp\/v2\/types\/page"}],"author":[{"embeddable":true,"href":"https:\/\/veeohutus.ee\/sugis\/wp-json\/wp\/v2\/users\/2"}],"replies":[{"embeddable":true,"href":"https:\/\/veeohutus.ee\/sugis\/wp-json\/wp\/v2\/comments?post=242"}],"version-history":[{"count":8,"href":"https:\/\/veeohutus.ee\/sugis\/wp-json\/wp\/v2\/pages\/242\/revisions"}],"predecessor-version":[{"id":259,"href":"https:\/\/veeohutus.ee\/sugis\/wp-json\/wp\/v2\/pages\/242\/revisions\/259"}],"wp:featuredmedia":[{"embeddable":true,"href":"https:\/\/veeohutus.ee\/sugis\/wp-json\/wp\/v2\/media\/207"}],"wp:attachment":[{"href":"https:\/\/veeohutus.ee\/sugis\/wp-json\/wp\/v2\/media?parent=242"}],"curies":[{"name":"wp","href":"https:\/\/api.w.org\/{rel}","templated":true}]}}