{"id":260,"date":"2018-10-03T08:12:57","date_gmt":"2018-10-03T08:12:57","guid":{"rendered":"https:\/\/veeohutus.ee\/sugis\/?page_id=260"},"modified":"2021-10-18T13:37:26","modified_gmt":"2021-10-18T13:37:26","slug":"peamised-ohud-sugiskuudel","status":"publish","type":"page","link":"https:\/\/veeohutus.ee\/sugis\/peamised-ohud-sugiskuudel\/","title":{"rendered":"Peamised ohud s\u00fcgiskuudel"},"content":{"rendered":"<p>&nbsp;<\/p>\n<p><strong>Kuigi aktiivne rannahooaeg on l\u00e4bi, tuleb endiselt veekogude \u00e4\u00e4res olla ettevaatlik. Enamus uppumisi juhtub kukkumise v\u00f5i libastumise tagaj\u00e4rjel. Sagedamini juhtub \u00f5nntusi eakate v\u00f5i v\u00e4ikelastega. Seet\u00f5ttu on oluline tagada kodul\u00e4hedaste veekogude ohutus ning r\u00e4\u00e4kida \u00fcle peamised ohukohad veekogude \u00e4\u00e4res.<br \/>\n<\/strong><\/p>\n<p><strong>Peamised ohud on:<\/strong><\/p>\n<p><strong>Libedus &#8211;<\/strong> Langenud lehed ja maad kattev j\u00e4\u00e4kirme muudavad pinna v\u00e4ga libedaks. Seet\u00f5ttu tuleb veekogude l\u00e4hedal olla \u00e4\u00e4retult ettevaatlik.<\/p>\n<p><strong>Korrastamata sillad ja purded<\/strong> &#8211; suvega on p\u00e4ike ja ilmastik teinud purded ja sillad rabedamaks, kandev\u00f5ime on n\u00f5rgem ja s\u00fcgisesed lehed ja k\u00fclmakraadid v\u00f5ivad nad muuta ka libedaks. Nii kasvab kukkumise t\u00f5en\u00e4osus.<\/p>\n<p><strong>N\u00f5rk j\u00e4\u00e4 &#8211; <\/strong>K\u00fclmade ilmade saabudes hakkavad veekogud j\u00e4\u00e4tuma. Peale esimesi miinuskraade tekkinud j\u00e4\u00e4 on \u00f5huke ega kanna inimest. Seet\u00f5ttu on j\u00e4\u00e4le minek rangelt keelatud.<\/p>\n<p><strong>\u00a0<\/strong><\/p>\n","protected":false},"excerpt":{"rendered":"<p>&nbsp; Kuigi aktiivne rannahooaeg on l\u00e4bi, tuleb endiselt veekogude \u00e4\u00e4res olla ettevaatlik. Enamus uppumisi juhtub kukkumise v\u00f5i libastumise tagaj\u00e4rjel. Sagedamini juhtub \u00f5nntusi eakate v\u00f5i v\u00e4ikelastega. Seet\u00f5ttu on oluline tagada kodul\u00e4hedaste veekogude ohutus ning r\u00e4\u00e4kida \u00fcle peamised ohukohad veekogude \u00e4\u00e4res. Peamised ohud on: Libedus &#8211; Langenud lehed ja maad kattev j\u00e4\u00e4kirme muudavad pinna v\u00e4ga libedaks. Seet\u00f5ttu&#8230;  <a class=\"excerpt-read-more\" href=\"https:\/\/veeohutus.ee\/sugis\/peamised-ohud-sugiskuudel\/\" title=\"Read Peamised ohud s\u00fcgiskuudel\">Read more<\/a><\/p>\n","protected":false},"author":2,"featured_media":179,"parent":0,"menu_order":0,"comment_status":"closed","ping_status":"closed","template":"","meta":{"_acf_changed":false,"footnotes":""},"class_list":["post-260","page","type-page","status-publish","has-post-thumbnail","hentry"],"acf":[],"yoast_head":"<!-- This site is optimized with the Yoast SEO plugin v26.7 - https:\/\/yoast.com\/wordpress\/plugins\/seo\/ -->\n<title>Peamised ohud s\u00fcgiskuudel - Veeohutus - S\u00fcgis<\/title>\n<meta name=\"robots\" content=\"index, follow, max-snippet:-1, max-image-preview:large, max-video-preview:-1\" \/>\n<link rel=\"canonical\" href=\"https:\/\/veeohutus.ee\/sugis\/peamised-ohud-sugiskuudel\/\" \/>\n<meta property=\"og:locale\" content=\"et_EE\" \/>\n<meta property=\"og:type\" content=\"article\" \/>\n<meta property=\"og:title\" content=\"Peamised ohud s\u00fcgiskuudel - Veeohutus - S\u00fcgis\" \/>\n<meta property=\"og:description\" content=\"&nbsp; Kuigi aktiivne rannahooaeg on l\u00e4bi, tuleb endiselt veekogude \u00e4\u00e4res olla ettevaatlik. Enamus uppumisi juhtub kukkumise v\u00f5i libastumise tagaj\u00e4rjel. Sagedamini juhtub \u00f5nntusi eakate v\u00f5i v\u00e4ikelastega. Seet\u00f5ttu on oluline tagada kodul\u00e4hedaste veekogude ohutus ning r\u00e4\u00e4kida \u00fcle peamised ohukohad veekogude \u00e4\u00e4res. Peamised ohud on: Libedus &#8211; Langenud lehed ja maad kattev j\u00e4\u00e4kirme muudavad pinna v\u00e4ga libedaks. Seet\u00f5ttu... Read more\" \/>\n<meta property=\"og:url\" content=\"https:\/\/veeohutus.ee\/sugis\/peamised-ohud-sugiskuudel\/\" \/>\n<meta property=\"og:site_name\" content=\"Veeohutus - S\u00fcgis\" \/>\n<meta property=\"article:modified_time\" content=\"2021-10-18T13:37:26+00:00\" \/>\n<meta property=\"og:image\" content=\"https:\/\/veeohutus.ee\/sugis\/wp-content\/uploads\/sites\/4\/2018\/10\/ohukejaa.jpg\" \/>\n\t<meta property=\"og:image:width\" content=\"1513\" \/>\n\t<meta property=\"og:image:height\" content=\"1008\" \/>\n\t<meta property=\"og:image:type\" content=\"image\/jpeg\" \/>\n<meta name=\"twitter:card\" content=\"summary_large_image\" \/>\n<meta name=\"twitter:label1\" content=\"Est. reading time\" \/>\n\t<meta name=\"twitter:data1\" content=\"1 minut\" \/>\n<script type=\"application\/ld+json\" class=\"yoast-schema-graph\">{\"@context\":\"https:\/\/schema.org\",\"@graph\":[{\"@type\":\"WebPage\",\"@id\":\"https:\/\/veeohutus.ee\/sugis\/peamised-ohud-sugiskuudel\/\",\"url\":\"https:\/\/veeohutus.ee\/sugis\/peamised-ohud-sugiskuudel\/\",\"name\":\"Peamised ohud s\u00fcgiskuudel - Veeohutus - S\u00fcgis\",\"isPartOf\":{\"@id\":\"https:\/\/veeohutus.ee\/sugis\/#website\"},\"primaryImageOfPage\":{\"@id\":\"https:\/\/veeohutus.ee\/sugis\/peamised-ohud-sugiskuudel\/#primaryimage\"},\"image\":{\"@id\":\"https:\/\/veeohutus.ee\/sugis\/peamised-ohud-sugiskuudel\/#primaryimage\"},\"thumbnailUrl\":\"https:\/\/veeohutus.ee\/sugis\/wp-content\/uploads\/sites\/4\/2018\/10\/ohukejaa.jpg\",\"datePublished\":\"2018-10-03T08:12:57+00:00\",\"dateModified\":\"2021-10-18T13:37:26+00:00\",\"breadcrumb\":{\"@id\":\"https:\/\/veeohutus.ee\/sugis\/peamised-ohud-sugiskuudel\/#breadcrumb\"},\"inLanguage\":\"et\",\"potentialAction\":[{\"@type\":\"ReadAction\",\"target\":[\"https:\/\/veeohutus.ee\/sugis\/peamised-ohud-sugiskuudel\/\"]}]},{\"@type\":\"ImageObject\",\"inLanguage\":\"et\",\"@id\":\"https:\/\/veeohutus.ee\/sugis\/peamised-ohud-sugiskuudel\/#primaryimage\",\"url\":\"https:\/\/veeohutus.ee\/sugis\/wp-content\/uploads\/sites\/4\/2018\/10\/ohukejaa.jpg\",\"contentUrl\":\"https:\/\/veeohutus.ee\/sugis\/wp-content\/uploads\/sites\/4\/2018\/10\/ohukejaa.jpg\",\"width\":1513,\"height\":1008},{\"@type\":\"BreadcrumbList\",\"@id\":\"https:\/\/veeohutus.ee\/sugis\/peamised-ohud-sugiskuudel\/#breadcrumb\",\"itemListElement\":[{\"@type\":\"ListItem\",\"position\":1,\"name\":\"Home\",\"item\":\"https:\/\/veeohutus.ee\/sugis\/\"},{\"@type\":\"ListItem\",\"position\":2,\"name\":\"Peamised ohud s\u00fcgiskuudel\"}]},{\"@type\":\"WebSite\",\"@id\":\"https:\/\/veeohutus.ee\/sugis\/#website\",\"url\":\"https:\/\/veeohutus.ee\/sugis\/\",\"name\":\"Veeohutus - S\u00fcgis\",\"description\":\"Just another P\u00e4\u00e4steamet - Veeohutus site\",\"potentialAction\":[{\"@type\":\"SearchAction\",\"target\":{\"@type\":\"EntryPoint\",\"urlTemplate\":\"https:\/\/veeohutus.ee\/sugis\/?s={search_term_string}\"},\"query-input\":{\"@type\":\"PropertyValueSpecification\",\"valueRequired\":true,\"valueName\":\"search_term_string\"}}],\"inLanguage\":\"et\"}]}<\/script>\n<!-- \/ Yoast SEO plugin. -->","yoast_head_json":{"title":"Peamised ohud s\u00fcgiskuudel - Veeohutus - S\u00fcgis","robots":{"index":"index","follow":"follow","max-snippet":"max-snippet:-1","max-image-preview":"max-image-preview:large","max-video-preview":"max-video-preview:-1"},"canonical":"https:\/\/veeohutus.ee\/sugis\/peamised-ohud-sugiskuudel\/","og_locale":"et_EE","og_type":"article","og_title":"Peamised ohud s\u00fcgiskuudel - Veeohutus - S\u00fcgis","og_description":"&nbsp; Kuigi aktiivne rannahooaeg on l\u00e4bi, tuleb endiselt veekogude \u00e4\u00e4res olla ettevaatlik. Enamus uppumisi juhtub kukkumise v\u00f5i libastumise tagaj\u00e4rjel. Sagedamini juhtub \u00f5nntusi eakate v\u00f5i v\u00e4ikelastega. Seet\u00f5ttu on oluline tagada kodul\u00e4hedaste veekogude ohutus ning r\u00e4\u00e4kida \u00fcle peamised ohukohad veekogude \u00e4\u00e4res. Peamised ohud on: Libedus &#8211; Langenud lehed ja maad kattev j\u00e4\u00e4kirme muudavad pinna v\u00e4ga libedaks. Seet\u00f5ttu... Read more","og_url":"https:\/\/veeohutus.ee\/sugis\/peamised-ohud-sugiskuudel\/","og_site_name":"Veeohutus - S\u00fcgis","article_modified_time":"2021-10-18T13:37:26+00:00","og_image":[{"width":1513,"height":1008,"url":"https:\/\/veeohutus.ee\/sugis\/wp-content\/uploads\/sites\/4\/2018\/10\/ohukejaa.jpg","type":"image\/jpeg"}],"twitter_card":"summary_large_image","twitter_misc":{"Est. reading time":"1 minut"},"schema":{"@context":"https:\/\/schema.org","@graph":[{"@type":"WebPage","@id":"https:\/\/veeohutus.ee\/sugis\/peamised-ohud-sugiskuudel\/","url":"https:\/\/veeohutus.ee\/sugis\/peamised-ohud-sugiskuudel\/","name":"Peamised ohud s\u00fcgiskuudel - Veeohutus - S\u00fcgis","isPartOf":{"@id":"https:\/\/veeohutus.ee\/sugis\/#website"},"primaryImageOfPage":{"@id":"https:\/\/veeohutus.ee\/sugis\/peamised-ohud-sugiskuudel\/#primaryimage"},"image":{"@id":"https:\/\/veeohutus.ee\/sugis\/peamised-ohud-sugiskuudel\/#primaryimage"},"thumbnailUrl":"https:\/\/veeohutus.ee\/sugis\/wp-content\/uploads\/sites\/4\/2018\/10\/ohukejaa.jpg","datePublished":"2018-10-03T08:12:57+00:00","dateModified":"2021-10-18T13:37:26+00:00","breadcrumb":{"@id":"https:\/\/veeohutus.ee\/sugis\/peamised-ohud-sugiskuudel\/#breadcrumb"},"inLanguage":"et","potentialAction":[{"@type":"ReadAction","target":["https:\/\/veeohutus.ee\/sugis\/peamised-ohud-sugiskuudel\/"]}]},{"@type":"ImageObject","inLanguage":"et","@id":"https:\/\/veeohutus.ee\/sugis\/peamised-ohud-sugiskuudel\/#primaryimage","url":"https:\/\/veeohutus.ee\/sugis\/wp-content\/uploads\/sites\/4\/2018\/10\/ohukejaa.jpg","contentUrl":"https:\/\/veeohutus.ee\/sugis\/wp-content\/uploads\/sites\/4\/2018\/10\/ohukejaa.jpg","width":1513,"height":1008},{"@type":"BreadcrumbList","@id":"https:\/\/veeohutus.ee\/sugis\/peamised-ohud-sugiskuudel\/#breadcrumb","itemListElement":[{"@type":"ListItem","position":1,"name":"Home","item":"https:\/\/veeohutus.ee\/sugis\/"},{"@type":"ListItem","position":2,"name":"Peamised ohud s\u00fcgiskuudel"}]},{"@type":"WebSite","@id":"https:\/\/veeohutus.ee\/sugis\/#website","url":"https:\/\/veeohutus.ee\/sugis\/","name":"Veeohutus - S\u00fcgis","description":"Just another P\u00e4\u00e4steamet - Veeohutus site","potentialAction":[{"@type":"SearchAction","target":{"@type":"EntryPoint","urlTemplate":"https:\/\/veeohutus.ee\/sugis\/?s={search_term_string}"},"query-input":{"@type":"PropertyValueSpecification","valueRequired":true,"valueName":"search_term_string"}}],"inLanguage":"et"}]}},"_links":{"self":[{"href":"https:\/\/veeohutus.ee\/sugis\/wp-json\/wp\/v2\/pages\/260","targetHints":{"allow":["GET"]}}],"collection":[{"href":"https:\/\/veeohutus.ee\/sugis\/wp-json\/wp\/v2\/pages"}],"about":[{"href":"https:\/\/veeohutus.ee\/sugis\/wp-json\/wp\/v2\/types\/page"}],"author":[{"embeddable":true,"href":"https:\/\/veeohutus.ee\/sugis\/wp-json\/wp\/v2\/users\/2"}],"replies":[{"embeddable":true,"href":"https:\/\/veeohutus.ee\/sugis\/wp-json\/wp\/v2\/comments?post=260"}],"version-history":[{"count":3,"href":"https:\/\/veeohutus.ee\/sugis\/wp-json\/wp\/v2\/pages\/260\/revisions"}],"predecessor-version":[{"id":609,"href":"https:\/\/veeohutus.ee\/sugis\/wp-json\/wp\/v2\/pages\/260\/revisions\/609"}],"wp:featuredmedia":[{"embeddable":true,"href":"https:\/\/veeohutus.ee\/sugis\/wp-json\/wp\/v2\/media\/179"}],"wp:attachment":[{"href":"https:\/\/veeohutus.ee\/sugis\/wp-json\/wp\/v2\/media?parent=260"}],"curies":[{"name":"wp","href":"https:\/\/api.w.org\/{rel}","templated":true}]}}