{"id":262,"date":"2018-10-03T08:17:50","date_gmt":"2018-10-03T08:17:50","guid":{"rendered":"https:\/\/veeohutus.ee\/sugis\/?page_id=262"},"modified":"2019-11-19T11:36:27","modified_gmt":"2019-11-19T11:36:27","slug":"kanna-paastevesti","status":"publish","type":"page","link":"https:\/\/veeohutus.ee\/sugis\/kanna-paastevesti\/","title":{"rendered":"Kanna p\u00e4\u00e4stevesti"},"content":{"rendered":"<h3>P\u00e4\u00e4stevesti kandmine veekogul ei pea olema ebamugav kohustus<\/h3>\n<p>Selleks, et vest oleks kasutaja jaoks v\u00f5imalikult mugav ja ei segaks veekogul viibimist, on toodetud mitmeid erinevaid veste, mille seast on v\u00f5imalik valida just enda tegevuseks sobivaim variant. Olgu selleks siis kalastamine, purjetamine v\u00f5i lihtsalt l\u00f5bus\u00f5it paadiga.<\/p>\n<p>P\u00e4\u00e4stevestide liike vaata <strong><a href=\"https:\/\/veeohutus.ee\/sugis\/category\/paastevesti-liigid\/\">siit<\/a>.<\/strong><\/p>\n<p><iframe loading=\"lazy\" width=\"680\" height=\"383\" src=\"https:\/\/www.youtube.com\/embed\/bTDfMdqVQJA?feature=oembed\" frameborder=\"0\" allow=\"autoplay; encrypted-media\" allowfullscreen><\/iframe><\/p>\n","protected":false},"excerpt":{"rendered":"<p>P\u00e4\u00e4stevesti kandmine veekogul ei pea olema ebamugav kohustus Selleks, et vest oleks kasutaja jaoks v\u00f5imalikult mugav ja ei segaks veekogul viibimist, on toodetud mitmeid erinevaid veste, mille seast on v\u00f5imalik valida just enda tegevuseks sobivaim variant. Olgu selleks siis kalastamine, purjetamine v\u00f5i lihtsalt l\u00f5bus\u00f5it paadiga. P\u00e4\u00e4stevestide liike vaata siit.<\/p>\n","protected":false},"author":2,"featured_media":116,"parent":0,"menu_order":0,"comment_status":"closed","ping_status":"closed","template":"","meta":{"_acf_changed":false,"footnotes":""},"class_list":["post-262","page","type-page","status-publish","has-post-thumbnail","hentry"],"acf":[],"yoast_head":"<!-- This site is optimized with the Yoast SEO plugin v26.7 - https:\/\/yoast.com\/wordpress\/plugins\/seo\/ -->\n<title>Kanna p\u00e4\u00e4stevesti - Veeohutus - S\u00fcgis<\/title>\n<meta name=\"description\" content=\"P\u00e4\u00e4stevest ei pea olema ebamugav kohustus. Vaata videost, milliseid veste on olemas ning miks on kasulik alati p\u00e4\u00e4stevesti veekogul olles kanda.\" \/>\n<meta name=\"robots\" content=\"index, follow, max-snippet:-1, max-image-preview:large, max-video-preview:-1\" \/>\n<link rel=\"canonical\" href=\"https:\/\/veeohutus.ee\/sugis\/kanna-paastevesti\/\" \/>\n<meta property=\"og:locale\" content=\"et_EE\" \/>\n<meta property=\"og:type\" content=\"article\" \/>\n<meta property=\"og:title\" content=\"Kanna p\u00e4\u00e4stevesti - Veeohutus - S\u00fcgis\" \/>\n<meta property=\"og:description\" content=\"P\u00e4\u00e4stevest ei pea olema ebamugav kohustus. Vaata videost, milliseid veste on olemas ning miks on kasulik alati p\u00e4\u00e4stevesti veekogul olles kanda.\" \/>\n<meta property=\"og:url\" content=\"https:\/\/veeohutus.ee\/sugis\/kanna-paastevesti\/\" \/>\n<meta property=\"og:site_name\" content=\"Veeohutus - S\u00fcgis\" \/>\n<meta property=\"article:modified_time\" content=\"2019-11-19T11:36:27+00:00\" \/>\n<meta property=\"og:image\" content=\"https:\/\/veeohutus.ee\/sugis\/wp-content\/uploads\/sites\/4\/2018\/10\/vestid.jpg\" \/>\n\t<meta property=\"og:image:width\" content=\"532\" \/>\n\t<meta property=\"og:image:height\" content=\"399\" \/>\n\t<meta property=\"og:image:type\" content=\"image\/jpeg\" \/>\n<meta name=\"twitter:card\" content=\"summary_large_image\" \/>\n<script type=\"application\/ld+json\" class=\"yoast-schema-graph\">{\"@context\":\"https:\/\/schema.org\",\"@graph\":[{\"@type\":\"WebPage\",\"@id\":\"https:\/\/veeohutus.ee\/sugis\/kanna-paastevesti\/\",\"url\":\"https:\/\/veeohutus.ee\/sugis\/kanna-paastevesti\/\",\"name\":\"Kanna p\u00e4\u00e4stevesti - Veeohutus - S\u00fcgis\",\"isPartOf\":{\"@id\":\"https:\/\/veeohutus.ee\/sugis\/#website\"},\"primaryImageOfPage\":{\"@id\":\"https:\/\/veeohutus.ee\/sugis\/kanna-paastevesti\/#primaryimage\"},\"image\":{\"@id\":\"https:\/\/veeohutus.ee\/sugis\/kanna-paastevesti\/#primaryimage\"},\"thumbnailUrl\":\"https:\/\/veeohutus.ee\/sugis\/wp-content\/uploads\/sites\/4\/2018\/10\/vestid.jpg\",\"datePublished\":\"2018-10-03T08:17:50+00:00\",\"dateModified\":\"2019-11-19T11:36:27+00:00\",\"description\":\"P\u00e4\u00e4stevest ei pea olema ebamugav kohustus. Vaata videost, milliseid veste on olemas ning miks on kasulik alati p\u00e4\u00e4stevesti veekogul olles kanda.\",\"breadcrumb\":{\"@id\":\"https:\/\/veeohutus.ee\/sugis\/kanna-paastevesti\/#breadcrumb\"},\"inLanguage\":\"et\",\"potentialAction\":[{\"@type\":\"ReadAction\",\"target\":[\"https:\/\/veeohutus.ee\/sugis\/kanna-paastevesti\/\"]}]},{\"@type\":\"ImageObject\",\"inLanguage\":\"et\",\"@id\":\"https:\/\/veeohutus.ee\/sugis\/kanna-paastevesti\/#primaryimage\",\"url\":\"https:\/\/veeohutus.ee\/sugis\/wp-content\/uploads\/sites\/4\/2018\/10\/vestid.jpg\",\"contentUrl\":\"https:\/\/veeohutus.ee\/sugis\/wp-content\/uploads\/sites\/4\/2018\/10\/vestid.jpg\",\"width\":532,\"height\":399},{\"@type\":\"BreadcrumbList\",\"@id\":\"https:\/\/veeohutus.ee\/sugis\/kanna-paastevesti\/#breadcrumb\",\"itemListElement\":[{\"@type\":\"ListItem\",\"position\":1,\"name\":\"Home\",\"item\":\"https:\/\/veeohutus.ee\/sugis\/\"},{\"@type\":\"ListItem\",\"position\":2,\"name\":\"Kanna p\u00e4\u00e4stevesti\"}]},{\"@type\":\"WebSite\",\"@id\":\"https:\/\/veeohutus.ee\/sugis\/#website\",\"url\":\"https:\/\/veeohutus.ee\/sugis\/\",\"name\":\"Veeohutus - S\u00fcgis\",\"description\":\"Just another P\u00e4\u00e4steamet - Veeohutus site\",\"potentialAction\":[{\"@type\":\"SearchAction\",\"target\":{\"@type\":\"EntryPoint\",\"urlTemplate\":\"https:\/\/veeohutus.ee\/sugis\/?s={search_term_string}\"},\"query-input\":{\"@type\":\"PropertyValueSpecification\",\"valueRequired\":true,\"valueName\":\"search_term_string\"}}],\"inLanguage\":\"et\"}]}<\/script>\n<!-- \/ Yoast SEO plugin. -->","yoast_head_json":{"title":"Kanna p\u00e4\u00e4stevesti - Veeohutus - S\u00fcgis","description":"P\u00e4\u00e4stevest ei pea olema ebamugav kohustus. Vaata videost, milliseid veste on olemas ning miks on kasulik alati p\u00e4\u00e4stevesti veekogul olles kanda.","robots":{"index":"index","follow":"follow","max-snippet":"max-snippet:-1","max-image-preview":"max-image-preview:large","max-video-preview":"max-video-preview:-1"},"canonical":"https:\/\/veeohutus.ee\/sugis\/kanna-paastevesti\/","og_locale":"et_EE","og_type":"article","og_title":"Kanna p\u00e4\u00e4stevesti - Veeohutus - S\u00fcgis","og_description":"P\u00e4\u00e4stevest ei pea olema ebamugav kohustus. Vaata videost, milliseid veste on olemas ning miks on kasulik alati p\u00e4\u00e4stevesti veekogul olles kanda.","og_url":"https:\/\/veeohutus.ee\/sugis\/kanna-paastevesti\/","og_site_name":"Veeohutus - S\u00fcgis","article_modified_time":"2019-11-19T11:36:27+00:00","og_image":[{"width":532,"height":399,"url":"https:\/\/veeohutus.ee\/sugis\/wp-content\/uploads\/sites\/4\/2018\/10\/vestid.jpg","type":"image\/jpeg"}],"twitter_card":"summary_large_image","schema":{"@context":"https:\/\/schema.org","@graph":[{"@type":"WebPage","@id":"https:\/\/veeohutus.ee\/sugis\/kanna-paastevesti\/","url":"https:\/\/veeohutus.ee\/sugis\/kanna-paastevesti\/","name":"Kanna p\u00e4\u00e4stevesti - Veeohutus - S\u00fcgis","isPartOf":{"@id":"https:\/\/veeohutus.ee\/sugis\/#website"},"primaryImageOfPage":{"@id":"https:\/\/veeohutus.ee\/sugis\/kanna-paastevesti\/#primaryimage"},"image":{"@id":"https:\/\/veeohutus.ee\/sugis\/kanna-paastevesti\/#primaryimage"},"thumbnailUrl":"https:\/\/veeohutus.ee\/sugis\/wp-content\/uploads\/sites\/4\/2018\/10\/vestid.jpg","datePublished":"2018-10-03T08:17:50+00:00","dateModified":"2019-11-19T11:36:27+00:00","description":"P\u00e4\u00e4stevest ei pea olema ebamugav kohustus. Vaata videost, milliseid veste on olemas ning miks on kasulik alati p\u00e4\u00e4stevesti veekogul olles kanda.","breadcrumb":{"@id":"https:\/\/veeohutus.ee\/sugis\/kanna-paastevesti\/#breadcrumb"},"inLanguage":"et","potentialAction":[{"@type":"ReadAction","target":["https:\/\/veeohutus.ee\/sugis\/kanna-paastevesti\/"]}]},{"@type":"ImageObject","inLanguage":"et","@id":"https:\/\/veeohutus.ee\/sugis\/kanna-paastevesti\/#primaryimage","url":"https:\/\/veeohutus.ee\/sugis\/wp-content\/uploads\/sites\/4\/2018\/10\/vestid.jpg","contentUrl":"https:\/\/veeohutus.ee\/sugis\/wp-content\/uploads\/sites\/4\/2018\/10\/vestid.jpg","width":532,"height":399},{"@type":"BreadcrumbList","@id":"https:\/\/veeohutus.ee\/sugis\/kanna-paastevesti\/#breadcrumb","itemListElement":[{"@type":"ListItem","position":1,"name":"Home","item":"https:\/\/veeohutus.ee\/sugis\/"},{"@type":"ListItem","position":2,"name":"Kanna p\u00e4\u00e4stevesti"}]},{"@type":"WebSite","@id":"https:\/\/veeohutus.ee\/sugis\/#website","url":"https:\/\/veeohutus.ee\/sugis\/","name":"Veeohutus - S\u00fcgis","description":"Just another P\u00e4\u00e4steamet - Veeohutus site","potentialAction":[{"@type":"SearchAction","target":{"@type":"EntryPoint","urlTemplate":"https:\/\/veeohutus.ee\/sugis\/?s={search_term_string}"},"query-input":{"@type":"PropertyValueSpecification","valueRequired":true,"valueName":"search_term_string"}}],"inLanguage":"et"}]}},"_links":{"self":[{"href":"https:\/\/veeohutus.ee\/sugis\/wp-json\/wp\/v2\/pages\/262","targetHints":{"allow":["GET"]}}],"collection":[{"href":"https:\/\/veeohutus.ee\/sugis\/wp-json\/wp\/v2\/pages"}],"about":[{"href":"https:\/\/veeohutus.ee\/sugis\/wp-json\/wp\/v2\/types\/page"}],"author":[{"embeddable":true,"href":"https:\/\/veeohutus.ee\/sugis\/wp-json\/wp\/v2\/users\/2"}],"replies":[{"embeddable":true,"href":"https:\/\/veeohutus.ee\/sugis\/wp-json\/wp\/v2\/comments?post=262"}],"version-history":[{"count":4,"href":"https:\/\/veeohutus.ee\/sugis\/wp-json\/wp\/v2\/pages\/262\/revisions"}],"predecessor-version":[{"id":478,"href":"https:\/\/veeohutus.ee\/sugis\/wp-json\/wp\/v2\/pages\/262\/revisions\/478"}],"wp:featuredmedia":[{"embeddable":true,"href":"https:\/\/veeohutus.ee\/sugis\/wp-json\/wp\/v2\/media\/116"}],"wp:attachment":[{"href":"https:\/\/veeohutus.ee\/sugis\/wp-json\/wp\/v2\/media?parent=262"}],"curies":[{"name":"wp","href":"https:\/\/api.w.org\/{rel}","templated":true}]}}