{"id":290,"date":"2018-10-03T09:04:30","date_gmt":"2018-10-03T09:04:30","guid":{"rendered":"https:\/\/veeohutus.ee\/sugis\/?page_id=290"},"modified":"2022-04-11T07:25:47","modified_gmt":"2022-04-11T07:25:47","slug":"veekogule-minnes","status":"publish","type":"page","link":"https:\/\/veeohutus.ee\/sugis\/veekogule-minnes\/","title":{"rendered":"Veekogule minnes"},"content":{"rendered":"<ul>\n<li>Teavita oma l\u00e4hedasi\/kaaslasi enne, kui alustad paadis\u00f5itu;<\/li>\n<li>Riietu vastavalt ilmastiku tingimustele, v\u00f5imalusel tuleb kanda spetsiaalselt kalameestele m\u00f5eldud ujuvaid riideid;<\/li>\n<li>Enne paadis\u00f5itu veendu, et kogu p\u00e4\u00e4stevarustus on pardal ja t\u00f6\u00f6korras ning k\u00f5ikidel s\u00f5itjatel on P\u00e4\u00e4stevestid korrektselt seljas;<\/li>\n<li>Pane laetud mobiiltelefon veekindlasse \u00fcmbrisesse;<\/li>\n<li>\u00c4ra koorma paati \u00fcle;<\/li>\n<li>Paati sisenedes v\u00f5i paadist v\u00e4ljudes liigu paadi keskosas;<\/li>\n<li>Paadis viibitakse istudes, \u00e4ra t\u00f5use p\u00fcsti;<\/li>\n<li>\u00c4ra kiiguta paati, \u00e4ra t\u00f5ukle ega proovi kedagi vette l\u00fckata;<\/li>\n<li>Kui on vajadus vahetada kohti, siis liigub \u00fcks inimene korraga, liigu madalalt;<\/li>\n<li>Koonda raskuskese paadi keskele ja hoia paati tasakaalus;<\/li>\n<li>Kui on vajadus siseneda paati veest, tee seda paadi v\u00f6\u00f6rist v\u00f5i ahtrist;<br \/>\nJ\u00e4lgi ilmastikuolusid.<\/li>\n<\/ul>\n<p>Loe lisaks inforaamatut: <strong><a href=\"https:\/\/envir.ee\/media\/568\/download\">Abiks paadimehele<\/a><\/strong><\/p>\n<p><strong>Vaata, kuidas ohutult kalal k\u00e4ia:<\/strong><\/p>\n<p><iframe loading=\"lazy\" title=\"Ohutult kalale  - Osa 1. Kahlamisp\u00fcksid\" width=\"680\" height=\"383\" src=\"https:\/\/www.youtube.com\/embed\/bhdAafVPIBs?feature=oembed\" frameborder=\"0\" allow=\"accelerometer; autoplay; clipboard-write; encrypted-media; gyroscope; picture-in-picture\" allowfullscreen><\/iframe><\/p>\n<p><iframe loading=\"lazy\" title=\"Ohutult kalale - Osa 2. Paadiga veele\" width=\"680\" height=\"383\" src=\"https:\/\/www.youtube.com\/embed\/7tr_lNC48-Q?feature=oembed\" frameborder=\"0\" allow=\"accelerometer; autoplay; clipboard-write; encrypted-media; gyroscope; picture-in-picture\" allowfullscreen><\/iframe><\/p>\n","protected":false},"excerpt":{"rendered":"<p>Teavita oma l\u00e4hedasi\/kaaslasi enne, kui alustad paadis\u00f5itu; Riietu vastavalt ilmastiku tingimustele, v\u00f5imalusel tuleb kanda spetsiaalselt kalameestele m\u00f5eldud ujuvaid riideid; Enne paadis\u00f5itu veendu, et kogu p\u00e4\u00e4stevarustus on pardal ja t\u00f6\u00f6korras ning k\u00f5ikidel s\u00f5itjatel on P\u00e4\u00e4stevestid korrektselt seljas; Pane laetud mobiiltelefon veekindlasse \u00fcmbrisesse; \u00c4ra koorma paati \u00fcle; Paati sisenedes v\u00f5i paadist v\u00e4ljudes liigu paadi keskosas; Paadis viibitakse&#8230;  <a class=\"excerpt-read-more\" href=\"https:\/\/veeohutus.ee\/sugis\/veekogule-minnes\/\" title=\"Read Veekogule minnes\">Read more<\/a><\/p>\n","protected":false},"author":2,"featured_media":231,"parent":0,"menu_order":0,"comment_status":"closed","ping_status":"closed","template":"","meta":{"_acf_changed":false,"footnotes":""},"class_list":["post-290","page","type-page","status-publish","has-post-thumbnail","hentry"],"acf":[],"yoast_head":"<!-- This site is optimized with the Yoast SEO plugin v26.7 - https:\/\/yoast.com\/wordpress\/plugins\/seo\/ -->\n<title>Veekogule minnes - Veeohutus - S\u00fcgis<\/title>\n<meta name=\"description\" content=\"Veekogule minnes anna sellest kindlasti m\u00e4rku oma l\u00e4hedastele. Seda, kuidas ohutult kalal k\u00e4ia, r\u00e4\u00e4gib t\u00e4psemalt Raio Piiroja.\" \/>\n<meta name=\"robots\" content=\"index, follow, max-snippet:-1, max-image-preview:large, max-video-preview:-1\" \/>\n<link rel=\"canonical\" href=\"https:\/\/veeohutus.ee\/sugis\/veekogule-minnes\/\" \/>\n<meta property=\"og:locale\" content=\"et_EE\" \/>\n<meta property=\"og:type\" content=\"article\" \/>\n<meta property=\"og:title\" content=\"Veekogule minnes - Veeohutus - S\u00fcgis\" \/>\n<meta property=\"og:description\" content=\"Veekogule minnes anna sellest kindlasti m\u00e4rku oma l\u00e4hedastele. Seda, kuidas ohutult kalal k\u00e4ia, r\u00e4\u00e4gib t\u00e4psemalt Raio Piiroja.\" \/>\n<meta property=\"og:url\" content=\"https:\/\/veeohutus.ee\/sugis\/veekogule-minnes\/\" \/>\n<meta property=\"og:site_name\" content=\"Veeohutus - S\u00fcgis\" \/>\n<meta property=\"article:modified_time\" content=\"2022-04-11T07:25:47+00:00\" \/>\n<meta property=\"og:image\" content=\"https:\/\/veeohutus.ee\/sugis\/wp-content\/uploads\/sites\/4\/2018\/09\/ohutukalapyyk.jpg\" \/>\n\t<meta property=\"og:image:width\" content=\"1920\" \/>\n\t<meta property=\"og:image:height\" content=\"1191\" \/>\n\t<meta property=\"og:image:type\" content=\"image\/jpeg\" \/>\n<meta name=\"twitter:card\" content=\"summary_large_image\" \/>\n<meta name=\"twitter:label1\" content=\"Est. reading time\" \/>\n\t<meta name=\"twitter:data1\" content=\"1 minut\" \/>\n<script type=\"application\/ld+json\" class=\"yoast-schema-graph\">{\"@context\":\"https:\/\/schema.org\",\"@graph\":[{\"@type\":\"WebPage\",\"@id\":\"https:\/\/veeohutus.ee\/sugis\/veekogule-minnes\/\",\"url\":\"https:\/\/veeohutus.ee\/sugis\/veekogule-minnes\/\",\"name\":\"Veekogule minnes - Veeohutus - S\u00fcgis\",\"isPartOf\":{\"@id\":\"https:\/\/veeohutus.ee\/sugis\/#website\"},\"primaryImageOfPage\":{\"@id\":\"https:\/\/veeohutus.ee\/sugis\/veekogule-minnes\/#primaryimage\"},\"image\":{\"@id\":\"https:\/\/veeohutus.ee\/sugis\/veekogule-minnes\/#primaryimage\"},\"thumbnailUrl\":\"https:\/\/veeohutus.ee\/sugis\/wp-content\/uploads\/sites\/4\/2018\/09\/ohutukalapyyk.jpg\",\"datePublished\":\"2018-10-03T09:04:30+00:00\",\"dateModified\":\"2022-04-11T07:25:47+00:00\",\"description\":\"Veekogule minnes anna sellest kindlasti m\u00e4rku oma l\u00e4hedastele. Seda, kuidas ohutult kalal k\u00e4ia, r\u00e4\u00e4gib t\u00e4psemalt Raio Piiroja.\",\"breadcrumb\":{\"@id\":\"https:\/\/veeohutus.ee\/sugis\/veekogule-minnes\/#breadcrumb\"},\"inLanguage\":\"et\",\"potentialAction\":[{\"@type\":\"ReadAction\",\"target\":[\"https:\/\/veeohutus.ee\/sugis\/veekogule-minnes\/\"]}]},{\"@type\":\"ImageObject\",\"inLanguage\":\"et\",\"@id\":\"https:\/\/veeohutus.ee\/sugis\/veekogule-minnes\/#primaryimage\",\"url\":\"https:\/\/veeohutus.ee\/sugis\/wp-content\/uploads\/sites\/4\/2018\/09\/ohutukalapyyk.jpg\",\"contentUrl\":\"https:\/\/veeohutus.ee\/sugis\/wp-content\/uploads\/sites\/4\/2018\/09\/ohutukalapyyk.jpg\",\"width\":1920,\"height\":1191},{\"@type\":\"BreadcrumbList\",\"@id\":\"https:\/\/veeohutus.ee\/sugis\/veekogule-minnes\/#breadcrumb\",\"itemListElement\":[{\"@type\":\"ListItem\",\"position\":1,\"name\":\"Home\",\"item\":\"https:\/\/veeohutus.ee\/sugis\/\"},{\"@type\":\"ListItem\",\"position\":2,\"name\":\"Veekogule minnes\"}]},{\"@type\":\"WebSite\",\"@id\":\"https:\/\/veeohutus.ee\/sugis\/#website\",\"url\":\"https:\/\/veeohutus.ee\/sugis\/\",\"name\":\"Veeohutus - S\u00fcgis\",\"description\":\"Just another P\u00e4\u00e4steamet - Veeohutus site\",\"potentialAction\":[{\"@type\":\"SearchAction\",\"target\":{\"@type\":\"EntryPoint\",\"urlTemplate\":\"https:\/\/veeohutus.ee\/sugis\/?s={search_term_string}\"},\"query-input\":{\"@type\":\"PropertyValueSpecification\",\"valueRequired\":true,\"valueName\":\"search_term_string\"}}],\"inLanguage\":\"et\"}]}<\/script>\n<!-- \/ Yoast SEO plugin. -->","yoast_head_json":{"title":"Veekogule minnes - Veeohutus - S\u00fcgis","description":"Veekogule minnes anna sellest kindlasti m\u00e4rku oma l\u00e4hedastele. Seda, kuidas ohutult kalal k\u00e4ia, r\u00e4\u00e4gib t\u00e4psemalt Raio Piiroja.","robots":{"index":"index","follow":"follow","max-snippet":"max-snippet:-1","max-image-preview":"max-image-preview:large","max-video-preview":"max-video-preview:-1"},"canonical":"https:\/\/veeohutus.ee\/sugis\/veekogule-minnes\/","og_locale":"et_EE","og_type":"article","og_title":"Veekogule minnes - Veeohutus - S\u00fcgis","og_description":"Veekogule minnes anna sellest kindlasti m\u00e4rku oma l\u00e4hedastele. Seda, kuidas ohutult kalal k\u00e4ia, r\u00e4\u00e4gib t\u00e4psemalt Raio Piiroja.","og_url":"https:\/\/veeohutus.ee\/sugis\/veekogule-minnes\/","og_site_name":"Veeohutus - S\u00fcgis","article_modified_time":"2022-04-11T07:25:47+00:00","og_image":[{"width":1920,"height":1191,"url":"https:\/\/veeohutus.ee\/sugis\/wp-content\/uploads\/sites\/4\/2018\/09\/ohutukalapyyk.jpg","type":"image\/jpeg"}],"twitter_card":"summary_large_image","twitter_misc":{"Est. reading time":"1 minut"},"schema":{"@context":"https:\/\/schema.org","@graph":[{"@type":"WebPage","@id":"https:\/\/veeohutus.ee\/sugis\/veekogule-minnes\/","url":"https:\/\/veeohutus.ee\/sugis\/veekogule-minnes\/","name":"Veekogule minnes - Veeohutus - S\u00fcgis","isPartOf":{"@id":"https:\/\/veeohutus.ee\/sugis\/#website"},"primaryImageOfPage":{"@id":"https:\/\/veeohutus.ee\/sugis\/veekogule-minnes\/#primaryimage"},"image":{"@id":"https:\/\/veeohutus.ee\/sugis\/veekogule-minnes\/#primaryimage"},"thumbnailUrl":"https:\/\/veeohutus.ee\/sugis\/wp-content\/uploads\/sites\/4\/2018\/09\/ohutukalapyyk.jpg","datePublished":"2018-10-03T09:04:30+00:00","dateModified":"2022-04-11T07:25:47+00:00","description":"Veekogule minnes anna sellest kindlasti m\u00e4rku oma l\u00e4hedastele. Seda, kuidas ohutult kalal k\u00e4ia, r\u00e4\u00e4gib t\u00e4psemalt Raio Piiroja.","breadcrumb":{"@id":"https:\/\/veeohutus.ee\/sugis\/veekogule-minnes\/#breadcrumb"},"inLanguage":"et","potentialAction":[{"@type":"ReadAction","target":["https:\/\/veeohutus.ee\/sugis\/veekogule-minnes\/"]}]},{"@type":"ImageObject","inLanguage":"et","@id":"https:\/\/veeohutus.ee\/sugis\/veekogule-minnes\/#primaryimage","url":"https:\/\/veeohutus.ee\/sugis\/wp-content\/uploads\/sites\/4\/2018\/09\/ohutukalapyyk.jpg","contentUrl":"https:\/\/veeohutus.ee\/sugis\/wp-content\/uploads\/sites\/4\/2018\/09\/ohutukalapyyk.jpg","width":1920,"height":1191},{"@type":"BreadcrumbList","@id":"https:\/\/veeohutus.ee\/sugis\/veekogule-minnes\/#breadcrumb","itemListElement":[{"@type":"ListItem","position":1,"name":"Home","item":"https:\/\/veeohutus.ee\/sugis\/"},{"@type":"ListItem","position":2,"name":"Veekogule minnes"}]},{"@type":"WebSite","@id":"https:\/\/veeohutus.ee\/sugis\/#website","url":"https:\/\/veeohutus.ee\/sugis\/","name":"Veeohutus - S\u00fcgis","description":"Just another P\u00e4\u00e4steamet - Veeohutus site","potentialAction":[{"@type":"SearchAction","target":{"@type":"EntryPoint","urlTemplate":"https:\/\/veeohutus.ee\/sugis\/?s={search_term_string}"},"query-input":{"@type":"PropertyValueSpecification","valueRequired":true,"valueName":"search_term_string"}}],"inLanguage":"et"}]}},"_links":{"self":[{"href":"https:\/\/veeohutus.ee\/sugis\/wp-json\/wp\/v2\/pages\/290","targetHints":{"allow":["GET"]}}],"collection":[{"href":"https:\/\/veeohutus.ee\/sugis\/wp-json\/wp\/v2\/pages"}],"about":[{"href":"https:\/\/veeohutus.ee\/sugis\/wp-json\/wp\/v2\/types\/page"}],"author":[{"embeddable":true,"href":"https:\/\/veeohutus.ee\/sugis\/wp-json\/wp\/v2\/users\/2"}],"replies":[{"embeddable":true,"href":"https:\/\/veeohutus.ee\/sugis\/wp-json\/wp\/v2\/comments?post=290"}],"version-history":[{"count":8,"href":"https:\/\/veeohutus.ee\/sugis\/wp-json\/wp\/v2\/pages\/290\/revisions"}],"predecessor-version":[{"id":629,"href":"https:\/\/veeohutus.ee\/sugis\/wp-json\/wp\/v2\/pages\/290\/revisions\/629"}],"wp:featuredmedia":[{"embeddable":true,"href":"https:\/\/veeohutus.ee\/sugis\/wp-json\/wp\/v2\/media\/231"}],"wp:attachment":[{"href":"https:\/\/veeohutus.ee\/sugis\/wp-json\/wp\/v2\/media?parent=290"}],"curies":[{"name":"wp","href":"https:\/\/api.w.org\/{rel}","templated":true}]}}