{"id":345,"date":"2018-10-04T08:18:29","date_gmt":"2018-10-04T08:18:29","guid":{"rendered":"https:\/\/veeohutus.ee\/sugis\/?page_id=345"},"modified":"2020-08-26T10:50:12","modified_gmt":"2020-08-26T10:50:12","slug":"veeohutusstend","status":"publish","type":"page","link":"https:\/\/veeohutus.ee\/sugis\/veeohutusstend\/","title":{"rendered":"Veeohutusstend"},"content":{"rendered":"<h2>Infotahvlid ja p\u00e4\u00e4stevahendid veekogude \u00e4\u00e4res<\/h2>\n<p>Alates 2012. aastast on P\u00e4\u00e4steamet paigaldanud valveta ujumiskohtade juurde veeohutuse infotahvleid koos p\u00e4\u00e4stevahenditega.<\/p>\n<p>Kui 2012. ja 2013. aastal valmistas ja paigaldas P\u00e4\u00e4steamet valdavalt infotahvlid ise, siis alates 2014. aastast on infotahvlite valmistamine ja paigaldamine toimunud koost\u00f6\u00f6s kohalike omavalitustega. Seda selleks, et suurem hulk veekogusid saaks infotahvli ja p\u00e4\u00e4stevahenditega varustatud. Koost\u00f6\u00f6 tulemusena oli 2015. aastal \u00fcle Eesti kokku 180 veeohutuse infotahvlit koos p\u00e4\u00e4stevahenditega.<\/p>\n<p>2016. aastal sai projekt aga veelgi suurema hoo sisse kui j\u00f5ud \u00fchendati Teeme \u00c4ra meeskonnaga. Veeohutusstendi p\u00fcstitamine veekogude \u00e4\u00e4rde sai \u00fcheks talgup\u00e4eva fookusteemaks ning osutus talguliste seas v\u00e4ga populaarseks. Kokku p\u00fcstitati talgute raames \u00fcle Eesti 496 veeohutusstend koos p\u00e4\u00e4stevahendite ja infotahvlitega.<\/p>\n<p>&nbsp;<\/p>\n<img loading=\"lazy\" decoding=\"async\" class=\"aligncenter size-full wp-image-588\" src=\"https:\/\/veeohutus.ee\/sugis\/wp-content\/uploads\/sites\/4\/2020\/08\/stend-2.jpg\" alt=\"\" width=\"1473\" height=\"2048\" srcset=\"https:\/\/veeohutus.ee\/sugis\/wp-content\/uploads\/sites\/4\/2020\/08\/stend-2.jpg 1473w, https:\/\/veeohutus.ee\/sugis\/wp-content\/uploads\/sites\/4\/2020\/08\/stend-2-216x300.jpg 216w, https:\/\/veeohutus.ee\/sugis\/wp-content\/uploads\/sites\/4\/2020\/08\/stend-2-737x1024.jpg 737w, https:\/\/veeohutus.ee\/sugis\/wp-content\/uploads\/sites\/4\/2020\/08\/stend-2-768x1068.jpg 768w, https:\/\/veeohutus.ee\/sugis\/wp-content\/uploads\/sites\/4\/2020\/08\/stend-2-1105x1536.jpg 1105w\" sizes=\"auto, (max-width: 1473px) 100vw, 1473px\" \/>\n<p>Kui soovid ka oma kodu kandis veeohutuse infostendi \u00fcles panna, siis valmistamiseks vajalikud joonised leiad siit: <strong><a href=\"http:\/\/veeohutus.ee\/www\/wp-content\/uploads\/2016\/06\/Veeohutuspystaku_joonised.pdf\">Veeohutusstendi joonised<\/a><\/strong><\/p>\n<p><strong>Lisaks joonistele, v\u00f5ib stendi valmistamisel leida abi ka allolevast klipist:<\/strong><\/p>\n<p><iframe loading=\"lazy\" title=\"Teeme \u00e4ra 2016: veeohutustalgud. Kuidas ehitada p\u00e4\u00e4stevahendite stendi?\" width=\"680\" height=\"383\" src=\"https:\/\/www.youtube.com\/embed\/8LFkLSCOcSI?feature=oembed\" frameborder=\"0\" allow=\"accelerometer; autoplay; encrypted-media; gyroscope; picture-in-picture\" allowfullscreen><\/iframe><\/p>\n","protected":false},"excerpt":{"rendered":"<p>Infotahvlid ja p\u00e4\u00e4stevahendid veekogude \u00e4\u00e4res Alates 2012. aastast on P\u00e4\u00e4steamet paigaldanud valveta ujumiskohtade juurde veeohutuse infotahvleid koos p\u00e4\u00e4stevahenditega. Kui 2012. ja 2013. aastal valmistas ja paigaldas P\u00e4\u00e4steamet valdavalt infotahvlid ise, siis alates 2014. aastast on infotahvlite valmistamine ja paigaldamine toimunud koost\u00f6\u00f6s kohalike omavalitustega. Seda selleks, et suurem hulk veekogusid saaks infotahvli ja p\u00e4\u00e4stevahenditega varustatud. Koost\u00f6\u00f6&#8230;  <a class=\"excerpt-read-more\" href=\"https:\/\/veeohutus.ee\/sugis\/veeohutusstend\/\" title=\"Read Veeohutusstend\">Read more<\/a><\/p>\n","protected":false},"author":2,"featured_media":585,"parent":0,"menu_order":0,"comment_status":"closed","ping_status":"closed","template":"","meta":{"_acf_changed":false,"footnotes":""},"class_list":["post-345","page","type-page","status-publish","has-post-thumbnail","hentry"],"acf":[],"yoast_head":"<!-- This site is optimized with the Yoast SEO plugin v26.7 - https:\/\/yoast.com\/wordpress\/plugins\/seo\/ -->\n<title>Veeohutusstend - Veeohutus - S\u00fcgis<\/title>\n<meta name=\"description\" content=\"Alates 2012.aastast on paigladatud ujumiskohtadesse veeohutuse stende koos p\u00e4\u00e4stevahenditega. J\u00e4lgi, et stend oleks korras ja p\u00e4\u00e4stevahendid olemas.\" \/>\n<meta name=\"robots\" content=\"index, follow, max-snippet:-1, max-image-preview:large, max-video-preview:-1\" \/>\n<link rel=\"canonical\" href=\"https:\/\/veeohutus.ee\/sugis\/veeohutusstend\/\" \/>\n<meta property=\"og:locale\" content=\"et_EE\" \/>\n<meta property=\"og:type\" content=\"article\" \/>\n<meta property=\"og:title\" content=\"Veeohutusstend - Veeohutus - S\u00fcgis\" \/>\n<meta property=\"og:description\" content=\"Alates 2012.aastast on paigladatud ujumiskohtadesse veeohutuse stende koos p\u00e4\u00e4stevahenditega. J\u00e4lgi, et stend oleks korras ja p\u00e4\u00e4stevahendid olemas.\" \/>\n<meta property=\"og:url\" content=\"https:\/\/veeohutus.ee\/sugis\/veeohutusstend\/\" \/>\n<meta property=\"og:site_name\" content=\"Veeohutus - S\u00fcgis\" \/>\n<meta property=\"article:modified_time\" content=\"2020-08-26T10:50:12+00:00\" \/>\n<meta property=\"og:image\" content=\"https:\/\/veeohutus.ee\/sugis\/wp-content\/uploads\/sites\/4\/2020\/08\/stend-1-e1598438936964.jpg\" \/>\n\t<meta property=\"og:image:width\" content=\"2048\" \/>\n\t<meta property=\"og:image:height\" content=\"783\" \/>\n\t<meta property=\"og:image:type\" content=\"image\/jpeg\" \/>\n<meta name=\"twitter:card\" content=\"summary_large_image\" \/>\n<meta name=\"twitter:label1\" content=\"Est. reading time\" \/>\n\t<meta name=\"twitter:data1\" content=\"1 minut\" \/>\n<script type=\"application\/ld+json\" class=\"yoast-schema-graph\">{\"@context\":\"https:\/\/schema.org\",\"@graph\":[{\"@type\":\"WebPage\",\"@id\":\"https:\/\/veeohutus.ee\/sugis\/veeohutusstend\/\",\"url\":\"https:\/\/veeohutus.ee\/sugis\/veeohutusstend\/\",\"name\":\"Veeohutusstend - Veeohutus - S\u00fcgis\",\"isPartOf\":{\"@id\":\"https:\/\/veeohutus.ee\/sugis\/#website\"},\"primaryImageOfPage\":{\"@id\":\"https:\/\/veeohutus.ee\/sugis\/veeohutusstend\/#primaryimage\"},\"image\":{\"@id\":\"https:\/\/veeohutus.ee\/sugis\/veeohutusstend\/#primaryimage\"},\"thumbnailUrl\":\"https:\/\/veeohutus.ee\/sugis\/wp-content\/uploads\/sites\/4\/2020\/08\/stend-1-e1598438936964.jpg\",\"datePublished\":\"2018-10-04T08:18:29+00:00\",\"dateModified\":\"2020-08-26T10:50:12+00:00\",\"description\":\"Alates 2012.aastast on paigladatud ujumiskohtadesse veeohutuse stende koos p\u00e4\u00e4stevahenditega. J\u00e4lgi, et stend oleks korras ja p\u00e4\u00e4stevahendid olemas.\",\"breadcrumb\":{\"@id\":\"https:\/\/veeohutus.ee\/sugis\/veeohutusstend\/#breadcrumb\"},\"inLanguage\":\"et\",\"potentialAction\":[{\"@type\":\"ReadAction\",\"target\":[\"https:\/\/veeohutus.ee\/sugis\/veeohutusstend\/\"]}]},{\"@type\":\"ImageObject\",\"inLanguage\":\"et\",\"@id\":\"https:\/\/veeohutus.ee\/sugis\/veeohutusstend\/#primaryimage\",\"url\":\"https:\/\/veeohutus.ee\/sugis\/wp-content\/uploads\/sites\/4\/2020\/08\/stend-1-e1598438936964.jpg\",\"contentUrl\":\"https:\/\/veeohutus.ee\/sugis\/wp-content\/uploads\/sites\/4\/2020\/08\/stend-1-e1598438936964.jpg\",\"width\":2048,\"height\":783},{\"@type\":\"BreadcrumbList\",\"@id\":\"https:\/\/veeohutus.ee\/sugis\/veeohutusstend\/#breadcrumb\",\"itemListElement\":[{\"@type\":\"ListItem\",\"position\":1,\"name\":\"Home\",\"item\":\"https:\/\/veeohutus.ee\/sugis\/\"},{\"@type\":\"ListItem\",\"position\":2,\"name\":\"Veeohutusstend\"}]},{\"@type\":\"WebSite\",\"@id\":\"https:\/\/veeohutus.ee\/sugis\/#website\",\"url\":\"https:\/\/veeohutus.ee\/sugis\/\",\"name\":\"Veeohutus - S\u00fcgis\",\"description\":\"Just another P\u00e4\u00e4steamet - Veeohutus site\",\"potentialAction\":[{\"@type\":\"SearchAction\",\"target\":{\"@type\":\"EntryPoint\",\"urlTemplate\":\"https:\/\/veeohutus.ee\/sugis\/?s={search_term_string}\"},\"query-input\":{\"@type\":\"PropertyValueSpecification\",\"valueRequired\":true,\"valueName\":\"search_term_string\"}}],\"inLanguage\":\"et\"}]}<\/script>\n<!-- \/ Yoast SEO plugin. -->","yoast_head_json":{"title":"Veeohutusstend - Veeohutus - S\u00fcgis","description":"Alates 2012.aastast on paigladatud ujumiskohtadesse veeohutuse stende koos p\u00e4\u00e4stevahenditega. J\u00e4lgi, et stend oleks korras ja p\u00e4\u00e4stevahendid olemas.","robots":{"index":"index","follow":"follow","max-snippet":"max-snippet:-1","max-image-preview":"max-image-preview:large","max-video-preview":"max-video-preview:-1"},"canonical":"https:\/\/veeohutus.ee\/sugis\/veeohutusstend\/","og_locale":"et_EE","og_type":"article","og_title":"Veeohutusstend - Veeohutus - S\u00fcgis","og_description":"Alates 2012.aastast on paigladatud ujumiskohtadesse veeohutuse stende koos p\u00e4\u00e4stevahenditega. J\u00e4lgi, et stend oleks korras ja p\u00e4\u00e4stevahendid olemas.","og_url":"https:\/\/veeohutus.ee\/sugis\/veeohutusstend\/","og_site_name":"Veeohutus - S\u00fcgis","article_modified_time":"2020-08-26T10:50:12+00:00","og_image":[{"width":2048,"height":783,"url":"https:\/\/veeohutus.ee\/sugis\/wp-content\/uploads\/sites\/4\/2020\/08\/stend-1-e1598438936964.jpg","type":"image\/jpeg"}],"twitter_card":"summary_large_image","twitter_misc":{"Est. reading time":"1 minut"},"schema":{"@context":"https:\/\/schema.org","@graph":[{"@type":"WebPage","@id":"https:\/\/veeohutus.ee\/sugis\/veeohutusstend\/","url":"https:\/\/veeohutus.ee\/sugis\/veeohutusstend\/","name":"Veeohutusstend - Veeohutus - S\u00fcgis","isPartOf":{"@id":"https:\/\/veeohutus.ee\/sugis\/#website"},"primaryImageOfPage":{"@id":"https:\/\/veeohutus.ee\/sugis\/veeohutusstend\/#primaryimage"},"image":{"@id":"https:\/\/veeohutus.ee\/sugis\/veeohutusstend\/#primaryimage"},"thumbnailUrl":"https:\/\/veeohutus.ee\/sugis\/wp-content\/uploads\/sites\/4\/2020\/08\/stend-1-e1598438936964.jpg","datePublished":"2018-10-04T08:18:29+00:00","dateModified":"2020-08-26T10:50:12+00:00","description":"Alates 2012.aastast on paigladatud ujumiskohtadesse veeohutuse stende koos p\u00e4\u00e4stevahenditega. J\u00e4lgi, et stend oleks korras ja p\u00e4\u00e4stevahendid olemas.","breadcrumb":{"@id":"https:\/\/veeohutus.ee\/sugis\/veeohutusstend\/#breadcrumb"},"inLanguage":"et","potentialAction":[{"@type":"ReadAction","target":["https:\/\/veeohutus.ee\/sugis\/veeohutusstend\/"]}]},{"@type":"ImageObject","inLanguage":"et","@id":"https:\/\/veeohutus.ee\/sugis\/veeohutusstend\/#primaryimage","url":"https:\/\/veeohutus.ee\/sugis\/wp-content\/uploads\/sites\/4\/2020\/08\/stend-1-e1598438936964.jpg","contentUrl":"https:\/\/veeohutus.ee\/sugis\/wp-content\/uploads\/sites\/4\/2020\/08\/stend-1-e1598438936964.jpg","width":2048,"height":783},{"@type":"BreadcrumbList","@id":"https:\/\/veeohutus.ee\/sugis\/veeohutusstend\/#breadcrumb","itemListElement":[{"@type":"ListItem","position":1,"name":"Home","item":"https:\/\/veeohutus.ee\/sugis\/"},{"@type":"ListItem","position":2,"name":"Veeohutusstend"}]},{"@type":"WebSite","@id":"https:\/\/veeohutus.ee\/sugis\/#website","url":"https:\/\/veeohutus.ee\/sugis\/","name":"Veeohutus - S\u00fcgis","description":"Just another P\u00e4\u00e4steamet - Veeohutus site","potentialAction":[{"@type":"SearchAction","target":{"@type":"EntryPoint","urlTemplate":"https:\/\/veeohutus.ee\/sugis\/?s={search_term_string}"},"query-input":{"@type":"PropertyValueSpecification","valueRequired":true,"valueName":"search_term_string"}}],"inLanguage":"et"}]}},"_links":{"self":[{"href":"https:\/\/veeohutus.ee\/sugis\/wp-json\/wp\/v2\/pages\/345","targetHints":{"allow":["GET"]}}],"collection":[{"href":"https:\/\/veeohutus.ee\/sugis\/wp-json\/wp\/v2\/pages"}],"about":[{"href":"https:\/\/veeohutus.ee\/sugis\/wp-json\/wp\/v2\/types\/page"}],"author":[{"embeddable":true,"href":"https:\/\/veeohutus.ee\/sugis\/wp-json\/wp\/v2\/users\/2"}],"replies":[{"embeddable":true,"href":"https:\/\/veeohutus.ee\/sugis\/wp-json\/wp\/v2\/comments?post=345"}],"version-history":[{"count":3,"href":"https:\/\/veeohutus.ee\/sugis\/wp-json\/wp\/v2\/pages\/345\/revisions"}],"predecessor-version":[{"id":592,"href":"https:\/\/veeohutus.ee\/sugis\/wp-json\/wp\/v2\/pages\/345\/revisions\/592"}],"wp:featuredmedia":[{"embeddable":true,"href":"https:\/\/veeohutus.ee\/sugis\/wp-json\/wp\/v2\/media\/585"}],"wp:attachment":[{"href":"https:\/\/veeohutus.ee\/sugis\/wp-json\/wp\/v2\/media?parent=345"}],"curies":[{"name":"wp","href":"https:\/\/api.w.org\/{rel}","templated":true}]}}