{"id":364,"date":"2018-10-04T08:26:31","date_gmt":"2018-10-04T08:26:31","guid":{"rendered":"https:\/\/veeohutus.ee\/sugis\/?page_id=364"},"modified":"2019-11-19T11:57:58","modified_gmt":"2019-11-19T11:57:58","slug":"lastele","status":"publish","type":"page","link":"https:\/\/veeohutus.ee\/sugis\/lastele\/","title":{"rendered":"Lastele"},"content":{"rendered":"<p>Vaata videosi koos lapsega:<\/p>\n<p><iframe loading=\"lazy\" width=\"680\" height=\"510\" src=\"https:\/\/www.youtube.com\/embed\/WsYeNiMHZf4?feature=oembed\" frameborder=\"0\" allow=\"autoplay; encrypted-media\" allowfullscreen><\/iframe><\/p>\n<p><iframe loading=\"lazy\" width=\"680\" height=\"510\" src=\"https:\/\/www.youtube.com\/embed\/FGPLrLEBXJA?feature=oembed\" frameborder=\"0\" allow=\"autoplay; encrypted-media\" allowfullscreen><\/iframe><\/p>\n","protected":false},"excerpt":{"rendered":"<p>Vaata videosi koos lapsega:<\/p>\n","protected":false},"author":2,"featured_media":207,"parent":0,"menu_order":0,"comment_status":"closed","ping_status":"closed","template":"","meta":{"_acf_changed":false,"footnotes":""},"class_list":["post-364","page","type-page","status-publish","has-post-thumbnail","hentry"],"acf":[],"yoast_head":"<!-- This site is optimized with the Yoast SEO plugin v26.7 - https:\/\/yoast.com\/wordpress\/plugins\/seo\/ -->\n<title>Lastele - Veeohutus - S\u00fcgis<\/title>\n<meta name=\"description\" content=\"Palju vee\u00f5nnetusi juhtub v\u00e4ikelastega. Vaata erinevaid multikaid koos lapsega ja \u00f5ppige koos kuidas veekogu \u00e4\u00e4res ohutult k\u00e4ituda.\" \/>\n<meta name=\"robots\" content=\"index, follow, max-snippet:-1, max-image-preview:large, max-video-preview:-1\" \/>\n<link rel=\"canonical\" href=\"https:\/\/veeohutus.ee\/sugis\/lastele\/\" \/>\n<meta property=\"og:locale\" content=\"et_EE\" \/>\n<meta property=\"og:type\" content=\"article\" \/>\n<meta property=\"og:title\" content=\"Lastele - Veeohutus - S\u00fcgis\" \/>\n<meta property=\"og:description\" content=\"Palju vee\u00f5nnetusi juhtub v\u00e4ikelastega. Vaata erinevaid multikaid koos lapsega ja \u00f5ppige koos kuidas veekogu \u00e4\u00e4res ohutult k\u00e4ituda.\" \/>\n<meta property=\"og:url\" content=\"https:\/\/veeohutus.ee\/sugis\/lastele\/\" \/>\n<meta property=\"og:site_name\" content=\"Veeohutus - S\u00fcgis\" \/>\n<meta property=\"article:modified_time\" content=\"2019-11-19T11:57:58+00:00\" \/>\n<meta property=\"og:image\" content=\"https:\/\/veeohutus.ee\/sugis\/wp-content\/uploads\/sites\/4\/2018\/05\/lasteveeohutus.jpg\" \/>\n\t<meta property=\"og:image:width\" content=\"1512\" \/>\n\t<meta property=\"og:image:height\" content=\"1008\" \/>\n\t<meta property=\"og:image:type\" content=\"image\/jpeg\" \/>\n<meta name=\"twitter:card\" content=\"summary_large_image\" \/>\n<script type=\"application\/ld+json\" class=\"yoast-schema-graph\">{\"@context\":\"https:\/\/schema.org\",\"@graph\":[{\"@type\":\"WebPage\",\"@id\":\"https:\/\/veeohutus.ee\/sugis\/lastele\/\",\"url\":\"https:\/\/veeohutus.ee\/sugis\/lastele\/\",\"name\":\"Lastele - Veeohutus - S\u00fcgis\",\"isPartOf\":{\"@id\":\"https:\/\/veeohutus.ee\/sugis\/#website\"},\"primaryImageOfPage\":{\"@id\":\"https:\/\/veeohutus.ee\/sugis\/lastele\/#primaryimage\"},\"image\":{\"@id\":\"https:\/\/veeohutus.ee\/sugis\/lastele\/#primaryimage\"},\"thumbnailUrl\":\"https:\/\/veeohutus.ee\/sugis\/wp-content\/uploads\/sites\/4\/2018\/05\/lasteveeohutus.jpg\",\"datePublished\":\"2018-10-04T08:26:31+00:00\",\"dateModified\":\"2019-11-19T11:57:58+00:00\",\"description\":\"Palju vee\u00f5nnetusi juhtub v\u00e4ikelastega. Vaata erinevaid multikaid koos lapsega ja \u00f5ppige koos kuidas veekogu \u00e4\u00e4res ohutult k\u00e4ituda.\",\"breadcrumb\":{\"@id\":\"https:\/\/veeohutus.ee\/sugis\/lastele\/#breadcrumb\"},\"inLanguage\":\"et\",\"potentialAction\":[{\"@type\":\"ReadAction\",\"target\":[\"https:\/\/veeohutus.ee\/sugis\/lastele\/\"]}]},{\"@type\":\"ImageObject\",\"inLanguage\":\"et\",\"@id\":\"https:\/\/veeohutus.ee\/sugis\/lastele\/#primaryimage\",\"url\":\"https:\/\/veeohutus.ee\/sugis\/wp-content\/uploads\/sites\/4\/2018\/05\/lasteveeohutus.jpg\",\"contentUrl\":\"https:\/\/veeohutus.ee\/sugis\/wp-content\/uploads\/sites\/4\/2018\/05\/lasteveeohutus.jpg\",\"width\":1512,\"height\":1008},{\"@type\":\"BreadcrumbList\",\"@id\":\"https:\/\/veeohutus.ee\/sugis\/lastele\/#breadcrumb\",\"itemListElement\":[{\"@type\":\"ListItem\",\"position\":1,\"name\":\"Home\",\"item\":\"https:\/\/veeohutus.ee\/sugis\/\"},{\"@type\":\"ListItem\",\"position\":2,\"name\":\"Lastele\"}]},{\"@type\":\"WebSite\",\"@id\":\"https:\/\/veeohutus.ee\/sugis\/#website\",\"url\":\"https:\/\/veeohutus.ee\/sugis\/\",\"name\":\"Veeohutus - S\u00fcgis\",\"description\":\"Just another P\u00e4\u00e4steamet - Veeohutus site\",\"potentialAction\":[{\"@type\":\"SearchAction\",\"target\":{\"@type\":\"EntryPoint\",\"urlTemplate\":\"https:\/\/veeohutus.ee\/sugis\/?s={search_term_string}\"},\"query-input\":{\"@type\":\"PropertyValueSpecification\",\"valueRequired\":true,\"valueName\":\"search_term_string\"}}],\"inLanguage\":\"et\"}]}<\/script>\n<!-- \/ Yoast SEO plugin. -->","yoast_head_json":{"title":"Lastele - Veeohutus - S\u00fcgis","description":"Palju vee\u00f5nnetusi juhtub v\u00e4ikelastega. Vaata erinevaid multikaid koos lapsega ja \u00f5ppige koos kuidas veekogu \u00e4\u00e4res ohutult k\u00e4ituda.","robots":{"index":"index","follow":"follow","max-snippet":"max-snippet:-1","max-image-preview":"max-image-preview:large","max-video-preview":"max-video-preview:-1"},"canonical":"https:\/\/veeohutus.ee\/sugis\/lastele\/","og_locale":"et_EE","og_type":"article","og_title":"Lastele - Veeohutus - S\u00fcgis","og_description":"Palju vee\u00f5nnetusi juhtub v\u00e4ikelastega. Vaata erinevaid multikaid koos lapsega ja \u00f5ppige koos kuidas veekogu \u00e4\u00e4res ohutult k\u00e4ituda.","og_url":"https:\/\/veeohutus.ee\/sugis\/lastele\/","og_site_name":"Veeohutus - S\u00fcgis","article_modified_time":"2019-11-19T11:57:58+00:00","og_image":[{"width":1512,"height":1008,"url":"https:\/\/veeohutus.ee\/sugis\/wp-content\/uploads\/sites\/4\/2018\/05\/lasteveeohutus.jpg","type":"image\/jpeg"}],"twitter_card":"summary_large_image","schema":{"@context":"https:\/\/schema.org","@graph":[{"@type":"WebPage","@id":"https:\/\/veeohutus.ee\/sugis\/lastele\/","url":"https:\/\/veeohutus.ee\/sugis\/lastele\/","name":"Lastele - Veeohutus - S\u00fcgis","isPartOf":{"@id":"https:\/\/veeohutus.ee\/sugis\/#website"},"primaryImageOfPage":{"@id":"https:\/\/veeohutus.ee\/sugis\/lastele\/#primaryimage"},"image":{"@id":"https:\/\/veeohutus.ee\/sugis\/lastele\/#primaryimage"},"thumbnailUrl":"https:\/\/veeohutus.ee\/sugis\/wp-content\/uploads\/sites\/4\/2018\/05\/lasteveeohutus.jpg","datePublished":"2018-10-04T08:26:31+00:00","dateModified":"2019-11-19T11:57:58+00:00","description":"Palju vee\u00f5nnetusi juhtub v\u00e4ikelastega. Vaata erinevaid multikaid koos lapsega ja \u00f5ppige koos kuidas veekogu \u00e4\u00e4res ohutult k\u00e4ituda.","breadcrumb":{"@id":"https:\/\/veeohutus.ee\/sugis\/lastele\/#breadcrumb"},"inLanguage":"et","potentialAction":[{"@type":"ReadAction","target":["https:\/\/veeohutus.ee\/sugis\/lastele\/"]}]},{"@type":"ImageObject","inLanguage":"et","@id":"https:\/\/veeohutus.ee\/sugis\/lastele\/#primaryimage","url":"https:\/\/veeohutus.ee\/sugis\/wp-content\/uploads\/sites\/4\/2018\/05\/lasteveeohutus.jpg","contentUrl":"https:\/\/veeohutus.ee\/sugis\/wp-content\/uploads\/sites\/4\/2018\/05\/lasteveeohutus.jpg","width":1512,"height":1008},{"@type":"BreadcrumbList","@id":"https:\/\/veeohutus.ee\/sugis\/lastele\/#breadcrumb","itemListElement":[{"@type":"ListItem","position":1,"name":"Home","item":"https:\/\/veeohutus.ee\/sugis\/"},{"@type":"ListItem","position":2,"name":"Lastele"}]},{"@type":"WebSite","@id":"https:\/\/veeohutus.ee\/sugis\/#website","url":"https:\/\/veeohutus.ee\/sugis\/","name":"Veeohutus - S\u00fcgis","description":"Just another P\u00e4\u00e4steamet - Veeohutus site","potentialAction":[{"@type":"SearchAction","target":{"@type":"EntryPoint","urlTemplate":"https:\/\/veeohutus.ee\/sugis\/?s={search_term_string}"},"query-input":{"@type":"PropertyValueSpecification","valueRequired":true,"valueName":"search_term_string"}}],"inLanguage":"et"}]}},"_links":{"self":[{"href":"https:\/\/veeohutus.ee\/sugis\/wp-json\/wp\/v2\/pages\/364","targetHints":{"allow":["GET"]}}],"collection":[{"href":"https:\/\/veeohutus.ee\/sugis\/wp-json\/wp\/v2\/pages"}],"about":[{"href":"https:\/\/veeohutus.ee\/sugis\/wp-json\/wp\/v2\/types\/page"}],"author":[{"embeddable":true,"href":"https:\/\/veeohutus.ee\/sugis\/wp-json\/wp\/v2\/users\/2"}],"replies":[{"embeddable":true,"href":"https:\/\/veeohutus.ee\/sugis\/wp-json\/wp\/v2\/comments?post=364"}],"version-history":[{"count":2,"href":"https:\/\/veeohutus.ee\/sugis\/wp-json\/wp\/v2\/pages\/364\/revisions"}],"predecessor-version":[{"id":367,"href":"https:\/\/veeohutus.ee\/sugis\/wp-json\/wp\/v2\/pages\/364\/revisions\/367"}],"wp:featuredmedia":[{"embeddable":true,"href":"https:\/\/veeohutus.ee\/sugis\/wp-json\/wp\/v2\/media\/207"}],"wp:attachment":[{"href":"https:\/\/veeohutus.ee\/sugis\/wp-json\/wp\/v2\/media?parent=364"}],"curies":[{"name":"wp","href":"https:\/\/api.w.org\/{rel}","templated":true}]}}