{"id":4,"date":"2018-05-10T15:03:45","date_gmt":"2018-05-10T15:03:45","guid":{"rendered":"https:\/\/demo2.opus.ee\/veeohutus\/sugis\/?page_id=4"},"modified":"2022-02-10T07:29:20","modified_gmt":"2022-02-10T07:29:20","slug":"avaleht","status":"publish","type":"page","link":"https:\/\/veeohutus.ee\/sugis\/avaleht\/","title":{"rendered":"Avaleht"},"content":{"rendered":"","protected":false},"excerpt":{"rendered":"","protected":false},"author":1,"featured_media":0,"parent":0,"menu_order":0,"comment_status":"closed","ping_status":"closed","template":"page-front.php","meta":{"_acf_changed":false,"footnotes":""},"class_list":["post-4","page","type-page","status-publish","hentry"],"acf":[],"yoast_head":"<!-- This site is optimized with the Yoast SEO plugin v26.7 - https:\/\/yoast.com\/wordpress\/plugins\/seo\/ -->\n<title>Avaleht - Veeohutus - S\u00fcgis - Tule uuri kuidas ennetada ja aidata<\/title>\n<meta name=\"description\" content=\"Loe, kuidas ennetada vee\u00f5nnetusi, kuidas ohutult k\u00e4ituda kalap\u00fc\u00fcgil ning kuidas teisi aidata. Hoia silm peal. P\u00e4\u00e4steamet.\" \/>\n<meta name=\"robots\" content=\"index, follow, max-snippet:-1, max-image-preview:large, max-video-preview:-1\" \/>\n<link rel=\"canonical\" href=\"https:\/\/veeohutus.ee\/sugis\/\" \/>\n<meta property=\"og:locale\" content=\"et_EE\" \/>\n<meta property=\"og:type\" content=\"article\" \/>\n<meta property=\"og:title\" content=\"Avaleht - Veeohutus - S\u00fcgis - Tule uuri kuidas ennetada ja aidata\" \/>\n<meta property=\"og:description\" content=\"Loe, kuidas ennetada vee\u00f5nnetusi, kuidas ohutult k\u00e4ituda kalap\u00fc\u00fcgil ning kuidas teisi aidata. Hoia silm peal. P\u00e4\u00e4steamet.\" \/>\n<meta property=\"og:url\" content=\"https:\/\/veeohutus.ee\/sugis\/\" \/>\n<meta property=\"og:site_name\" content=\"Veeohutus - S\u00fcgis\" \/>\n<meta property=\"article:modified_time\" content=\"2022-02-10T07:29:20+00:00\" \/>\n<meta name=\"twitter:card\" content=\"summary_large_image\" \/>\n<script type=\"application\/ld+json\" class=\"yoast-schema-graph\">{\"@context\":\"https:\/\/schema.org\",\"@graph\":[{\"@type\":\"WebPage\",\"@id\":\"https:\/\/veeohutus.ee\/sugis\/\",\"url\":\"https:\/\/veeohutus.ee\/sugis\/\",\"name\":\"Avaleht - Veeohutus - S\u00fcgis - Tule uuri kuidas ennetada ja aidata\",\"isPartOf\":{\"@id\":\"https:\/\/veeohutus.ee\/sugis\/#website\"},\"datePublished\":\"2018-05-10T15:03:45+00:00\",\"dateModified\":\"2022-02-10T07:29:20+00:00\",\"description\":\"Loe, kuidas ennetada vee\u00f5nnetusi, kuidas ohutult k\u00e4ituda kalap\u00fc\u00fcgil ning kuidas teisi aidata. Hoia silm peal. P\u00e4\u00e4steamet.\",\"breadcrumb\":{\"@id\":\"https:\/\/veeohutus.ee\/sugis\/#breadcrumb\"},\"inLanguage\":\"et\",\"potentialAction\":[{\"@type\":\"ReadAction\",\"target\":[\"https:\/\/veeohutus.ee\/sugis\/\"]}]},{\"@type\":\"BreadcrumbList\",\"@id\":\"https:\/\/veeohutus.ee\/sugis\/#breadcrumb\",\"itemListElement\":[{\"@type\":\"ListItem\",\"position\":1,\"name\":\"Home\",\"item\":\"https:\/\/veeohutus.ee\/sugis\/\"},{\"@type\":\"ListItem\",\"position\":2,\"name\":\"Avaleht\"}]},{\"@type\":\"WebSite\",\"@id\":\"https:\/\/veeohutus.ee\/sugis\/#website\",\"url\":\"https:\/\/veeohutus.ee\/sugis\/\",\"name\":\"Veeohutus - S\u00fcgis\",\"description\":\"Just another P\u00e4\u00e4steamet - Veeohutus site\",\"potentialAction\":[{\"@type\":\"SearchAction\",\"target\":{\"@type\":\"EntryPoint\",\"urlTemplate\":\"https:\/\/veeohutus.ee\/sugis\/?s={search_term_string}\"},\"query-input\":{\"@type\":\"PropertyValueSpecification\",\"valueRequired\":true,\"valueName\":\"search_term_string\"}}],\"inLanguage\":\"et\"}]}<\/script>\n<!-- \/ Yoast SEO plugin. -->","yoast_head_json":{"title":"Avaleht - Veeohutus - S\u00fcgis - Tule uuri kuidas ennetada ja aidata","description":"Loe, kuidas ennetada vee\u00f5nnetusi, kuidas ohutult k\u00e4ituda kalap\u00fc\u00fcgil ning kuidas teisi aidata. Hoia silm peal. P\u00e4\u00e4steamet.","robots":{"index":"index","follow":"follow","max-snippet":"max-snippet:-1","max-image-preview":"max-image-preview:large","max-video-preview":"max-video-preview:-1"},"canonical":"https:\/\/veeohutus.ee\/sugis\/","og_locale":"et_EE","og_type":"article","og_title":"Avaleht - Veeohutus - S\u00fcgis - Tule uuri kuidas ennetada ja aidata","og_description":"Loe, kuidas ennetada vee\u00f5nnetusi, kuidas ohutult k\u00e4ituda kalap\u00fc\u00fcgil ning kuidas teisi aidata. Hoia silm peal. P\u00e4\u00e4steamet.","og_url":"https:\/\/veeohutus.ee\/sugis\/","og_site_name":"Veeohutus - S\u00fcgis","article_modified_time":"2022-02-10T07:29:20+00:00","twitter_card":"summary_large_image","schema":{"@context":"https:\/\/schema.org","@graph":[{"@type":"WebPage","@id":"https:\/\/veeohutus.ee\/sugis\/","url":"https:\/\/veeohutus.ee\/sugis\/","name":"Avaleht - Veeohutus - S\u00fcgis - Tule uuri kuidas ennetada ja aidata","isPartOf":{"@id":"https:\/\/veeohutus.ee\/sugis\/#website"},"datePublished":"2018-05-10T15:03:45+00:00","dateModified":"2022-02-10T07:29:20+00:00","description":"Loe, kuidas ennetada vee\u00f5nnetusi, kuidas ohutult k\u00e4ituda kalap\u00fc\u00fcgil ning kuidas teisi aidata. Hoia silm peal. P\u00e4\u00e4steamet.","breadcrumb":{"@id":"https:\/\/veeohutus.ee\/sugis\/#breadcrumb"},"inLanguage":"et","potentialAction":[{"@type":"ReadAction","target":["https:\/\/veeohutus.ee\/sugis\/"]}]},{"@type":"BreadcrumbList","@id":"https:\/\/veeohutus.ee\/sugis\/#breadcrumb","itemListElement":[{"@type":"ListItem","position":1,"name":"Home","item":"https:\/\/veeohutus.ee\/sugis\/"},{"@type":"ListItem","position":2,"name":"Avaleht"}]},{"@type":"WebSite","@id":"https:\/\/veeohutus.ee\/sugis\/#website","url":"https:\/\/veeohutus.ee\/sugis\/","name":"Veeohutus - S\u00fcgis","description":"Just another P\u00e4\u00e4steamet - Veeohutus site","potentialAction":[{"@type":"SearchAction","target":{"@type":"EntryPoint","urlTemplate":"https:\/\/veeohutus.ee\/sugis\/?s={search_term_string}"},"query-input":{"@type":"PropertyValueSpecification","valueRequired":true,"valueName":"search_term_string"}}],"inLanguage":"et"}]}},"_links":{"self":[{"href":"https:\/\/veeohutus.ee\/sugis\/wp-json\/wp\/v2\/pages\/4","targetHints":{"allow":["GET"]}}],"collection":[{"href":"https:\/\/veeohutus.ee\/sugis\/wp-json\/wp\/v2\/pages"}],"about":[{"href":"https:\/\/veeohutus.ee\/sugis\/wp-json\/wp\/v2\/types\/page"}],"author":[{"embeddable":true,"href":"https:\/\/veeohutus.ee\/sugis\/wp-json\/wp\/v2\/users\/1"}],"replies":[{"embeddable":true,"href":"https:\/\/veeohutus.ee\/sugis\/wp-json\/wp\/v2\/comments?post=4"}],"version-history":[{"count":1,"href":"https:\/\/veeohutus.ee\/sugis\/wp-json\/wp\/v2\/pages\/4\/revisions"}],"predecessor-version":[{"id":5,"href":"https:\/\/veeohutus.ee\/sugis\/wp-json\/wp\/v2\/pages\/4\/revisions\/5"}],"wp:attachment":[{"href":"https:\/\/veeohutus.ee\/sugis\/wp-json\/wp\/v2\/media?parent=4"}],"curies":[{"name":"wp","href":"https:\/\/api.w.org\/{rel}","templated":true}]}}