{"id":431,"date":"2018-10-04T11:36:35","date_gmt":"2018-10-04T11:36:35","guid":{"rendered":"https:\/\/veeohutus.ee\/sugis\/?page_id=431"},"modified":"2018-10-04T11:36:35","modified_gmt":"2018-10-04T11:36:35","slug":"veeohutus-paadisoidulkalapuugil","status":"publish","type":"page","link":"https:\/\/veeohutus.ee\/sugis\/veeohutus-paadisoidulkalapuugil\/","title":{"rendered":"Veeohutus paadis\u00f5idul\/kalap\u00fc\u00fcgil"},"content":{"rendered":"","protected":false},"excerpt":{"rendered":"","protected":false},"author":2,"featured_media":0,"parent":0,"menu_order":0,"comment_status":"closed","ping_status":"closed","template":"","meta":{"_acf_changed":false,"footnotes":""},"class_list":["post-431","page","type-page","status-publish","hentry"],"acf":[],"yoast_head":"<!-- This site is optimized with the Yoast SEO plugin v26.7 - https:\/\/yoast.com\/wordpress\/plugins\/seo\/ -->\n<title>Veeohutus paadis\u00f5idul\/kalap\u00fc\u00fcgil - Veeohutus - S\u00fcgis<\/title>\n<meta name=\"robots\" content=\"index, follow, max-snippet:-1, max-image-preview:large, max-video-preview:-1\" \/>\n<link rel=\"canonical\" href=\"https:\/\/veeohutus.ee\/sugis\/veeohutus-paadisoidulkalapuugil\/\" \/>\n<meta property=\"og:locale\" content=\"et_EE\" \/>\n<meta property=\"og:type\" content=\"article\" \/>\n<meta property=\"og:title\" content=\"Veeohutus paadis\u00f5idul\/kalap\u00fc\u00fcgil - Veeohutus - S\u00fcgis\" \/>\n<meta property=\"og:url\" content=\"https:\/\/veeohutus.ee\/sugis\/veeohutus-paadisoidulkalapuugil\/\" \/>\n<meta property=\"og:site_name\" content=\"Veeohutus - S\u00fcgis\" \/>\n<meta name=\"twitter:card\" content=\"summary_large_image\" \/>\n<script type=\"application\/ld+json\" class=\"yoast-schema-graph\">{\"@context\":\"https:\/\/schema.org\",\"@graph\":[{\"@type\":\"WebPage\",\"@id\":\"https:\/\/veeohutus.ee\/sugis\/veeohutus-paadisoidulkalapuugil\/\",\"url\":\"https:\/\/veeohutus.ee\/sugis\/veeohutus-paadisoidulkalapuugil\/\",\"name\":\"Veeohutus paadis\u00f5idul\/kalap\u00fc\u00fcgil - Veeohutus - S\u00fcgis\",\"isPartOf\":{\"@id\":\"https:\/\/veeohutus.ee\/sugis\/#website\"},\"datePublished\":\"2018-10-04T11:36:35+00:00\",\"breadcrumb\":{\"@id\":\"https:\/\/veeohutus.ee\/sugis\/veeohutus-paadisoidulkalapuugil\/#breadcrumb\"},\"inLanguage\":\"et\",\"potentialAction\":[{\"@type\":\"ReadAction\",\"target\":[\"https:\/\/veeohutus.ee\/sugis\/veeohutus-paadisoidulkalapuugil\/\"]}]},{\"@type\":\"BreadcrumbList\",\"@id\":\"https:\/\/veeohutus.ee\/sugis\/veeohutus-paadisoidulkalapuugil\/#breadcrumb\",\"itemListElement\":[{\"@type\":\"ListItem\",\"position\":1,\"name\":\"Home\",\"item\":\"https:\/\/veeohutus.ee\/sugis\/\"},{\"@type\":\"ListItem\",\"position\":2,\"name\":\"Veeohutus paadis\u00f5idul\/kalap\u00fc\u00fcgil\"}]},{\"@type\":\"WebSite\",\"@id\":\"https:\/\/veeohutus.ee\/sugis\/#website\",\"url\":\"https:\/\/veeohutus.ee\/sugis\/\",\"name\":\"Veeohutus - S\u00fcgis\",\"description\":\"Just another P\u00e4\u00e4steamet - Veeohutus site\",\"potentialAction\":[{\"@type\":\"SearchAction\",\"target\":{\"@type\":\"EntryPoint\",\"urlTemplate\":\"https:\/\/veeohutus.ee\/sugis\/?s={search_term_string}\"},\"query-input\":{\"@type\":\"PropertyValueSpecification\",\"valueRequired\":true,\"valueName\":\"search_term_string\"}}],\"inLanguage\":\"et\"}]}<\/script>\n<!-- \/ Yoast SEO plugin. -->","yoast_head_json":{"title":"Veeohutus paadis\u00f5idul\/kalap\u00fc\u00fcgil - Veeohutus - S\u00fcgis","robots":{"index":"index","follow":"follow","max-snippet":"max-snippet:-1","max-image-preview":"max-image-preview:large","max-video-preview":"max-video-preview:-1"},"canonical":"https:\/\/veeohutus.ee\/sugis\/veeohutus-paadisoidulkalapuugil\/","og_locale":"et_EE","og_type":"article","og_title":"Veeohutus paadis\u00f5idul\/kalap\u00fc\u00fcgil - Veeohutus - S\u00fcgis","og_url":"https:\/\/veeohutus.ee\/sugis\/veeohutus-paadisoidulkalapuugil\/","og_site_name":"Veeohutus - S\u00fcgis","twitter_card":"summary_large_image","schema":{"@context":"https:\/\/schema.org","@graph":[{"@type":"WebPage","@id":"https:\/\/veeohutus.ee\/sugis\/veeohutus-paadisoidulkalapuugil\/","url":"https:\/\/veeohutus.ee\/sugis\/veeohutus-paadisoidulkalapuugil\/","name":"Veeohutus paadis\u00f5idul\/kalap\u00fc\u00fcgil - Veeohutus - S\u00fcgis","isPartOf":{"@id":"https:\/\/veeohutus.ee\/sugis\/#website"},"datePublished":"2018-10-04T11:36:35+00:00","breadcrumb":{"@id":"https:\/\/veeohutus.ee\/sugis\/veeohutus-paadisoidulkalapuugil\/#breadcrumb"},"inLanguage":"et","potentialAction":[{"@type":"ReadAction","target":["https:\/\/veeohutus.ee\/sugis\/veeohutus-paadisoidulkalapuugil\/"]}]},{"@type":"BreadcrumbList","@id":"https:\/\/veeohutus.ee\/sugis\/veeohutus-paadisoidulkalapuugil\/#breadcrumb","itemListElement":[{"@type":"ListItem","position":1,"name":"Home","item":"https:\/\/veeohutus.ee\/sugis\/"},{"@type":"ListItem","position":2,"name":"Veeohutus paadis\u00f5idul\/kalap\u00fc\u00fcgil"}]},{"@type":"WebSite","@id":"https:\/\/veeohutus.ee\/sugis\/#website","url":"https:\/\/veeohutus.ee\/sugis\/","name":"Veeohutus - S\u00fcgis","description":"Just another P\u00e4\u00e4steamet - Veeohutus site","potentialAction":[{"@type":"SearchAction","target":{"@type":"EntryPoint","urlTemplate":"https:\/\/veeohutus.ee\/sugis\/?s={search_term_string}"},"query-input":{"@type":"PropertyValueSpecification","valueRequired":true,"valueName":"search_term_string"}}],"inLanguage":"et"}]}},"_links":{"self":[{"href":"https:\/\/veeohutus.ee\/sugis\/wp-json\/wp\/v2\/pages\/431","targetHints":{"allow":["GET"]}}],"collection":[{"href":"https:\/\/veeohutus.ee\/sugis\/wp-json\/wp\/v2\/pages"}],"about":[{"href":"https:\/\/veeohutus.ee\/sugis\/wp-json\/wp\/v2\/types\/page"}],"author":[{"embeddable":true,"href":"https:\/\/veeohutus.ee\/sugis\/wp-json\/wp\/v2\/users\/2"}],"replies":[{"embeddable":true,"href":"https:\/\/veeohutus.ee\/sugis\/wp-json\/wp\/v2\/comments?post=431"}],"version-history":[{"count":1,"href":"https:\/\/veeohutus.ee\/sugis\/wp-json\/wp\/v2\/pages\/431\/revisions"}],"predecessor-version":[{"id":432,"href":"https:\/\/veeohutus.ee\/sugis\/wp-json\/wp\/v2\/pages\/431\/revisions\/432"}],"wp:attachment":[{"href":"https:\/\/veeohutus.ee\/sugis\/wp-json\/wp\/v2\/media?parent=431"}],"curies":[{"name":"wp","href":"https:\/\/api.w.org\/{rel}","templated":true}]}}