{"id":1516,"date":"2017-01-31T13:09:26","date_gmt":"2017-01-31T10:09:26","guid":{"rendered":"http:\/\/demo.opus.ee\/projects\/veeohutus\/www\/?page_id=1516&#038;lang=en"},"modified":"2017-01-31T13:09:26","modified_gmt":"2017-01-31T10:09:26","slug":"what-are-the-sources-of-hazard","status":"publish","type":"page","link":"https:\/\/veeohutus.ee\/suvi\/en\/what-are-the-sources-of-hazard\/","title":{"rendered":"What are the sources of hazard?"},"content":{"rendered":"<ul>\n<li><strong>Ice openings and cracks in ice<\/strong> \u2013 the ice layer around them is weaker.<\/li>\n<li>\n<strong>Drifting blocks of ice<\/strong> \u2013 a block of ice can crumble fast. Often they attract the interest of children who try to ride them in spring, and can therefore get into danger of drowning.<\/li>\n<li>\n<strong>Ice is crackling<\/strong> \u2013 leave the ice immediately. When going on ice make sure that it can support the weight of a human, and avoid areas where the ice layer could be weaker.<\/li>\n<li>\n<strong>Moving around in darkness<\/strong> \u2013 there is a risk of losing your orientation and getting into an area where ice is weak. Moreover, you could miss possible cracks or holes.<\/li>\n<li>\n<strong>Light clothes<\/strong> \u2013 wind on a frozen body of water intensifies the feel of cold, and hypothermia kicks in faster.<\/li>\n<li>\n<strong>Different patches of colour can be observed on ice<\/strong> \u2013 different colours \/tones of ice point to areas with different thickness of ice.<\/li>\n<li>\n<strong>Consumption of alcohol<\/strong> \u2013 alcohol creates a deceptive feeling of warmth, but does not prevent hypothermia.<\/li>\n<\/ul>\n","protected":false},"excerpt":{"rendered":"<p>Ice openings and cracks in ice \u2013 the ice layer around them is weaker. Drifting blocks of ice \u2013 a block of ice can crumble fast. Often they attract the interest of children who try to ride them in spring, and can therefore get into danger of drowning. Ice is crackling \u2013 leave the ice&#8230;  <a class=\"excerpt-read-more\" href=\"https:\/\/veeohutus.ee\/suvi\/en\/what-are-the-sources-of-hazard\/\" title=\"Read What are the sources of hazard?\">Read more<\/a><\/p>\n","protected":false},"author":2,"featured_media":1300,"parent":0,"menu_order":45,"comment_status":"closed","ping_status":"closed","template":"","meta":{"_acf_changed":false,"footnotes":""},"class_list":["post-1516","page","type-page","status-publish","has-post-thumbnail","hentry"],"acf":[],"yoast_head":"<!-- This site is optimized with the Yoast SEO plugin v26.7 - https:\/\/yoast.com\/wordpress\/plugins\/seo\/ -->\n<title>What are the sources of hazard? - Veeohutus - Summer - how to prevent accidents in the water - P\u00e4\u00e4steamet<\/title>\n<meta name=\"robots\" content=\"index, follow, max-snippet:-1, max-image-preview:large, max-video-preview:-1\" \/>\n<link rel=\"canonical\" href=\"https:\/\/veeohutus.ee\/suvi\/en\/what-are-the-sources-of-hazard\/\" \/>\n<meta property=\"og:locale\" content=\"en_US\" \/>\n<meta property=\"og:type\" content=\"article\" \/>\n<meta property=\"og:title\" content=\"What are the sources of hazard? - Veeohutus - Summer - how to prevent accidents in the water - P\u00e4\u00e4steamet\" \/>\n<meta property=\"og:description\" content=\"Ice openings and cracks in ice \u2013 the ice layer around them is weaker. Drifting blocks of ice \u2013 a block of ice can crumble fast. Often they attract the interest of children who try to ride them in spring, and can therefore get into danger of drowning. Ice is crackling \u2013 leave the ice... Read more\" \/>\n<meta property=\"og:url\" content=\"https:\/\/veeohutus.ee\/suvi\/en\/what-are-the-sources-of-hazard\/\" \/>\n<meta property=\"og:site_name\" content=\"Veeohutus - Summer - how to prevent accidents in the water - P\u00e4\u00e4steamet\" \/>\n<meta property=\"og:image\" content=\"https:\/\/veeohutus.ee\/suvi\/wp-content\/uploads\/2016\/12\/winter-fishing-954075_960_720.jpg\" \/>\n\t<meta property=\"og:image:width\" content=\"960\" \/>\n\t<meta property=\"og:image:height\" content=\"540\" \/>\n\t<meta property=\"og:image:type\" content=\"image\/jpeg\" \/>\n<meta name=\"twitter:card\" content=\"summary_large_image\" \/>\n<meta name=\"twitter:label1\" content=\"Est. reading time\" \/>\n\t<meta name=\"twitter:data1\" content=\"1 minute\" \/>\n<script type=\"application\/ld+json\" class=\"yoast-schema-graph\">{\"@context\":\"https:\/\/schema.org\",\"@graph\":[{\"@type\":\"WebPage\",\"@id\":\"https:\/\/veeohutus.ee\/suvi\/en\/what-are-the-sources-of-hazard\/\",\"url\":\"https:\/\/veeohutus.ee\/suvi\/en\/what-are-the-sources-of-hazard\/\",\"name\":\"What are the sources of hazard? - Veeohutus - Summer - how to prevent accidents in the water - P\u00e4\u00e4steamet\",\"isPartOf\":{\"@id\":\"https:\/\/veeohutus.ee\/suvi\/#website\"},\"primaryImageOfPage\":{\"@id\":\"https:\/\/veeohutus.ee\/suvi\/en\/what-are-the-sources-of-hazard\/#primaryimage\"},\"image\":{\"@id\":\"https:\/\/veeohutus.ee\/suvi\/en\/what-are-the-sources-of-hazard\/#primaryimage\"},\"thumbnailUrl\":\"https:\/\/veeohutus.ee\/suvi\/wp-content\/uploads\/2016\/12\/winter-fishing-954075_960_720.jpg\",\"datePublished\":\"2017-01-31T10:09:26+00:00\",\"breadcrumb\":{\"@id\":\"https:\/\/veeohutus.ee\/suvi\/en\/what-are-the-sources-of-hazard\/#breadcrumb\"},\"inLanguage\":\"en\",\"potentialAction\":[{\"@type\":\"ReadAction\",\"target\":[\"https:\/\/veeohutus.ee\/suvi\/en\/what-are-the-sources-of-hazard\/\"]}]},{\"@type\":\"ImageObject\",\"inLanguage\":\"en\",\"@id\":\"https:\/\/veeohutus.ee\/suvi\/en\/what-are-the-sources-of-hazard\/#primaryimage\",\"url\":\"https:\/\/veeohutus.ee\/suvi\/wp-content\/uploads\/2016\/12\/winter-fishing-954075_960_720.jpg\",\"contentUrl\":\"https:\/\/veeohutus.ee\/suvi\/wp-content\/uploads\/2016\/12\/winter-fishing-954075_960_720.jpg\",\"width\":960,\"height\":540},{\"@type\":\"BreadcrumbList\",\"@id\":\"https:\/\/veeohutus.ee\/suvi\/en\/what-are-the-sources-of-hazard\/#breadcrumb\",\"itemListElement\":[{\"@type\":\"ListItem\",\"position\":1,\"name\":\"Home\",\"item\":\"https:\/\/veeohutus.ee\/suvi\/en\/\"},{\"@type\":\"ListItem\",\"position\":2,\"name\":\"What are the sources of hazard?\"}]},{\"@type\":\"WebSite\",\"@id\":\"https:\/\/veeohutus.ee\/suvi\/#website\",\"url\":\"https:\/\/veeohutus.ee\/suvi\/\",\"name\":\"Veeohutus - Summer - how to prevent accidents in the water - P\u00e4\u00e4steamet\",\"description\":\"P\u00e4\u00e4steamet - Veeohutus\",\"potentialAction\":[{\"@type\":\"SearchAction\",\"target\":{\"@type\":\"EntryPoint\",\"urlTemplate\":\"https:\/\/veeohutus.ee\/suvi\/?s={search_term_string}\"},\"query-input\":{\"@type\":\"PropertyValueSpecification\",\"valueRequired\":true,\"valueName\":\"search_term_string\"}}],\"inLanguage\":\"en\"}]}<\/script>\n<!-- \/ Yoast SEO plugin. -->","yoast_head_json":{"title":"What are the sources of hazard? - Veeohutus - Summer - how to prevent accidents in the water - P\u00e4\u00e4steamet","robots":{"index":"index","follow":"follow","max-snippet":"max-snippet:-1","max-image-preview":"max-image-preview:large","max-video-preview":"max-video-preview:-1"},"canonical":"https:\/\/veeohutus.ee\/suvi\/en\/what-are-the-sources-of-hazard\/","og_locale":"en_US","og_type":"article","og_title":"What are the sources of hazard? - Veeohutus - Summer - how to prevent accidents in the water - P\u00e4\u00e4steamet","og_description":"Ice openings and cracks in ice \u2013 the ice layer around them is weaker. Drifting blocks of ice \u2013 a block of ice can crumble fast. Often they attract the interest of children who try to ride them in spring, and can therefore get into danger of drowning. Ice is crackling \u2013 leave the ice... Read more","og_url":"https:\/\/veeohutus.ee\/suvi\/en\/what-are-the-sources-of-hazard\/","og_site_name":"Veeohutus - Summer - how to prevent accidents in the water - P\u00e4\u00e4steamet","og_image":[{"width":960,"height":540,"url":"https:\/\/veeohutus.ee\/suvi\/wp-content\/uploads\/2016\/12\/winter-fishing-954075_960_720.jpg","type":"image\/jpeg"}],"twitter_card":"summary_large_image","twitter_misc":{"Est. reading time":"1 minute"},"schema":{"@context":"https:\/\/schema.org","@graph":[{"@type":"WebPage","@id":"https:\/\/veeohutus.ee\/suvi\/en\/what-are-the-sources-of-hazard\/","url":"https:\/\/veeohutus.ee\/suvi\/en\/what-are-the-sources-of-hazard\/","name":"What are the sources of hazard? - Veeohutus - Summer - how to prevent accidents in the water - P\u00e4\u00e4steamet","isPartOf":{"@id":"https:\/\/veeohutus.ee\/suvi\/#website"},"primaryImageOfPage":{"@id":"https:\/\/veeohutus.ee\/suvi\/en\/what-are-the-sources-of-hazard\/#primaryimage"},"image":{"@id":"https:\/\/veeohutus.ee\/suvi\/en\/what-are-the-sources-of-hazard\/#primaryimage"},"thumbnailUrl":"https:\/\/veeohutus.ee\/suvi\/wp-content\/uploads\/2016\/12\/winter-fishing-954075_960_720.jpg","datePublished":"2017-01-31T10:09:26+00:00","breadcrumb":{"@id":"https:\/\/veeohutus.ee\/suvi\/en\/what-are-the-sources-of-hazard\/#breadcrumb"},"inLanguage":"en","potentialAction":[{"@type":"ReadAction","target":["https:\/\/veeohutus.ee\/suvi\/en\/what-are-the-sources-of-hazard\/"]}]},{"@type":"ImageObject","inLanguage":"en","@id":"https:\/\/veeohutus.ee\/suvi\/en\/what-are-the-sources-of-hazard\/#primaryimage","url":"https:\/\/veeohutus.ee\/suvi\/wp-content\/uploads\/2016\/12\/winter-fishing-954075_960_720.jpg","contentUrl":"https:\/\/veeohutus.ee\/suvi\/wp-content\/uploads\/2016\/12\/winter-fishing-954075_960_720.jpg","width":960,"height":540},{"@type":"BreadcrumbList","@id":"https:\/\/veeohutus.ee\/suvi\/en\/what-are-the-sources-of-hazard\/#breadcrumb","itemListElement":[{"@type":"ListItem","position":1,"name":"Home","item":"https:\/\/veeohutus.ee\/suvi\/en\/"},{"@type":"ListItem","position":2,"name":"What are the sources of hazard?"}]},{"@type":"WebSite","@id":"https:\/\/veeohutus.ee\/suvi\/#website","url":"https:\/\/veeohutus.ee\/suvi\/","name":"Veeohutus - Summer - how to prevent accidents in the water - P\u00e4\u00e4steamet","description":"P\u00e4\u00e4steamet - Veeohutus","potentialAction":[{"@type":"SearchAction","target":{"@type":"EntryPoint","urlTemplate":"https:\/\/veeohutus.ee\/suvi\/?s={search_term_string}"},"query-input":{"@type":"PropertyValueSpecification","valueRequired":true,"valueName":"search_term_string"}}],"inLanguage":"en"}]}},"_links":{"self":[{"href":"https:\/\/veeohutus.ee\/suvi\/en\/wp-json\/wp\/v2\/pages\/1516","targetHints":{"allow":["GET"]}}],"collection":[{"href":"https:\/\/veeohutus.ee\/suvi\/en\/wp-json\/wp\/v2\/pages"}],"about":[{"href":"https:\/\/veeohutus.ee\/suvi\/en\/wp-json\/wp\/v2\/types\/page"}],"author":[{"embeddable":true,"href":"https:\/\/veeohutus.ee\/suvi\/en\/wp-json\/wp\/v2\/users\/2"}],"replies":[{"embeddable":true,"href":"https:\/\/veeohutus.ee\/suvi\/en\/wp-json\/wp\/v2\/comments?post=1516"}],"version-history":[{"count":2,"href":"https:\/\/veeohutus.ee\/suvi\/en\/wp-json\/wp\/v2\/pages\/1516\/revisions"}],"predecessor-version":[{"id":1518,"href":"https:\/\/veeohutus.ee\/suvi\/en\/wp-json\/wp\/v2\/pages\/1516\/revisions\/1518"}],"wp:featuredmedia":[{"embeddable":true,"href":"https:\/\/veeohutus.ee\/suvi\/en\/wp-json\/wp\/v2\/media\/1300"}],"wp:attachment":[{"href":"https:\/\/veeohutus.ee\/suvi\/en\/wp-json\/wp\/v2\/media?parent=1516"}],"curies":[{"name":"wp","href":"https:\/\/api.w.org\/{rel}","templated":true}]}}