{"id":1564,"date":"2017-02-13T17:22:54","date_gmt":"2017-02-13T14:22:54","guid":{"rendered":"http:\/\/demo.opus.ee\/projects\/veeohutus\/www\/?page_id=1564&#038;lang=en"},"modified":"2017-06-02T10:08:54","modified_gmt":"2017-06-02T07:08:54","slug":"on-ice","status":"publish","type":"page","link":"https:\/\/veeohutus.ee\/suvi\/en\/on-ice\/","title":{"rendered":"On Ice"},"content":{"rendered":"<ul>\n<li>Make sure if the ice is strong enough for you, and keep away from places where it might be thinner.<\/li>\n<li>Choose paths already visited \u2013 in this way you can be confident that the ice is strong enough.<\/li>\n<li>Keep away from ice cracks and openings, as the ice surrounding it is thinner and you might fall through the ice.<\/li>\n<li>Never take a ride on an iceberg, and if you see someone doing so, forbid them. The iceberg might easily break and put the persons on it in danger.<\/li>\n<li>When you hear ice cracking, leave immediately, as cracks may make your stay unsafe.<\/li>\n<li>Avoid being on the ice after dark \u2013 you may lose orientation and end up in places with fragile ice.<\/li>\n<li>It is usually windy on a frozen body of water. Therefore, it is important to remember that wind makes you feel colder, thus making you cool down faster than in a windless place.<\/li>\n<li>Do not drink alcohol to warm up. Alcohol makes you feel warmer, but does not stop the body from cooling down.<\/li>\n<\/ul>\n","protected":false},"excerpt":{"rendered":"<p>Make sure if the ice is strong enough for you, and keep away from places where it might be thinner. Choose paths already visited \u2013 in this way you can be confident that the ice is strong enough. Keep away from ice cracks and openings, as the ice surrounding it is thinner and you might&#8230;  <a class=\"excerpt-read-more\" href=\"https:\/\/veeohutus.ee\/suvi\/en\/on-ice\/\" title=\"Read On Ice\">Read more<\/a><\/p>\n","protected":false},"author":2,"featured_media":1276,"parent":0,"menu_order":17,"comment_status":"closed","ping_status":"closed","template":"","meta":{"_acf_changed":false,"footnotes":""},"class_list":["post-1564","page","type-page","status-publish","has-post-thumbnail","hentry"],"acf":[],"yoast_head":"<!-- This site is optimized with the Yoast SEO plugin v26.7 - https:\/\/yoast.com\/wordpress\/plugins\/seo\/ -->\n<title>On Ice - Veeohutus - Summer - how to prevent accidents in the water - P\u00e4\u00e4steamet<\/title>\n<meta name=\"robots\" content=\"index, follow, max-snippet:-1, max-image-preview:large, max-video-preview:-1\" \/>\n<link rel=\"canonical\" href=\"https:\/\/veeohutus.ee\/suvi\/en\/on-ice\/\" \/>\n<meta property=\"og:locale\" content=\"en_US\" \/>\n<meta property=\"og:type\" content=\"article\" \/>\n<meta property=\"og:title\" content=\"On Ice - Veeohutus - Summer - how to prevent accidents in the water - P\u00e4\u00e4steamet\" \/>\n<meta property=\"og:description\" content=\"Make sure if the ice is strong enough for you, and keep away from places where it might be thinner. Choose paths already visited \u2013 in this way you can be confident that the ice is strong enough. Keep away from ice cracks and openings, as the ice surrounding it is thinner and you might... Read more\" \/>\n<meta property=\"og:url\" content=\"https:\/\/veeohutus.ee\/suvi\/en\/on-ice\/\" \/>\n<meta property=\"og:site_name\" content=\"Veeohutus - Summer - how to prevent accidents in the water - P\u00e4\u00e4steamet\" \/>\n<meta property=\"article:modified_time\" content=\"2017-06-02T07:08:54+00:00\" \/>\n<meta property=\"og:image\" content=\"https:\/\/veeohutus.ee\/suvi\/wp-content\/uploads\/2016\/12\/ice-1778634_960_720.jpg\" \/>\n\t<meta property=\"og:image:width\" content=\"960\" \/>\n\t<meta property=\"og:image:height\" content=\"640\" \/>\n\t<meta property=\"og:image:type\" content=\"image\/jpeg\" \/>\n<meta name=\"twitter:card\" content=\"summary_large_image\" \/>\n<meta name=\"twitter:label1\" content=\"Est. reading time\" \/>\n\t<meta name=\"twitter:data1\" content=\"1 minute\" \/>\n<script type=\"application\/ld+json\" class=\"yoast-schema-graph\">{\"@context\":\"https:\/\/schema.org\",\"@graph\":[{\"@type\":\"WebPage\",\"@id\":\"https:\/\/veeohutus.ee\/suvi\/en\/on-ice\/\",\"url\":\"https:\/\/veeohutus.ee\/suvi\/en\/on-ice\/\",\"name\":\"On Ice - Veeohutus - Summer - how to prevent accidents in the water - P\u00e4\u00e4steamet\",\"isPartOf\":{\"@id\":\"https:\/\/veeohutus.ee\/suvi\/#website\"},\"primaryImageOfPage\":{\"@id\":\"https:\/\/veeohutus.ee\/suvi\/en\/on-ice\/#primaryimage\"},\"image\":{\"@id\":\"https:\/\/veeohutus.ee\/suvi\/en\/on-ice\/#primaryimage\"},\"thumbnailUrl\":\"https:\/\/veeohutus.ee\/suvi\/wp-content\/uploads\/2016\/12\/ice-1778634_960_720.jpg\",\"datePublished\":\"2017-02-13T14:22:54+00:00\",\"dateModified\":\"2017-06-02T07:08:54+00:00\",\"breadcrumb\":{\"@id\":\"https:\/\/veeohutus.ee\/suvi\/en\/on-ice\/#breadcrumb\"},\"inLanguage\":\"en\",\"potentialAction\":[{\"@type\":\"ReadAction\",\"target\":[\"https:\/\/veeohutus.ee\/suvi\/en\/on-ice\/\"]}]},{\"@type\":\"ImageObject\",\"inLanguage\":\"en\",\"@id\":\"https:\/\/veeohutus.ee\/suvi\/en\/on-ice\/#primaryimage\",\"url\":\"https:\/\/veeohutus.ee\/suvi\/wp-content\/uploads\/2016\/12\/ice-1778634_960_720.jpg\",\"contentUrl\":\"https:\/\/veeohutus.ee\/suvi\/wp-content\/uploads\/2016\/12\/ice-1778634_960_720.jpg\",\"width\":960,\"height\":640},{\"@type\":\"BreadcrumbList\",\"@id\":\"https:\/\/veeohutus.ee\/suvi\/en\/on-ice\/#breadcrumb\",\"itemListElement\":[{\"@type\":\"ListItem\",\"position\":1,\"name\":\"Home\",\"item\":\"https:\/\/veeohutus.ee\/suvi\/en\/\"},{\"@type\":\"ListItem\",\"position\":2,\"name\":\"On Ice\"}]},{\"@type\":\"WebSite\",\"@id\":\"https:\/\/veeohutus.ee\/suvi\/#website\",\"url\":\"https:\/\/veeohutus.ee\/suvi\/\",\"name\":\"Veeohutus - Summer - how to prevent accidents in the water - P\u00e4\u00e4steamet\",\"description\":\"P\u00e4\u00e4steamet - Veeohutus\",\"potentialAction\":[{\"@type\":\"SearchAction\",\"target\":{\"@type\":\"EntryPoint\",\"urlTemplate\":\"https:\/\/veeohutus.ee\/suvi\/?s={search_term_string}\"},\"query-input\":{\"@type\":\"PropertyValueSpecification\",\"valueRequired\":true,\"valueName\":\"search_term_string\"}}],\"inLanguage\":\"en\"}]}<\/script>\n<!-- \/ Yoast SEO plugin. -->","yoast_head_json":{"title":"On Ice - Veeohutus - Summer - how to prevent accidents in the water - P\u00e4\u00e4steamet","robots":{"index":"index","follow":"follow","max-snippet":"max-snippet:-1","max-image-preview":"max-image-preview:large","max-video-preview":"max-video-preview:-1"},"canonical":"https:\/\/veeohutus.ee\/suvi\/en\/on-ice\/","og_locale":"en_US","og_type":"article","og_title":"On Ice - Veeohutus - Summer - how to prevent accidents in the water - P\u00e4\u00e4steamet","og_description":"Make sure if the ice is strong enough for you, and keep away from places where it might be thinner. Choose paths already visited \u2013 in this way you can be confident that the ice is strong enough. Keep away from ice cracks and openings, as the ice surrounding it is thinner and you might... Read more","og_url":"https:\/\/veeohutus.ee\/suvi\/en\/on-ice\/","og_site_name":"Veeohutus - Summer - how to prevent accidents in the water - P\u00e4\u00e4steamet","article_modified_time":"2017-06-02T07:08:54+00:00","og_image":[{"width":960,"height":640,"url":"https:\/\/veeohutus.ee\/suvi\/wp-content\/uploads\/2016\/12\/ice-1778634_960_720.jpg","type":"image\/jpeg"}],"twitter_card":"summary_large_image","twitter_misc":{"Est. reading time":"1 minute"},"schema":{"@context":"https:\/\/schema.org","@graph":[{"@type":"WebPage","@id":"https:\/\/veeohutus.ee\/suvi\/en\/on-ice\/","url":"https:\/\/veeohutus.ee\/suvi\/en\/on-ice\/","name":"On Ice - Veeohutus - Summer - how to prevent accidents in the water - P\u00e4\u00e4steamet","isPartOf":{"@id":"https:\/\/veeohutus.ee\/suvi\/#website"},"primaryImageOfPage":{"@id":"https:\/\/veeohutus.ee\/suvi\/en\/on-ice\/#primaryimage"},"image":{"@id":"https:\/\/veeohutus.ee\/suvi\/en\/on-ice\/#primaryimage"},"thumbnailUrl":"https:\/\/veeohutus.ee\/suvi\/wp-content\/uploads\/2016\/12\/ice-1778634_960_720.jpg","datePublished":"2017-02-13T14:22:54+00:00","dateModified":"2017-06-02T07:08:54+00:00","breadcrumb":{"@id":"https:\/\/veeohutus.ee\/suvi\/en\/on-ice\/#breadcrumb"},"inLanguage":"en","potentialAction":[{"@type":"ReadAction","target":["https:\/\/veeohutus.ee\/suvi\/en\/on-ice\/"]}]},{"@type":"ImageObject","inLanguage":"en","@id":"https:\/\/veeohutus.ee\/suvi\/en\/on-ice\/#primaryimage","url":"https:\/\/veeohutus.ee\/suvi\/wp-content\/uploads\/2016\/12\/ice-1778634_960_720.jpg","contentUrl":"https:\/\/veeohutus.ee\/suvi\/wp-content\/uploads\/2016\/12\/ice-1778634_960_720.jpg","width":960,"height":640},{"@type":"BreadcrumbList","@id":"https:\/\/veeohutus.ee\/suvi\/en\/on-ice\/#breadcrumb","itemListElement":[{"@type":"ListItem","position":1,"name":"Home","item":"https:\/\/veeohutus.ee\/suvi\/en\/"},{"@type":"ListItem","position":2,"name":"On Ice"}]},{"@type":"WebSite","@id":"https:\/\/veeohutus.ee\/suvi\/#website","url":"https:\/\/veeohutus.ee\/suvi\/","name":"Veeohutus - Summer - how to prevent accidents in the water - P\u00e4\u00e4steamet","description":"P\u00e4\u00e4steamet - Veeohutus","potentialAction":[{"@type":"SearchAction","target":{"@type":"EntryPoint","urlTemplate":"https:\/\/veeohutus.ee\/suvi\/?s={search_term_string}"},"query-input":{"@type":"PropertyValueSpecification","valueRequired":true,"valueName":"search_term_string"}}],"inLanguage":"en"}]}},"_links":{"self":[{"href":"https:\/\/veeohutus.ee\/suvi\/en\/wp-json\/wp\/v2\/pages\/1564","targetHints":{"allow":["GET"]}}],"collection":[{"href":"https:\/\/veeohutus.ee\/suvi\/en\/wp-json\/wp\/v2\/pages"}],"about":[{"href":"https:\/\/veeohutus.ee\/suvi\/en\/wp-json\/wp\/v2\/types\/page"}],"author":[{"embeddable":true,"href":"https:\/\/veeohutus.ee\/suvi\/en\/wp-json\/wp\/v2\/users\/2"}],"replies":[{"embeddable":true,"href":"https:\/\/veeohutus.ee\/suvi\/en\/wp-json\/wp\/v2\/comments?post=1564"}],"version-history":[{"count":4,"href":"https:\/\/veeohutus.ee\/suvi\/en\/wp-json\/wp\/v2\/pages\/1564\/revisions"}],"predecessor-version":[{"id":1568,"href":"https:\/\/veeohutus.ee\/suvi\/en\/wp-json\/wp\/v2\/pages\/1564\/revisions\/1568"}],"wp:featuredmedia":[{"embeddable":true,"href":"https:\/\/veeohutus.ee\/suvi\/en\/wp-json\/wp\/v2\/media\/1276"}],"wp:attachment":[{"href":"https:\/\/veeohutus.ee\/suvi\/en\/wp-json\/wp\/v2\/media?parent=1564"}],"curies":[{"name":"wp","href":"https:\/\/api.w.org\/{rel}","templated":true}]}}