{"id":1588,"date":"2017-02-13T17:56:13","date_gmt":"2017-02-13T14:56:13","guid":{"rendered":"http:\/\/demo.opus.ee\/projects\/veeohutus\/www\/?page_id=1588&#038;lang=en"},"modified":"2017-06-02T10:08:41","modified_gmt":"2017-06-02T07:08:41","slug":"driving-on-ice","status":"publish","type":"page","link":"https:\/\/veeohutus.ee\/suvi\/en\/driving-on-ice\/","title":{"rendered":"Driving on Ice"},"content":{"rendered":"<ul>\n<li>When heading out on the ice, traffic signs on the shore must be observed. Entry and passage ban signs do not lose their validity on ice. Choose an appropriate speed according to conditions.<\/li>\n<li>Do not fasten your seat belt, make sure that the doors can be easily opened, and that items in the car do not prevent making a quick exit.<\/li>\n<li>Avoid abrupt and unnecessary maneuvers, braking, and acceleration. When approaching unknown places, check beforehand whether it is safe to cross them. In case of doubt, leave the car in a safe distance. Do not park all cars in the same place. When driving with other vehicles nearby, keep to a uniform speed and before stopping, leave your fellow road users enough time to react.<\/li>\n<li>Take a charged phone, and a GPS device or a compass with you. Having a snow shovel and tow rope in the boot does not hurt either. Check that your phone book contains all necessary numbers.<\/li>\n<li>When on Lake Peipsi, remember to register the beginning and end of you and your friends\u2019 stay. On the first entry, reserve some time for giving the names and dates of birth of all passengers and also the personal identification number of the caller.<\/li>\n","protected":false},"excerpt":{"rendered":"<p>When heading out on the ice, traffic signs on the shore must be observed. Entry and passage ban signs do not lose their validity on ice. Choose an appropriate speed according to conditions. Do not fasten your seat belt, make sure that the doors can be easily opened, and that items in the car do&#8230;  <a class=\"excerpt-read-more\" href=\"https:\/\/veeohutus.ee\/suvi\/en\/driving-on-ice\/\" title=\"Read Driving on Ice\">Read more<\/a><\/p>\n","protected":false},"author":2,"featured_media":1282,"parent":0,"menu_order":46,"comment_status":"closed","ping_status":"closed","template":"","meta":{"_acf_changed":false,"footnotes":""},"class_list":["post-1588","page","type-page","status-publish","has-post-thumbnail","hentry"],"acf":[],"yoast_head":"<!-- This site is optimized with the Yoast SEO plugin v26.7 - https:\/\/yoast.com\/wordpress\/plugins\/seo\/ -->\n<title>Driving on Ice - Veeohutus - Summer - how to prevent accidents in the water - P\u00e4\u00e4steamet<\/title>\n<meta name=\"robots\" content=\"index, follow, max-snippet:-1, max-image-preview:large, max-video-preview:-1\" \/>\n<link rel=\"canonical\" href=\"https:\/\/veeohutus.ee\/suvi\/en\/driving-on-ice\/\" \/>\n<meta property=\"og:locale\" content=\"en_US\" \/>\n<meta property=\"og:type\" content=\"article\" \/>\n<meta property=\"og:title\" content=\"Driving on Ice - Veeohutus - Summer - how to prevent accidents in the water - P\u00e4\u00e4steamet\" \/>\n<meta property=\"og:description\" content=\"When heading out on the ice, traffic signs on the shore must be observed. Entry and passage ban signs do not lose their validity on ice. Choose an appropriate speed according to conditions. Do not fasten your seat belt, make sure that the doors can be easily opened, and that items in the car do... Read more\" \/>\n<meta property=\"og:url\" content=\"https:\/\/veeohutus.ee\/suvi\/en\/driving-on-ice\/\" \/>\n<meta property=\"og:site_name\" content=\"Veeohutus - Summer - how to prevent accidents in the water - P\u00e4\u00e4steamet\" \/>\n<meta property=\"article:modified_time\" content=\"2017-06-02T07:08:41+00:00\" \/>\n<meta property=\"og:image\" content=\"https:\/\/veeohutus.ee\/suvi\/wp-content\/uploads\/2016\/12\/snow-1210060_960_720.jpg\" \/>\n\t<meta property=\"og:image:width\" content=\"960\" \/>\n\t<meta property=\"og:image:height\" content=\"719\" \/>\n\t<meta property=\"og:image:type\" content=\"image\/jpeg\" \/>\n<meta name=\"twitter:card\" content=\"summary_large_image\" \/>\n<meta name=\"twitter:label1\" content=\"Est. reading time\" \/>\n\t<meta name=\"twitter:data1\" content=\"1 minute\" \/>\n<script type=\"application\/ld+json\" class=\"yoast-schema-graph\">{\"@context\":\"https:\/\/schema.org\",\"@graph\":[{\"@type\":\"WebPage\",\"@id\":\"https:\/\/veeohutus.ee\/suvi\/en\/driving-on-ice\/\",\"url\":\"https:\/\/veeohutus.ee\/suvi\/en\/driving-on-ice\/\",\"name\":\"Driving on Ice - Veeohutus - Summer - how to prevent accidents in the water - P\u00e4\u00e4steamet\",\"isPartOf\":{\"@id\":\"https:\/\/veeohutus.ee\/suvi\/#website\"},\"primaryImageOfPage\":{\"@id\":\"https:\/\/veeohutus.ee\/suvi\/en\/driving-on-ice\/#primaryimage\"},\"image\":{\"@id\":\"https:\/\/veeohutus.ee\/suvi\/en\/driving-on-ice\/#primaryimage\"},\"thumbnailUrl\":\"https:\/\/veeohutus.ee\/suvi\/wp-content\/uploads\/2016\/12\/snow-1210060_960_720.jpg\",\"datePublished\":\"2017-02-13T14:56:13+00:00\",\"dateModified\":\"2017-06-02T07:08:41+00:00\",\"breadcrumb\":{\"@id\":\"https:\/\/veeohutus.ee\/suvi\/en\/driving-on-ice\/#breadcrumb\"},\"inLanguage\":\"en\",\"potentialAction\":[{\"@type\":\"ReadAction\",\"target\":[\"https:\/\/veeohutus.ee\/suvi\/en\/driving-on-ice\/\"]}]},{\"@type\":\"ImageObject\",\"inLanguage\":\"en\",\"@id\":\"https:\/\/veeohutus.ee\/suvi\/en\/driving-on-ice\/#primaryimage\",\"url\":\"https:\/\/veeohutus.ee\/suvi\/wp-content\/uploads\/2016\/12\/snow-1210060_960_720.jpg\",\"contentUrl\":\"https:\/\/veeohutus.ee\/suvi\/wp-content\/uploads\/2016\/12\/snow-1210060_960_720.jpg\",\"width\":960,\"height\":719},{\"@type\":\"BreadcrumbList\",\"@id\":\"https:\/\/veeohutus.ee\/suvi\/en\/driving-on-ice\/#breadcrumb\",\"itemListElement\":[{\"@type\":\"ListItem\",\"position\":1,\"name\":\"Home\",\"item\":\"https:\/\/veeohutus.ee\/suvi\/en\/\"},{\"@type\":\"ListItem\",\"position\":2,\"name\":\"Driving on Ice\"}]},{\"@type\":\"WebSite\",\"@id\":\"https:\/\/veeohutus.ee\/suvi\/#website\",\"url\":\"https:\/\/veeohutus.ee\/suvi\/\",\"name\":\"Veeohutus - Summer - how to prevent accidents in the water - P\u00e4\u00e4steamet\",\"description\":\"P\u00e4\u00e4steamet - Veeohutus\",\"potentialAction\":[{\"@type\":\"SearchAction\",\"target\":{\"@type\":\"EntryPoint\",\"urlTemplate\":\"https:\/\/veeohutus.ee\/suvi\/?s={search_term_string}\"},\"query-input\":{\"@type\":\"PropertyValueSpecification\",\"valueRequired\":true,\"valueName\":\"search_term_string\"}}],\"inLanguage\":\"en\"}]}<\/script>\n<!-- \/ Yoast SEO plugin. -->","yoast_head_json":{"title":"Driving on Ice - Veeohutus - Summer - how to prevent accidents in the water - P\u00e4\u00e4steamet","robots":{"index":"index","follow":"follow","max-snippet":"max-snippet:-1","max-image-preview":"max-image-preview:large","max-video-preview":"max-video-preview:-1"},"canonical":"https:\/\/veeohutus.ee\/suvi\/en\/driving-on-ice\/","og_locale":"en_US","og_type":"article","og_title":"Driving on Ice - Veeohutus - Summer - how to prevent accidents in the water - P\u00e4\u00e4steamet","og_description":"When heading out on the ice, traffic signs on the shore must be observed. Entry and passage ban signs do not lose their validity on ice. Choose an appropriate speed according to conditions. Do not fasten your seat belt, make sure that the doors can be easily opened, and that items in the car do... Read more","og_url":"https:\/\/veeohutus.ee\/suvi\/en\/driving-on-ice\/","og_site_name":"Veeohutus - Summer - how to prevent accidents in the water - P\u00e4\u00e4steamet","article_modified_time":"2017-06-02T07:08:41+00:00","og_image":[{"width":960,"height":719,"url":"https:\/\/veeohutus.ee\/suvi\/wp-content\/uploads\/2016\/12\/snow-1210060_960_720.jpg","type":"image\/jpeg"}],"twitter_card":"summary_large_image","twitter_misc":{"Est. reading time":"1 minute"},"schema":{"@context":"https:\/\/schema.org","@graph":[{"@type":"WebPage","@id":"https:\/\/veeohutus.ee\/suvi\/en\/driving-on-ice\/","url":"https:\/\/veeohutus.ee\/suvi\/en\/driving-on-ice\/","name":"Driving on Ice - Veeohutus - Summer - how to prevent accidents in the water - P\u00e4\u00e4steamet","isPartOf":{"@id":"https:\/\/veeohutus.ee\/suvi\/#website"},"primaryImageOfPage":{"@id":"https:\/\/veeohutus.ee\/suvi\/en\/driving-on-ice\/#primaryimage"},"image":{"@id":"https:\/\/veeohutus.ee\/suvi\/en\/driving-on-ice\/#primaryimage"},"thumbnailUrl":"https:\/\/veeohutus.ee\/suvi\/wp-content\/uploads\/2016\/12\/snow-1210060_960_720.jpg","datePublished":"2017-02-13T14:56:13+00:00","dateModified":"2017-06-02T07:08:41+00:00","breadcrumb":{"@id":"https:\/\/veeohutus.ee\/suvi\/en\/driving-on-ice\/#breadcrumb"},"inLanguage":"en","potentialAction":[{"@type":"ReadAction","target":["https:\/\/veeohutus.ee\/suvi\/en\/driving-on-ice\/"]}]},{"@type":"ImageObject","inLanguage":"en","@id":"https:\/\/veeohutus.ee\/suvi\/en\/driving-on-ice\/#primaryimage","url":"https:\/\/veeohutus.ee\/suvi\/wp-content\/uploads\/2016\/12\/snow-1210060_960_720.jpg","contentUrl":"https:\/\/veeohutus.ee\/suvi\/wp-content\/uploads\/2016\/12\/snow-1210060_960_720.jpg","width":960,"height":719},{"@type":"BreadcrumbList","@id":"https:\/\/veeohutus.ee\/suvi\/en\/driving-on-ice\/#breadcrumb","itemListElement":[{"@type":"ListItem","position":1,"name":"Home","item":"https:\/\/veeohutus.ee\/suvi\/en\/"},{"@type":"ListItem","position":2,"name":"Driving on Ice"}]},{"@type":"WebSite","@id":"https:\/\/veeohutus.ee\/suvi\/#website","url":"https:\/\/veeohutus.ee\/suvi\/","name":"Veeohutus - Summer - how to prevent accidents in the water - P\u00e4\u00e4steamet","description":"P\u00e4\u00e4steamet - Veeohutus","potentialAction":[{"@type":"SearchAction","target":{"@type":"EntryPoint","urlTemplate":"https:\/\/veeohutus.ee\/suvi\/?s={search_term_string}"},"query-input":{"@type":"PropertyValueSpecification","valueRequired":true,"valueName":"search_term_string"}}],"inLanguage":"en"}]}},"_links":{"self":[{"href":"https:\/\/veeohutus.ee\/suvi\/en\/wp-json\/wp\/v2\/pages\/1588","targetHints":{"allow":["GET"]}}],"collection":[{"href":"https:\/\/veeohutus.ee\/suvi\/en\/wp-json\/wp\/v2\/pages"}],"about":[{"href":"https:\/\/veeohutus.ee\/suvi\/en\/wp-json\/wp\/v2\/types\/page"}],"author":[{"embeddable":true,"href":"https:\/\/veeohutus.ee\/suvi\/en\/wp-json\/wp\/v2\/users\/2"}],"replies":[{"embeddable":true,"href":"https:\/\/veeohutus.ee\/suvi\/en\/wp-json\/wp\/v2\/comments?post=1588"}],"version-history":[{"count":2,"href":"https:\/\/veeohutus.ee\/suvi\/en\/wp-json\/wp\/v2\/pages\/1588\/revisions"}],"predecessor-version":[{"id":1590,"href":"https:\/\/veeohutus.ee\/suvi\/en\/wp-json\/wp\/v2\/pages\/1588\/revisions\/1590"}],"wp:featuredmedia":[{"embeddable":true,"href":"https:\/\/veeohutus.ee\/suvi\/en\/wp-json\/wp\/v2\/media\/1282"}],"wp:attachment":[{"href":"https:\/\/veeohutus.ee\/suvi\/en\/wp-json\/wp\/v2\/media?parent=1588"}],"curies":[{"name":"wp","href":"https:\/\/api.w.org\/{rel}","templated":true}]}}