{"id":1593,"date":"2017-02-13T17:59:45","date_gmt":"2017-02-13T14:59:45","guid":{"rendered":"http:\/\/demo.opus.ee\/projects\/veeohutus\/www\/?page_id=1593&#038;lang=en"},"modified":"2017-02-14T11:39:14","modified_gmt":"2017-02-14T08:39:14","slug":"self-rescue","status":"publish","type":"page","link":"https:\/\/veeohutus.ee\/suvi\/en\/self-rescue\/","title":{"rendered":"Self-Rescue"},"content":{"rendered":"<p>&nbsp;<\/p>\n<ul>\n<li>If you have fallen through the ice, cry for help.<\/li>\n<\/ul>\n<p><img loading=\"lazy\" decoding=\"async\" class=\"aligncenter wp-image-1085\" src=\"http:\/\/demo.opus.ee\/projects\/veeohutus\/www\/wp-content\/uploads\/2016\/12\/Kutsu_abi.jpg\" alt=\"Kutsu_abi\" width=\"580\" height=\"386\" srcset=\"https:\/\/veeohutus.ee\/suvi\/wp-content\/uploads\/2016\/12\/Kutsu_abi.jpg 701w, https:\/\/veeohutus.ee\/suvi\/wp-content\/uploads\/2016\/12\/Kutsu_abi-300x200.jpg 300w\" sizes=\"auto, (max-width: 580px) 100vw, 580px\" \/><br \/>\n&nbsp;<\/p>\n<ul>\n<li>Stay calm, try not to panic, and avoid abrupt movements.<\/li>\n<\/ul>\n<p><img loading=\"lazy\" decoding=\"async\" class=\"aligncenter wp-image-1088\" src=\"http:\/\/demo.opus.ee\/projects\/veeohutus\/www\/wp-content\/uploads\/2016\/12\/J\u00e4\u00e4_rahulikuks.jpg\" alt=\"J\u00e4\u00e4_rahulikuks\" width=\"580\" height=\"386\" srcset=\"https:\/\/veeohutus.ee\/suvi\/wp-content\/uploads\/2016\/12\/J\u00e4\u00e4_rahulikuks.jpg 701w, https:\/\/veeohutus.ee\/suvi\/wp-content\/uploads\/2016\/12\/J\u00e4\u00e4_rahulikuks-300x200.jpg 300w\" sizes=\"auto, (max-width: 580px) 100vw, 580px\" \/><br \/>\n&nbsp;<\/p>\n<ul>\n<li>Avoid being pulled under the ice by streams of water.<\/li>\n<\/ul>\n<p><img loading=\"lazy\" decoding=\"async\" class=\"aligncenter wp-image-1091\" src=\"http:\/\/demo.opus.ee\/projects\/veeohutus\/www\/wp-content\/uploads\/2016\/12\/j\u00e4\u00e4_rahulikuks_2.jpg\" alt=\"j\u00e4\u00e4_rahulikuks_2\" width=\"580\" height=\"386\" srcset=\"https:\/\/veeohutus.ee\/suvi\/wp-content\/uploads\/2016\/12\/j\u00e4\u00e4_rahulikuks_2.jpg 701w, https:\/\/veeohutus.ee\/suvi\/wp-content\/uploads\/2016\/12\/j\u00e4\u00e4_rahulikuks_2-300x200.jpg 300w\" sizes=\"auto, (max-width: 580px) 100vw, 580px\" \/><br \/>\n&nbsp;<\/p>\n<ul>\n<li>Stretch your hands towards the edge of the ice hole, and with strong swimming movements, try to drag your body, and then your legs, out of the water and onto the ice. Try to stay on your stomach as much as possible to minimize the impact of your weight on the ice. By doing so, you decrease the risk of breaking the ice again.<\/li>\n<\/ul>\n<img loading=\"lazy\" decoding=\"async\" class=\"aligncenter wp-image-1094\" src=\"http:\/\/demo.opus.ee\/projects\/veeohutus\/www\/wp-content\/uploads\/2016\/12\/Roni_j\u00e4\u00e4le_2.jpg\" alt=\"Roni_j\u00e4\u00e4le_2\" width=\"580\" height=\"386\" srcset=\"https:\/\/veeohutus.ee\/suvi\/wp-content\/uploads\/2016\/12\/Roni_j\u00e4\u00e4le_2.jpg 701w, https:\/\/veeohutus.ee\/suvi\/wp-content\/uploads\/2016\/12\/Roni_j\u00e4\u00e4le_2-300x200.jpg 300w\" sizes=\"auto, (max-width: 580px) 100vw, 580px\" \/>\n<p><img loading=\"lazy\" decoding=\"async\" class=\"aligncenter wp-image-1097\" src=\"http:\/\/demo.opus.ee\/projects\/veeohutus\/www\/wp-content\/uploads\/2016\/12\/Roni_j\u00e4\u00e4le.jpg\" alt=\"Roni_j\u00e4\u00e4le\" width=\"580\" height=\"386\" srcset=\"https:\/\/veeohutus.ee\/suvi\/wp-content\/uploads\/2016\/12\/Roni_j\u00e4\u00e4le.jpg 701w, https:\/\/veeohutus.ee\/suvi\/wp-content\/uploads\/2016\/12\/Roni_j\u00e4\u00e4le-300x200.jpg 300w\" sizes=\"auto, (max-width: 580px) 100vw, 580px\" \/><br \/>\n&nbsp;<\/p>\n<ul>\n<li>If you are in the possession of ice traction cleats, these might help you to get out of the water faster. Hold a cleat with both hands and use these to get a grip on the ice, then pull yourself onto the ice.<\/li>\n<\/ul>\n<p><img loading=\"lazy\" decoding=\"async\" class=\"aligncenter wp-image-1100\" src=\"http:\/\/demo.opus.ee\/projects\/veeohutus\/www\/wp-content\/uploads\/2016\/12\/Kasuta_j\u00e4\u00e4naelu.jpg\" alt=\"Kasuta_j\u00e4\u00e4naelu\" width=\"580\" height=\"386\" srcset=\"https:\/\/veeohutus.ee\/suvi\/wp-content\/uploads\/2016\/12\/Kasuta_j\u00e4\u00e4naelu.jpg 701w, https:\/\/veeohutus.ee\/suvi\/wp-content\/uploads\/2016\/12\/Kasuta_j\u00e4\u00e4naelu-300x200.jpg 300w\" sizes=\"auto, (max-width: 580px) 100vw, 580px\" \/><br \/>\n&nbsp;<\/p>\n<ul>\n<li>When out of the water, avoid getting up, as you might fall through the ice again. Roll or crawl away from the ice hole.<\/li>\n<\/ul>\n<img loading=\"lazy\" decoding=\"async\" class=\"aligncenter wp-image-1103\" src=\"http:\/\/demo.opus.ee\/projects\/veeohutus\/www\/wp-content\/uploads\/2016\/12\/Rullu_eemale.jpg\" alt=\"Rullu_eemale\" width=\"580\" height=\"386\" srcset=\"https:\/\/veeohutus.ee\/suvi\/wp-content\/uploads\/2016\/12\/Rullu_eemale.jpg 701w, https:\/\/veeohutus.ee\/suvi\/wp-content\/uploads\/2016\/12\/Rullu_eemale-300x200.jpg 300w\" sizes=\"auto, (max-width: 580px) 100vw, 580px\" \/>\n<p><img loading=\"lazy\" decoding=\"async\" class=\"aligncenter wp-image-1106\" src=\"http:\/\/demo.opus.ee\/projects\/veeohutus\/www\/wp-content\/uploads\/2016\/12\/Liigu_madalalt_1.jpg\" alt=\"Liigu_madalalt_1\" width=\"580\" height=\"386\" srcset=\"https:\/\/veeohutus.ee\/suvi\/wp-content\/uploads\/2016\/12\/Liigu_madalalt_1.jpg 701w, https:\/\/veeohutus.ee\/suvi\/wp-content\/uploads\/2016\/12\/Liigu_madalalt_1-300x200.jpg 300w\" sizes=\"auto, (max-width: 580px) 100vw, 580px\" \/><br \/>\n&nbsp;<\/p>\n<ul>\n<li>If at a safe distance, stand up and leave the ice by taking the same path used for coming to the ice.<\/li>\n<\/ul>\n<p><img loading=\"lazy\" decoding=\"async\" class=\"aligncenter wp-image-1106\" src=\"http:\/\/demo.opus.ee\/projects\/veeohutus\/www\/wp-content\/uploads\/2016\/12\/Liigu_madalalt_1.jpg\" alt=\"Liigu_madalalt_1\" width=\"580\" height=\"386\" srcset=\"https:\/\/veeohutus.ee\/suvi\/wp-content\/uploads\/2016\/12\/Liigu_madalalt_1.jpg 701w, https:\/\/veeohutus.ee\/suvi\/wp-content\/uploads\/2016\/12\/Liigu_madalalt_1-300x200.jpg 300w\" sizes=\"auto, (max-width: 580px) 100vw, 580px\" \/><br \/>\n&nbsp;<\/p>\n<ul>\n<li>Find a place to warm up and change your wet clothes. If you do not have dry clothes on hand, wringing out your wet clothes will also help.<\/li>\n<\/ul>\n","protected":false},"excerpt":{"rendered":"<p>&nbsp; If you have fallen through the ice, cry for help. &nbsp; Stay calm, try not to panic, and avoid abrupt movements. &nbsp; Avoid being pulled under the ice by streams of water. &nbsp; Stretch your hands towards the edge of the ice hole, and with strong swimming movements, try to drag your body, and&#8230;  <a class=\"excerpt-read-more\" href=\"https:\/\/veeohutus.ee\/suvi\/en\/self-rescue\/\" title=\"Read Self-Rescue\">Read more<\/a><\/p>\n","protected":false},"author":2,"featured_media":1285,"parent":0,"menu_order":5,"comment_status":"closed","ping_status":"closed","template":"","meta":{"_acf_changed":false,"footnotes":""},"class_list":["post-1593","page","type-page","status-publish","has-post-thumbnail","hentry"],"acf":[],"yoast_head":"<!-- This site is optimized with the Yoast SEO plugin v26.7 - https:\/\/yoast.com\/wordpress\/plugins\/seo\/ -->\n<title>Self-Rescue - Veeohutus - Summer - how to prevent accidents in the water - P\u00e4\u00e4steamet<\/title>\n<meta name=\"robots\" content=\"index, follow, max-snippet:-1, max-image-preview:large, max-video-preview:-1\" \/>\n<link rel=\"canonical\" href=\"https:\/\/veeohutus.ee\/suvi\/en\/self-rescue\/\" \/>\n<meta property=\"og:locale\" content=\"en_US\" \/>\n<meta property=\"og:type\" content=\"article\" \/>\n<meta property=\"og:title\" content=\"Self-Rescue - Veeohutus - Summer - how to prevent accidents in the water - P\u00e4\u00e4steamet\" \/>\n<meta property=\"og:description\" content=\"&nbsp; If you have fallen through the ice, cry for help. &nbsp; Stay calm, try not to panic, and avoid abrupt movements. &nbsp; Avoid being pulled under the ice by streams of water. &nbsp; Stretch your hands towards the edge of the ice hole, and with strong swimming movements, try to drag your body, and... Read more\" \/>\n<meta property=\"og:url\" content=\"https:\/\/veeohutus.ee\/suvi\/en\/self-rescue\/\" \/>\n<meta property=\"og:site_name\" content=\"Veeohutus - Summer - how to prevent accidents in the water - P\u00e4\u00e4steamet\" \/>\n<meta property=\"article:modified_time\" content=\"2017-02-14T08:39:14+00:00\" \/>\n<meta property=\"og:image\" content=\"https:\/\/veeohutus.ee\/suvi\/wp-content\/uploads\/2016\/12\/NAEL_7-Medium.jpg\" \/>\n\t<meta property=\"og:image:width\" content=\"800\" \/>\n\t<meta property=\"og:image:height\" content=\"600\" \/>\n\t<meta property=\"og:image:type\" content=\"image\/jpeg\" \/>\n<meta name=\"twitter:card\" content=\"summary_large_image\" \/>\n<meta name=\"twitter:label1\" content=\"Est. reading time\" \/>\n\t<meta name=\"twitter:data1\" content=\"1 minute\" \/>\n<script type=\"application\/ld+json\" class=\"yoast-schema-graph\">{\"@context\":\"https:\/\/schema.org\",\"@graph\":[{\"@type\":\"WebPage\",\"@id\":\"https:\/\/veeohutus.ee\/suvi\/en\/self-rescue\/\",\"url\":\"https:\/\/veeohutus.ee\/suvi\/en\/self-rescue\/\",\"name\":\"Self-Rescue - Veeohutus - Summer - how to prevent accidents in the water - P\u00e4\u00e4steamet\",\"isPartOf\":{\"@id\":\"https:\/\/veeohutus.ee\/suvi\/#website\"},\"primaryImageOfPage\":{\"@id\":\"https:\/\/veeohutus.ee\/suvi\/en\/self-rescue\/#primaryimage\"},\"image\":{\"@id\":\"https:\/\/veeohutus.ee\/suvi\/en\/self-rescue\/#primaryimage\"},\"thumbnailUrl\":\"https:\/\/veeohutus.ee\/suvi\/wp-content\/uploads\/2016\/12\/NAEL_7-Medium.jpg\",\"datePublished\":\"2017-02-13T14:59:45+00:00\",\"dateModified\":\"2017-02-14T08:39:14+00:00\",\"breadcrumb\":{\"@id\":\"https:\/\/veeohutus.ee\/suvi\/en\/self-rescue\/#breadcrumb\"},\"inLanguage\":\"en\",\"potentialAction\":[{\"@type\":\"ReadAction\",\"target\":[\"https:\/\/veeohutus.ee\/suvi\/en\/self-rescue\/\"]}]},{\"@type\":\"ImageObject\",\"inLanguage\":\"en\",\"@id\":\"https:\/\/veeohutus.ee\/suvi\/en\/self-rescue\/#primaryimage\",\"url\":\"https:\/\/veeohutus.ee\/suvi\/wp-content\/uploads\/2016\/12\/NAEL_7-Medium.jpg\",\"contentUrl\":\"https:\/\/veeohutus.ee\/suvi\/wp-content\/uploads\/2016\/12\/NAEL_7-Medium.jpg\",\"width\":800,\"height\":600,\"caption\":\"OLYMPUS DIGITAL CAMERA\"},{\"@type\":\"BreadcrumbList\",\"@id\":\"https:\/\/veeohutus.ee\/suvi\/en\/self-rescue\/#breadcrumb\",\"itemListElement\":[{\"@type\":\"ListItem\",\"position\":1,\"name\":\"Home\",\"item\":\"https:\/\/veeohutus.ee\/suvi\/en\/\"},{\"@type\":\"ListItem\",\"position\":2,\"name\":\"Self-Rescue\"}]},{\"@type\":\"WebSite\",\"@id\":\"https:\/\/veeohutus.ee\/suvi\/#website\",\"url\":\"https:\/\/veeohutus.ee\/suvi\/\",\"name\":\"Veeohutus - Summer - how to prevent accidents in the water - P\u00e4\u00e4steamet\",\"description\":\"P\u00e4\u00e4steamet - Veeohutus\",\"potentialAction\":[{\"@type\":\"SearchAction\",\"target\":{\"@type\":\"EntryPoint\",\"urlTemplate\":\"https:\/\/veeohutus.ee\/suvi\/?s={search_term_string}\"},\"query-input\":{\"@type\":\"PropertyValueSpecification\",\"valueRequired\":true,\"valueName\":\"search_term_string\"}}],\"inLanguage\":\"en\"}]}<\/script>\n<!-- \/ Yoast SEO plugin. -->","yoast_head_json":{"title":"Self-Rescue - Veeohutus - Summer - how to prevent accidents in the water - P\u00e4\u00e4steamet","robots":{"index":"index","follow":"follow","max-snippet":"max-snippet:-1","max-image-preview":"max-image-preview:large","max-video-preview":"max-video-preview:-1"},"canonical":"https:\/\/veeohutus.ee\/suvi\/en\/self-rescue\/","og_locale":"en_US","og_type":"article","og_title":"Self-Rescue - Veeohutus - Summer - how to prevent accidents in the water - P\u00e4\u00e4steamet","og_description":"&nbsp; If you have fallen through the ice, cry for help. &nbsp; Stay calm, try not to panic, and avoid abrupt movements. &nbsp; Avoid being pulled under the ice by streams of water. &nbsp; Stretch your hands towards the edge of the ice hole, and with strong swimming movements, try to drag your body, and... Read more","og_url":"https:\/\/veeohutus.ee\/suvi\/en\/self-rescue\/","og_site_name":"Veeohutus - Summer - how to prevent accidents in the water - P\u00e4\u00e4steamet","article_modified_time":"2017-02-14T08:39:14+00:00","og_image":[{"width":800,"height":600,"url":"https:\/\/veeohutus.ee\/suvi\/wp-content\/uploads\/2016\/12\/NAEL_7-Medium.jpg","type":"image\/jpeg"}],"twitter_card":"summary_large_image","twitter_misc":{"Est. reading time":"1 minute"},"schema":{"@context":"https:\/\/schema.org","@graph":[{"@type":"WebPage","@id":"https:\/\/veeohutus.ee\/suvi\/en\/self-rescue\/","url":"https:\/\/veeohutus.ee\/suvi\/en\/self-rescue\/","name":"Self-Rescue - Veeohutus - Summer - how to prevent accidents in the water - P\u00e4\u00e4steamet","isPartOf":{"@id":"https:\/\/veeohutus.ee\/suvi\/#website"},"primaryImageOfPage":{"@id":"https:\/\/veeohutus.ee\/suvi\/en\/self-rescue\/#primaryimage"},"image":{"@id":"https:\/\/veeohutus.ee\/suvi\/en\/self-rescue\/#primaryimage"},"thumbnailUrl":"https:\/\/veeohutus.ee\/suvi\/wp-content\/uploads\/2016\/12\/NAEL_7-Medium.jpg","datePublished":"2017-02-13T14:59:45+00:00","dateModified":"2017-02-14T08:39:14+00:00","breadcrumb":{"@id":"https:\/\/veeohutus.ee\/suvi\/en\/self-rescue\/#breadcrumb"},"inLanguage":"en","potentialAction":[{"@type":"ReadAction","target":["https:\/\/veeohutus.ee\/suvi\/en\/self-rescue\/"]}]},{"@type":"ImageObject","inLanguage":"en","@id":"https:\/\/veeohutus.ee\/suvi\/en\/self-rescue\/#primaryimage","url":"https:\/\/veeohutus.ee\/suvi\/wp-content\/uploads\/2016\/12\/NAEL_7-Medium.jpg","contentUrl":"https:\/\/veeohutus.ee\/suvi\/wp-content\/uploads\/2016\/12\/NAEL_7-Medium.jpg","width":800,"height":600,"caption":"OLYMPUS DIGITAL CAMERA"},{"@type":"BreadcrumbList","@id":"https:\/\/veeohutus.ee\/suvi\/en\/self-rescue\/#breadcrumb","itemListElement":[{"@type":"ListItem","position":1,"name":"Home","item":"https:\/\/veeohutus.ee\/suvi\/en\/"},{"@type":"ListItem","position":2,"name":"Self-Rescue"}]},{"@type":"WebSite","@id":"https:\/\/veeohutus.ee\/suvi\/#website","url":"https:\/\/veeohutus.ee\/suvi\/","name":"Veeohutus - Summer - how to prevent accidents in the water - P\u00e4\u00e4steamet","description":"P\u00e4\u00e4steamet - Veeohutus","potentialAction":[{"@type":"SearchAction","target":{"@type":"EntryPoint","urlTemplate":"https:\/\/veeohutus.ee\/suvi\/?s={search_term_string}"},"query-input":{"@type":"PropertyValueSpecification","valueRequired":true,"valueName":"search_term_string"}}],"inLanguage":"en"}]}},"_links":{"self":[{"href":"https:\/\/veeohutus.ee\/suvi\/en\/wp-json\/wp\/v2\/pages\/1593","targetHints":{"allow":["GET"]}}],"collection":[{"href":"https:\/\/veeohutus.ee\/suvi\/en\/wp-json\/wp\/v2\/pages"}],"about":[{"href":"https:\/\/veeohutus.ee\/suvi\/en\/wp-json\/wp\/v2\/types\/page"}],"author":[{"embeddable":true,"href":"https:\/\/veeohutus.ee\/suvi\/en\/wp-json\/wp\/v2\/users\/2"}],"replies":[{"embeddable":true,"href":"https:\/\/veeohutus.ee\/suvi\/en\/wp-json\/wp\/v2\/comments?post=1593"}],"version-history":[{"count":10,"href":"https:\/\/veeohutus.ee\/suvi\/en\/wp-json\/wp\/v2\/pages\/1593\/revisions"}],"predecessor-version":[{"id":1595,"href":"https:\/\/veeohutus.ee\/suvi\/en\/wp-json\/wp\/v2\/pages\/1593\/revisions\/1595"}],"wp:featuredmedia":[{"embeddable":true,"href":"https:\/\/veeohutus.ee\/suvi\/en\/wp-json\/wp\/v2\/media\/1285"}],"wp:attachment":[{"href":"https:\/\/veeohutus.ee\/suvi\/en\/wp-json\/wp\/v2\/media?parent=1593"}],"curies":[{"name":"wp","href":"https:\/\/api.w.org\/{rel}","templated":true}]}}