{"id":1603,"date":"2017-02-13T18:09:04","date_gmt":"2017-02-13T15:09:04","guid":{"rendered":"http:\/\/demo.opus.ee\/projects\/veeohutus\/www\/?page_id=1603&#038;lang=en"},"modified":"2017-06-02T10:08:52","modified_gmt":"2017-06-02T07:08:52","slug":"marking-victims-whereabouts-using-cross-lines","status":"publish","type":"page","link":"https:\/\/veeohutus.ee\/suvi\/en\/marking-victims-whereabouts-using-cross-lines\/","title":{"rendered":"Marking the Victim\u2019s Whereabouts by Using Cross Lines"},"content":{"rendered":"<ul>\n<ul>\n<li>If the victim is on the ice and you are unable to attempt a rescue, e.g. you are unsure of your rescuing skills or the ice is too dangerous, marking the exact location of the victim is extremely valuable for the Rescue Service.<\/li>\n<li>Place a marker (a branch, glove, etc.) to the place you are standing at on the shore and choose another marker (treetop, chimney, etc.) on the opposite shore from the victim\u2019s location.<br \/>\nMove 10-20 m along the shore and repeat the same procedure.<\/li>\n<li>The intersection of the two imaginary lines marks the victim\u2019s exact location.<\/li>\n<\/ul>\n<\/ul>\n<p><strong>PS! The markers on the shore need to be stationary, mobile objects (ship masts, etc.) are improper<\/strong>.<\/p>\n","protected":false},"excerpt":{"rendered":"<p>If the victim is on the ice and you are unable to attempt a rescue, e.g. you are unsure of your rescuing skills or the ice is too dangerous, marking the exact location of the victim is extremely valuable for the Rescue Service. Place a marker (a branch, glove, etc.) to the place you are&#8230;  <a class=\"excerpt-read-more\" href=\"https:\/\/veeohutus.ee\/suvi\/en\/marking-victims-whereabouts-using-cross-lines\/\" title=\"Read Marking the Victim\u2019s Whereabouts by Using Cross Lines\">Read more<\/a><\/p>\n","protected":false},"author":2,"featured_media":1294,"parent":0,"menu_order":10,"comment_status":"closed","ping_status":"closed","template":"","meta":{"_acf_changed":false,"footnotes":""},"class_list":["post-1603","page","type-page","status-publish","has-post-thumbnail","hentry"],"acf":[],"yoast_head":"<!-- This site is optimized with the Yoast SEO plugin v26.7 - https:\/\/yoast.com\/wordpress\/plugins\/seo\/ -->\n<title>Marking the Victim\u2019s Whereabouts by Using Cross Lines - Veeohutus - Summer - how to prevent accidents in the water - P\u00e4\u00e4steamet<\/title>\n<meta name=\"robots\" content=\"index, follow, max-snippet:-1, max-image-preview:large, max-video-preview:-1\" \/>\n<link rel=\"canonical\" href=\"https:\/\/veeohutus.ee\/suvi\/en\/marking-victims-whereabouts-using-cross-lines\/\" \/>\n<meta property=\"og:locale\" content=\"en_US\" \/>\n<meta property=\"og:type\" content=\"article\" \/>\n<meta property=\"og:title\" content=\"Marking the Victim\u2019s Whereabouts by Using Cross Lines - Veeohutus - Summer - how to prevent accidents in the water - P\u00e4\u00e4steamet\" \/>\n<meta property=\"og:description\" content=\"If the victim is on the ice and you are unable to attempt a rescue, e.g. you are unsure of your rescuing skills or the ice is too dangerous, marking the exact location of the victim is extremely valuable for the Rescue Service. Place a marker (a branch, glove, etc.) to the place you are... Read more\" \/>\n<meta property=\"og:url\" content=\"https:\/\/veeohutus.ee\/suvi\/en\/marking-victims-whereabouts-using-cross-lines\/\" \/>\n<meta property=\"og:site_name\" content=\"Veeohutus - Summer - how to prevent accidents in the water - P\u00e4\u00e4steamet\" \/>\n<meta property=\"article:modified_time\" content=\"2017-06-02T07:08:52+00:00\" \/>\n<meta property=\"og:image\" content=\"https:\/\/veeohutus.ee\/suvi\/wp-content\/uploads\/2016\/12\/winter-626243_960_720.jpg\" \/>\n\t<meta property=\"og:image:width\" content=\"960\" \/>\n\t<meta property=\"og:image:height\" content=\"618\" \/>\n\t<meta property=\"og:image:type\" content=\"image\/jpeg\" \/>\n<meta name=\"twitter:card\" content=\"summary_large_image\" \/>\n<meta name=\"twitter:label1\" content=\"Est. reading time\" \/>\n\t<meta name=\"twitter:data1\" content=\"1 minute\" \/>\n<script type=\"application\/ld+json\" class=\"yoast-schema-graph\">{\"@context\":\"https:\/\/schema.org\",\"@graph\":[{\"@type\":\"WebPage\",\"@id\":\"https:\/\/veeohutus.ee\/suvi\/en\/marking-victims-whereabouts-using-cross-lines\/\",\"url\":\"https:\/\/veeohutus.ee\/suvi\/en\/marking-victims-whereabouts-using-cross-lines\/\",\"name\":\"Marking the Victim\u2019s Whereabouts by Using Cross Lines - Veeohutus - Summer - how to prevent accidents in the water - P\u00e4\u00e4steamet\",\"isPartOf\":{\"@id\":\"https:\/\/veeohutus.ee\/suvi\/#website\"},\"primaryImageOfPage\":{\"@id\":\"https:\/\/veeohutus.ee\/suvi\/en\/marking-victims-whereabouts-using-cross-lines\/#primaryimage\"},\"image\":{\"@id\":\"https:\/\/veeohutus.ee\/suvi\/en\/marking-victims-whereabouts-using-cross-lines\/#primaryimage\"},\"thumbnailUrl\":\"https:\/\/veeohutus.ee\/suvi\/wp-content\/uploads\/2016\/12\/winter-626243_960_720.jpg\",\"datePublished\":\"2017-02-13T15:09:04+00:00\",\"dateModified\":\"2017-06-02T07:08:52+00:00\",\"breadcrumb\":{\"@id\":\"https:\/\/veeohutus.ee\/suvi\/en\/marking-victims-whereabouts-using-cross-lines\/#breadcrumb\"},\"inLanguage\":\"en\",\"potentialAction\":[{\"@type\":\"ReadAction\",\"target\":[\"https:\/\/veeohutus.ee\/suvi\/en\/marking-victims-whereabouts-using-cross-lines\/\"]}]},{\"@type\":\"ImageObject\",\"inLanguage\":\"en\",\"@id\":\"https:\/\/veeohutus.ee\/suvi\/en\/marking-victims-whereabouts-using-cross-lines\/#primaryimage\",\"url\":\"https:\/\/veeohutus.ee\/suvi\/wp-content\/uploads\/2016\/12\/winter-626243_960_720.jpg\",\"contentUrl\":\"https:\/\/veeohutus.ee\/suvi\/wp-content\/uploads\/2016\/12\/winter-626243_960_720.jpg\",\"width\":960,\"height\":618},{\"@type\":\"BreadcrumbList\",\"@id\":\"https:\/\/veeohutus.ee\/suvi\/en\/marking-victims-whereabouts-using-cross-lines\/#breadcrumb\",\"itemListElement\":[{\"@type\":\"ListItem\",\"position\":1,\"name\":\"Home\",\"item\":\"https:\/\/veeohutus.ee\/suvi\/en\/\"},{\"@type\":\"ListItem\",\"position\":2,\"name\":\"Marking the Victim\u2019s Whereabouts by Using Cross Lines\"}]},{\"@type\":\"WebSite\",\"@id\":\"https:\/\/veeohutus.ee\/suvi\/#website\",\"url\":\"https:\/\/veeohutus.ee\/suvi\/\",\"name\":\"Veeohutus - Summer - how to prevent accidents in the water - P\u00e4\u00e4steamet\",\"description\":\"P\u00e4\u00e4steamet - Veeohutus\",\"potentialAction\":[{\"@type\":\"SearchAction\",\"target\":{\"@type\":\"EntryPoint\",\"urlTemplate\":\"https:\/\/veeohutus.ee\/suvi\/?s={search_term_string}\"},\"query-input\":{\"@type\":\"PropertyValueSpecification\",\"valueRequired\":true,\"valueName\":\"search_term_string\"}}],\"inLanguage\":\"en\"}]}<\/script>\n<!-- \/ Yoast SEO plugin. -->","yoast_head_json":{"title":"Marking the Victim\u2019s Whereabouts by Using Cross Lines - Veeohutus - Summer - how to prevent accidents in the water - P\u00e4\u00e4steamet","robots":{"index":"index","follow":"follow","max-snippet":"max-snippet:-1","max-image-preview":"max-image-preview:large","max-video-preview":"max-video-preview:-1"},"canonical":"https:\/\/veeohutus.ee\/suvi\/en\/marking-victims-whereabouts-using-cross-lines\/","og_locale":"en_US","og_type":"article","og_title":"Marking the Victim\u2019s Whereabouts by Using Cross Lines - Veeohutus - Summer - how to prevent accidents in the water - P\u00e4\u00e4steamet","og_description":"If the victim is on the ice and you are unable to attempt a rescue, e.g. you are unsure of your rescuing skills or the ice is too dangerous, marking the exact location of the victim is extremely valuable for the Rescue Service. Place a marker (a branch, glove, etc.) to the place you are... Read more","og_url":"https:\/\/veeohutus.ee\/suvi\/en\/marking-victims-whereabouts-using-cross-lines\/","og_site_name":"Veeohutus - Summer - how to prevent accidents in the water - P\u00e4\u00e4steamet","article_modified_time":"2017-06-02T07:08:52+00:00","og_image":[{"width":960,"height":618,"url":"https:\/\/veeohutus.ee\/suvi\/wp-content\/uploads\/2016\/12\/winter-626243_960_720.jpg","type":"image\/jpeg"}],"twitter_card":"summary_large_image","twitter_misc":{"Est. reading time":"1 minute"},"schema":{"@context":"https:\/\/schema.org","@graph":[{"@type":"WebPage","@id":"https:\/\/veeohutus.ee\/suvi\/en\/marking-victims-whereabouts-using-cross-lines\/","url":"https:\/\/veeohutus.ee\/suvi\/en\/marking-victims-whereabouts-using-cross-lines\/","name":"Marking the Victim\u2019s Whereabouts by Using Cross Lines - Veeohutus - Summer - how to prevent accidents in the water - P\u00e4\u00e4steamet","isPartOf":{"@id":"https:\/\/veeohutus.ee\/suvi\/#website"},"primaryImageOfPage":{"@id":"https:\/\/veeohutus.ee\/suvi\/en\/marking-victims-whereabouts-using-cross-lines\/#primaryimage"},"image":{"@id":"https:\/\/veeohutus.ee\/suvi\/en\/marking-victims-whereabouts-using-cross-lines\/#primaryimage"},"thumbnailUrl":"https:\/\/veeohutus.ee\/suvi\/wp-content\/uploads\/2016\/12\/winter-626243_960_720.jpg","datePublished":"2017-02-13T15:09:04+00:00","dateModified":"2017-06-02T07:08:52+00:00","breadcrumb":{"@id":"https:\/\/veeohutus.ee\/suvi\/en\/marking-victims-whereabouts-using-cross-lines\/#breadcrumb"},"inLanguage":"en","potentialAction":[{"@type":"ReadAction","target":["https:\/\/veeohutus.ee\/suvi\/en\/marking-victims-whereabouts-using-cross-lines\/"]}]},{"@type":"ImageObject","inLanguage":"en","@id":"https:\/\/veeohutus.ee\/suvi\/en\/marking-victims-whereabouts-using-cross-lines\/#primaryimage","url":"https:\/\/veeohutus.ee\/suvi\/wp-content\/uploads\/2016\/12\/winter-626243_960_720.jpg","contentUrl":"https:\/\/veeohutus.ee\/suvi\/wp-content\/uploads\/2016\/12\/winter-626243_960_720.jpg","width":960,"height":618},{"@type":"BreadcrumbList","@id":"https:\/\/veeohutus.ee\/suvi\/en\/marking-victims-whereabouts-using-cross-lines\/#breadcrumb","itemListElement":[{"@type":"ListItem","position":1,"name":"Home","item":"https:\/\/veeohutus.ee\/suvi\/en\/"},{"@type":"ListItem","position":2,"name":"Marking the Victim\u2019s Whereabouts by Using Cross Lines"}]},{"@type":"WebSite","@id":"https:\/\/veeohutus.ee\/suvi\/#website","url":"https:\/\/veeohutus.ee\/suvi\/","name":"Veeohutus - Summer - how to prevent accidents in the water - P\u00e4\u00e4steamet","description":"P\u00e4\u00e4steamet - Veeohutus","potentialAction":[{"@type":"SearchAction","target":{"@type":"EntryPoint","urlTemplate":"https:\/\/veeohutus.ee\/suvi\/?s={search_term_string}"},"query-input":{"@type":"PropertyValueSpecification","valueRequired":true,"valueName":"search_term_string"}}],"inLanguage":"en"}]}},"_links":{"self":[{"href":"https:\/\/veeohutus.ee\/suvi\/en\/wp-json\/wp\/v2\/pages\/1603","targetHints":{"allow":["GET"]}}],"collection":[{"href":"https:\/\/veeohutus.ee\/suvi\/en\/wp-json\/wp\/v2\/pages"}],"about":[{"href":"https:\/\/veeohutus.ee\/suvi\/en\/wp-json\/wp\/v2\/types\/page"}],"author":[{"embeddable":true,"href":"https:\/\/veeohutus.ee\/suvi\/en\/wp-json\/wp\/v2\/users\/2"}],"replies":[{"embeddable":true,"href":"https:\/\/veeohutus.ee\/suvi\/en\/wp-json\/wp\/v2\/comments?post=1603"}],"version-history":[{"count":3,"href":"https:\/\/veeohutus.ee\/suvi\/en\/wp-json\/wp\/v2\/pages\/1603\/revisions"}],"predecessor-version":[{"id":1606,"href":"https:\/\/veeohutus.ee\/suvi\/en\/wp-json\/wp\/v2\/pages\/1603\/revisions\/1606"}],"wp:featuredmedia":[{"embeddable":true,"href":"https:\/\/veeohutus.ee\/suvi\/en\/wp-json\/wp\/v2\/media\/1294"}],"wp:attachment":[{"href":"https:\/\/veeohutus.ee\/suvi\/en\/wp-json\/wp\/v2\/media?parent=1603"}],"curies":[{"name":"wp","href":"https:\/\/api.w.org\/{rel}","templated":true}]}}