{"id":1623,"date":"2017-02-14T12:03:28","date_gmt":"2017-02-14T09:03:28","guid":{"rendered":"http:\/\/demo.opus.ee\/projects\/veeohutus\/www\/?page_id=1623&#038;lang=en"},"modified":"2017-06-02T10:08:44","modified_gmt":"2017-06-02T07:08:44","slug":"children-watch-colour","status":"publish","type":"page","link":"https:\/\/veeohutus.ee\/suvi\/en\/children-watch-colour\/","title":{"rendered":"For children \u2013 watch and colour"},"content":{"rendered":"<p>&nbsp;<\/p>\n<p>As children are unable to assess all potential risks independently,<strong> they must be looked after while close to a body of water and prohibited from going on the ice<\/strong>.<br \/>\nWatch the video with your child and colour a nice picture.<\/p>\n<p><iframe loading=\"lazy\" width=\"680\" height=\"510\" src=\"https:\/\/www.youtube.com\/embed\/WsYeNiMHZf4?feature=oembed\" frameborder=\"0\" allowfullscreen><\/iframe><\/p>\n<p>&nbsp;<\/p>\n<p>To download the picture, click on: <a href=\"https:\/\/e-koolikott.ee\/material?id=7233\">Winter ice safety for children<\/a><\/p>\n<img loading=\"lazy\" decoding=\"async\" class=\"aligncenter wp-image-1192\" src=\"http:\/\/demo.opus.ee\/projects\/veeohutus\/www\/wp-content\/uploads\/2016\/12\/Capture.png\" alt=\"Capture\" width=\"802\" height=\"566\" srcset=\"https:\/\/veeohutus.ee\/suvi\/wp-content\/uploads\/2016\/12\/Capture.png 1338w, https:\/\/veeohutus.ee\/suvi\/wp-content\/uploads\/2016\/12\/Capture-300x212.png 300w, https:\/\/veeohutus.ee\/suvi\/wp-content\/uploads\/2016\/12\/Capture-768x542.png 768w, https:\/\/veeohutus.ee\/suvi\/wp-content\/uploads\/2016\/12\/Capture-1024x722.png 1024w\" sizes=\"auto, (max-width: 802px) 100vw, 802px\" \/>\n","protected":false},"excerpt":{"rendered":"<p>&nbsp; As children are unable to assess all potential risks independently, they must be looked after while close to a body of water and prohibited from going on the ice. Watch the video with your child and colour a nice picture. &nbsp; To download the picture, click on: Winter ice safety for children<\/p>\n","protected":false},"author":2,"featured_media":1323,"parent":0,"menu_order":36,"comment_status":"closed","ping_status":"closed","template":"","meta":{"_acf_changed":false,"footnotes":""},"class_list":["post-1623","page","type-page","status-publish","has-post-thumbnail","hentry"],"acf":[],"yoast_head":"<!-- This site is optimized with the Yoast SEO plugin v26.7 - https:\/\/yoast.com\/wordpress\/plugins\/seo\/ -->\n<title>For children \u2013 watch and colour - Veeohutus - Summer - how to prevent accidents in the water - P\u00e4\u00e4steamet<\/title>\n<meta name=\"robots\" content=\"index, follow, max-snippet:-1, max-image-preview:large, max-video-preview:-1\" \/>\n<link rel=\"canonical\" href=\"https:\/\/veeohutus.ee\/suvi\/en\/children-watch-colour\/\" \/>\n<meta property=\"og:locale\" content=\"en_US\" \/>\n<meta property=\"og:type\" content=\"article\" \/>\n<meta property=\"og:title\" content=\"For children \u2013 watch and colour - Veeohutus - Summer - how to prevent accidents in the water - P\u00e4\u00e4steamet\" \/>\n<meta property=\"og:description\" content=\"&nbsp; As children are unable to assess all potential risks independently, they must be looked after while close to a body of water and prohibited from going on the ice. Watch the video with your child and colour a nice picture. &nbsp; To download the picture, click on: Winter ice safety for children\" \/>\n<meta property=\"og:url\" content=\"https:\/\/veeohutus.ee\/suvi\/en\/children-watch-colour\/\" \/>\n<meta property=\"og:site_name\" content=\"Veeohutus - Summer - how to prevent accidents in the water - P\u00e4\u00e4steamet\" \/>\n<meta property=\"article:modified_time\" content=\"2017-06-02T07:08:44+00:00\" \/>\n<meta property=\"og:image\" content=\"https:\/\/veeohutus.ee\/suvi\/wp-content\/uploads\/2016\/12\/snow-1551741_960_720.jpg\" \/>\n\t<meta property=\"og:image:width\" content=\"960\" \/>\n\t<meta property=\"og:image:height\" content=\"637\" \/>\n\t<meta property=\"og:image:type\" content=\"image\/jpeg\" \/>\n<meta name=\"twitter:card\" content=\"summary_large_image\" \/>\n<script type=\"application\/ld+json\" class=\"yoast-schema-graph\">{\"@context\":\"https:\/\/schema.org\",\"@graph\":[{\"@type\":\"WebPage\",\"@id\":\"https:\/\/veeohutus.ee\/suvi\/en\/children-watch-colour\/\",\"url\":\"https:\/\/veeohutus.ee\/suvi\/en\/children-watch-colour\/\",\"name\":\"For children \u2013 watch and colour - Veeohutus - Summer - how to prevent accidents in the water - P\u00e4\u00e4steamet\",\"isPartOf\":{\"@id\":\"https:\/\/veeohutus.ee\/suvi\/#website\"},\"primaryImageOfPage\":{\"@id\":\"https:\/\/veeohutus.ee\/suvi\/en\/children-watch-colour\/#primaryimage\"},\"image\":{\"@id\":\"https:\/\/veeohutus.ee\/suvi\/en\/children-watch-colour\/#primaryimage\"},\"thumbnailUrl\":\"https:\/\/veeohutus.ee\/suvi\/wp-content\/uploads\/2016\/12\/snow-1551741_960_720.jpg\",\"datePublished\":\"2017-02-14T09:03:28+00:00\",\"dateModified\":\"2017-06-02T07:08:44+00:00\",\"breadcrumb\":{\"@id\":\"https:\/\/veeohutus.ee\/suvi\/en\/children-watch-colour\/#breadcrumb\"},\"inLanguage\":\"en\",\"potentialAction\":[{\"@type\":\"ReadAction\",\"target\":[\"https:\/\/veeohutus.ee\/suvi\/en\/children-watch-colour\/\"]}]},{\"@type\":\"ImageObject\",\"inLanguage\":\"en\",\"@id\":\"https:\/\/veeohutus.ee\/suvi\/en\/children-watch-colour\/#primaryimage\",\"url\":\"https:\/\/veeohutus.ee\/suvi\/wp-content\/uploads\/2016\/12\/snow-1551741_960_720.jpg\",\"contentUrl\":\"https:\/\/veeohutus.ee\/suvi\/wp-content\/uploads\/2016\/12\/snow-1551741_960_720.jpg\",\"width\":960,\"height\":637},{\"@type\":\"BreadcrumbList\",\"@id\":\"https:\/\/veeohutus.ee\/suvi\/en\/children-watch-colour\/#breadcrumb\",\"itemListElement\":[{\"@type\":\"ListItem\",\"position\":1,\"name\":\"Home\",\"item\":\"https:\/\/veeohutus.ee\/suvi\/en\/\"},{\"@type\":\"ListItem\",\"position\":2,\"name\":\"For children \u2013 watch and colour\"}]},{\"@type\":\"WebSite\",\"@id\":\"https:\/\/veeohutus.ee\/suvi\/#website\",\"url\":\"https:\/\/veeohutus.ee\/suvi\/\",\"name\":\"Veeohutus - Summer - how to prevent accidents in the water - P\u00e4\u00e4steamet\",\"description\":\"P\u00e4\u00e4steamet - Veeohutus\",\"potentialAction\":[{\"@type\":\"SearchAction\",\"target\":{\"@type\":\"EntryPoint\",\"urlTemplate\":\"https:\/\/veeohutus.ee\/suvi\/?s={search_term_string}\"},\"query-input\":{\"@type\":\"PropertyValueSpecification\",\"valueRequired\":true,\"valueName\":\"search_term_string\"}}],\"inLanguage\":\"en\"}]}<\/script>\n<!-- \/ Yoast SEO plugin. -->","yoast_head_json":{"title":"For children \u2013 watch and colour - Veeohutus - Summer - how to prevent accidents in the water - P\u00e4\u00e4steamet","robots":{"index":"index","follow":"follow","max-snippet":"max-snippet:-1","max-image-preview":"max-image-preview:large","max-video-preview":"max-video-preview:-1"},"canonical":"https:\/\/veeohutus.ee\/suvi\/en\/children-watch-colour\/","og_locale":"en_US","og_type":"article","og_title":"For children \u2013 watch and colour - Veeohutus - Summer - how to prevent accidents in the water - P\u00e4\u00e4steamet","og_description":"&nbsp; As children are unable to assess all potential risks independently, they must be looked after while close to a body of water and prohibited from going on the ice. Watch the video with your child and colour a nice picture. &nbsp; To download the picture, click on: Winter ice safety for children","og_url":"https:\/\/veeohutus.ee\/suvi\/en\/children-watch-colour\/","og_site_name":"Veeohutus - Summer - how to prevent accidents in the water - P\u00e4\u00e4steamet","article_modified_time":"2017-06-02T07:08:44+00:00","og_image":[{"width":960,"height":637,"url":"https:\/\/veeohutus.ee\/suvi\/wp-content\/uploads\/2016\/12\/snow-1551741_960_720.jpg","type":"image\/jpeg"}],"twitter_card":"summary_large_image","schema":{"@context":"https:\/\/schema.org","@graph":[{"@type":"WebPage","@id":"https:\/\/veeohutus.ee\/suvi\/en\/children-watch-colour\/","url":"https:\/\/veeohutus.ee\/suvi\/en\/children-watch-colour\/","name":"For children \u2013 watch and colour - Veeohutus - Summer - how to prevent accidents in the water - P\u00e4\u00e4steamet","isPartOf":{"@id":"https:\/\/veeohutus.ee\/suvi\/#website"},"primaryImageOfPage":{"@id":"https:\/\/veeohutus.ee\/suvi\/en\/children-watch-colour\/#primaryimage"},"image":{"@id":"https:\/\/veeohutus.ee\/suvi\/en\/children-watch-colour\/#primaryimage"},"thumbnailUrl":"https:\/\/veeohutus.ee\/suvi\/wp-content\/uploads\/2016\/12\/snow-1551741_960_720.jpg","datePublished":"2017-02-14T09:03:28+00:00","dateModified":"2017-06-02T07:08:44+00:00","breadcrumb":{"@id":"https:\/\/veeohutus.ee\/suvi\/en\/children-watch-colour\/#breadcrumb"},"inLanguage":"en","potentialAction":[{"@type":"ReadAction","target":["https:\/\/veeohutus.ee\/suvi\/en\/children-watch-colour\/"]}]},{"@type":"ImageObject","inLanguage":"en","@id":"https:\/\/veeohutus.ee\/suvi\/en\/children-watch-colour\/#primaryimage","url":"https:\/\/veeohutus.ee\/suvi\/wp-content\/uploads\/2016\/12\/snow-1551741_960_720.jpg","contentUrl":"https:\/\/veeohutus.ee\/suvi\/wp-content\/uploads\/2016\/12\/snow-1551741_960_720.jpg","width":960,"height":637},{"@type":"BreadcrumbList","@id":"https:\/\/veeohutus.ee\/suvi\/en\/children-watch-colour\/#breadcrumb","itemListElement":[{"@type":"ListItem","position":1,"name":"Home","item":"https:\/\/veeohutus.ee\/suvi\/en\/"},{"@type":"ListItem","position":2,"name":"For children \u2013 watch and colour"}]},{"@type":"WebSite","@id":"https:\/\/veeohutus.ee\/suvi\/#website","url":"https:\/\/veeohutus.ee\/suvi\/","name":"Veeohutus - Summer - how to prevent accidents in the water - P\u00e4\u00e4steamet","description":"P\u00e4\u00e4steamet - Veeohutus","potentialAction":[{"@type":"SearchAction","target":{"@type":"EntryPoint","urlTemplate":"https:\/\/veeohutus.ee\/suvi\/?s={search_term_string}"},"query-input":{"@type":"PropertyValueSpecification","valueRequired":true,"valueName":"search_term_string"}}],"inLanguage":"en"}]}},"_links":{"self":[{"href":"https:\/\/veeohutus.ee\/suvi\/en\/wp-json\/wp\/v2\/pages\/1623","targetHints":{"allow":["GET"]}}],"collection":[{"href":"https:\/\/veeohutus.ee\/suvi\/en\/wp-json\/wp\/v2\/pages"}],"about":[{"href":"https:\/\/veeohutus.ee\/suvi\/en\/wp-json\/wp\/v2\/types\/page"}],"author":[{"embeddable":true,"href":"https:\/\/veeohutus.ee\/suvi\/en\/wp-json\/wp\/v2\/users\/2"}],"replies":[{"embeddable":true,"href":"https:\/\/veeohutus.ee\/suvi\/en\/wp-json\/wp\/v2\/comments?post=1623"}],"version-history":[{"count":6,"href":"https:\/\/veeohutus.ee\/suvi\/en\/wp-json\/wp\/v2\/pages\/1623\/revisions"}],"predecessor-version":[{"id":1659,"href":"https:\/\/veeohutus.ee\/suvi\/en\/wp-json\/wp\/v2\/pages\/1623\/revisions\/1659"}],"wp:featuredmedia":[{"embeddable":true,"href":"https:\/\/veeohutus.ee\/suvi\/en\/wp-json\/wp\/v2\/media\/1323"}],"wp:attachment":[{"href":"https:\/\/veeohutus.ee\/suvi\/en\/wp-json\/wp\/v2\/media?parent=1623"}],"curies":[{"name":"wp","href":"https:\/\/api.w.org\/{rel}","templated":true}]}}