{"id":1889,"date":"2017-06-02T10:07:19","date_gmt":"2017-06-02T07:07:19","guid":{"rendered":"http:\/\/demo.opus.ee\/projects\/veeohutus\/www\/?page_id=1889&#038;lang=en"},"modified":"2017-06-02T10:12:28","modified_gmt":"2017-06-02T07:12:28","slug":"at-the-beach-with-children","status":"publish","type":"page","link":"https:\/\/veeohutus.ee\/suvi\/en\/at-the-beach-with-children\/","title":{"rendered":"At the beach with children"},"content":{"rendered":"<p>&nbsp;<\/p>\n<p style=\"text-align: justify;\">When going to the beach with the family, it&#8217;s important to keep in mind that young children under 4 years of age should be kept in arm&#8217;s reach while near water. Small children may run into the water very suddenly. Older children who go in the water by themselves should have supervision as accidents happen suddenly and unexpectedly.<\/p>\n<p>&nbsp;<br \/>\n<iframe loading=\"lazy\" src=\"https:\/\/www.youtube.com\/embed\/pYbFP7h1qAk?list=PLXqfEWtALYhePDIWKcQxq-VDpEradxpSB\" width=\"560\" height=\"315\" frameborder=\"0\" allowfullscreen=\"allowfullscreen\"><\/iframe><br \/>\n&nbsp;<\/p>\n<p style=\"text-align: justify;\">Although inflatable swimming aids may seem useful and fun, they can actually be quite dangerous. They may carry the child away from the shore and deflate unexpectedly. Also children may put themselves into jeopardy when retrieving an object that has floated into deep water. A swimming ring may make children overestimate their actual swimming skill or flip accidentally in the water, leaving the child trapped under water.<\/p>\n","protected":false},"excerpt":{"rendered":"<p>&nbsp; When going to the beach with the family, it&#8217;s important to keep in mind that young children under 4 years of age should be kept in arm&#8217;s reach while near water. Small children may run into the water very suddenly. Older children who go in the water by themselves should have supervision as accidents&#8230;  <a class=\"excerpt-read-more\" href=\"https:\/\/veeohutus.ee\/suvi\/en\/at-the-beach-with-children\/\" title=\"Read At the beach with children\">Read more<\/a><\/p>\n","protected":false},"author":2,"featured_media":1869,"parent":0,"menu_order":34,"comment_status":"closed","ping_status":"closed","template":"","meta":{"_acf_changed":false,"footnotes":""},"class_list":["post-1889","page","type-page","status-publish","has-post-thumbnail","hentry"],"acf":[],"yoast_head":"<!-- This site is optimized with the Yoast SEO plugin v26.7 - https:\/\/yoast.com\/wordpress\/plugins\/seo\/ -->\n<title>At the beach with children - Veeohutus - Summer - how to prevent accidents in the water - P\u00e4\u00e4steamet<\/title>\n<meta name=\"robots\" content=\"index, follow, max-snippet:-1, max-image-preview:large, max-video-preview:-1\" \/>\n<link rel=\"canonical\" href=\"https:\/\/veeohutus.ee\/suvi\/en\/at-the-beach-with-children\/\" \/>\n<meta property=\"og:locale\" content=\"en_US\" \/>\n<meta property=\"og:type\" content=\"article\" \/>\n<meta property=\"og:title\" content=\"At the beach with children - Veeohutus - Summer - how to prevent accidents in the water - P\u00e4\u00e4steamet\" \/>\n<meta property=\"og:description\" content=\"&nbsp; When going to the beach with the family, it&#8217;s important to keep in mind that young children under 4 years of age should be kept in arm&#8217;s reach while near water. Small children may run into the water very suddenly. Older children who go in the water by themselves should have supervision as accidents... Read more\" \/>\n<meta property=\"og:url\" content=\"https:\/\/veeohutus.ee\/suvi\/en\/at-the-beach-with-children\/\" \/>\n<meta property=\"og:site_name\" content=\"Veeohutus - Summer - how to prevent accidents in the water - P\u00e4\u00e4steamet\" \/>\n<meta property=\"article:modified_time\" content=\"2017-06-02T07:12:28+00:00\" \/>\n<meta property=\"og:image\" content=\"https:\/\/veeohutus.ee\/suvi\/wp-content\/uploads\/2017\/05\/toys-1546710_960_720.jpg\" \/>\n\t<meta property=\"og:image:width\" content=\"960\" \/>\n\t<meta property=\"og:image:height\" content=\"639\" \/>\n\t<meta property=\"og:image:type\" content=\"image\/jpeg\" \/>\n<meta name=\"twitter:card\" content=\"summary_large_image\" \/>\n<meta name=\"twitter:label1\" content=\"Est. reading time\" \/>\n\t<meta name=\"twitter:data1\" content=\"1 minute\" \/>\n<script type=\"application\/ld+json\" class=\"yoast-schema-graph\">{\"@context\":\"https:\/\/schema.org\",\"@graph\":[{\"@type\":\"WebPage\",\"@id\":\"https:\/\/veeohutus.ee\/suvi\/en\/at-the-beach-with-children\/\",\"url\":\"https:\/\/veeohutus.ee\/suvi\/en\/at-the-beach-with-children\/\",\"name\":\"At the beach with children - Veeohutus - Summer - how to prevent accidents in the water - P\u00e4\u00e4steamet\",\"isPartOf\":{\"@id\":\"https:\/\/veeohutus.ee\/suvi\/#website\"},\"primaryImageOfPage\":{\"@id\":\"https:\/\/veeohutus.ee\/suvi\/en\/at-the-beach-with-children\/#primaryimage\"},\"image\":{\"@id\":\"https:\/\/veeohutus.ee\/suvi\/en\/at-the-beach-with-children\/#primaryimage\"},\"thumbnailUrl\":\"https:\/\/veeohutus.ee\/suvi\/wp-content\/uploads\/2017\/05\/toys-1546710_960_720.jpg\",\"datePublished\":\"2017-06-02T07:07:19+00:00\",\"dateModified\":\"2017-06-02T07:12:28+00:00\",\"breadcrumb\":{\"@id\":\"https:\/\/veeohutus.ee\/suvi\/en\/at-the-beach-with-children\/#breadcrumb\"},\"inLanguage\":\"en\",\"potentialAction\":[{\"@type\":\"ReadAction\",\"target\":[\"https:\/\/veeohutus.ee\/suvi\/en\/at-the-beach-with-children\/\"]}]},{\"@type\":\"ImageObject\",\"inLanguage\":\"en\",\"@id\":\"https:\/\/veeohutus.ee\/suvi\/en\/at-the-beach-with-children\/#primaryimage\",\"url\":\"https:\/\/veeohutus.ee\/suvi\/wp-content\/uploads\/2017\/05\/toys-1546710_960_720.jpg\",\"contentUrl\":\"https:\/\/veeohutus.ee\/suvi\/wp-content\/uploads\/2017\/05\/toys-1546710_960_720.jpg\",\"width\":960,\"height\":639},{\"@type\":\"BreadcrumbList\",\"@id\":\"https:\/\/veeohutus.ee\/suvi\/en\/at-the-beach-with-children\/#breadcrumb\",\"itemListElement\":[{\"@type\":\"ListItem\",\"position\":1,\"name\":\"Home\",\"item\":\"https:\/\/veeohutus.ee\/suvi\/en\/\"},{\"@type\":\"ListItem\",\"position\":2,\"name\":\"At the beach with children\"}]},{\"@type\":\"WebSite\",\"@id\":\"https:\/\/veeohutus.ee\/suvi\/#website\",\"url\":\"https:\/\/veeohutus.ee\/suvi\/\",\"name\":\"Veeohutus - Summer - how to prevent accidents in the water - P\u00e4\u00e4steamet\",\"description\":\"P\u00e4\u00e4steamet - Veeohutus\",\"potentialAction\":[{\"@type\":\"SearchAction\",\"target\":{\"@type\":\"EntryPoint\",\"urlTemplate\":\"https:\/\/veeohutus.ee\/suvi\/?s={search_term_string}\"},\"query-input\":{\"@type\":\"PropertyValueSpecification\",\"valueRequired\":true,\"valueName\":\"search_term_string\"}}],\"inLanguage\":\"en\"}]}<\/script>\n<!-- \/ Yoast SEO plugin. -->","yoast_head_json":{"title":"At the beach with children - Veeohutus - Summer - how to prevent accidents in the water - P\u00e4\u00e4steamet","robots":{"index":"index","follow":"follow","max-snippet":"max-snippet:-1","max-image-preview":"max-image-preview:large","max-video-preview":"max-video-preview:-1"},"canonical":"https:\/\/veeohutus.ee\/suvi\/en\/at-the-beach-with-children\/","og_locale":"en_US","og_type":"article","og_title":"At the beach with children - Veeohutus - Summer - how to prevent accidents in the water - P\u00e4\u00e4steamet","og_description":"&nbsp; When going to the beach with the family, it&#8217;s important to keep in mind that young children under 4 years of age should be kept in arm&#8217;s reach while near water. Small children may run into the water very suddenly. Older children who go in the water by themselves should have supervision as accidents... Read more","og_url":"https:\/\/veeohutus.ee\/suvi\/en\/at-the-beach-with-children\/","og_site_name":"Veeohutus - Summer - how to prevent accidents in the water - P\u00e4\u00e4steamet","article_modified_time":"2017-06-02T07:12:28+00:00","og_image":[{"width":960,"height":639,"url":"https:\/\/veeohutus.ee\/suvi\/wp-content\/uploads\/2017\/05\/toys-1546710_960_720.jpg","type":"image\/jpeg"}],"twitter_card":"summary_large_image","twitter_misc":{"Est. reading time":"1 minute"},"schema":{"@context":"https:\/\/schema.org","@graph":[{"@type":"WebPage","@id":"https:\/\/veeohutus.ee\/suvi\/en\/at-the-beach-with-children\/","url":"https:\/\/veeohutus.ee\/suvi\/en\/at-the-beach-with-children\/","name":"At the beach with children - Veeohutus - Summer - how to prevent accidents in the water - P\u00e4\u00e4steamet","isPartOf":{"@id":"https:\/\/veeohutus.ee\/suvi\/#website"},"primaryImageOfPage":{"@id":"https:\/\/veeohutus.ee\/suvi\/en\/at-the-beach-with-children\/#primaryimage"},"image":{"@id":"https:\/\/veeohutus.ee\/suvi\/en\/at-the-beach-with-children\/#primaryimage"},"thumbnailUrl":"https:\/\/veeohutus.ee\/suvi\/wp-content\/uploads\/2017\/05\/toys-1546710_960_720.jpg","datePublished":"2017-06-02T07:07:19+00:00","dateModified":"2017-06-02T07:12:28+00:00","breadcrumb":{"@id":"https:\/\/veeohutus.ee\/suvi\/en\/at-the-beach-with-children\/#breadcrumb"},"inLanguage":"en","potentialAction":[{"@type":"ReadAction","target":["https:\/\/veeohutus.ee\/suvi\/en\/at-the-beach-with-children\/"]}]},{"@type":"ImageObject","inLanguage":"en","@id":"https:\/\/veeohutus.ee\/suvi\/en\/at-the-beach-with-children\/#primaryimage","url":"https:\/\/veeohutus.ee\/suvi\/wp-content\/uploads\/2017\/05\/toys-1546710_960_720.jpg","contentUrl":"https:\/\/veeohutus.ee\/suvi\/wp-content\/uploads\/2017\/05\/toys-1546710_960_720.jpg","width":960,"height":639},{"@type":"BreadcrumbList","@id":"https:\/\/veeohutus.ee\/suvi\/en\/at-the-beach-with-children\/#breadcrumb","itemListElement":[{"@type":"ListItem","position":1,"name":"Home","item":"https:\/\/veeohutus.ee\/suvi\/en\/"},{"@type":"ListItem","position":2,"name":"At the beach with children"}]},{"@type":"WebSite","@id":"https:\/\/veeohutus.ee\/suvi\/#website","url":"https:\/\/veeohutus.ee\/suvi\/","name":"Veeohutus - Summer - how to prevent accidents in the water - P\u00e4\u00e4steamet","description":"P\u00e4\u00e4steamet - Veeohutus","potentialAction":[{"@type":"SearchAction","target":{"@type":"EntryPoint","urlTemplate":"https:\/\/veeohutus.ee\/suvi\/?s={search_term_string}"},"query-input":{"@type":"PropertyValueSpecification","valueRequired":true,"valueName":"search_term_string"}}],"inLanguage":"en"}]}},"_links":{"self":[{"href":"https:\/\/veeohutus.ee\/suvi\/en\/wp-json\/wp\/v2\/pages\/1889","targetHints":{"allow":["GET"]}}],"collection":[{"href":"https:\/\/veeohutus.ee\/suvi\/en\/wp-json\/wp\/v2\/pages"}],"about":[{"href":"https:\/\/veeohutus.ee\/suvi\/en\/wp-json\/wp\/v2\/types\/page"}],"author":[{"embeddable":true,"href":"https:\/\/veeohutus.ee\/suvi\/en\/wp-json\/wp\/v2\/users\/2"}],"replies":[{"embeddable":true,"href":"https:\/\/veeohutus.ee\/suvi\/en\/wp-json\/wp\/v2\/comments?post=1889"}],"version-history":[{"count":3,"href":"https:\/\/veeohutus.ee\/suvi\/en\/wp-json\/wp\/v2\/pages\/1889\/revisions"}],"predecessor-version":[{"id":1891,"href":"https:\/\/veeohutus.ee\/suvi\/en\/wp-json\/wp\/v2\/pages\/1889\/revisions\/1891"}],"wp:featuredmedia":[{"embeddable":true,"href":"https:\/\/veeohutus.ee\/suvi\/en\/wp-json\/wp\/v2\/media\/1869"}],"wp:attachment":[{"href":"https:\/\/veeohutus.ee\/suvi\/en\/wp-json\/wp\/v2\/media?parent=1889"}],"curies":[{"name":"wp","href":"https:\/\/api.w.org\/{rel}","templated":true}]}}