{"id":1976,"date":"2017-07-04T10:25:32","date_gmt":"2017-07-04T07:25:32","guid":{"rendered":"http:\/\/veeohutus.ee\/?page_id=1976&#038;lang=en"},"modified":"2017-07-04T10:25:32","modified_gmt":"2017-07-04T07:25:32","slug":"wear-life-jacket","status":"publish","type":"page","link":"https:\/\/veeohutus.ee\/suvi\/en\/wear-life-jacket\/","title":{"rendered":"Wear a life jacket"},"content":{"rendered":"<p>&nbsp;<\/p>\n<div style=\"text-align: left;\">\n<div style=\"text-align: justify;\">\n<div style=\"text-align: center;\"><iframe loading=\"lazy\" src=\"https:\/\/www.youtube.com\/embed\/bTDfMdqVQJA?list=PLXqfEWtALYhdrF55QUpfifWiXsht5152x\" width=\"560\" height=\"315\" frameborder=\"0\" allowfullscreen=\"allowfullscreen\"><\/iframe>:<\/div>\n<p>&nbsp;<\/p>\n<h3 style=\"text-align: justify;\">Wearing a life jacket on the water doesn&#8217;t have to be an inconvenience<\/h3>\n<p>Several different types of life jackets have been produced to make them more comfortable and less cumbersome for the wearer. Choose the one that fits your activity, whether it be fishing, sailing, or simply a fun boat ride.<br \/>\n&nbsp;<br \/>\n&nbsp;<br \/>\n<strong>See the different types of jackets in the following video clip:<\/strong><br \/>\n&nbsp;<\/p>\n<div style=\"text-align: center;\"><iframe loading=\"lazy\" src=\"https:\/\/www.youtube.com\/embed\/BEvDKbGPBZ4?list=PLXqfEWtALYhdrF55QUpfifWiXsht5152x\" width=\"560\" height=\"315\" frameborder=\"0\" allowfullscreen=\"allowfullscreen\"><\/iframe>:<\/div>\n<\/div>\n<\/div>\n","protected":false},"excerpt":{"rendered":"<p>&nbsp; : &nbsp; Wearing a life jacket on the water doesn&#8217;t have to be an inconvenience Several different types of life jackets have been produced to make them more comfortable and less cumbersome for the wearer. Choose the one that fits your activity, whether it be fishing, sailing, or simply a fun boat ride. &nbsp;&#8230;  <a class=\"excerpt-read-more\" href=\"https:\/\/veeohutus.ee\/suvi\/en\/wear-life-jacket\/\" title=\"Read Wear a life jacket\">Read more<\/a><\/p>\n","protected":false},"author":2,"featured_media":315,"parent":0,"menu_order":6,"comment_status":"closed","ping_status":"closed","template":"","meta":{"_acf_changed":false,"footnotes":""},"class_list":["post-1976","page","type-page","status-publish","has-post-thumbnail","hentry"],"acf":[],"yoast_head":"<!-- This site is optimized with the Yoast SEO plugin v26.7 - https:\/\/yoast.com\/wordpress\/plugins\/seo\/ -->\n<title>Wear a life jacket - Veeohutus - Summer - how to prevent accidents in the water - P\u00e4\u00e4steamet<\/title>\n<meta name=\"robots\" content=\"index, follow, max-snippet:-1, max-image-preview:large, max-video-preview:-1\" \/>\n<link rel=\"canonical\" href=\"https:\/\/veeohutus.ee\/suvi\/en\/wear-life-jacket\/\" \/>\n<meta property=\"og:locale\" content=\"en_US\" \/>\n<meta property=\"og:type\" content=\"article\" \/>\n<meta property=\"og:title\" content=\"Wear a life jacket - Veeohutus - Summer - how to prevent accidents in the water - P\u00e4\u00e4steamet\" \/>\n<meta property=\"og:description\" content=\"&nbsp; : &nbsp; Wearing a life jacket on the water doesn&#8217;t have to be an inconvenience Several different types of life jackets have been produced to make them more comfortable and less cumbersome for the wearer. Choose the one that fits your activity, whether it be fishing, sailing, or simply a fun boat ride. &nbsp;... Read more\" \/>\n<meta property=\"og:url\" content=\"https:\/\/veeohutus.ee\/suvi\/en\/wear-life-jacket\/\" \/>\n<meta property=\"og:site_name\" content=\"Veeohutus - Summer - how to prevent accidents in the water - P\u00e4\u00e4steamet\" \/>\n<meta property=\"og:image\" content=\"https:\/\/veeohutus.ee\/suvi\/wp-content\/uploads\/2016\/06\/Paasteamet_veeohutuskampaania_924x427_noored.jpg\" \/>\n\t<meta property=\"og:image:width\" content=\"924\" \/>\n\t<meta property=\"og:image:height\" content=\"427\" \/>\n\t<meta property=\"og:image:type\" content=\"image\/jpeg\" \/>\n<meta name=\"twitter:card\" content=\"summary_large_image\" \/>\n<script type=\"application\/ld+json\" class=\"yoast-schema-graph\">{\"@context\":\"https:\/\/schema.org\",\"@graph\":[{\"@type\":\"WebPage\",\"@id\":\"https:\/\/veeohutus.ee\/suvi\/en\/wear-life-jacket\/\",\"url\":\"https:\/\/veeohutus.ee\/suvi\/en\/wear-life-jacket\/\",\"name\":\"Wear a life jacket - Veeohutus - Summer - how to prevent accidents in the water - P\u00e4\u00e4steamet\",\"isPartOf\":{\"@id\":\"https:\/\/veeohutus.ee\/suvi\/#website\"},\"primaryImageOfPage\":{\"@id\":\"https:\/\/veeohutus.ee\/suvi\/en\/wear-life-jacket\/#primaryimage\"},\"image\":{\"@id\":\"https:\/\/veeohutus.ee\/suvi\/en\/wear-life-jacket\/#primaryimage\"},\"thumbnailUrl\":\"https:\/\/veeohutus.ee\/suvi\/wp-content\/uploads\/2016\/06\/Paasteamet_veeohutuskampaania_924x427_noored.jpg\",\"datePublished\":\"2017-07-04T07:25:32+00:00\",\"breadcrumb\":{\"@id\":\"https:\/\/veeohutus.ee\/suvi\/en\/wear-life-jacket\/#breadcrumb\"},\"inLanguage\":\"en\",\"potentialAction\":[{\"@type\":\"ReadAction\",\"target\":[\"https:\/\/veeohutus.ee\/suvi\/en\/wear-life-jacket\/\"]}]},{\"@type\":\"ImageObject\",\"inLanguage\":\"en\",\"@id\":\"https:\/\/veeohutus.ee\/suvi\/en\/wear-life-jacket\/#primaryimage\",\"url\":\"https:\/\/veeohutus.ee\/suvi\/wp-content\/uploads\/2016\/06\/Paasteamet_veeohutuskampaania_924x427_noored.jpg\",\"contentUrl\":\"https:\/\/veeohutus.ee\/suvi\/wp-content\/uploads\/2016\/06\/Paasteamet_veeohutuskampaania_924x427_noored.jpg\",\"width\":924,\"height\":427},{\"@type\":\"BreadcrumbList\",\"@id\":\"https:\/\/veeohutus.ee\/suvi\/en\/wear-life-jacket\/#breadcrumb\",\"itemListElement\":[{\"@type\":\"ListItem\",\"position\":1,\"name\":\"Home\",\"item\":\"https:\/\/veeohutus.ee\/suvi\/en\/\"},{\"@type\":\"ListItem\",\"position\":2,\"name\":\"Wear a life jacket\"}]},{\"@type\":\"WebSite\",\"@id\":\"https:\/\/veeohutus.ee\/suvi\/#website\",\"url\":\"https:\/\/veeohutus.ee\/suvi\/\",\"name\":\"Veeohutus - Summer - how to prevent accidents in the water - P\u00e4\u00e4steamet\",\"description\":\"P\u00e4\u00e4steamet - Veeohutus\",\"potentialAction\":[{\"@type\":\"SearchAction\",\"target\":{\"@type\":\"EntryPoint\",\"urlTemplate\":\"https:\/\/veeohutus.ee\/suvi\/?s={search_term_string}\"},\"query-input\":{\"@type\":\"PropertyValueSpecification\",\"valueRequired\":true,\"valueName\":\"search_term_string\"}}],\"inLanguage\":\"en\"}]}<\/script>\n<!-- \/ Yoast SEO plugin. -->","yoast_head_json":{"title":"Wear a life jacket - Veeohutus - Summer - how to prevent accidents in the water - P\u00e4\u00e4steamet","robots":{"index":"index","follow":"follow","max-snippet":"max-snippet:-1","max-image-preview":"max-image-preview:large","max-video-preview":"max-video-preview:-1"},"canonical":"https:\/\/veeohutus.ee\/suvi\/en\/wear-life-jacket\/","og_locale":"en_US","og_type":"article","og_title":"Wear a life jacket - Veeohutus - Summer - how to prevent accidents in the water - P\u00e4\u00e4steamet","og_description":"&nbsp; : &nbsp; Wearing a life jacket on the water doesn&#8217;t have to be an inconvenience Several different types of life jackets have been produced to make them more comfortable and less cumbersome for the wearer. Choose the one that fits your activity, whether it be fishing, sailing, or simply a fun boat ride. &nbsp;... Read more","og_url":"https:\/\/veeohutus.ee\/suvi\/en\/wear-life-jacket\/","og_site_name":"Veeohutus - Summer - how to prevent accidents in the water - P\u00e4\u00e4steamet","og_image":[{"width":924,"height":427,"url":"https:\/\/veeohutus.ee\/suvi\/wp-content\/uploads\/2016\/06\/Paasteamet_veeohutuskampaania_924x427_noored.jpg","type":"image\/jpeg"}],"twitter_card":"summary_large_image","schema":{"@context":"https:\/\/schema.org","@graph":[{"@type":"WebPage","@id":"https:\/\/veeohutus.ee\/suvi\/en\/wear-life-jacket\/","url":"https:\/\/veeohutus.ee\/suvi\/en\/wear-life-jacket\/","name":"Wear a life jacket - Veeohutus - Summer - how to prevent accidents in the water - P\u00e4\u00e4steamet","isPartOf":{"@id":"https:\/\/veeohutus.ee\/suvi\/#website"},"primaryImageOfPage":{"@id":"https:\/\/veeohutus.ee\/suvi\/en\/wear-life-jacket\/#primaryimage"},"image":{"@id":"https:\/\/veeohutus.ee\/suvi\/en\/wear-life-jacket\/#primaryimage"},"thumbnailUrl":"https:\/\/veeohutus.ee\/suvi\/wp-content\/uploads\/2016\/06\/Paasteamet_veeohutuskampaania_924x427_noored.jpg","datePublished":"2017-07-04T07:25:32+00:00","breadcrumb":{"@id":"https:\/\/veeohutus.ee\/suvi\/en\/wear-life-jacket\/#breadcrumb"},"inLanguage":"en","potentialAction":[{"@type":"ReadAction","target":["https:\/\/veeohutus.ee\/suvi\/en\/wear-life-jacket\/"]}]},{"@type":"ImageObject","inLanguage":"en","@id":"https:\/\/veeohutus.ee\/suvi\/en\/wear-life-jacket\/#primaryimage","url":"https:\/\/veeohutus.ee\/suvi\/wp-content\/uploads\/2016\/06\/Paasteamet_veeohutuskampaania_924x427_noored.jpg","contentUrl":"https:\/\/veeohutus.ee\/suvi\/wp-content\/uploads\/2016\/06\/Paasteamet_veeohutuskampaania_924x427_noored.jpg","width":924,"height":427},{"@type":"BreadcrumbList","@id":"https:\/\/veeohutus.ee\/suvi\/en\/wear-life-jacket\/#breadcrumb","itemListElement":[{"@type":"ListItem","position":1,"name":"Home","item":"https:\/\/veeohutus.ee\/suvi\/en\/"},{"@type":"ListItem","position":2,"name":"Wear a life jacket"}]},{"@type":"WebSite","@id":"https:\/\/veeohutus.ee\/suvi\/#website","url":"https:\/\/veeohutus.ee\/suvi\/","name":"Veeohutus - Summer - how to prevent accidents in the water - P\u00e4\u00e4steamet","description":"P\u00e4\u00e4steamet - Veeohutus","potentialAction":[{"@type":"SearchAction","target":{"@type":"EntryPoint","urlTemplate":"https:\/\/veeohutus.ee\/suvi\/?s={search_term_string}"},"query-input":{"@type":"PropertyValueSpecification","valueRequired":true,"valueName":"search_term_string"}}],"inLanguage":"en"}]}},"_links":{"self":[{"href":"https:\/\/veeohutus.ee\/suvi\/en\/wp-json\/wp\/v2\/pages\/1976","targetHints":{"allow":["GET"]}}],"collection":[{"href":"https:\/\/veeohutus.ee\/suvi\/en\/wp-json\/wp\/v2\/pages"}],"about":[{"href":"https:\/\/veeohutus.ee\/suvi\/en\/wp-json\/wp\/v2\/types\/page"}],"author":[{"embeddable":true,"href":"https:\/\/veeohutus.ee\/suvi\/en\/wp-json\/wp\/v2\/users\/2"}],"replies":[{"embeddable":true,"href":"https:\/\/veeohutus.ee\/suvi\/en\/wp-json\/wp\/v2\/comments?post=1976"}],"version-history":[{"count":1,"href":"https:\/\/veeohutus.ee\/suvi\/en\/wp-json\/wp\/v2\/pages\/1976\/revisions"}],"predecessor-version":[{"id":1977,"href":"https:\/\/veeohutus.ee\/suvi\/en\/wp-json\/wp\/v2\/pages\/1976\/revisions\/1977"}],"wp:featuredmedia":[{"embeddable":true,"href":"https:\/\/veeohutus.ee\/suvi\/en\/wp-json\/wp\/v2\/media\/315"}],"wp:attachment":[{"href":"https:\/\/veeohutus.ee\/suvi\/en\/wp-json\/wp\/v2\/media?parent=1976"}],"curies":[{"name":"wp","href":"https:\/\/api.w.org\/{rel}","templated":true}]}}