{"id":1984,"date":"2017-07-04T10:42:57","date_gmt":"2017-07-04T07:42:57","guid":{"rendered":"http:\/\/veeohutus.ee\/?page_id=1984&#038;lang=en"},"modified":"2017-07-04T10:42:57","modified_gmt":"2017-07-04T07:42:57","slug":"guidelines-lifeguard-rental-services","status":"publish","type":"page","link":"https:\/\/veeohutus.ee\/suvi\/en\/guidelines-lifeguard-rental-services\/","title":{"rendered":"Guidelines for the lifeguard and rental services"},"content":{"rendered":"<p style=\"text-align: justify;\">The Ministry of the Interior in cooperation with several partners has put together and updated the good practice guidelines for the lifeguard service and the rental services for different watercraft. The good practice guidelines for the services are aimed towards local governments, security companies, lifeguards, and other companies providing water-related services.  The guidelines are not mandatory (they are not legally binding), they are merely recommendations that help increase the water safety level in Estonia.<\/p>\n<p style=\"text-align: justify;\">See the good practice guidelines for the lifeguard service here:<strong> <a href=\"http:\/\/veeohutus.ee\/www\/wp-content\/uploads\/2016\/06\/Rannavalve-teenuse-juhend.pdf\">Guidelines for the Lifeguard Service<\/a><\/strong><\/p>\n<p style=\"text-align: justify;\">See the good practice guidelines for renting watercraft and maintaining water parks here: <strong><a href=\"http:\/\/veeohutus.ee\/www\/wp-content\/uploads\/2016\/06\/Renditeenuse-hea-tava.pdf\">Good practices for rental services<\/a> <\/strong><\/p>\n","protected":false},"excerpt":{"rendered":"<p>The Ministry of the Interior in cooperation with several partners has put together and updated the good practice guidelines for the lifeguard service and the rental services for different watercraft. The good practice guidelines for the services are aimed towards local governments, security companies, lifeguards, and other companies providing water-related services. The guidelines are not&#8230;  <a class=\"excerpt-read-more\" href=\"https:\/\/veeohutus.ee\/suvi\/en\/guidelines-lifeguard-rental-services\/\" title=\"Read Guidelines for the lifeguard and rental services\">Read more<\/a><\/p>\n","protected":false},"author":2,"featured_media":514,"parent":0,"menu_order":17,"comment_status":"closed","ping_status":"closed","template":"","meta":{"_acf_changed":false,"footnotes":""},"class_list":["post-1984","page","type-page","status-publish","has-post-thumbnail","hentry"],"acf":[],"yoast_head":"<!-- This site is optimized with the Yoast SEO plugin v26.7 - https:\/\/yoast.com\/wordpress\/plugins\/seo\/ -->\n<title>Guidelines for the lifeguard and rental services - Veeohutus - Summer - how to prevent accidents in the water - P\u00e4\u00e4steamet<\/title>\n<meta name=\"robots\" content=\"index, follow, max-snippet:-1, max-image-preview:large, max-video-preview:-1\" \/>\n<link rel=\"canonical\" href=\"https:\/\/veeohutus.ee\/suvi\/en\/guidelines-lifeguard-rental-services\/\" \/>\n<meta property=\"og:locale\" content=\"en_US\" \/>\n<meta property=\"og:type\" content=\"article\" \/>\n<meta property=\"og:title\" content=\"Guidelines for the lifeguard and rental services - Veeohutus - Summer - how to prevent accidents in the water - P\u00e4\u00e4steamet\" \/>\n<meta property=\"og:description\" content=\"The Ministry of the Interior in cooperation with several partners has put together and updated the good practice guidelines for the lifeguard service and the rental services for different watercraft. The good practice guidelines for the services are aimed towards local governments, security companies, lifeguards, and other companies providing water-related services. The guidelines are not... Read more\" \/>\n<meta property=\"og:url\" content=\"https:\/\/veeohutus.ee\/suvi\/en\/guidelines-lifeguard-rental-services\/\" \/>\n<meta property=\"og:site_name\" content=\"Veeohutus - Summer - how to prevent accidents in the water - P\u00e4\u00e4steamet\" \/>\n<meta property=\"og:image\" content=\"https:\/\/veeohutus.ee\/suvi\/wp-content\/uploads\/2016\/06\/iStock_000012207670Large-e1466424707343-1024x379.jpg\" \/>\n\t<meta property=\"og:image:width\" content=\"1024\" \/>\n\t<meta property=\"og:image:height\" content=\"379\" \/>\n\t<meta property=\"og:image:type\" content=\"image\/jpeg\" \/>\n<meta name=\"twitter:card\" content=\"summary_large_image\" \/>\n<meta name=\"twitter:label1\" content=\"Est. reading time\" \/>\n\t<meta name=\"twitter:data1\" content=\"1 minute\" \/>\n<script type=\"application\/ld+json\" class=\"yoast-schema-graph\">{\"@context\":\"https:\/\/schema.org\",\"@graph\":[{\"@type\":\"WebPage\",\"@id\":\"https:\/\/veeohutus.ee\/suvi\/en\/guidelines-lifeguard-rental-services\/\",\"url\":\"https:\/\/veeohutus.ee\/suvi\/en\/guidelines-lifeguard-rental-services\/\",\"name\":\"Guidelines for the lifeguard and rental services - Veeohutus - Summer - how to prevent accidents in the water - P\u00e4\u00e4steamet\",\"isPartOf\":{\"@id\":\"https:\/\/veeohutus.ee\/suvi\/#website\"},\"primaryImageOfPage\":{\"@id\":\"https:\/\/veeohutus.ee\/suvi\/en\/guidelines-lifeguard-rental-services\/#primaryimage\"},\"image\":{\"@id\":\"https:\/\/veeohutus.ee\/suvi\/en\/guidelines-lifeguard-rental-services\/#primaryimage\"},\"thumbnailUrl\":\"https:\/\/veeohutus.ee\/suvi\/wp-content\/uploads\/2016\/06\/iStock_000012207670Large.jpg\",\"datePublished\":\"2017-07-04T07:42:57+00:00\",\"breadcrumb\":{\"@id\":\"https:\/\/veeohutus.ee\/suvi\/en\/guidelines-lifeguard-rental-services\/#breadcrumb\"},\"inLanguage\":\"en\",\"potentialAction\":[{\"@type\":\"ReadAction\",\"target\":[\"https:\/\/veeohutus.ee\/suvi\/en\/guidelines-lifeguard-rental-services\/\"]}]},{\"@type\":\"ImageObject\",\"inLanguage\":\"en\",\"@id\":\"https:\/\/veeohutus.ee\/suvi\/en\/guidelines-lifeguard-rental-services\/#primaryimage\",\"url\":\"https:\/\/veeohutus.ee\/suvi\/wp-content\/uploads\/2016\/06\/iStock_000012207670Large.jpg\",\"contentUrl\":\"https:\/\/veeohutus.ee\/suvi\/wp-content\/uploads\/2016\/06\/iStock_000012207670Large.jpg\",\"width\":2563,\"height\":948},{\"@type\":\"BreadcrumbList\",\"@id\":\"https:\/\/veeohutus.ee\/suvi\/en\/guidelines-lifeguard-rental-services\/#breadcrumb\",\"itemListElement\":[{\"@type\":\"ListItem\",\"position\":1,\"name\":\"Home\",\"item\":\"https:\/\/veeohutus.ee\/suvi\/en\/\"},{\"@type\":\"ListItem\",\"position\":2,\"name\":\"Guidelines for the lifeguard and rental services\"}]},{\"@type\":\"WebSite\",\"@id\":\"https:\/\/veeohutus.ee\/suvi\/#website\",\"url\":\"https:\/\/veeohutus.ee\/suvi\/\",\"name\":\"Veeohutus - Summer - how to prevent accidents in the water - P\u00e4\u00e4steamet\",\"description\":\"P\u00e4\u00e4steamet - Veeohutus\",\"potentialAction\":[{\"@type\":\"SearchAction\",\"target\":{\"@type\":\"EntryPoint\",\"urlTemplate\":\"https:\/\/veeohutus.ee\/suvi\/?s={search_term_string}\"},\"query-input\":{\"@type\":\"PropertyValueSpecification\",\"valueRequired\":true,\"valueName\":\"search_term_string\"}}],\"inLanguage\":\"en\"}]}<\/script>\n<!-- \/ Yoast SEO plugin. -->","yoast_head_json":{"title":"Guidelines for the lifeguard and rental services - Veeohutus - Summer - how to prevent accidents in the water - P\u00e4\u00e4steamet","robots":{"index":"index","follow":"follow","max-snippet":"max-snippet:-1","max-image-preview":"max-image-preview:large","max-video-preview":"max-video-preview:-1"},"canonical":"https:\/\/veeohutus.ee\/suvi\/en\/guidelines-lifeguard-rental-services\/","og_locale":"en_US","og_type":"article","og_title":"Guidelines for the lifeguard and rental services - Veeohutus - Summer - how to prevent accidents in the water - P\u00e4\u00e4steamet","og_description":"The Ministry of the Interior in cooperation with several partners has put together and updated the good practice guidelines for the lifeguard service and the rental services for different watercraft. The good practice guidelines for the services are aimed towards local governments, security companies, lifeguards, and other companies providing water-related services. The guidelines are not... Read more","og_url":"https:\/\/veeohutus.ee\/suvi\/en\/guidelines-lifeguard-rental-services\/","og_site_name":"Veeohutus - Summer - how to prevent accidents in the water - P\u00e4\u00e4steamet","og_image":[{"width":1024,"height":379,"url":"https:\/\/veeohutus.ee\/suvi\/wp-content\/uploads\/2016\/06\/iStock_000012207670Large-e1466424707343-1024x379.jpg","type":"image\/jpeg"}],"twitter_card":"summary_large_image","twitter_misc":{"Est. reading time":"1 minute"},"schema":{"@context":"https:\/\/schema.org","@graph":[{"@type":"WebPage","@id":"https:\/\/veeohutus.ee\/suvi\/en\/guidelines-lifeguard-rental-services\/","url":"https:\/\/veeohutus.ee\/suvi\/en\/guidelines-lifeguard-rental-services\/","name":"Guidelines for the lifeguard and rental services - Veeohutus - Summer - how to prevent accidents in the water - P\u00e4\u00e4steamet","isPartOf":{"@id":"https:\/\/veeohutus.ee\/suvi\/#website"},"primaryImageOfPage":{"@id":"https:\/\/veeohutus.ee\/suvi\/en\/guidelines-lifeguard-rental-services\/#primaryimage"},"image":{"@id":"https:\/\/veeohutus.ee\/suvi\/en\/guidelines-lifeguard-rental-services\/#primaryimage"},"thumbnailUrl":"https:\/\/veeohutus.ee\/suvi\/wp-content\/uploads\/2016\/06\/iStock_000012207670Large.jpg","datePublished":"2017-07-04T07:42:57+00:00","breadcrumb":{"@id":"https:\/\/veeohutus.ee\/suvi\/en\/guidelines-lifeguard-rental-services\/#breadcrumb"},"inLanguage":"en","potentialAction":[{"@type":"ReadAction","target":["https:\/\/veeohutus.ee\/suvi\/en\/guidelines-lifeguard-rental-services\/"]}]},{"@type":"ImageObject","inLanguage":"en","@id":"https:\/\/veeohutus.ee\/suvi\/en\/guidelines-lifeguard-rental-services\/#primaryimage","url":"https:\/\/veeohutus.ee\/suvi\/wp-content\/uploads\/2016\/06\/iStock_000012207670Large.jpg","contentUrl":"https:\/\/veeohutus.ee\/suvi\/wp-content\/uploads\/2016\/06\/iStock_000012207670Large.jpg","width":2563,"height":948},{"@type":"BreadcrumbList","@id":"https:\/\/veeohutus.ee\/suvi\/en\/guidelines-lifeguard-rental-services\/#breadcrumb","itemListElement":[{"@type":"ListItem","position":1,"name":"Home","item":"https:\/\/veeohutus.ee\/suvi\/en\/"},{"@type":"ListItem","position":2,"name":"Guidelines for the lifeguard and rental services"}]},{"@type":"WebSite","@id":"https:\/\/veeohutus.ee\/suvi\/#website","url":"https:\/\/veeohutus.ee\/suvi\/","name":"Veeohutus - Summer - how to prevent accidents in the water - P\u00e4\u00e4steamet","description":"P\u00e4\u00e4steamet - Veeohutus","potentialAction":[{"@type":"SearchAction","target":{"@type":"EntryPoint","urlTemplate":"https:\/\/veeohutus.ee\/suvi\/?s={search_term_string}"},"query-input":{"@type":"PropertyValueSpecification","valueRequired":true,"valueName":"search_term_string"}}],"inLanguage":"en"}]}},"_links":{"self":[{"href":"https:\/\/veeohutus.ee\/suvi\/en\/wp-json\/wp\/v2\/pages\/1984","targetHints":{"allow":["GET"]}}],"collection":[{"href":"https:\/\/veeohutus.ee\/suvi\/en\/wp-json\/wp\/v2\/pages"}],"about":[{"href":"https:\/\/veeohutus.ee\/suvi\/en\/wp-json\/wp\/v2\/types\/page"}],"author":[{"embeddable":true,"href":"https:\/\/veeohutus.ee\/suvi\/en\/wp-json\/wp\/v2\/users\/2"}],"replies":[{"embeddable":true,"href":"https:\/\/veeohutus.ee\/suvi\/en\/wp-json\/wp\/v2\/comments?post=1984"}],"version-history":[{"count":1,"href":"https:\/\/veeohutus.ee\/suvi\/en\/wp-json\/wp\/v2\/pages\/1984\/revisions"}],"predecessor-version":[{"id":1985,"href":"https:\/\/veeohutus.ee\/suvi\/en\/wp-json\/wp\/v2\/pages\/1984\/revisions\/1985"}],"wp:featuredmedia":[{"embeddable":true,"href":"https:\/\/veeohutus.ee\/suvi\/en\/wp-json\/wp\/v2\/media\/514"}],"wp:attachment":[{"href":"https:\/\/veeohutus.ee\/suvi\/en\/wp-json\/wp\/v2\/media?parent=1984"}],"curies":[{"name":"wp","href":"https:\/\/api.w.org\/{rel}","templated":true}]}}