{"id":1988,"date":"2017-07-04T10:47:49","date_gmt":"2017-07-04T07:47:49","guid":{"rendered":"http:\/\/veeohutus.ee\/?page_id=1988&#038;lang=en"},"modified":"2018-04-20T14:20:26","modified_gmt":"2018-04-20T11:20:26","slug":"for-children","status":"publish","type":"page","link":"https:\/\/veeohutus.ee\/suvi\/en\/for-children\/","title":{"rendered":"For children"},"content":{"rendered":"<h3>Watch the video together with children.<\/h3>\n<p><iframe loading=\"lazy\" width=\"680\" height=\"510\" src=\"https:\/\/www.youtube.com\/embed\/FGPLrLEBXJA?feature=oembed\" frameborder=\"0\" allow=\"autoplay; encrypted-media\" allowfullscreen><\/iframe><\/p>\n","protected":false},"excerpt":{"rendered":"<p>Watch the video together with children.<\/p>\n","protected":false},"author":2,"featured_media":1804,"parent":0,"menu_order":35,"comment_status":"closed","ping_status":"closed","template":"","meta":{"_acf_changed":false,"footnotes":""},"class_list":["post-1988","page","type-page","status-publish","has-post-thumbnail","hentry"],"acf":[],"yoast_head":"<!-- This site is optimized with the Yoast SEO plugin v26.7 - https:\/\/yoast.com\/wordpress\/plugins\/seo\/ -->\n<title>For children - Veeohutus - Summer - how to prevent accidents in the water - P\u00e4\u00e4steamet<\/title>\n<meta name=\"robots\" content=\"index, follow, max-snippet:-1, max-image-preview:large, max-video-preview:-1\" \/>\n<link rel=\"canonical\" href=\"https:\/\/veeohutus.ee\/suvi\/en\/for-children\/\" \/>\n<meta property=\"og:locale\" content=\"en_US\" \/>\n<meta property=\"og:type\" content=\"article\" \/>\n<meta property=\"og:title\" content=\"For children - Veeohutus - Summer - how to prevent accidents in the water - P\u00e4\u00e4steamet\" \/>\n<meta property=\"og:description\" content=\"Watch the video together with children.\" \/>\n<meta property=\"og:url\" content=\"https:\/\/veeohutus.ee\/suvi\/en\/for-children\/\" \/>\n<meta property=\"og:site_name\" content=\"Veeohutus - Summer - how to prevent accidents in the water - P\u00e4\u00e4steamet\" \/>\n<meta property=\"article:modified_time\" content=\"2018-04-20T11:20:26+00:00\" \/>\n<meta property=\"og:image\" content=\"https:\/\/veeohutus.ee\/suvi\/wp-content\/uploads\/2017\/05\/iStock_000014006297Small.jpg\" \/>\n\t<meta property=\"og:image:width\" content=\"849\" \/>\n\t<meta property=\"og:image:height\" content=\"565\" \/>\n\t<meta property=\"og:image:type\" content=\"image\/jpeg\" \/>\n<meta name=\"twitter:card\" content=\"summary_large_image\" \/>\n<script type=\"application\/ld+json\" class=\"yoast-schema-graph\">{\"@context\":\"https:\/\/schema.org\",\"@graph\":[{\"@type\":\"WebPage\",\"@id\":\"https:\/\/veeohutus.ee\/suvi\/en\/for-children\/\",\"url\":\"https:\/\/veeohutus.ee\/suvi\/en\/for-children\/\",\"name\":\"For children - Veeohutus - Summer - how to prevent accidents in the water - P\u00e4\u00e4steamet\",\"isPartOf\":{\"@id\":\"https:\/\/veeohutus.ee\/suvi\/#website\"},\"primaryImageOfPage\":{\"@id\":\"https:\/\/veeohutus.ee\/suvi\/en\/for-children\/#primaryimage\"},\"image\":{\"@id\":\"https:\/\/veeohutus.ee\/suvi\/en\/for-children\/#primaryimage\"},\"thumbnailUrl\":\"https:\/\/veeohutus.ee\/suvi\/wp-content\/uploads\/2017\/05\/iStock_000014006297Small.jpg\",\"datePublished\":\"2017-07-04T07:47:49+00:00\",\"dateModified\":\"2018-04-20T11:20:26+00:00\",\"breadcrumb\":{\"@id\":\"https:\/\/veeohutus.ee\/suvi\/en\/for-children\/#breadcrumb\"},\"inLanguage\":\"en\",\"potentialAction\":[{\"@type\":\"ReadAction\",\"target\":[\"https:\/\/veeohutus.ee\/suvi\/en\/for-children\/\"]}]},{\"@type\":\"ImageObject\",\"inLanguage\":\"en\",\"@id\":\"https:\/\/veeohutus.ee\/suvi\/en\/for-children\/#primaryimage\",\"url\":\"https:\/\/veeohutus.ee\/suvi\/wp-content\/uploads\/2017\/05\/iStock_000014006297Small.jpg\",\"contentUrl\":\"https:\/\/veeohutus.ee\/suvi\/wp-content\/uploads\/2017\/05\/iStock_000014006297Small.jpg\",\"width\":849,\"height\":565},{\"@type\":\"BreadcrumbList\",\"@id\":\"https:\/\/veeohutus.ee\/suvi\/en\/for-children\/#breadcrumb\",\"itemListElement\":[{\"@type\":\"ListItem\",\"position\":1,\"name\":\"Home\",\"item\":\"https:\/\/veeohutus.ee\/suvi\/en\/\"},{\"@type\":\"ListItem\",\"position\":2,\"name\":\"For children\"}]},{\"@type\":\"WebSite\",\"@id\":\"https:\/\/veeohutus.ee\/suvi\/#website\",\"url\":\"https:\/\/veeohutus.ee\/suvi\/\",\"name\":\"Veeohutus - Summer - how to prevent accidents in the water - P\u00e4\u00e4steamet\",\"description\":\"P\u00e4\u00e4steamet - Veeohutus\",\"potentialAction\":[{\"@type\":\"SearchAction\",\"target\":{\"@type\":\"EntryPoint\",\"urlTemplate\":\"https:\/\/veeohutus.ee\/suvi\/?s={search_term_string}\"},\"query-input\":{\"@type\":\"PropertyValueSpecification\",\"valueRequired\":true,\"valueName\":\"search_term_string\"}}],\"inLanguage\":\"en\"}]}<\/script>\n<!-- \/ Yoast SEO plugin. -->","yoast_head_json":{"title":"For children - Veeohutus - Summer - how to prevent accidents in the water - P\u00e4\u00e4steamet","robots":{"index":"index","follow":"follow","max-snippet":"max-snippet:-1","max-image-preview":"max-image-preview:large","max-video-preview":"max-video-preview:-1"},"canonical":"https:\/\/veeohutus.ee\/suvi\/en\/for-children\/","og_locale":"en_US","og_type":"article","og_title":"For children - Veeohutus - Summer - how to prevent accidents in the water - P\u00e4\u00e4steamet","og_description":"Watch the video together with children.","og_url":"https:\/\/veeohutus.ee\/suvi\/en\/for-children\/","og_site_name":"Veeohutus - Summer - how to prevent accidents in the water - P\u00e4\u00e4steamet","article_modified_time":"2018-04-20T11:20:26+00:00","og_image":[{"width":849,"height":565,"url":"https:\/\/veeohutus.ee\/suvi\/wp-content\/uploads\/2017\/05\/iStock_000014006297Small.jpg","type":"image\/jpeg"}],"twitter_card":"summary_large_image","schema":{"@context":"https:\/\/schema.org","@graph":[{"@type":"WebPage","@id":"https:\/\/veeohutus.ee\/suvi\/en\/for-children\/","url":"https:\/\/veeohutus.ee\/suvi\/en\/for-children\/","name":"For children - Veeohutus - Summer - how to prevent accidents in the water - P\u00e4\u00e4steamet","isPartOf":{"@id":"https:\/\/veeohutus.ee\/suvi\/#website"},"primaryImageOfPage":{"@id":"https:\/\/veeohutus.ee\/suvi\/en\/for-children\/#primaryimage"},"image":{"@id":"https:\/\/veeohutus.ee\/suvi\/en\/for-children\/#primaryimage"},"thumbnailUrl":"https:\/\/veeohutus.ee\/suvi\/wp-content\/uploads\/2017\/05\/iStock_000014006297Small.jpg","datePublished":"2017-07-04T07:47:49+00:00","dateModified":"2018-04-20T11:20:26+00:00","breadcrumb":{"@id":"https:\/\/veeohutus.ee\/suvi\/en\/for-children\/#breadcrumb"},"inLanguage":"en","potentialAction":[{"@type":"ReadAction","target":["https:\/\/veeohutus.ee\/suvi\/en\/for-children\/"]}]},{"@type":"ImageObject","inLanguage":"en","@id":"https:\/\/veeohutus.ee\/suvi\/en\/for-children\/#primaryimage","url":"https:\/\/veeohutus.ee\/suvi\/wp-content\/uploads\/2017\/05\/iStock_000014006297Small.jpg","contentUrl":"https:\/\/veeohutus.ee\/suvi\/wp-content\/uploads\/2017\/05\/iStock_000014006297Small.jpg","width":849,"height":565},{"@type":"BreadcrumbList","@id":"https:\/\/veeohutus.ee\/suvi\/en\/for-children\/#breadcrumb","itemListElement":[{"@type":"ListItem","position":1,"name":"Home","item":"https:\/\/veeohutus.ee\/suvi\/en\/"},{"@type":"ListItem","position":2,"name":"For children"}]},{"@type":"WebSite","@id":"https:\/\/veeohutus.ee\/suvi\/#website","url":"https:\/\/veeohutus.ee\/suvi\/","name":"Veeohutus - Summer - how to prevent accidents in the water - P\u00e4\u00e4steamet","description":"P\u00e4\u00e4steamet - Veeohutus","potentialAction":[{"@type":"SearchAction","target":{"@type":"EntryPoint","urlTemplate":"https:\/\/veeohutus.ee\/suvi\/?s={search_term_string}"},"query-input":{"@type":"PropertyValueSpecification","valueRequired":true,"valueName":"search_term_string"}}],"inLanguage":"en"}]}},"_links":{"self":[{"href":"https:\/\/veeohutus.ee\/suvi\/en\/wp-json\/wp\/v2\/pages\/1988","targetHints":{"allow":["GET"]}}],"collection":[{"href":"https:\/\/veeohutus.ee\/suvi\/en\/wp-json\/wp\/v2\/pages"}],"about":[{"href":"https:\/\/veeohutus.ee\/suvi\/en\/wp-json\/wp\/v2\/types\/page"}],"author":[{"embeddable":true,"href":"https:\/\/veeohutus.ee\/suvi\/en\/wp-json\/wp\/v2\/users\/2"}],"replies":[{"embeddable":true,"href":"https:\/\/veeohutus.ee\/suvi\/en\/wp-json\/wp\/v2\/comments?post=1988"}],"version-history":[{"count":2,"href":"https:\/\/veeohutus.ee\/suvi\/en\/wp-json\/wp\/v2\/pages\/1988\/revisions"}],"predecessor-version":[{"id":2338,"href":"https:\/\/veeohutus.ee\/suvi\/en\/wp-json\/wp\/v2\/pages\/1988\/revisions\/2338"}],"wp:featuredmedia":[{"embeddable":true,"href":"https:\/\/veeohutus.ee\/suvi\/en\/wp-json\/wp\/v2\/media\/1804"}],"wp:attachment":[{"href":"https:\/\/veeohutus.ee\/suvi\/en\/wp-json\/wp\/v2\/media?parent=1988"}],"curies":[{"name":"wp","href":"https:\/\/api.w.org\/{rel}","templated":true}]}}