{"id":2503,"date":"2018-05-11T13:18:19","date_gmt":"2018-05-11T10:18:19","guid":{"rendered":"https:\/\/demo2.opus.ee\/veeohutus\/suvi\/en\/?page_id=2503"},"modified":"2018-05-11T13:18:19","modified_gmt":"2018-05-11T10:18:19","slug":"make-bodies-water-close-home-safe","status":"publish","type":"page","link":"https:\/\/veeohutus.ee\/suvi\/en\/make-bodies-water-close-home-safe\/","title":{"rendered":"How to make bodies of water close to home safe"},"content":{"rendered":"<h3><strong>Most of the drownings occur due to falling or slipping into the water.<\/strong><\/h3>\n<p>In 2017 these accounted for <strong>60% (25 cases out of 42) of all cases<\/strong>. 83% of the drown in home environment were elderly or small children. <strong>12 people drowned<\/strong> in home environment where <strong>ditches, pools, ponds, wells, etc. were present<\/strong>. Among them <strong>were 3 small children who had been left unattended just for a moment.<\/strong><\/p>\n<p>&nbsp;<\/p>\n<h3><strong>Home Ponds<\/strong><\/h3>\n<p>Make the bodies of water near home safe and prevent children&#8217;s access with a fence:<\/p>\n<p><strong>The most commonly used fencing material is wood.<\/strong><\/p>\n<ul>\n<li>A wooden fence is preserved better when impregnated with a moisture-resistant agent.<\/li>\n<li>Choose the colours of your home parish to paint the fence!<\/li>\n<li>Feel free to use flags of different shape and length.<\/li>\n<li>Be very careful when using horizontal fence rails as children may use them as a ladder!<\/li>\n<\/ul>\n<p class=\"aligncenter size-full wp-image-2378\"><img loading=\"lazy\" decoding=\"async\" class=\"aligncenter wp-image-2403 size-large\" src=\"http:\/\/veeohutus.ee\/www\/wp-content\/uploads\/2018\/05\/Kodutiigi-aed1-1024x754.jpg\" alt=\"Kodutiigi aed1\" width=\"680\" height=\"501\" \/><\/p>\n<p>&nbsp;<\/p>\n<p class=\"aligncenter size-full wp-image-2378\"><strong>Chain-link fences are mostly used as perimeter fences.<\/strong><\/p>\n<ul>\n<li>Pay attention to secure the base area of the chain-link fence.<\/li>\n<li>The fence can be up to 1.5m high, the construction of higher fences should be coordinated with the local government.<\/li>\n<\/ul>\n<img loading=\"lazy\" decoding=\"async\" class=\"aligncenter wp-image-2416 size-large\" src=\"http:\/\/veeohutus.ee\/www\/wp-content\/uploads\/2018\/05\/v\u00f5rk-aed-1024x760.jpg\" alt=\"v\u00f5rk aed\" width=\"680\" height=\"505\" \/>\n<p>&nbsp;<\/p>\n<h4><strong>Maintenance of wells<\/strong><\/h4>\n<ul>\n<li>If the stone or wooden structure of your well is dilapidated, it could cause a serious accident.<\/li>\n<li>Replace the rotten wooden structure or replace the crumbling stones with new ones.<\/li>\n<li>Open wells are especially dangerous and should be covered with proper lids!<\/li>\n<li>Treat the wood used to repair the well with a waterproofing product.<\/li>\n<li>Choose the colours of your home parish to paint the lid and the frames of the well!<\/li>\n<\/ul>\n<p><img loading=\"lazy\" decoding=\"async\" class=\"aligncenter wp-image-2412 size-large\" src=\"http:\/\/veeohutus.ee\/www\/wp-content\/uploads\/2018\/05\/kaev11-1024x760.jpg\" alt=\"kaev11\" width=\"680\" height=\"505\" \/><br \/>\n&nbsp;<br \/>\n&nbsp;<br \/>\n<iframe loading=\"lazy\" width=\"680\" height=\"383\" src=\"https:\/\/www.youtube.com\/embed\/xz5IpDjtpCw?feature=oembed\" frameborder=\"0\" allow=\"autoplay; encrypted-media\" allowfullscreen><\/iframe><\/p>\n","protected":false},"excerpt":{"rendered":"<p>Most of the drownings occur due to falling or slipping into the water. In 2017 these accounted for 60% (25 cases out of 42) of all cases. 83% of the drown in home environment were elderly or small children. 12 people drowned in home environment where ditches, pools, ponds, wells, etc. were present. Among them&#8230;  <a class=\"excerpt-read-more\" href=\"https:\/\/veeohutus.ee\/suvi\/en\/make-bodies-water-close-home-safe\/\" title=\"Read How to make bodies of water close to home safe\">Read more<\/a><\/p>\n","protected":false},"author":1,"featured_media":2444,"parent":0,"menu_order":0,"comment_status":"closed","ping_status":"closed","template":"","meta":{"_acf_changed":false,"footnotes":""},"class_list":["post-2503","page","type-page","status-publish","has-post-thumbnail","hentry"],"acf":[],"yoast_head":"<!-- This site is optimized with the Yoast SEO plugin v26.7 - https:\/\/yoast.com\/wordpress\/plugins\/seo\/ -->\n<title>How to make bodies of water close to home safe - Veeohutus - Summer - how to prevent accidents in the water - P\u00e4\u00e4steamet<\/title>\n<meta name=\"robots\" content=\"index, follow, max-snippet:-1, max-image-preview:large, max-video-preview:-1\" \/>\n<link rel=\"canonical\" href=\"https:\/\/veeohutus.ee\/suvi\/en\/make-bodies-water-close-home-safe\/\" \/>\n<meta property=\"og:locale\" content=\"en_US\" \/>\n<meta property=\"og:type\" content=\"article\" \/>\n<meta property=\"og:title\" content=\"How to make bodies of water close to home safe - Veeohutus - Summer - how to prevent accidents in the water - P\u00e4\u00e4steamet\" \/>\n<meta property=\"og:description\" content=\"Most of the drownings occur due to falling or slipping into the water. In 2017 these accounted for 60% (25 cases out of 42) of all cases. 83% of the drown in home environment were elderly or small children. 12 people drowned in home environment where ditches, pools, ponds, wells, etc. were present. Among them... Read more\" \/>\n<meta property=\"og:url\" content=\"https:\/\/veeohutus.ee\/suvi\/en\/make-bodies-water-close-home-safe\/\" \/>\n<meta property=\"og:site_name\" content=\"Veeohutus - Summer - how to prevent accidents in the water - P\u00e4\u00e4steamet\" \/>\n<meta property=\"og:image\" content=\"https:\/\/veeohutus.ee\/suvi\/wp-content\/uploads\/2018\/05\/bloom-blooming-country.jpg\" \/>\n\t<meta property=\"og:image:width\" content=\"1600\" \/>\n\t<meta property=\"og:image:height\" content=\"554\" \/>\n\t<meta property=\"og:image:type\" content=\"image\/jpeg\" \/>\n<meta name=\"twitter:card\" content=\"summary_large_image\" \/>\n<meta name=\"twitter:label1\" content=\"Est. reading time\" \/>\n\t<meta name=\"twitter:data1\" content=\"1 minute\" \/>\n<script type=\"application\/ld+json\" class=\"yoast-schema-graph\">{\"@context\":\"https:\/\/schema.org\",\"@graph\":[{\"@type\":\"WebPage\",\"@id\":\"https:\/\/veeohutus.ee\/suvi\/en\/make-bodies-water-close-home-safe\/\",\"url\":\"https:\/\/veeohutus.ee\/suvi\/en\/make-bodies-water-close-home-safe\/\",\"name\":\"How to make bodies of water close to home safe - Veeohutus - Summer - how to prevent accidents in the water - P\u00e4\u00e4steamet\",\"isPartOf\":{\"@id\":\"https:\/\/veeohutus.ee\/suvi\/#website\"},\"primaryImageOfPage\":{\"@id\":\"https:\/\/veeohutus.ee\/suvi\/en\/make-bodies-water-close-home-safe\/#primaryimage\"},\"image\":{\"@id\":\"https:\/\/veeohutus.ee\/suvi\/en\/make-bodies-water-close-home-safe\/#primaryimage\"},\"thumbnailUrl\":\"https:\/\/veeohutus.ee\/suvi\/wp-content\/uploads\/2018\/05\/bloom-blooming-country.jpg\",\"datePublished\":\"2018-05-11T10:18:19+00:00\",\"breadcrumb\":{\"@id\":\"https:\/\/veeohutus.ee\/suvi\/en\/make-bodies-water-close-home-safe\/#breadcrumb\"},\"inLanguage\":\"en\",\"potentialAction\":[{\"@type\":\"ReadAction\",\"target\":[\"https:\/\/veeohutus.ee\/suvi\/en\/make-bodies-water-close-home-safe\/\"]}]},{\"@type\":\"ImageObject\",\"inLanguage\":\"en\",\"@id\":\"https:\/\/veeohutus.ee\/suvi\/en\/make-bodies-water-close-home-safe\/#primaryimage\",\"url\":\"https:\/\/veeohutus.ee\/suvi\/wp-content\/uploads\/2018\/05\/bloom-blooming-country.jpg\",\"contentUrl\":\"https:\/\/veeohutus.ee\/suvi\/wp-content\/uploads\/2018\/05\/bloom-blooming-country.jpg\",\"width\":1600,\"height\":554},{\"@type\":\"BreadcrumbList\",\"@id\":\"https:\/\/veeohutus.ee\/suvi\/en\/make-bodies-water-close-home-safe\/#breadcrumb\",\"itemListElement\":[{\"@type\":\"ListItem\",\"position\":1,\"name\":\"Home\",\"item\":\"https:\/\/veeohutus.ee\/suvi\/en\/\"},{\"@type\":\"ListItem\",\"position\":2,\"name\":\"How to make bodies of water close to home safe\"}]},{\"@type\":\"WebSite\",\"@id\":\"https:\/\/veeohutus.ee\/suvi\/#website\",\"url\":\"https:\/\/veeohutus.ee\/suvi\/\",\"name\":\"Veeohutus - Summer - how to prevent accidents in the water - P\u00e4\u00e4steamet\",\"description\":\"P\u00e4\u00e4steamet - Veeohutus\",\"potentialAction\":[{\"@type\":\"SearchAction\",\"target\":{\"@type\":\"EntryPoint\",\"urlTemplate\":\"https:\/\/veeohutus.ee\/suvi\/?s={search_term_string}\"},\"query-input\":{\"@type\":\"PropertyValueSpecification\",\"valueRequired\":true,\"valueName\":\"search_term_string\"}}],\"inLanguage\":\"en\"}]}<\/script>\n<!-- \/ Yoast SEO plugin. -->","yoast_head_json":{"title":"How to make bodies of water close to home safe - Veeohutus - Summer - how to prevent accidents in the water - P\u00e4\u00e4steamet","robots":{"index":"index","follow":"follow","max-snippet":"max-snippet:-1","max-image-preview":"max-image-preview:large","max-video-preview":"max-video-preview:-1"},"canonical":"https:\/\/veeohutus.ee\/suvi\/en\/make-bodies-water-close-home-safe\/","og_locale":"en_US","og_type":"article","og_title":"How to make bodies of water close to home safe - Veeohutus - Summer - how to prevent accidents in the water - P\u00e4\u00e4steamet","og_description":"Most of the drownings occur due to falling or slipping into the water. In 2017 these accounted for 60% (25 cases out of 42) of all cases. 83% of the drown in home environment were elderly or small children. 12 people drowned in home environment where ditches, pools, ponds, wells, etc. were present. Among them... Read more","og_url":"https:\/\/veeohutus.ee\/suvi\/en\/make-bodies-water-close-home-safe\/","og_site_name":"Veeohutus - Summer - how to prevent accidents in the water - P\u00e4\u00e4steamet","og_image":[{"width":1600,"height":554,"url":"https:\/\/veeohutus.ee\/suvi\/wp-content\/uploads\/2018\/05\/bloom-blooming-country.jpg","type":"image\/jpeg"}],"twitter_card":"summary_large_image","twitter_misc":{"Est. reading time":"1 minute"},"schema":{"@context":"https:\/\/schema.org","@graph":[{"@type":"WebPage","@id":"https:\/\/veeohutus.ee\/suvi\/en\/make-bodies-water-close-home-safe\/","url":"https:\/\/veeohutus.ee\/suvi\/en\/make-bodies-water-close-home-safe\/","name":"How to make bodies of water close to home safe - Veeohutus - Summer - how to prevent accidents in the water - P\u00e4\u00e4steamet","isPartOf":{"@id":"https:\/\/veeohutus.ee\/suvi\/#website"},"primaryImageOfPage":{"@id":"https:\/\/veeohutus.ee\/suvi\/en\/make-bodies-water-close-home-safe\/#primaryimage"},"image":{"@id":"https:\/\/veeohutus.ee\/suvi\/en\/make-bodies-water-close-home-safe\/#primaryimage"},"thumbnailUrl":"https:\/\/veeohutus.ee\/suvi\/wp-content\/uploads\/2018\/05\/bloom-blooming-country.jpg","datePublished":"2018-05-11T10:18:19+00:00","breadcrumb":{"@id":"https:\/\/veeohutus.ee\/suvi\/en\/make-bodies-water-close-home-safe\/#breadcrumb"},"inLanguage":"en","potentialAction":[{"@type":"ReadAction","target":["https:\/\/veeohutus.ee\/suvi\/en\/make-bodies-water-close-home-safe\/"]}]},{"@type":"ImageObject","inLanguage":"en","@id":"https:\/\/veeohutus.ee\/suvi\/en\/make-bodies-water-close-home-safe\/#primaryimage","url":"https:\/\/veeohutus.ee\/suvi\/wp-content\/uploads\/2018\/05\/bloom-blooming-country.jpg","contentUrl":"https:\/\/veeohutus.ee\/suvi\/wp-content\/uploads\/2018\/05\/bloom-blooming-country.jpg","width":1600,"height":554},{"@type":"BreadcrumbList","@id":"https:\/\/veeohutus.ee\/suvi\/en\/make-bodies-water-close-home-safe\/#breadcrumb","itemListElement":[{"@type":"ListItem","position":1,"name":"Home","item":"https:\/\/veeohutus.ee\/suvi\/en\/"},{"@type":"ListItem","position":2,"name":"How to make bodies of water close to home safe"}]},{"@type":"WebSite","@id":"https:\/\/veeohutus.ee\/suvi\/#website","url":"https:\/\/veeohutus.ee\/suvi\/","name":"Veeohutus - Summer - how to prevent accidents in the water - P\u00e4\u00e4steamet","description":"P\u00e4\u00e4steamet - Veeohutus","potentialAction":[{"@type":"SearchAction","target":{"@type":"EntryPoint","urlTemplate":"https:\/\/veeohutus.ee\/suvi\/?s={search_term_string}"},"query-input":{"@type":"PropertyValueSpecification","valueRequired":true,"valueName":"search_term_string"}}],"inLanguage":"en"}]}},"_links":{"self":[{"href":"https:\/\/veeohutus.ee\/suvi\/en\/wp-json\/wp\/v2\/pages\/2503","targetHints":{"allow":["GET"]}}],"collection":[{"href":"https:\/\/veeohutus.ee\/suvi\/en\/wp-json\/wp\/v2\/pages"}],"about":[{"href":"https:\/\/veeohutus.ee\/suvi\/en\/wp-json\/wp\/v2\/types\/page"}],"author":[{"embeddable":true,"href":"https:\/\/veeohutus.ee\/suvi\/en\/wp-json\/wp\/v2\/users\/1"}],"replies":[{"embeddable":true,"href":"https:\/\/veeohutus.ee\/suvi\/en\/wp-json\/wp\/v2\/comments?post=2503"}],"version-history":[{"count":1,"href":"https:\/\/veeohutus.ee\/suvi\/en\/wp-json\/wp\/v2\/pages\/2503\/revisions"}],"predecessor-version":[{"id":2504,"href":"https:\/\/veeohutus.ee\/suvi\/en\/wp-json\/wp\/v2\/pages\/2503\/revisions\/2504"}],"wp:featuredmedia":[{"embeddable":true,"href":"https:\/\/veeohutus.ee\/suvi\/en\/wp-json\/wp\/v2\/media\/2444"}],"wp:attachment":[{"href":"https:\/\/veeohutus.ee\/suvi\/en\/wp-json\/wp\/v2\/media?parent=2503"}],"curies":[{"name":"wp","href":"https:\/\/api.w.org\/{rel}","templated":true}]}}