{"id":914,"date":"2016-08-16T13:49:06","date_gmt":"2016-08-16T10:49:06","guid":{"rendered":"http:\/\/veeohutus.ee\/?page_id=914&#038;lang=en"},"modified":"2017-07-19T09:12:04","modified_gmt":"2017-07-19T06:12:04","slug":"know-different-bodies-water","status":"publish","type":"page","link":"https:\/\/veeohutus.ee\/suvi\/en\/know-different-bodies-water\/","title":{"rendered":"Know different bodies of water"},"content":{"rendered":"<h2 style=\"text-align: justify;\">To have a safe time near water, it is important to know the characteristics of different bodies of water. Get acquainted below!<\/h2>\n<p><strong>Pond<\/strong><\/p>\n<p>A small artificial body of water, which may be especially dangerous for little children as it can be much deeper than expected. Main dangers of ponds: steep banks, muddy bottom and unknown depth.<\/p>\n<p>Special protective fences can be built around ponds near houses.<\/p>\n<img loading=\"lazy\" decoding=\"async\" class=\"aligncenter wp-image-889 size-medium\" src=\"http:\/\/veeohutus.ee\/www\/wp-content\/uploads\/2016\/07\/tiik-300x200.jpg\" alt=\"tiik\" width=\"300\" height=\"200\" srcset=\"https:\/\/veeohutus.ee\/suvi\/wp-content\/uploads\/2016\/07\/tiik-300x200.jpg 300w, https:\/\/veeohutus.ee\/suvi\/wp-content\/uploads\/2016\/07\/tiik-768x511.jpg 768w, https:\/\/veeohutus.ee\/suvi\/wp-content\/uploads\/2016\/07\/tiik-1024x681.jpg 1024w\" sizes=\"auto, (max-width: 300px) 100vw, 300px\" \/>\n<h2>Quarry<\/h2>\n<p>An artificial body of water with an unpredictable bottom.<br \/>\nMain dangers of quarries: unpredictable bottom, unexpected (sharp, rusted) underwater objects and water plants.<\/p>\n<p>Gets deep very quickly<\/p>\n<img loading=\"lazy\" decoding=\"async\" class=\"aligncenter wp-image-1751 size-medium\" src=\"http:\/\/veeohutus.ee\/www\/wp-content\/uploads\/2016\/07\/karj\u00e4\u00e4r-300x225.jpeg\" alt=\"karj\u00e4\u00e4r\" width=\"300\" height=\"225\" srcset=\"https:\/\/veeohutus.ee\/suvi\/wp-content\/uploads\/2016\/07\/karj\u00e4\u00e4r-300x225.jpeg 300w, https:\/\/veeohutus.ee\/suvi\/wp-content\/uploads\/2016\/07\/karj\u00e4\u00e4r.jpeg 630w\" sizes=\"auto, (max-width: 300px) 100vw, 300px\" \/>\n<h2>River<\/h2>\n<p>Wide and slow rivers may seem deceitfully safe.<br \/>\nMain dangers of rivers: the current may seem slow, but may actually be very strong. Depth varies from very shallow to very deep. Water temperature is usually lower and the water is not transparent.<\/p>\n<p>With rivers one should avoid places of falling water, such as dams, dams and waterfalls.<\/p>\n<img loading=\"lazy\" decoding=\"async\" class=\"aligncenter wp-image-880 size-medium\" src=\"http:\/\/veeohutus.ee\/www\/wp-content\/uploads\/2016\/07\/j\u00f5gi-300x225.jpg\" alt=\"j\u00f5gi\" width=\"300\" height=\"225\" srcset=\"https:\/\/veeohutus.ee\/suvi\/wp-content\/uploads\/2016\/07\/j\u00f5gi-300x225.jpg 300w, https:\/\/veeohutus.ee\/suvi\/wp-content\/uploads\/2016\/07\/j\u00f5gi-768x576.jpg 768w, https:\/\/veeohutus.ee\/suvi\/wp-content\/uploads\/2016\/07\/j\u00f5gi-1024x768.jpg 1024w, https:\/\/veeohutus.ee\/suvi\/wp-content\/uploads\/2016\/07\/j\u00f5gi.jpg 1600w\" sizes=\"auto, (max-width: 300px) 100vw, 300px\" \/>\n<h2>Lake<\/h2>\n<p>Plant life may cause a risk when swimming.<br \/>\nMain dangers of lakes: water depth varies from very deep to very shallow.<br \/>\nThe bottom bay be solid or very muddy.<\/p>\n<img loading=\"lazy\" decoding=\"async\" class=\"aligncenter wp-image-883 size-medium\" src=\"http:\/\/veeohutus.ee\/www\/wp-content\/uploads\/2016\/07\/j\u00e4rv-300x225.jpg\" alt=\"j\u00e4rv\" width=\"300\" height=\"225\" srcset=\"https:\/\/veeohutus.ee\/suvi\/wp-content\/uploads\/2016\/07\/j\u00e4rv-300x225.jpg 300w, https:\/\/veeohutus.ee\/suvi\/wp-content\/uploads\/2016\/07\/j\u00e4rv-768x576.jpg 768w, https:\/\/veeohutus.ee\/suvi\/wp-content\/uploads\/2016\/07\/j\u00e4rv-1024x768.jpg 1024w, https:\/\/veeohutus.ee\/suvi\/wp-content\/uploads\/2016\/07\/j\u00e4rv.jpg 2048w\" sizes=\"auto, (max-width: 300px) 100vw, 300px\" \/>\n<h2>The sea<\/h2>\n<p>Seawater temperature is usually lower than in lakes and ponds.<br \/>\nMain dangers of the sea: waves may alter the direction of the swimmer very strongly (depends on wind direction and speed).<\/p>\n<p>Water is not transparent.<\/p>\n<img loading=\"lazy\" decoding=\"async\" class=\"aligncenter wp-image-886 size-medium\" src=\"http:\/\/veeohutus.ee\/www\/wp-content\/uploads\/2016\/07\/meri-300x225.jpg\" alt=\"meri\" width=\"300\" height=\"225\" srcset=\"https:\/\/veeohutus.ee\/suvi\/wp-content\/uploads\/2016\/07\/meri-300x225.jpg 300w, https:\/\/veeohutus.ee\/suvi\/wp-content\/uploads\/2016\/07\/meri-768x576.jpg 768w, https:\/\/veeohutus.ee\/suvi\/wp-content\/uploads\/2016\/07\/meri-1024x768.jpg 1024w, https:\/\/veeohutus.ee\/suvi\/wp-content\/uploads\/2016\/07\/meri.jpg 2048w\" sizes=\"auto, (max-width: 300px) 100vw, 300px\" \/>\n<p>&nbsp;<\/p>\n","protected":false},"excerpt":{"rendered":"<p>To have a safe time near water, it is important to know the characteristics of different bodies of water. Get acquainted below! Pond A small artificial body of water, which may be especially dangerous for little children as it can be much deeper than expected. Main dangers of ponds: steep banks, muddy bottom and unknown&#8230;  <a class=\"excerpt-read-more\" href=\"https:\/\/veeohutus.ee\/suvi\/en\/know-different-bodies-water\/\" title=\"Read Know different bodies of water\">Read more<\/a><\/p>\n","protected":false},"author":2,"featured_media":878,"parent":0,"menu_order":26,"comment_status":"closed","ping_status":"closed","template":"","meta":{"_acf_changed":false,"footnotes":""},"class_list":["post-914","page","type-page","status-publish","has-post-thumbnail","hentry"],"acf":[],"yoast_head":"<!-- This site is optimized with the Yoast SEO plugin v26.7 - https:\/\/yoast.com\/wordpress\/plugins\/seo\/ -->\n<title>Know different bodies of water - Veeohutus - Summer - how to prevent accidents in the water - P\u00e4\u00e4steamet<\/title>\n<meta name=\"robots\" content=\"index, follow, max-snippet:-1, max-image-preview:large, max-video-preview:-1\" \/>\n<link rel=\"canonical\" href=\"https:\/\/veeohutus.ee\/suvi\/en\/know-different-bodies-water\/\" \/>\n<meta property=\"og:locale\" content=\"en_US\" \/>\n<meta property=\"og:type\" content=\"article\" \/>\n<meta property=\"og:title\" content=\"Know different bodies of water - Veeohutus - Summer - how to prevent accidents in the water - P\u00e4\u00e4steamet\" \/>\n<meta property=\"og:description\" content=\"To have a safe time near water, it is important to know the characteristics of different bodies of water. Get acquainted below! Pond A small artificial body of water, which may be especially dangerous for little children as it can be much deeper than expected. Main dangers of ponds: steep banks, muddy bottom and unknown... Read more\" \/>\n<meta property=\"og:url\" content=\"https:\/\/veeohutus.ee\/suvi\/en\/know-different-bodies-water\/\" \/>\n<meta property=\"og:site_name\" content=\"Veeohutus - Summer - how to prevent accidents in the water - P\u00e4\u00e4steamet\" \/>\n<meta property=\"article:modified_time\" content=\"2017-07-19T06:12:04+00:00\" \/>\n<meta property=\"og:image\" content=\"https:\/\/veeohutus.ee\/suvi\/wp-content\/uploads\/2016\/07\/iStock_000016040812Medium-1024x1024.jpg\" \/>\n\t<meta property=\"og:image:width\" content=\"1024\" \/>\n\t<meta property=\"og:image:height\" content=\"1024\" \/>\n\t<meta property=\"og:image:type\" content=\"image\/jpeg\" \/>\n<meta name=\"twitter:card\" content=\"summary_large_image\" \/>\n<meta name=\"twitter:label1\" content=\"Est. reading time\" \/>\n\t<meta name=\"twitter:data1\" content=\"1 minute\" \/>\n<script type=\"application\/ld+json\" class=\"yoast-schema-graph\">{\"@context\":\"https:\/\/schema.org\",\"@graph\":[{\"@type\":\"WebPage\",\"@id\":\"https:\/\/veeohutus.ee\/suvi\/en\/know-different-bodies-water\/\",\"url\":\"https:\/\/veeohutus.ee\/suvi\/en\/know-different-bodies-water\/\",\"name\":\"Know different bodies of water - Veeohutus - Summer - how to prevent accidents in the water - P\u00e4\u00e4steamet\",\"isPartOf\":{\"@id\":\"https:\/\/veeohutus.ee\/suvi\/#website\"},\"primaryImageOfPage\":{\"@id\":\"https:\/\/veeohutus.ee\/suvi\/en\/know-different-bodies-water\/#primaryimage\"},\"image\":{\"@id\":\"https:\/\/veeohutus.ee\/suvi\/en\/know-different-bodies-water\/#primaryimage\"},\"thumbnailUrl\":\"https:\/\/veeohutus.ee\/suvi\/wp-content\/uploads\/2016\/07\/iStock_000016040812Medium.jpg\",\"datePublished\":\"2016-08-16T10:49:06+00:00\",\"dateModified\":\"2017-07-19T06:12:04+00:00\",\"breadcrumb\":{\"@id\":\"https:\/\/veeohutus.ee\/suvi\/en\/know-different-bodies-water\/#breadcrumb\"},\"inLanguage\":\"en\",\"potentialAction\":[{\"@type\":\"ReadAction\",\"target\":[\"https:\/\/veeohutus.ee\/suvi\/en\/know-different-bodies-water\/\"]}]},{\"@type\":\"ImageObject\",\"inLanguage\":\"en\",\"@id\":\"https:\/\/veeohutus.ee\/suvi\/en\/know-different-bodies-water\/#primaryimage\",\"url\":\"https:\/\/veeohutus.ee\/suvi\/wp-content\/uploads\/2016\/07\/iStock_000016040812Medium.jpg\",\"contentUrl\":\"https:\/\/veeohutus.ee\/suvi\/wp-content\/uploads\/2016\/07\/iStock_000016040812Medium.jpg\",\"width\":1386,\"height\":1385},{\"@type\":\"BreadcrumbList\",\"@id\":\"https:\/\/veeohutus.ee\/suvi\/en\/know-different-bodies-water\/#breadcrumb\",\"itemListElement\":[{\"@type\":\"ListItem\",\"position\":1,\"name\":\"Home\",\"item\":\"https:\/\/veeohutus.ee\/suvi\/en\/\"},{\"@type\":\"ListItem\",\"position\":2,\"name\":\"Know different bodies of water\"}]},{\"@type\":\"WebSite\",\"@id\":\"https:\/\/veeohutus.ee\/suvi\/#website\",\"url\":\"https:\/\/veeohutus.ee\/suvi\/\",\"name\":\"Veeohutus - Summer - how to prevent accidents in the water - P\u00e4\u00e4steamet\",\"description\":\"P\u00e4\u00e4steamet - Veeohutus\",\"potentialAction\":[{\"@type\":\"SearchAction\",\"target\":{\"@type\":\"EntryPoint\",\"urlTemplate\":\"https:\/\/veeohutus.ee\/suvi\/?s={search_term_string}\"},\"query-input\":{\"@type\":\"PropertyValueSpecification\",\"valueRequired\":true,\"valueName\":\"search_term_string\"}}],\"inLanguage\":\"en\"}]}<\/script>\n<!-- \/ Yoast SEO plugin. -->","yoast_head_json":{"title":"Know different bodies of water - Veeohutus - Summer - how to prevent accidents in the water - P\u00e4\u00e4steamet","robots":{"index":"index","follow":"follow","max-snippet":"max-snippet:-1","max-image-preview":"max-image-preview:large","max-video-preview":"max-video-preview:-1"},"canonical":"https:\/\/veeohutus.ee\/suvi\/en\/know-different-bodies-water\/","og_locale":"en_US","og_type":"article","og_title":"Know different bodies of water - Veeohutus - Summer - how to prevent accidents in the water - P\u00e4\u00e4steamet","og_description":"To have a safe time near water, it is important to know the characteristics of different bodies of water. Get acquainted below! Pond A small artificial body of water, which may be especially dangerous for little children as it can be much deeper than expected. Main dangers of ponds: steep banks, muddy bottom and unknown... Read more","og_url":"https:\/\/veeohutus.ee\/suvi\/en\/know-different-bodies-water\/","og_site_name":"Veeohutus - Summer - how to prevent accidents in the water - P\u00e4\u00e4steamet","article_modified_time":"2017-07-19T06:12:04+00:00","og_image":[{"width":1024,"height":1024,"url":"https:\/\/veeohutus.ee\/suvi\/wp-content\/uploads\/2016\/07\/iStock_000016040812Medium-1024x1024.jpg","type":"image\/jpeg"}],"twitter_card":"summary_large_image","twitter_misc":{"Est. reading time":"1 minute"},"schema":{"@context":"https:\/\/schema.org","@graph":[{"@type":"WebPage","@id":"https:\/\/veeohutus.ee\/suvi\/en\/know-different-bodies-water\/","url":"https:\/\/veeohutus.ee\/suvi\/en\/know-different-bodies-water\/","name":"Know different bodies of water - Veeohutus - Summer - how to prevent accidents in the water - P\u00e4\u00e4steamet","isPartOf":{"@id":"https:\/\/veeohutus.ee\/suvi\/#website"},"primaryImageOfPage":{"@id":"https:\/\/veeohutus.ee\/suvi\/en\/know-different-bodies-water\/#primaryimage"},"image":{"@id":"https:\/\/veeohutus.ee\/suvi\/en\/know-different-bodies-water\/#primaryimage"},"thumbnailUrl":"https:\/\/veeohutus.ee\/suvi\/wp-content\/uploads\/2016\/07\/iStock_000016040812Medium.jpg","datePublished":"2016-08-16T10:49:06+00:00","dateModified":"2017-07-19T06:12:04+00:00","breadcrumb":{"@id":"https:\/\/veeohutus.ee\/suvi\/en\/know-different-bodies-water\/#breadcrumb"},"inLanguage":"en","potentialAction":[{"@type":"ReadAction","target":["https:\/\/veeohutus.ee\/suvi\/en\/know-different-bodies-water\/"]}]},{"@type":"ImageObject","inLanguage":"en","@id":"https:\/\/veeohutus.ee\/suvi\/en\/know-different-bodies-water\/#primaryimage","url":"https:\/\/veeohutus.ee\/suvi\/wp-content\/uploads\/2016\/07\/iStock_000016040812Medium.jpg","contentUrl":"https:\/\/veeohutus.ee\/suvi\/wp-content\/uploads\/2016\/07\/iStock_000016040812Medium.jpg","width":1386,"height":1385},{"@type":"BreadcrumbList","@id":"https:\/\/veeohutus.ee\/suvi\/en\/know-different-bodies-water\/#breadcrumb","itemListElement":[{"@type":"ListItem","position":1,"name":"Home","item":"https:\/\/veeohutus.ee\/suvi\/en\/"},{"@type":"ListItem","position":2,"name":"Know different bodies of water"}]},{"@type":"WebSite","@id":"https:\/\/veeohutus.ee\/suvi\/#website","url":"https:\/\/veeohutus.ee\/suvi\/","name":"Veeohutus - Summer - how to prevent accidents in the water - P\u00e4\u00e4steamet","description":"P\u00e4\u00e4steamet - Veeohutus","potentialAction":[{"@type":"SearchAction","target":{"@type":"EntryPoint","urlTemplate":"https:\/\/veeohutus.ee\/suvi\/?s={search_term_string}"},"query-input":{"@type":"PropertyValueSpecification","valueRequired":true,"valueName":"search_term_string"}}],"inLanguage":"en"}]}},"_links":{"self":[{"href":"https:\/\/veeohutus.ee\/suvi\/en\/wp-json\/wp\/v2\/pages\/914","targetHints":{"allow":["GET"]}}],"collection":[{"href":"https:\/\/veeohutus.ee\/suvi\/en\/wp-json\/wp\/v2\/pages"}],"about":[{"href":"https:\/\/veeohutus.ee\/suvi\/en\/wp-json\/wp\/v2\/types\/page"}],"author":[{"embeddable":true,"href":"https:\/\/veeohutus.ee\/suvi\/en\/wp-json\/wp\/v2\/users\/2"}],"replies":[{"embeddable":true,"href":"https:\/\/veeohutus.ee\/suvi\/en\/wp-json\/wp\/v2\/comments?post=914"}],"version-history":[{"count":7,"href":"https:\/\/veeohutus.ee\/suvi\/en\/wp-json\/wp\/v2\/pages\/914\/revisions"}],"predecessor-version":[{"id":2049,"href":"https:\/\/veeohutus.ee\/suvi\/en\/wp-json\/wp\/v2\/pages\/914\/revisions\/2049"}],"wp:featuredmedia":[{"embeddable":true,"href":"https:\/\/veeohutus.ee\/suvi\/en\/wp-json\/wp\/v2\/media\/878"}],"wp:attachment":[{"href":"https:\/\/veeohutus.ee\/suvi\/en\/wp-json\/wp\/v2\/media?parent=914"}],"curies":[{"name":"wp","href":"https:\/\/api.w.org\/{rel}","templated":true}]}}