{"id":925,"date":"2016-08-16T14:17:43","date_gmt":"2016-08-16T11:17:43","guid":{"rendered":"http:\/\/veeohutus.ee\/?page_id=925&#038;lang=en"},"modified":"2016-08-16T14:17:43","modified_gmt":"2016-08-16T11:17:43","slug":"jumping-water-dangerous","status":"publish","type":"page","link":"https:\/\/veeohutus.ee\/suvi\/en\/jumping-water-dangerous\/","title":{"rendered":"Jumping into the water is dangerous"},"content":{"rendered":"<h2>Jumping into the water in an unfamiliar place are always dangerous, because we can&#8217;t be sure what is really under the surface.<\/h2>\n<p>There can be many unseen dangers under the water, for example:<\/p>\n<ul>\n<li>There may be rocks or other dangerous objects thrown into the water<\/li>\n<li>Even in familiar places, the landform may have changed over the years<\/li>\n<li>The water level may have lowered due to heat or some other reason<\/li>\n<li>The consequences of an unlucky jump may be extremely serious.<\/li>\n<\/ul>\n<p><iframe loading=\"lazy\" src=\"https:\/\/www.youtube.com\/embed\/2CQJvRKB8MQ?list=PLXqfEWtALYhePDIWKcQxq-VDpEradxpSB\" width=\"560\" height=\"315\" frameborder=\"0\" allowfullscreen=\"allowfullscreen\"><\/iframe><br \/>\n<iframe loading=\"lazy\" src=\"https:\/\/www.youtube.com\/embed\/YoTAjBzygJw?list=PLXqfEWtALYhePDIWKcQxq-VDpEradxpSB\" width=\"560\" height=\"315\" frameborder=\"0\" allowfullscreen=\"allowfullscreen\"><\/iframe><\/p>\n","protected":false},"excerpt":{"rendered":"<p>Jumping into the water in an unfamiliar place are always dangerous, because we can&#8217;t be sure what is really under the surface. There can be many unseen dangers under the water, for example: There may be rocks or other dangerous objects thrown into the water Even in familiar places, the landform may have changed over&#8230;  <a class=\"excerpt-read-more\" href=\"https:\/\/veeohutus.ee\/suvi\/en\/jumping-water-dangerous\/\" title=\"Read Jumping into the water is dangerous\">Read more<\/a><\/p>\n","protected":false},"author":2,"featured_media":735,"parent":0,"menu_order":11,"comment_status":"closed","ping_status":"closed","template":"","meta":{"_acf_changed":false,"footnotes":""},"class_list":["post-925","page","type-page","status-publish","has-post-thumbnail","hentry"],"acf":[],"yoast_head":"<!-- This site is optimized with the Yoast SEO plugin v26.7 - https:\/\/yoast.com\/wordpress\/plugins\/seo\/ -->\n<title>Jumping into the water is dangerous - Veeohutus - Summer - how to prevent accidents in the water - P\u00e4\u00e4steamet<\/title>\n<meta name=\"robots\" content=\"index, follow, max-snippet:-1, max-image-preview:large, max-video-preview:-1\" \/>\n<link rel=\"canonical\" href=\"https:\/\/veeohutus.ee\/suvi\/en\/jumping-water-dangerous\/\" \/>\n<meta property=\"og:locale\" content=\"en_US\" \/>\n<meta property=\"og:type\" content=\"article\" \/>\n<meta property=\"og:title\" content=\"Jumping into the water is dangerous - Veeohutus - Summer - how to prevent accidents in the water - P\u00e4\u00e4steamet\" \/>\n<meta property=\"og:description\" content=\"Jumping into the water in an unfamiliar place are always dangerous, because we can&#8217;t be sure what is really under the surface. There can be many unseen dangers under the water, for example: There may be rocks or other dangerous objects thrown into the water Even in familiar places, the landform may have changed over... Read more\" \/>\n<meta property=\"og:url\" content=\"https:\/\/veeohutus.ee\/suvi\/en\/jumping-water-dangerous\/\" \/>\n<meta property=\"og:site_name\" content=\"Veeohutus - Summer - how to prevent accidents in the water - P\u00e4\u00e4steamet\" \/>\n<meta property=\"og:image\" content=\"https:\/\/veeohutus.ee\/suvi\/wp-content\/uploads\/2016\/06\/vetteh\u00fcpe-1.jpg\" \/>\n\t<meta property=\"og:image:width\" content=\"847\" \/>\n\t<meta property=\"og:image:height\" content=\"567\" \/>\n\t<meta property=\"og:image:type\" content=\"image\/jpeg\" \/>\n<meta name=\"twitter:card\" content=\"summary_large_image\" \/>\n<script type=\"application\/ld+json\" class=\"yoast-schema-graph\">{\"@context\":\"https:\/\/schema.org\",\"@graph\":[{\"@type\":\"WebPage\",\"@id\":\"https:\/\/veeohutus.ee\/suvi\/en\/jumping-water-dangerous\/\",\"url\":\"https:\/\/veeohutus.ee\/suvi\/en\/jumping-water-dangerous\/\",\"name\":\"Jumping into the water is dangerous - Veeohutus - Summer - how to prevent accidents in the water - P\u00e4\u00e4steamet\",\"isPartOf\":{\"@id\":\"https:\/\/veeohutus.ee\/suvi\/#website\"},\"primaryImageOfPage\":{\"@id\":\"https:\/\/veeohutus.ee\/suvi\/en\/jumping-water-dangerous\/#primaryimage\"},\"image\":{\"@id\":\"https:\/\/veeohutus.ee\/suvi\/en\/jumping-water-dangerous\/#primaryimage\"},\"thumbnailUrl\":\"https:\/\/veeohutus.ee\/suvi\/wp-content\/uploads\/2016\/06\/vetteh\u00fcpe-1.jpg\",\"datePublished\":\"2016-08-16T11:17:43+00:00\",\"breadcrumb\":{\"@id\":\"https:\/\/veeohutus.ee\/suvi\/en\/jumping-water-dangerous\/#breadcrumb\"},\"inLanguage\":\"en\",\"potentialAction\":[{\"@type\":\"ReadAction\",\"target\":[\"https:\/\/veeohutus.ee\/suvi\/en\/jumping-water-dangerous\/\"]}]},{\"@type\":\"ImageObject\",\"inLanguage\":\"en\",\"@id\":\"https:\/\/veeohutus.ee\/suvi\/en\/jumping-water-dangerous\/#primaryimage\",\"url\":\"https:\/\/veeohutus.ee\/suvi\/wp-content\/uploads\/2016\/06\/vetteh\u00fcpe-1.jpg\",\"contentUrl\":\"https:\/\/veeohutus.ee\/suvi\/wp-content\/uploads\/2016\/06\/vetteh\u00fcpe-1.jpg\",\"width\":847,\"height\":567},{\"@type\":\"BreadcrumbList\",\"@id\":\"https:\/\/veeohutus.ee\/suvi\/en\/jumping-water-dangerous\/#breadcrumb\",\"itemListElement\":[{\"@type\":\"ListItem\",\"position\":1,\"name\":\"Home\",\"item\":\"https:\/\/veeohutus.ee\/suvi\/en\/\"},{\"@type\":\"ListItem\",\"position\":2,\"name\":\"Jumping into the water is dangerous\"}]},{\"@type\":\"WebSite\",\"@id\":\"https:\/\/veeohutus.ee\/suvi\/#website\",\"url\":\"https:\/\/veeohutus.ee\/suvi\/\",\"name\":\"Veeohutus - Summer - how to prevent accidents in the water - P\u00e4\u00e4steamet\",\"description\":\"P\u00e4\u00e4steamet - Veeohutus\",\"potentialAction\":[{\"@type\":\"SearchAction\",\"target\":{\"@type\":\"EntryPoint\",\"urlTemplate\":\"https:\/\/veeohutus.ee\/suvi\/?s={search_term_string}\"},\"query-input\":{\"@type\":\"PropertyValueSpecification\",\"valueRequired\":true,\"valueName\":\"search_term_string\"}}],\"inLanguage\":\"en\"}]}<\/script>\n<!-- \/ Yoast SEO plugin. -->","yoast_head_json":{"title":"Jumping into the water is dangerous - Veeohutus - Summer - how to prevent accidents in the water - P\u00e4\u00e4steamet","robots":{"index":"index","follow":"follow","max-snippet":"max-snippet:-1","max-image-preview":"max-image-preview:large","max-video-preview":"max-video-preview:-1"},"canonical":"https:\/\/veeohutus.ee\/suvi\/en\/jumping-water-dangerous\/","og_locale":"en_US","og_type":"article","og_title":"Jumping into the water is dangerous - Veeohutus - Summer - how to prevent accidents in the water - P\u00e4\u00e4steamet","og_description":"Jumping into the water in an unfamiliar place are always dangerous, because we can&#8217;t be sure what is really under the surface. There can be many unseen dangers under the water, for example: There may be rocks or other dangerous objects thrown into the water Even in familiar places, the landform may have changed over... Read more","og_url":"https:\/\/veeohutus.ee\/suvi\/en\/jumping-water-dangerous\/","og_site_name":"Veeohutus - Summer - how to prevent accidents in the water - P\u00e4\u00e4steamet","og_image":[{"width":847,"height":567,"url":"https:\/\/veeohutus.ee\/suvi\/wp-content\/uploads\/2016\/06\/vetteh\u00fcpe-1.jpg","type":"image\/jpeg"}],"twitter_card":"summary_large_image","schema":{"@context":"https:\/\/schema.org","@graph":[{"@type":"WebPage","@id":"https:\/\/veeohutus.ee\/suvi\/en\/jumping-water-dangerous\/","url":"https:\/\/veeohutus.ee\/suvi\/en\/jumping-water-dangerous\/","name":"Jumping into the water is dangerous - Veeohutus - Summer - how to prevent accidents in the water - P\u00e4\u00e4steamet","isPartOf":{"@id":"https:\/\/veeohutus.ee\/suvi\/#website"},"primaryImageOfPage":{"@id":"https:\/\/veeohutus.ee\/suvi\/en\/jumping-water-dangerous\/#primaryimage"},"image":{"@id":"https:\/\/veeohutus.ee\/suvi\/en\/jumping-water-dangerous\/#primaryimage"},"thumbnailUrl":"https:\/\/veeohutus.ee\/suvi\/wp-content\/uploads\/2016\/06\/vetteh\u00fcpe-1.jpg","datePublished":"2016-08-16T11:17:43+00:00","breadcrumb":{"@id":"https:\/\/veeohutus.ee\/suvi\/en\/jumping-water-dangerous\/#breadcrumb"},"inLanguage":"en","potentialAction":[{"@type":"ReadAction","target":["https:\/\/veeohutus.ee\/suvi\/en\/jumping-water-dangerous\/"]}]},{"@type":"ImageObject","inLanguage":"en","@id":"https:\/\/veeohutus.ee\/suvi\/en\/jumping-water-dangerous\/#primaryimage","url":"https:\/\/veeohutus.ee\/suvi\/wp-content\/uploads\/2016\/06\/vetteh\u00fcpe-1.jpg","contentUrl":"https:\/\/veeohutus.ee\/suvi\/wp-content\/uploads\/2016\/06\/vetteh\u00fcpe-1.jpg","width":847,"height":567},{"@type":"BreadcrumbList","@id":"https:\/\/veeohutus.ee\/suvi\/en\/jumping-water-dangerous\/#breadcrumb","itemListElement":[{"@type":"ListItem","position":1,"name":"Home","item":"https:\/\/veeohutus.ee\/suvi\/en\/"},{"@type":"ListItem","position":2,"name":"Jumping into the water is dangerous"}]},{"@type":"WebSite","@id":"https:\/\/veeohutus.ee\/suvi\/#website","url":"https:\/\/veeohutus.ee\/suvi\/","name":"Veeohutus - Summer - how to prevent accidents in the water - P\u00e4\u00e4steamet","description":"P\u00e4\u00e4steamet - Veeohutus","potentialAction":[{"@type":"SearchAction","target":{"@type":"EntryPoint","urlTemplate":"https:\/\/veeohutus.ee\/suvi\/?s={search_term_string}"},"query-input":{"@type":"PropertyValueSpecification","valueRequired":true,"valueName":"search_term_string"}}],"inLanguage":"en"}]}},"_links":{"self":[{"href":"https:\/\/veeohutus.ee\/suvi\/en\/wp-json\/wp\/v2\/pages\/925","targetHints":{"allow":["GET"]}}],"collection":[{"href":"https:\/\/veeohutus.ee\/suvi\/en\/wp-json\/wp\/v2\/pages"}],"about":[{"href":"https:\/\/veeohutus.ee\/suvi\/en\/wp-json\/wp\/v2\/types\/page"}],"author":[{"embeddable":true,"href":"https:\/\/veeohutus.ee\/suvi\/en\/wp-json\/wp\/v2\/users\/2"}],"replies":[{"embeddable":true,"href":"https:\/\/veeohutus.ee\/suvi\/en\/wp-json\/wp\/v2\/comments?post=925"}],"version-history":[{"count":2,"href":"https:\/\/veeohutus.ee\/suvi\/en\/wp-json\/wp\/v2\/pages\/925\/revisions"}],"predecessor-version":[{"id":927,"href":"https:\/\/veeohutus.ee\/suvi\/en\/wp-json\/wp\/v2\/pages\/925\/revisions\/927"}],"wp:featuredmedia":[{"embeddable":true,"href":"https:\/\/veeohutus.ee\/suvi\/en\/wp-json\/wp\/v2\/media\/735"}],"wp:attachment":[{"href":"https:\/\/veeohutus.ee\/suvi\/en\/wp-json\/wp\/v2\/media?parent=925"}],"curies":[{"name":"wp","href":"https:\/\/api.w.org\/{rel}","templated":true}]}}