{"id":929,"date":"2016-08-16T14:37:46","date_gmt":"2016-08-16T11:37:46","guid":{"rendered":"http:\/\/veeohutus.ee\/?page_id=929&#038;lang=en"},"modified":"2017-06-02T10:14:30","modified_gmt":"2017-06-02T07:14:30","slug":"choose-public-guarded-beach","status":"publish","type":"page","link":"https:\/\/veeohutus.ee\/suvi\/en\/choose-public-guarded-beach\/","title":{"rendered":"Choose a public guarded beach"},"content":{"rendered":"<h2>A public guarded beach is the best choice for a swim, because:<\/h2>\n<p>&nbsp;<\/p>\n<ul>\n<li>The beach area is well maintained and any dangerous objects are removed from the bottom;<\/li>\n<li>Jumping towers are checked and maintained and the water in the landing area is deep enough and with a safe bottom;<\/li>\n<li>The swimming area is marked with buoys and is being guarded;<\/li>\n<li>Lifeguards notice dangers both in water and on shore and help avoid accidents;<\/li>\n<li>Rescue workers and EMT services know the locations of public beaches and will have a quick response time in the event of an accident;<\/li>\n<li>Flags indicate if the weather and water are suitable for swimming.<\/li>\n<\/ul>\n","protected":false},"excerpt":{"rendered":"<p>A public guarded beach is the best choice for a swim, because: &nbsp; The beach area is well maintained and any dangerous objects are removed from the bottom; Jumping towers are checked and maintained and the water in the landing area is deep enough and with a safe bottom; The swimming area is marked with&#8230;  <a class=\"excerpt-read-more\" href=\"https:\/\/veeohutus.ee\/suvi\/en\/choose-public-guarded-beach\/\" title=\"Read Choose a public guarded beach\">Read more<\/a><\/p>\n","protected":false},"author":2,"featured_media":727,"parent":0,"menu_order":8,"comment_status":"closed","ping_status":"closed","template":"","meta":{"_acf_changed":false,"footnotes":""},"class_list":["post-929","page","type-page","status-publish","has-post-thumbnail","hentry"],"acf":[],"yoast_head":"<!-- This site is optimized with the Yoast SEO plugin v26.7 - https:\/\/yoast.com\/wordpress\/plugins\/seo\/ -->\n<title>Choose a public guarded beach - Veeohutus - Summer - how to prevent accidents in the water - P\u00e4\u00e4steamet<\/title>\n<meta name=\"robots\" content=\"index, follow, max-snippet:-1, max-image-preview:large, max-video-preview:-1\" \/>\n<link rel=\"canonical\" href=\"https:\/\/veeohutus.ee\/suvi\/en\/choose-public-guarded-beach\/\" \/>\n<meta property=\"og:locale\" content=\"en_US\" \/>\n<meta property=\"og:type\" content=\"article\" \/>\n<meta property=\"og:title\" content=\"Choose a public guarded beach - Veeohutus - Summer - how to prevent accidents in the water - P\u00e4\u00e4steamet\" \/>\n<meta property=\"og:description\" content=\"A public guarded beach is the best choice for a swim, because: &nbsp; The beach area is well maintained and any dangerous objects are removed from the bottom; Jumping towers are checked and maintained and the water in the landing area is deep enough and with a safe bottom; The swimming area is marked with... Read more\" \/>\n<meta property=\"og:url\" content=\"https:\/\/veeohutus.ee\/suvi\/en\/choose-public-guarded-beach\/\" \/>\n<meta property=\"og:site_name\" content=\"Veeohutus - Summer - how to prevent accidents in the water - P\u00e4\u00e4steamet\" \/>\n<meta property=\"article:modified_time\" content=\"2017-06-02T07:14:30+00:00\" \/>\n<meta property=\"og:image\" content=\"https:\/\/veeohutus.ee\/suvi\/wp-content\/uploads\/2016\/06\/Valvegarand-e1466584690301.jpg\" \/>\n\t<meta property=\"og:image:width\" content=\"1752\" \/>\n\t<meta property=\"og:image:height\" content=\"978\" \/>\n\t<meta property=\"og:image:type\" content=\"image\/jpeg\" \/>\n<meta name=\"twitter:card\" content=\"summary_large_image\" \/>\n<meta name=\"twitter:label1\" content=\"Est. reading time\" \/>\n\t<meta name=\"twitter:data1\" content=\"1 minute\" \/>\n<script type=\"application\/ld+json\" class=\"yoast-schema-graph\">{\"@context\":\"https:\/\/schema.org\",\"@graph\":[{\"@type\":\"WebPage\",\"@id\":\"https:\/\/veeohutus.ee\/suvi\/en\/choose-public-guarded-beach\/\",\"url\":\"https:\/\/veeohutus.ee\/suvi\/en\/choose-public-guarded-beach\/\",\"name\":\"Choose a public guarded beach - Veeohutus - Summer - how to prevent accidents in the water - P\u00e4\u00e4steamet\",\"isPartOf\":{\"@id\":\"https:\/\/veeohutus.ee\/suvi\/#website\"},\"primaryImageOfPage\":{\"@id\":\"https:\/\/veeohutus.ee\/suvi\/en\/choose-public-guarded-beach\/#primaryimage\"},\"image\":{\"@id\":\"https:\/\/veeohutus.ee\/suvi\/en\/choose-public-guarded-beach\/#primaryimage\"},\"thumbnailUrl\":\"https:\/\/veeohutus.ee\/suvi\/wp-content\/uploads\/2016\/06\/Valvegarand-e1466584690301.jpg\",\"datePublished\":\"2016-08-16T11:37:46+00:00\",\"dateModified\":\"2017-06-02T07:14:30+00:00\",\"breadcrumb\":{\"@id\":\"https:\/\/veeohutus.ee\/suvi\/en\/choose-public-guarded-beach\/#breadcrumb\"},\"inLanguage\":\"en\",\"potentialAction\":[{\"@type\":\"ReadAction\",\"target\":[\"https:\/\/veeohutus.ee\/suvi\/en\/choose-public-guarded-beach\/\"]}]},{\"@type\":\"ImageObject\",\"inLanguage\":\"en\",\"@id\":\"https:\/\/veeohutus.ee\/suvi\/en\/choose-public-guarded-beach\/#primaryimage\",\"url\":\"https:\/\/veeohutus.ee\/suvi\/wp-content\/uploads\/2016\/06\/Valvegarand-e1466584690301.jpg\",\"contentUrl\":\"https:\/\/veeohutus.ee\/suvi\/wp-content\/uploads\/2016\/06\/Valvegarand-e1466584690301.jpg\",\"width\":1752,\"height\":978},{\"@type\":\"BreadcrumbList\",\"@id\":\"https:\/\/veeohutus.ee\/suvi\/en\/choose-public-guarded-beach\/#breadcrumb\",\"itemListElement\":[{\"@type\":\"ListItem\",\"position\":1,\"name\":\"Home\",\"item\":\"https:\/\/veeohutus.ee\/suvi\/en\/\"},{\"@type\":\"ListItem\",\"position\":2,\"name\":\"Choose a public guarded beach\"}]},{\"@type\":\"WebSite\",\"@id\":\"https:\/\/veeohutus.ee\/suvi\/#website\",\"url\":\"https:\/\/veeohutus.ee\/suvi\/\",\"name\":\"Veeohutus - Summer - how to prevent accidents in the water - P\u00e4\u00e4steamet\",\"description\":\"P\u00e4\u00e4steamet - Veeohutus\",\"potentialAction\":[{\"@type\":\"SearchAction\",\"target\":{\"@type\":\"EntryPoint\",\"urlTemplate\":\"https:\/\/veeohutus.ee\/suvi\/?s={search_term_string}\"},\"query-input\":{\"@type\":\"PropertyValueSpecification\",\"valueRequired\":true,\"valueName\":\"search_term_string\"}}],\"inLanguage\":\"en\"}]}<\/script>\n<!-- \/ Yoast SEO plugin. -->","yoast_head_json":{"title":"Choose a public guarded beach - Veeohutus - Summer - how to prevent accidents in the water - P\u00e4\u00e4steamet","robots":{"index":"index","follow":"follow","max-snippet":"max-snippet:-1","max-image-preview":"max-image-preview:large","max-video-preview":"max-video-preview:-1"},"canonical":"https:\/\/veeohutus.ee\/suvi\/en\/choose-public-guarded-beach\/","og_locale":"en_US","og_type":"article","og_title":"Choose a public guarded beach - Veeohutus - Summer - how to prevent accidents in the water - P\u00e4\u00e4steamet","og_description":"A public guarded beach is the best choice for a swim, because: &nbsp; The beach area is well maintained and any dangerous objects are removed from the bottom; Jumping towers are checked and maintained and the water in the landing area is deep enough and with a safe bottom; The swimming area is marked with... Read more","og_url":"https:\/\/veeohutus.ee\/suvi\/en\/choose-public-guarded-beach\/","og_site_name":"Veeohutus - Summer - how to prevent accidents in the water - P\u00e4\u00e4steamet","article_modified_time":"2017-06-02T07:14:30+00:00","og_image":[{"width":1752,"height":978,"url":"https:\/\/veeohutus.ee\/suvi\/wp-content\/uploads\/2016\/06\/Valvegarand-e1466584690301.jpg","type":"image\/jpeg"}],"twitter_card":"summary_large_image","twitter_misc":{"Est. reading time":"1 minute"},"schema":{"@context":"https:\/\/schema.org","@graph":[{"@type":"WebPage","@id":"https:\/\/veeohutus.ee\/suvi\/en\/choose-public-guarded-beach\/","url":"https:\/\/veeohutus.ee\/suvi\/en\/choose-public-guarded-beach\/","name":"Choose a public guarded beach - Veeohutus - Summer - how to prevent accidents in the water - P\u00e4\u00e4steamet","isPartOf":{"@id":"https:\/\/veeohutus.ee\/suvi\/#website"},"primaryImageOfPage":{"@id":"https:\/\/veeohutus.ee\/suvi\/en\/choose-public-guarded-beach\/#primaryimage"},"image":{"@id":"https:\/\/veeohutus.ee\/suvi\/en\/choose-public-guarded-beach\/#primaryimage"},"thumbnailUrl":"https:\/\/veeohutus.ee\/suvi\/wp-content\/uploads\/2016\/06\/Valvegarand-e1466584690301.jpg","datePublished":"2016-08-16T11:37:46+00:00","dateModified":"2017-06-02T07:14:30+00:00","breadcrumb":{"@id":"https:\/\/veeohutus.ee\/suvi\/en\/choose-public-guarded-beach\/#breadcrumb"},"inLanguage":"en","potentialAction":[{"@type":"ReadAction","target":["https:\/\/veeohutus.ee\/suvi\/en\/choose-public-guarded-beach\/"]}]},{"@type":"ImageObject","inLanguage":"en","@id":"https:\/\/veeohutus.ee\/suvi\/en\/choose-public-guarded-beach\/#primaryimage","url":"https:\/\/veeohutus.ee\/suvi\/wp-content\/uploads\/2016\/06\/Valvegarand-e1466584690301.jpg","contentUrl":"https:\/\/veeohutus.ee\/suvi\/wp-content\/uploads\/2016\/06\/Valvegarand-e1466584690301.jpg","width":1752,"height":978},{"@type":"BreadcrumbList","@id":"https:\/\/veeohutus.ee\/suvi\/en\/choose-public-guarded-beach\/#breadcrumb","itemListElement":[{"@type":"ListItem","position":1,"name":"Home","item":"https:\/\/veeohutus.ee\/suvi\/en\/"},{"@type":"ListItem","position":2,"name":"Choose a public guarded beach"}]},{"@type":"WebSite","@id":"https:\/\/veeohutus.ee\/suvi\/#website","url":"https:\/\/veeohutus.ee\/suvi\/","name":"Veeohutus - Summer - how to prevent accidents in the water - P\u00e4\u00e4steamet","description":"P\u00e4\u00e4steamet - Veeohutus","potentialAction":[{"@type":"SearchAction","target":{"@type":"EntryPoint","urlTemplate":"https:\/\/veeohutus.ee\/suvi\/?s={search_term_string}"},"query-input":{"@type":"PropertyValueSpecification","valueRequired":true,"valueName":"search_term_string"}}],"inLanguage":"en"}]}},"_links":{"self":[{"href":"https:\/\/veeohutus.ee\/suvi\/en\/wp-json\/wp\/v2\/pages\/929","targetHints":{"allow":["GET"]}}],"collection":[{"href":"https:\/\/veeohutus.ee\/suvi\/en\/wp-json\/wp\/v2\/pages"}],"about":[{"href":"https:\/\/veeohutus.ee\/suvi\/en\/wp-json\/wp\/v2\/types\/page"}],"author":[{"embeddable":true,"href":"https:\/\/veeohutus.ee\/suvi\/en\/wp-json\/wp\/v2\/users\/2"}],"replies":[{"embeddable":true,"href":"https:\/\/veeohutus.ee\/suvi\/en\/wp-json\/wp\/v2\/comments?post=929"}],"version-history":[{"count":4,"href":"https:\/\/veeohutus.ee\/suvi\/en\/wp-json\/wp\/v2\/pages\/929\/revisions"}],"predecessor-version":[{"id":1897,"href":"https:\/\/veeohutus.ee\/suvi\/en\/wp-json\/wp\/v2\/pages\/929\/revisions\/1897"}],"wp:featuredmedia":[{"embeddable":true,"href":"https:\/\/veeohutus.ee\/suvi\/en\/wp-json\/wp\/v2\/media\/727"}],"wp:attachment":[{"href":"https:\/\/veeohutus.ee\/suvi\/en\/wp-json\/wp\/v2\/media?parent=929"}],"curies":[{"name":"wp","href":"https:\/\/api.w.org\/{rel}","templated":true}]}}