{"id":934,"date":"2016-08-16T15:16:30","date_gmt":"2016-08-16T12:16:30","guid":{"rendered":"http:\/\/veeohutus.ee\/?page_id=934&#038;lang=en"},"modified":"2016-08-17T16:01:02","modified_gmt":"2016-08-17T13:01:02","slug":"water-safety-stand","status":"publish","type":"page","link":"https:\/\/veeohutus.ee\/suvi\/en\/water-safety-stand\/","title":{"rendered":"Water safety stand"},"content":{"rendered":"<h2>Information boards and rescue equipment at swimming places<\/h2>\n<p>Since 2012, the Rescue Board has installed water safety information boards and rescue equipment at unsupervised swimming locations.<\/p>\n<p>When in 2012 and 2013, the Rescue Board mainly made and installed the information boards themselves, then from 2014, the manufacture and installation has been done in cooperation with local governments, so as to equip more swimming places with information boards and rescue equipment. As a result, in 2015 there were a total of 180 information boards with rescue equipment all over Estonia.<\/p>\n<p>In 2016, the project stepped up its pace even more when it joined forces with the team of Let&#8217;s Do It campaign. The installation of water safety stands became one of the focus topics of the activity day and was immensely popular among the participants. In total, 496 water safety stands with information boards and rescue equipment were installed all over Estonia.<\/p>\n<p style=\"text-align: justify;\">If you also wish to install a water safety information board in your local area, you can find all the instructions here: <strong><a href=\"http:\/\/veeohutus.ee\/www\/wp-content\/uploads\/2016\/06\/Veeohutuspystaku_joonised.pdf\">Water safety stand schematic<\/a><\/strong><\/p>\n<p style=\"text-align: justify;\"><img loading=\"lazy\" decoding=\"async\" class=\"size-medium wp-image-710 aligncenter\" src=\"http:\/\/demo.opus.ee\/projects\/veeohutus\/www\/wp-content\/uploads\/2016\/06\/veeohutusp\u00fcstak-225x300.jpg\" alt=\"veeohutusp\u00fcstak\" width=\"225\" height=\"300\" srcset=\"https:\/\/veeohutus.ee\/suvi\/wp-content\/uploads\/2016\/06\/veeohutusp\u00fcstak-225x300.jpg 225w, https:\/\/veeohutus.ee\/suvi\/wp-content\/uploads\/2016\/06\/veeohutusp\u00fcstak-768x1024.jpg 768w\" sizes=\"auto, (max-width: 225px) 100vw, 225px\" \/><\/p>\n<p style=\"text-align: justify;\">Along with the schematic, you can also get instructions and help from the following video:<\/p>\n<p><iframe loading=\"lazy\" src=\"https:\/\/www.youtube.com\/embed\/8LFkLSCOcSI\" width=\"560\" height=\"315\" frameborder=\"0\" allowfullscreen=\"allowfullscreen\"><\/iframe><\/p>\n","protected":false},"excerpt":{"rendered":"<p>Information boards and rescue equipment at swimming places Since 2012, the Rescue Board has installed water safety information boards and rescue equipment at unsupervised swimming locations. When in 2012 and 2013, the Rescue Board mainly made and installed the information boards themselves, then from 2014, the manufacture and installation has been done in cooperation with&#8230;  <a class=\"excerpt-read-more\" href=\"https:\/\/veeohutus.ee\/suvi\/en\/water-safety-stand\/\" title=\"Read Water safety stand\">Read more<\/a><\/p>\n","protected":false},"author":2,"featured_media":3146,"parent":0,"menu_order":15,"comment_status":"closed","ping_status":"closed","template":"","meta":{"_acf_changed":false,"footnotes":""},"class_list":["post-934","page","type-page","status-publish","has-post-thumbnail","hentry"],"acf":[],"yoast_head":"<!-- This site is optimized with the Yoast SEO plugin v26.7 - https:\/\/yoast.com\/wordpress\/plugins\/seo\/ -->\n<title>Water safety stand - Veeohutus - Summer - how to prevent accidents in the water - P\u00e4\u00e4steamet<\/title>\n<meta name=\"robots\" content=\"index, follow, max-snippet:-1, max-image-preview:large, max-video-preview:-1\" \/>\n<link rel=\"canonical\" href=\"https:\/\/veeohutus.ee\/suvi\/en\/water-safety-stand\/\" \/>\n<meta property=\"og:locale\" content=\"en_US\" \/>\n<meta property=\"og:type\" content=\"article\" \/>\n<meta property=\"og:title\" content=\"Water safety stand - Veeohutus - Summer - how to prevent accidents in the water - P\u00e4\u00e4steamet\" \/>\n<meta property=\"og:description\" content=\"Information boards and rescue equipment at swimming places Since 2012, the Rescue Board has installed water safety information boards and rescue equipment at unsupervised swimming locations. When in 2012 and 2013, the Rescue Board mainly made and installed the information boards themselves, then from 2014, the manufacture and installation has been done in cooperation with... Read more\" \/>\n<meta property=\"og:url\" content=\"https:\/\/veeohutus.ee\/suvi\/en\/water-safety-stand\/\" \/>\n<meta property=\"og:site_name\" content=\"Veeohutus - Summer - how to prevent accidents in the water - P\u00e4\u00e4steamet\" \/>\n<meta property=\"article:modified_time\" content=\"2016-08-17T13:01:02+00:00\" \/>\n<meta property=\"og:image\" content=\"https:\/\/veeohutus.ee\/suvi\/wp-content\/uploads\/2020\/08\/stend-2-e1598438515701.jpg\" \/>\n\t<meta property=\"og:image:width\" content=\"1473\" \/>\n\t<meta property=\"og:image:height\" content=\"977\" \/>\n\t<meta property=\"og:image:type\" content=\"image\/jpeg\" \/>\n<meta name=\"twitter:card\" content=\"summary_large_image\" \/>\n<meta name=\"twitter:label1\" content=\"Est. reading time\" \/>\n\t<meta name=\"twitter:data1\" content=\"1 minute\" \/>\n<script type=\"application\/ld+json\" class=\"yoast-schema-graph\">{\"@context\":\"https:\/\/schema.org\",\"@graph\":[{\"@type\":\"WebPage\",\"@id\":\"https:\/\/veeohutus.ee\/suvi\/en\/water-safety-stand\/\",\"url\":\"https:\/\/veeohutus.ee\/suvi\/en\/water-safety-stand\/\",\"name\":\"Water safety stand - Veeohutus - Summer - how to prevent accidents in the water - P\u00e4\u00e4steamet\",\"isPartOf\":{\"@id\":\"https:\/\/veeohutus.ee\/suvi\/#website\"},\"primaryImageOfPage\":{\"@id\":\"https:\/\/veeohutus.ee\/suvi\/en\/water-safety-stand\/#primaryimage\"},\"image\":{\"@id\":\"https:\/\/veeohutus.ee\/suvi\/en\/water-safety-stand\/#primaryimage\"},\"thumbnailUrl\":\"https:\/\/veeohutus.ee\/suvi\/wp-content\/uploads\/2020\/08\/stend-2-e1598438515701.jpg\",\"datePublished\":\"2016-08-16T12:16:30+00:00\",\"dateModified\":\"2016-08-17T13:01:02+00:00\",\"breadcrumb\":{\"@id\":\"https:\/\/veeohutus.ee\/suvi\/en\/water-safety-stand\/#breadcrumb\"},\"inLanguage\":\"en\",\"potentialAction\":[{\"@type\":\"ReadAction\",\"target\":[\"https:\/\/veeohutus.ee\/suvi\/en\/water-safety-stand\/\"]}]},{\"@type\":\"ImageObject\",\"inLanguage\":\"en\",\"@id\":\"https:\/\/veeohutus.ee\/suvi\/en\/water-safety-stand\/#primaryimage\",\"url\":\"https:\/\/veeohutus.ee\/suvi\/wp-content\/uploads\/2020\/08\/stend-2-e1598438515701.jpg\",\"contentUrl\":\"https:\/\/veeohutus.ee\/suvi\/wp-content\/uploads\/2020\/08\/stend-2-e1598438515701.jpg\",\"width\":1473,\"height\":977},{\"@type\":\"BreadcrumbList\",\"@id\":\"https:\/\/veeohutus.ee\/suvi\/en\/water-safety-stand\/#breadcrumb\",\"itemListElement\":[{\"@type\":\"ListItem\",\"position\":1,\"name\":\"Home\",\"item\":\"https:\/\/veeohutus.ee\/suvi\/en\/\"},{\"@type\":\"ListItem\",\"position\":2,\"name\":\"Water safety stand\"}]},{\"@type\":\"WebSite\",\"@id\":\"https:\/\/veeohutus.ee\/suvi\/#website\",\"url\":\"https:\/\/veeohutus.ee\/suvi\/\",\"name\":\"Veeohutus - Summer - how to prevent accidents in the water - P\u00e4\u00e4steamet\",\"description\":\"P\u00e4\u00e4steamet - Veeohutus\",\"potentialAction\":[{\"@type\":\"SearchAction\",\"target\":{\"@type\":\"EntryPoint\",\"urlTemplate\":\"https:\/\/veeohutus.ee\/suvi\/?s={search_term_string}\"},\"query-input\":{\"@type\":\"PropertyValueSpecification\",\"valueRequired\":true,\"valueName\":\"search_term_string\"}}],\"inLanguage\":\"en\"}]}<\/script>\n<!-- \/ Yoast SEO plugin. -->","yoast_head_json":{"title":"Water safety stand - Veeohutus - Summer - how to prevent accidents in the water - P\u00e4\u00e4steamet","robots":{"index":"index","follow":"follow","max-snippet":"max-snippet:-1","max-image-preview":"max-image-preview:large","max-video-preview":"max-video-preview:-1"},"canonical":"https:\/\/veeohutus.ee\/suvi\/en\/water-safety-stand\/","og_locale":"en_US","og_type":"article","og_title":"Water safety stand - Veeohutus - Summer - how to prevent accidents in the water - P\u00e4\u00e4steamet","og_description":"Information boards and rescue equipment at swimming places Since 2012, the Rescue Board has installed water safety information boards and rescue equipment at unsupervised swimming locations. When in 2012 and 2013, the Rescue Board mainly made and installed the information boards themselves, then from 2014, the manufacture and installation has been done in cooperation with... Read more","og_url":"https:\/\/veeohutus.ee\/suvi\/en\/water-safety-stand\/","og_site_name":"Veeohutus - Summer - how to prevent accidents in the water - P\u00e4\u00e4steamet","article_modified_time":"2016-08-17T13:01:02+00:00","og_image":[{"width":1473,"height":977,"url":"https:\/\/veeohutus.ee\/suvi\/wp-content\/uploads\/2020\/08\/stend-2-e1598438515701.jpg","type":"image\/jpeg"}],"twitter_card":"summary_large_image","twitter_misc":{"Est. reading time":"1 minute"},"schema":{"@context":"https:\/\/schema.org","@graph":[{"@type":"WebPage","@id":"https:\/\/veeohutus.ee\/suvi\/en\/water-safety-stand\/","url":"https:\/\/veeohutus.ee\/suvi\/en\/water-safety-stand\/","name":"Water safety stand - Veeohutus - Summer - how to prevent accidents in the water - P\u00e4\u00e4steamet","isPartOf":{"@id":"https:\/\/veeohutus.ee\/suvi\/#website"},"primaryImageOfPage":{"@id":"https:\/\/veeohutus.ee\/suvi\/en\/water-safety-stand\/#primaryimage"},"image":{"@id":"https:\/\/veeohutus.ee\/suvi\/en\/water-safety-stand\/#primaryimage"},"thumbnailUrl":"https:\/\/veeohutus.ee\/suvi\/wp-content\/uploads\/2020\/08\/stend-2-e1598438515701.jpg","datePublished":"2016-08-16T12:16:30+00:00","dateModified":"2016-08-17T13:01:02+00:00","breadcrumb":{"@id":"https:\/\/veeohutus.ee\/suvi\/en\/water-safety-stand\/#breadcrumb"},"inLanguage":"en","potentialAction":[{"@type":"ReadAction","target":["https:\/\/veeohutus.ee\/suvi\/en\/water-safety-stand\/"]}]},{"@type":"ImageObject","inLanguage":"en","@id":"https:\/\/veeohutus.ee\/suvi\/en\/water-safety-stand\/#primaryimage","url":"https:\/\/veeohutus.ee\/suvi\/wp-content\/uploads\/2020\/08\/stend-2-e1598438515701.jpg","contentUrl":"https:\/\/veeohutus.ee\/suvi\/wp-content\/uploads\/2020\/08\/stend-2-e1598438515701.jpg","width":1473,"height":977},{"@type":"BreadcrumbList","@id":"https:\/\/veeohutus.ee\/suvi\/en\/water-safety-stand\/#breadcrumb","itemListElement":[{"@type":"ListItem","position":1,"name":"Home","item":"https:\/\/veeohutus.ee\/suvi\/en\/"},{"@type":"ListItem","position":2,"name":"Water safety stand"}]},{"@type":"WebSite","@id":"https:\/\/veeohutus.ee\/suvi\/#website","url":"https:\/\/veeohutus.ee\/suvi\/","name":"Veeohutus - Summer - how to prevent accidents in the water - P\u00e4\u00e4steamet","description":"P\u00e4\u00e4steamet - Veeohutus","potentialAction":[{"@type":"SearchAction","target":{"@type":"EntryPoint","urlTemplate":"https:\/\/veeohutus.ee\/suvi\/?s={search_term_string}"},"query-input":{"@type":"PropertyValueSpecification","valueRequired":true,"valueName":"search_term_string"}}],"inLanguage":"en"}]}},"_links":{"self":[{"href":"https:\/\/veeohutus.ee\/suvi\/en\/wp-json\/wp\/v2\/pages\/934","targetHints":{"allow":["GET"]}}],"collection":[{"href":"https:\/\/veeohutus.ee\/suvi\/en\/wp-json\/wp\/v2\/pages"}],"about":[{"href":"https:\/\/veeohutus.ee\/suvi\/en\/wp-json\/wp\/v2\/types\/page"}],"author":[{"embeddable":true,"href":"https:\/\/veeohutus.ee\/suvi\/en\/wp-json\/wp\/v2\/users\/2"}],"replies":[{"embeddable":true,"href":"https:\/\/veeohutus.ee\/suvi\/en\/wp-json\/wp\/v2\/comments?post=934"}],"version-history":[{"count":2,"href":"https:\/\/veeohutus.ee\/suvi\/en\/wp-json\/wp\/v2\/pages\/934\/revisions"}],"predecessor-version":[{"id":994,"href":"https:\/\/veeohutus.ee\/suvi\/en\/wp-json\/wp\/v2\/pages\/934\/revisions\/994"}],"wp:featuredmedia":[{"embeddable":true,"href":"https:\/\/veeohutus.ee\/suvi\/en\/wp-json\/wp\/v2\/media\/3146"}],"wp:attachment":[{"href":"https:\/\/veeohutus.ee\/suvi\/en\/wp-json\/wp\/v2\/media?parent=934"}],"curies":[{"name":"wp","href":"https:\/\/api.w.org\/{rel}","templated":true}]}}