{"id":939,"date":"2016-08-16T15:32:04","date_gmt":"2016-08-16T12:32:04","guid":{"rendered":"http:\/\/veeohutus.ee\/?page_id=939&#038;lang=en"},"modified":"2017-03-22T11:22:29","modified_gmt":"2017-03-22T08:22:29","slug":"deaths-by-drowning","status":"publish","type":"page","link":"https:\/\/veeohutus.ee\/suvi\/en\/deaths-by-drowning\/","title":{"rendered":"Deaths by drowning"},"content":{"rendered":"<h2>The main causes for deaths by drowning are:<\/h2>\n<p>&nbsp;<\/p>\n<ul>\n<li><strong>Weak swimming skills<\/strong> \u2013 a weak swimmer may ofter overestimate their abilities. They may swim in too deep water, where feet cannot touch the bottom and panic may arise when they get tired. A coordinated swim is replaced by flailing around in panic, which contributers further to quick sinking.<\/li>\n<li><strong>Unsupervised children<\/strong> \u2013 Parents often leave their children unsupervised near bodies of water or trust them into the care of siblings not much older that the children. They don&#8217;t often consider, that a depth or waves safe for adults may prove fatally dangerous to children.<\/li>\n<li><strong>Alcohol<\/strong> \u2013 Inebriation is the main cause of drowning for men. Small amounts of alcohol or a hangover can also be dangerous. An inebriated person gets tired more quickly and reflex cardiovascular dysfunctions may occur. Hypothermia or a reduced blood flow to the limbs may occur suddenly<\/li>\n<li><strong>Health condition<\/strong> \u2013 The condition of one&#8217;s health or doctor&#8217;s suggestions are often ignored when going for a swim. Swimming can be dangerous for people suffering from heart, kidney, lung and ear conditions or epileptics. People also often don&#8217;t account for their age \u2013 what might have been accomplishable last summer, might not be so next year.<\/li>\n<li><strong>Swimming in non-designated places<\/strong> \u2013 People often go swimming in the sea with strong waves or in a river with a strong current. Unfamiliar waters may also contain whirlpools or seaweeds a person may get tangled in. Many injuries occur when jumping into the water from non-designated places, such as bridges or piers. It should be kept in mind that waters not designated for swimming may contain underwater pillars, rocks, tree stumps and other debris and there may be sharp or dangerous items on the bottom, such as glass shards.<\/li>\n<li><strong>Swimming with random floating objects<\/strong> \u2013 weak swimmers or persons who cannot swim often use floating aids, such as inner tubes of a car, air mattresses, inflatable toys, homemade rafts and so on and so may not apprehend the depth of the water. When flipping over and realising that they cannot reach the bottom, they could start panicking.<\/li>\n<li><strong>Violating boating regulations<\/strong> \u2013 Boating accidents are often caused by lack of skill or negligence. The more usual causes are overloading the boat, driving while drunk, using unseaworthy vessels and lack of experience. Countries that have statistics on boating accidents and their causes have concluded that most drowning victims would have survived, had they used a life jacket.<\/li>\n<\/ul>\n<p>Source: T. Klooster, I Paulus 2005 \u201eVetelp\u00e4\u00e4ste\u201c, Estonian Academy of Security Sciences, Tallinn<\/p>\n","protected":false},"excerpt":{"rendered":"<p>The main causes for deaths by drowning are: &nbsp; Weak swimming skills \u2013 a weak swimmer may ofter overestimate their abilities. They may swim in too deep water, where feet cannot touch the bottom and panic may arise when they get tired. A coordinated swim is replaced by flailing around in panic, which contributers further&#8230;  <a class=\"excerpt-read-more\" href=\"https:\/\/veeohutus.ee\/suvi\/en\/deaths-by-drowning\/\" title=\"Read Deaths by drowning\">Read more<\/a><\/p>\n","protected":false},"author":2,"featured_media":781,"parent":0,"menu_order":19,"comment_status":"closed","ping_status":"closed","template":"","meta":{"_acf_changed":false,"footnotes":""},"class_list":["post-939","page","type-page","status-publish","has-post-thumbnail","hentry"],"acf":[],"yoast_head":"<!-- This site is optimized with the Yoast SEO plugin v26.7 - https:\/\/yoast.com\/wordpress\/plugins\/seo\/ -->\n<title>Deaths by drowning - Veeohutus - Summer - how to prevent accidents in the water - P\u00e4\u00e4steamet<\/title>\n<meta name=\"robots\" content=\"index, follow, max-snippet:-1, max-image-preview:large, max-video-preview:-1\" \/>\n<link rel=\"canonical\" href=\"https:\/\/veeohutus.ee\/suvi\/en\/deaths-by-drowning\/\" \/>\n<meta property=\"og:locale\" content=\"en_US\" \/>\n<meta property=\"og:type\" content=\"article\" \/>\n<meta property=\"og:title\" content=\"Deaths by drowning - Veeohutus - Summer - how to prevent accidents in the water - P\u00e4\u00e4steamet\" \/>\n<meta property=\"og:description\" content=\"The main causes for deaths by drowning are: &nbsp; Weak swimming skills \u2013 a weak swimmer may ofter overestimate their abilities. They may swim in too deep water, where feet cannot touch the bottom and panic may arise when they get tired. A coordinated swim is replaced by flailing around in panic, which contributers further... Read more\" \/>\n<meta property=\"og:url\" content=\"https:\/\/veeohutus.ee\/suvi\/en\/deaths-by-drowning\/\" \/>\n<meta property=\"og:site_name\" content=\"Veeohutus - Summer - how to prevent accidents in the water - P\u00e4\u00e4steamet\" \/>\n<meta property=\"article:modified_time\" content=\"2017-03-22T08:22:29+00:00\" \/>\n<meta property=\"og:image\" content=\"https:\/\/veeohutus.ee\/suvi\/wp-content\/uploads\/2016\/06\/iStock_000010025070Medium.jpg\" \/>\n\t<meta property=\"og:image:width\" content=\"1698\" \/>\n\t<meta property=\"og:image:height\" content=\"1131\" \/>\n\t<meta property=\"og:image:type\" content=\"image\/jpeg\" \/>\n<meta name=\"twitter:card\" content=\"summary_large_image\" \/>\n<meta name=\"twitter:label1\" content=\"Est. reading time\" \/>\n\t<meta name=\"twitter:data1\" content=\"2 minutes\" \/>\n<script type=\"application\/ld+json\" class=\"yoast-schema-graph\">{\"@context\":\"https:\/\/schema.org\",\"@graph\":[{\"@type\":\"WebPage\",\"@id\":\"https:\/\/veeohutus.ee\/suvi\/en\/deaths-by-drowning\/\",\"url\":\"https:\/\/veeohutus.ee\/suvi\/en\/deaths-by-drowning\/\",\"name\":\"Deaths by drowning - Veeohutus - Summer - how to prevent accidents in the water - P\u00e4\u00e4steamet\",\"isPartOf\":{\"@id\":\"https:\/\/veeohutus.ee\/suvi\/#website\"},\"primaryImageOfPage\":{\"@id\":\"https:\/\/veeohutus.ee\/suvi\/en\/deaths-by-drowning\/#primaryimage\"},\"image\":{\"@id\":\"https:\/\/veeohutus.ee\/suvi\/en\/deaths-by-drowning\/#primaryimage\"},\"thumbnailUrl\":\"https:\/\/veeohutus.ee\/suvi\/wp-content\/uploads\/2016\/06\/iStock_000010025070Medium.jpg\",\"datePublished\":\"2016-08-16T12:32:04+00:00\",\"dateModified\":\"2017-03-22T08:22:29+00:00\",\"breadcrumb\":{\"@id\":\"https:\/\/veeohutus.ee\/suvi\/en\/deaths-by-drowning\/#breadcrumb\"},\"inLanguage\":\"en\",\"potentialAction\":[{\"@type\":\"ReadAction\",\"target\":[\"https:\/\/veeohutus.ee\/suvi\/en\/deaths-by-drowning\/\"]}]},{\"@type\":\"ImageObject\",\"inLanguage\":\"en\",\"@id\":\"https:\/\/veeohutus.ee\/suvi\/en\/deaths-by-drowning\/#primaryimage\",\"url\":\"https:\/\/veeohutus.ee\/suvi\/wp-content\/uploads\/2016\/06\/iStock_000010025070Medium.jpg\",\"contentUrl\":\"https:\/\/veeohutus.ee\/suvi\/wp-content\/uploads\/2016\/06\/iStock_000010025070Medium.jpg\",\"width\":1698,\"height\":1131},{\"@type\":\"BreadcrumbList\",\"@id\":\"https:\/\/veeohutus.ee\/suvi\/en\/deaths-by-drowning\/#breadcrumb\",\"itemListElement\":[{\"@type\":\"ListItem\",\"position\":1,\"name\":\"Home\",\"item\":\"https:\/\/veeohutus.ee\/suvi\/en\/\"},{\"@type\":\"ListItem\",\"position\":2,\"name\":\"Deaths by drowning\"}]},{\"@type\":\"WebSite\",\"@id\":\"https:\/\/veeohutus.ee\/suvi\/#website\",\"url\":\"https:\/\/veeohutus.ee\/suvi\/\",\"name\":\"Veeohutus - Summer - how to prevent accidents in the water - P\u00e4\u00e4steamet\",\"description\":\"P\u00e4\u00e4steamet - Veeohutus\",\"potentialAction\":[{\"@type\":\"SearchAction\",\"target\":{\"@type\":\"EntryPoint\",\"urlTemplate\":\"https:\/\/veeohutus.ee\/suvi\/?s={search_term_string}\"},\"query-input\":{\"@type\":\"PropertyValueSpecification\",\"valueRequired\":true,\"valueName\":\"search_term_string\"}}],\"inLanguage\":\"en\"}]}<\/script>\n<!-- \/ Yoast SEO plugin. -->","yoast_head_json":{"title":"Deaths by drowning - Veeohutus - Summer - how to prevent accidents in the water - P\u00e4\u00e4steamet","robots":{"index":"index","follow":"follow","max-snippet":"max-snippet:-1","max-image-preview":"max-image-preview:large","max-video-preview":"max-video-preview:-1"},"canonical":"https:\/\/veeohutus.ee\/suvi\/en\/deaths-by-drowning\/","og_locale":"en_US","og_type":"article","og_title":"Deaths by drowning - Veeohutus - Summer - how to prevent accidents in the water - P\u00e4\u00e4steamet","og_description":"The main causes for deaths by drowning are: &nbsp; Weak swimming skills \u2013 a weak swimmer may ofter overestimate their abilities. They may swim in too deep water, where feet cannot touch the bottom and panic may arise when they get tired. A coordinated swim is replaced by flailing around in panic, which contributers further... Read more","og_url":"https:\/\/veeohutus.ee\/suvi\/en\/deaths-by-drowning\/","og_site_name":"Veeohutus - Summer - how to prevent accidents in the water - P\u00e4\u00e4steamet","article_modified_time":"2017-03-22T08:22:29+00:00","og_image":[{"width":1698,"height":1131,"url":"https:\/\/veeohutus.ee\/suvi\/wp-content\/uploads\/2016\/06\/iStock_000010025070Medium.jpg","type":"image\/jpeg"}],"twitter_card":"summary_large_image","twitter_misc":{"Est. reading time":"2 minutes"},"schema":{"@context":"https:\/\/schema.org","@graph":[{"@type":"WebPage","@id":"https:\/\/veeohutus.ee\/suvi\/en\/deaths-by-drowning\/","url":"https:\/\/veeohutus.ee\/suvi\/en\/deaths-by-drowning\/","name":"Deaths by drowning - Veeohutus - Summer - how to prevent accidents in the water - P\u00e4\u00e4steamet","isPartOf":{"@id":"https:\/\/veeohutus.ee\/suvi\/#website"},"primaryImageOfPage":{"@id":"https:\/\/veeohutus.ee\/suvi\/en\/deaths-by-drowning\/#primaryimage"},"image":{"@id":"https:\/\/veeohutus.ee\/suvi\/en\/deaths-by-drowning\/#primaryimage"},"thumbnailUrl":"https:\/\/veeohutus.ee\/suvi\/wp-content\/uploads\/2016\/06\/iStock_000010025070Medium.jpg","datePublished":"2016-08-16T12:32:04+00:00","dateModified":"2017-03-22T08:22:29+00:00","breadcrumb":{"@id":"https:\/\/veeohutus.ee\/suvi\/en\/deaths-by-drowning\/#breadcrumb"},"inLanguage":"en","potentialAction":[{"@type":"ReadAction","target":["https:\/\/veeohutus.ee\/suvi\/en\/deaths-by-drowning\/"]}]},{"@type":"ImageObject","inLanguage":"en","@id":"https:\/\/veeohutus.ee\/suvi\/en\/deaths-by-drowning\/#primaryimage","url":"https:\/\/veeohutus.ee\/suvi\/wp-content\/uploads\/2016\/06\/iStock_000010025070Medium.jpg","contentUrl":"https:\/\/veeohutus.ee\/suvi\/wp-content\/uploads\/2016\/06\/iStock_000010025070Medium.jpg","width":1698,"height":1131},{"@type":"BreadcrumbList","@id":"https:\/\/veeohutus.ee\/suvi\/en\/deaths-by-drowning\/#breadcrumb","itemListElement":[{"@type":"ListItem","position":1,"name":"Home","item":"https:\/\/veeohutus.ee\/suvi\/en\/"},{"@type":"ListItem","position":2,"name":"Deaths by drowning"}]},{"@type":"WebSite","@id":"https:\/\/veeohutus.ee\/suvi\/#website","url":"https:\/\/veeohutus.ee\/suvi\/","name":"Veeohutus - Summer - how to prevent accidents in the water - P\u00e4\u00e4steamet","description":"P\u00e4\u00e4steamet - Veeohutus","potentialAction":[{"@type":"SearchAction","target":{"@type":"EntryPoint","urlTemplate":"https:\/\/veeohutus.ee\/suvi\/?s={search_term_string}"},"query-input":{"@type":"PropertyValueSpecification","valueRequired":true,"valueName":"search_term_string"}}],"inLanguage":"en"}]}},"_links":{"self":[{"href":"https:\/\/veeohutus.ee\/suvi\/en\/wp-json\/wp\/v2\/pages\/939","targetHints":{"allow":["GET"]}}],"collection":[{"href":"https:\/\/veeohutus.ee\/suvi\/en\/wp-json\/wp\/v2\/pages"}],"about":[{"href":"https:\/\/veeohutus.ee\/suvi\/en\/wp-json\/wp\/v2\/types\/page"}],"author":[{"embeddable":true,"href":"https:\/\/veeohutus.ee\/suvi\/en\/wp-json\/wp\/v2\/users\/2"}],"replies":[{"embeddable":true,"href":"https:\/\/veeohutus.ee\/suvi\/en\/wp-json\/wp\/v2\/comments?post=939"}],"version-history":[{"count":6,"href":"https:\/\/veeohutus.ee\/suvi\/en\/wp-json\/wp\/v2\/pages\/939\/revisions"}],"predecessor-version":[{"id":1666,"href":"https:\/\/veeohutus.ee\/suvi\/en\/wp-json\/wp\/v2\/pages\/939\/revisions\/1666"}],"wp:featuredmedia":[{"embeddable":true,"href":"https:\/\/veeohutus.ee\/suvi\/en\/wp-json\/wp\/v2\/media\/781"}],"wp:attachment":[{"href":"https:\/\/veeohutus.ee\/suvi\/en\/wp-json\/wp\/v2\/media?parent=939"}],"curies":[{"name":"wp","href":"https:\/\/api.w.org\/{rel}","templated":true}]}}