{"id":1060,"date":"2016-12-20T14:34:02","date_gmt":"2016-12-20T11:34:02","guid":{"rendered":"http:\/\/demo.opus.ee\/projects\/veeohutus\/www\/?page_id=1060"},"modified":"2017-06-02T10:08:48","modified_gmt":"2017-06-02T07:08:48","slug":"kohad-kus-jaa-alati-norgem","status":"publish","type":"page","link":"https:\/\/veeohutus.ee\/suvi\/kohad-kus-jaa-alati-norgem\/","title":{"rendered":"Kohad kus j\u00e4\u00e4 on alati n\u00f5rgem"},"content":{"rendered":"<h3>Erinevatel veekogudel esineb alati piirkondi, kus j\u00e4\u00e4 on n\u00f5rgem. Sellisteks kohtadeks on:<\/h3>\n<p>&nbsp;<\/p>\n<ul>\n<li><strong>Kiirevoolulised kohad j\u00f5gedes &#8211;<\/strong> j\u00e4\u00e4 tekkimist segab pidevalt liikumises olevad veekihid;<\/li>\n<p>&nbsp;<\/p>\n<ul>\n<\/ul>\n<img loading=\"lazy\" decoding=\"async\" class=\"alignnone wp-image-1061\" src=\"http:\/\/demo.opus.ee\/projects\/veeohutus\/www\/wp-content\/uploads\/2016\/12\/Kiirevool-Medium.jpg\" alt=\"OLYMPUS DIGITAL CAMERA\" width=\"580\" height=\"435\" srcset=\"https:\/\/veeohutus.ee\/suvi\/wp-content\/uploads\/2016\/12\/Kiirevool-Medium.jpg 800w, https:\/\/veeohutus.ee\/suvi\/wp-content\/uploads\/2016\/12\/Kiirevool-Medium-300x225.jpg 300w, https:\/\/veeohutus.ee\/suvi\/wp-content\/uploads\/2016\/12\/Kiirevool-Medium-768x576.jpg 768w\" sizes=\"auto, (max-width: 580px) 100vw, 580px\" \/>\n<p>&nbsp;<\/p>\n<ul>\n<li><strong>Suubumiskohad <\/strong>&#8211; kohad, kus n\u00e4iteks kaks j\u00f5ge saavad kokku v\u00f5i koht, kus j\u00f5gi suubub j\u00e4rve v\u00f5i merre. Sellistes kohtades takistavad j\u00e4\u00e4 teket keerised;<\/li>\n<\/ul>\n<p>&nbsp;<\/p>\n<img loading=\"lazy\" decoding=\"async\" class=\"alignnone wp-image-1064\" src=\"http:\/\/demo.opus.ee\/projects\/veeohutus\/www\/wp-content\/uploads\/2016\/12\/suubumis_koht-Medium.jpg\" alt=\"OLYMPUS DIGITAL CAMERA\" width=\"580\" height=\"435\" srcset=\"https:\/\/veeohutus.ee\/suvi\/wp-content\/uploads\/2016\/12\/suubumis_koht-Medium.jpg 800w, https:\/\/veeohutus.ee\/suvi\/wp-content\/uploads\/2016\/12\/suubumis_koht-Medium-300x225.jpg 300w, https:\/\/veeohutus.ee\/suvi\/wp-content\/uploads\/2016\/12\/suubumis_koht-Medium-768x576.jpg 768w\" sizes=\"auto, (max-width: 580px) 100vw, 580px\" \/>\n<p>&nbsp;<\/p>\n<ul>\n<li><strong>Paadisildade tugipostid, roostik, vettelangenud puude v\u00f5rade \u00fcmbrus<\/strong> &#8211; kohtades, kus l\u00e4bi j\u00e4\u00e4 on kas sillapostid, taimed ja oksad on j\u00e4\u00e4 n\u00f5rgem.<br \/>\nJ\u00e4\u00e4 ei haaku objektiga ja \u00fcmber objektide olevate \u201eaukude&#8221; toimub veekogu hapnikuvahetus;<\/li>\n<\/ul>\n<p>&nbsp;<\/p>\n<img loading=\"lazy\" decoding=\"async\" class=\"alignnone wp-image-1070\" src=\"http:\/\/demo.opus.ee\/projects\/veeohutus\/www\/wp-content\/uploads\/2016\/12\/korkjad_2.jpg\" alt=\"OLYMPUS DIGITAL CAMERA\" width=\"580\" height=\"435\" srcset=\"https:\/\/veeohutus.ee\/suvi\/wp-content\/uploads\/2016\/12\/korkjad_2.jpg 800w, https:\/\/veeohutus.ee\/suvi\/wp-content\/uploads\/2016\/12\/korkjad_2-300x225.jpg 300w, https:\/\/veeohutus.ee\/suvi\/wp-content\/uploads\/2016\/12\/korkjad_2-768x576.jpg 768w\" sizes=\"auto, (max-width: 580px) 100vw, 580px\" \/>\n<img loading=\"lazy\" decoding=\"async\" class=\"alignnone wp-image-1073\" src=\"http:\/\/demo.opus.ee\/projects\/veeohutus\/www\/wp-content\/uploads\/2016\/12\/Paadisillad.jpg\" alt=\"OLYMPUS DIGITAL CAMERA\" width=\"580\" height=\"435\" srcset=\"https:\/\/veeohutus.ee\/suvi\/wp-content\/uploads\/2016\/12\/Paadisillad.jpg 3648w, https:\/\/veeohutus.ee\/suvi\/wp-content\/uploads\/2016\/12\/Paadisillad-300x225.jpg 300w, https:\/\/veeohutus.ee\/suvi\/wp-content\/uploads\/2016\/12\/Paadisillad-768x576.jpg 768w, https:\/\/veeohutus.ee\/suvi\/wp-content\/uploads\/2016\/12\/Paadisillad-1024x768.jpg 1024w\" sizes=\"auto, (max-width: 580px) 100vw, 580px\" \/>\n<img loading=\"lazy\" decoding=\"async\" class=\"alignnone wp-image-1067\" src=\"http:\/\/demo.opus.ee\/projects\/veeohutus\/www\/wp-content\/uploads\/2016\/12\/korkjad.jpg\" alt=\"OLYMPUS DIGITAL CAMERA\" width=\"580\" height=\"435\" srcset=\"https:\/\/veeohutus.ee\/suvi\/wp-content\/uploads\/2016\/12\/korkjad.jpg 800w, https:\/\/veeohutus.ee\/suvi\/wp-content\/uploads\/2016\/12\/korkjad-300x225.jpg 300w, https:\/\/veeohutus.ee\/suvi\/wp-content\/uploads\/2016\/12\/korkjad-768x576.jpg 768w\" sizes=\"auto, (max-width: 580px) 100vw, 580px\" \/>\n<p>&nbsp;<\/p>\n<ul>\n<li><strong>Allika kohad <\/strong>&#8211; veekogud, milles leidub allikaid, j\u00e4\u00e4tuvad alati aeglasemalt. P\u00f5hjuseks on allikavee stabiilne temperatuur, mis on alati \u00fcle 0\u00ba C;<\/li>\n<li><strong>Torude suudmed<\/strong> &#8211; kohad, kus veekogusse siseneb n\u00e4iteks reoveetoru. Sealt tulev vesi on soojem v\u00f5rreldes veekoguga ja j\u00e4\u00e4 tekkimine on aeglasem;<\/li>\n<li><strong>Laevateede l\u00e4hedus<\/strong> &#8211; piirkondades, kus toimub talvine laevaliiklus l\u00f5hutakse j\u00e4\u00e4d regulaarselt. Selliselt hoitakse laevatee j\u00e4\u00e4vaba ja tekitatakse selle l\u00e4hedusse<br \/>\ninimestele ohtlikke pragusid j\u00e4\u00e4s.<\/li>\n<\/ul>\n","protected":false},"excerpt":{"rendered":"<p>Erinevatel veekogudel esineb alati piirkondi, kus j\u00e4\u00e4 on n\u00f5rgem. Sellisteks kohtadeks on: &nbsp; Kiirevoolulised kohad j\u00f5gedes &#8211; j\u00e4\u00e4 tekkimist segab pidevalt liikumises olevad veekihid; &nbsp; &nbsp; Suubumiskohad &#8211; kohad, kus n\u00e4iteks kaks j\u00f5ge saavad kokku v\u00f5i koht, kus j\u00f5gi suubub j\u00e4rve v\u00f5i merre. Sellistes kohtades takistavad j\u00e4\u00e4 teket keerised; &nbsp; &nbsp; Paadisildade tugipostid, roostik, vettelangenud&#8230;  <a class=\"excerpt-read-more\" href=\"https:\/\/veeohutus.ee\/suvi\/kohad-kus-jaa-alati-norgem\/\" title=\"Read Kohad kus j\u00e4\u00e4 on alati n\u00f5rgem\">Read more<\/a><\/p>\n","protected":false},"author":2,"featured_media":1278,"parent":0,"menu_order":28,"comment_status":"closed","ping_status":"closed","template":"","meta":{"_acf_changed":false,"footnotes":""},"class_list":["post-1060","page","type-page","status-publish","has-post-thumbnail","hentry"],"acf":[],"yoast_head":"<!-- This site is optimized with the Yoast SEO plugin v26.7 - https:\/\/yoast.com\/wordpress\/plugins\/seo\/ -->\n<title>Kohad kus j\u00e4\u00e4 on alati n\u00f5rgem - Veeohutus - Suvi - tule uuri, kuidas ennetada ja aidata - P\u00e4\u00e4steamet<\/title>\n<meta name=\"robots\" content=\"index, follow, max-snippet:-1, max-image-preview:large, max-video-preview:-1\" \/>\n<link rel=\"canonical\" href=\"https:\/\/veeohutus.ee\/suvi\/kohad-kus-jaa-alati-norgem\/\" \/>\n<meta property=\"og:locale\" content=\"et_EE\" \/>\n<meta property=\"og:type\" content=\"article\" \/>\n<meta property=\"og:title\" content=\"Kohad kus j\u00e4\u00e4 on alati n\u00f5rgem - Veeohutus - Suvi - tule uuri, kuidas ennetada ja aidata - P\u00e4\u00e4steamet\" \/>\n<meta property=\"og:description\" content=\"Erinevatel veekogudel esineb alati piirkondi, kus j\u00e4\u00e4 on n\u00f5rgem. Sellisteks kohtadeks on: &nbsp; Kiirevoolulised kohad j\u00f5gedes &#8211; j\u00e4\u00e4 tekkimist segab pidevalt liikumises olevad veekihid; &nbsp; &nbsp; Suubumiskohad &#8211; kohad, kus n\u00e4iteks kaks j\u00f5ge saavad kokku v\u00f5i koht, kus j\u00f5gi suubub j\u00e4rve v\u00f5i merre. Sellistes kohtades takistavad j\u00e4\u00e4 teket keerised; &nbsp; &nbsp; Paadisildade tugipostid, roostik, vettelangenud... Read more\" \/>\n<meta property=\"og:url\" content=\"https:\/\/veeohutus.ee\/suvi\/kohad-kus-jaa-alati-norgem\/\" \/>\n<meta property=\"og:site_name\" content=\"Veeohutus - Suvi - tule uuri, kuidas ennetada ja aidata - P\u00e4\u00e4steamet\" \/>\n<meta property=\"article:modified_time\" content=\"2017-06-02T07:08:48+00:00\" \/>\n<meta property=\"og:image\" content=\"https:\/\/veeohutus.ee\/suvi\/wp-content\/uploads\/2016\/12\/ice-floe-1765427_960_720.jpg\" \/>\n\t<meta property=\"og:image:width\" content=\"960\" \/>\n\t<meta property=\"og:image:height\" content=\"640\" \/>\n\t<meta property=\"og:image:type\" content=\"image\/jpeg\" \/>\n<meta name=\"twitter:card\" content=\"summary_large_image\" \/>\n<meta name=\"twitter:label1\" content=\"Est. reading time\" \/>\n\t<meta name=\"twitter:data1\" content=\"1 minut\" \/>\n<script type=\"application\/ld+json\" class=\"yoast-schema-graph\">{\"@context\":\"https:\/\/schema.org\",\"@graph\":[{\"@type\":\"WebPage\",\"@id\":\"https:\/\/veeohutus.ee\/suvi\/kohad-kus-jaa-alati-norgem\/\",\"url\":\"https:\/\/veeohutus.ee\/suvi\/kohad-kus-jaa-alati-norgem\/\",\"name\":\"Kohad kus j\u00e4\u00e4 on alati n\u00f5rgem - Veeohutus - Suvi - tule uuri, kuidas ennetada ja aidata - P\u00e4\u00e4steamet\",\"isPartOf\":{\"@id\":\"https:\/\/veeohutus.ee\/suvi\/#website\"},\"primaryImageOfPage\":{\"@id\":\"https:\/\/veeohutus.ee\/suvi\/kohad-kus-jaa-alati-norgem\/#primaryimage\"},\"image\":{\"@id\":\"https:\/\/veeohutus.ee\/suvi\/kohad-kus-jaa-alati-norgem\/#primaryimage\"},\"thumbnailUrl\":\"https:\/\/veeohutus.ee\/suvi\/wp-content\/uploads\/2016\/12\/ice-floe-1765427_960_720.jpg\",\"datePublished\":\"2016-12-20T11:34:02+00:00\",\"dateModified\":\"2017-06-02T07:08:48+00:00\",\"breadcrumb\":{\"@id\":\"https:\/\/veeohutus.ee\/suvi\/kohad-kus-jaa-alati-norgem\/#breadcrumb\"},\"inLanguage\":\"et\",\"potentialAction\":[{\"@type\":\"ReadAction\",\"target\":[\"https:\/\/veeohutus.ee\/suvi\/kohad-kus-jaa-alati-norgem\/\"]}]},{\"@type\":\"ImageObject\",\"inLanguage\":\"et\",\"@id\":\"https:\/\/veeohutus.ee\/suvi\/kohad-kus-jaa-alati-norgem\/#primaryimage\",\"url\":\"https:\/\/veeohutus.ee\/suvi\/wp-content\/uploads\/2016\/12\/ice-floe-1765427_960_720.jpg\",\"contentUrl\":\"https:\/\/veeohutus.ee\/suvi\/wp-content\/uploads\/2016\/12\/ice-floe-1765427_960_720.jpg\",\"width\":960,\"height\":640},{\"@type\":\"BreadcrumbList\",\"@id\":\"https:\/\/veeohutus.ee\/suvi\/kohad-kus-jaa-alati-norgem\/#breadcrumb\",\"itemListElement\":[{\"@type\":\"ListItem\",\"position\":1,\"name\":\"Home\",\"item\":\"https:\/\/veeohutus.ee\/suvi\/\"},{\"@type\":\"ListItem\",\"position\":2,\"name\":\"Kohad kus j\u00e4\u00e4 on alati n\u00f5rgem\"}]},{\"@type\":\"WebSite\",\"@id\":\"https:\/\/veeohutus.ee\/suvi\/#website\",\"url\":\"https:\/\/veeohutus.ee\/suvi\/\",\"name\":\"Veeohutus - Suvi - tule uuri, kuidas ennetada ja aidata - P\u00e4\u00e4steamet\",\"description\":\"P\u00e4\u00e4steamet - Veeohutus\",\"potentialAction\":[{\"@type\":\"SearchAction\",\"target\":{\"@type\":\"EntryPoint\",\"urlTemplate\":\"https:\/\/veeohutus.ee\/suvi\/?s={search_term_string}\"},\"query-input\":{\"@type\":\"PropertyValueSpecification\",\"valueRequired\":true,\"valueName\":\"search_term_string\"}}],\"inLanguage\":\"et\"}]}<\/script>\n<!-- \/ Yoast SEO plugin. -->","yoast_head_json":{"title":"Kohad kus j\u00e4\u00e4 on alati n\u00f5rgem - Veeohutus - Suvi - tule uuri, kuidas ennetada ja aidata - P\u00e4\u00e4steamet","robots":{"index":"index","follow":"follow","max-snippet":"max-snippet:-1","max-image-preview":"max-image-preview:large","max-video-preview":"max-video-preview:-1"},"canonical":"https:\/\/veeohutus.ee\/suvi\/kohad-kus-jaa-alati-norgem\/","og_locale":"et_EE","og_type":"article","og_title":"Kohad kus j\u00e4\u00e4 on alati n\u00f5rgem - Veeohutus - Suvi - tule uuri, kuidas ennetada ja aidata - P\u00e4\u00e4steamet","og_description":"Erinevatel veekogudel esineb alati piirkondi, kus j\u00e4\u00e4 on n\u00f5rgem. Sellisteks kohtadeks on: &nbsp; Kiirevoolulised kohad j\u00f5gedes &#8211; j\u00e4\u00e4 tekkimist segab pidevalt liikumises olevad veekihid; &nbsp; &nbsp; Suubumiskohad &#8211; kohad, kus n\u00e4iteks kaks j\u00f5ge saavad kokku v\u00f5i koht, kus j\u00f5gi suubub j\u00e4rve v\u00f5i merre. Sellistes kohtades takistavad j\u00e4\u00e4 teket keerised; &nbsp; &nbsp; Paadisildade tugipostid, roostik, vettelangenud... Read more","og_url":"https:\/\/veeohutus.ee\/suvi\/kohad-kus-jaa-alati-norgem\/","og_site_name":"Veeohutus - Suvi - tule uuri, kuidas ennetada ja aidata - P\u00e4\u00e4steamet","article_modified_time":"2017-06-02T07:08:48+00:00","og_image":[{"width":960,"height":640,"url":"https:\/\/veeohutus.ee\/suvi\/wp-content\/uploads\/2016\/12\/ice-floe-1765427_960_720.jpg","type":"image\/jpeg"}],"twitter_card":"summary_large_image","twitter_misc":{"Est. reading time":"1 minut"},"schema":{"@context":"https:\/\/schema.org","@graph":[{"@type":"WebPage","@id":"https:\/\/veeohutus.ee\/suvi\/kohad-kus-jaa-alati-norgem\/","url":"https:\/\/veeohutus.ee\/suvi\/kohad-kus-jaa-alati-norgem\/","name":"Kohad kus j\u00e4\u00e4 on alati n\u00f5rgem - Veeohutus - Suvi - tule uuri, kuidas ennetada ja aidata - P\u00e4\u00e4steamet","isPartOf":{"@id":"https:\/\/veeohutus.ee\/suvi\/#website"},"primaryImageOfPage":{"@id":"https:\/\/veeohutus.ee\/suvi\/kohad-kus-jaa-alati-norgem\/#primaryimage"},"image":{"@id":"https:\/\/veeohutus.ee\/suvi\/kohad-kus-jaa-alati-norgem\/#primaryimage"},"thumbnailUrl":"https:\/\/veeohutus.ee\/suvi\/wp-content\/uploads\/2016\/12\/ice-floe-1765427_960_720.jpg","datePublished":"2016-12-20T11:34:02+00:00","dateModified":"2017-06-02T07:08:48+00:00","breadcrumb":{"@id":"https:\/\/veeohutus.ee\/suvi\/kohad-kus-jaa-alati-norgem\/#breadcrumb"},"inLanguage":"et","potentialAction":[{"@type":"ReadAction","target":["https:\/\/veeohutus.ee\/suvi\/kohad-kus-jaa-alati-norgem\/"]}]},{"@type":"ImageObject","inLanguage":"et","@id":"https:\/\/veeohutus.ee\/suvi\/kohad-kus-jaa-alati-norgem\/#primaryimage","url":"https:\/\/veeohutus.ee\/suvi\/wp-content\/uploads\/2016\/12\/ice-floe-1765427_960_720.jpg","contentUrl":"https:\/\/veeohutus.ee\/suvi\/wp-content\/uploads\/2016\/12\/ice-floe-1765427_960_720.jpg","width":960,"height":640},{"@type":"BreadcrumbList","@id":"https:\/\/veeohutus.ee\/suvi\/kohad-kus-jaa-alati-norgem\/#breadcrumb","itemListElement":[{"@type":"ListItem","position":1,"name":"Home","item":"https:\/\/veeohutus.ee\/suvi\/"},{"@type":"ListItem","position":2,"name":"Kohad kus j\u00e4\u00e4 on alati n\u00f5rgem"}]},{"@type":"WebSite","@id":"https:\/\/veeohutus.ee\/suvi\/#website","url":"https:\/\/veeohutus.ee\/suvi\/","name":"Veeohutus - Suvi - tule uuri, kuidas ennetada ja aidata - P\u00e4\u00e4steamet","description":"P\u00e4\u00e4steamet - Veeohutus","potentialAction":[{"@type":"SearchAction","target":{"@type":"EntryPoint","urlTemplate":"https:\/\/veeohutus.ee\/suvi\/?s={search_term_string}"},"query-input":{"@type":"PropertyValueSpecification","valueRequired":true,"valueName":"search_term_string"}}],"inLanguage":"et"}]}},"_links":{"self":[{"href":"https:\/\/veeohutus.ee\/suvi\/wp-json\/wp\/v2\/pages\/1060","targetHints":{"allow":["GET"]}}],"collection":[{"href":"https:\/\/veeohutus.ee\/suvi\/wp-json\/wp\/v2\/pages"}],"about":[{"href":"https:\/\/veeohutus.ee\/suvi\/wp-json\/wp\/v2\/types\/page"}],"author":[{"embeddable":true,"href":"https:\/\/veeohutus.ee\/suvi\/wp-json\/wp\/v2\/users\/2"}],"replies":[{"embeddable":true,"href":"https:\/\/veeohutus.ee\/suvi\/wp-json\/wp\/v2\/comments?post=1060"}],"version-history":[{"count":18,"href":"https:\/\/veeohutus.ee\/suvi\/wp-json\/wp\/v2\/pages\/1060\/revisions"}],"predecessor-version":[{"id":1232,"href":"https:\/\/veeohutus.ee\/suvi\/wp-json\/wp\/v2\/pages\/1060\/revisions\/1232"}],"wp:featuredmedia":[{"embeddable":true,"href":"https:\/\/veeohutus.ee\/suvi\/wp-json\/wp\/v2\/media\/1278"}],"wp:attachment":[{"href":"https:\/\/veeohutus.ee\/suvi\/wp-json\/wp\/v2\/media?parent=1060"}],"curies":[{"name":"wp","href":"https:\/\/api.w.org\/{rel}","templated":true}]}}