{"id":1083,"date":"2016-12-20T15:25:56","date_gmt":"2016-12-20T12:25:56","guid":{"rendered":"http:\/\/demo.opus.ee\/projects\/veeohutus\/www\/?page_id=1083"},"modified":"2017-10-31T11:05:12","modified_gmt":"2017-10-31T08:05:12","slug":"enesepaastmine-jaaaugust","status":"publish","type":"page","link":"https:\/\/veeohutus.ee\/suvi\/enesepaastmine-jaaaugust\/","title":{"rendered":"Enesep\u00e4\u00e4stmine j\u00e4\u00e4august"},"content":{"rendered":"<p>&nbsp;<\/p>\n<ul>\n<ul>\n<li>H\u00fc\u00fca appi;<\/li>\n<\/ul>\n<\/ul>\n<img loading=\"lazy\" decoding=\"async\" class=\"wp-image-1084 aligncenter\" src=\"http:\/\/demo.opus.ee\/projects\/veeohutus\/www\/wp-content\/uploads\/2016\/12\/Kutsu_abi.jpg\" alt=\"Kutsu_abi\" width=\"560\" height=\"373\" srcset=\"https:\/\/veeohutus.ee\/suvi\/wp-content\/uploads\/2016\/12\/Kutsu_abi.jpg 701w, https:\/\/veeohutus.ee\/suvi\/wp-content\/uploads\/2016\/12\/Kutsu_abi-300x200.jpg 300w\" sizes=\"auto, (max-width: 560px) 100vw, 560px\" \/>\n<p>&nbsp;<\/p>\n<ul>\n<ul>\n<ul>\n<li>P\u00fc\u00fca mitte sattuda paanikasse- ole rahulik ja \u00e4ra rabele;<\/li>\n<\/ul>\n<\/ul>\n<\/ul>\n<img loading=\"lazy\" decoding=\"async\" class=\"aligncenter wp-image-1087\" src=\"http:\/\/demo.opus.ee\/projects\/veeohutus\/www\/wp-content\/uploads\/2016\/12\/J\u00e4\u00e4_rahulikuks.jpg\" alt=\"J\u00e4\u00e4_rahulikuks\" width=\"560\" height=\"373\" srcset=\"https:\/\/veeohutus.ee\/suvi\/wp-content\/uploads\/2016\/12\/J\u00e4\u00e4_rahulikuks.jpg 701w, https:\/\/veeohutus.ee\/suvi\/wp-content\/uploads\/2016\/12\/J\u00e4\u00e4_rahulikuks-300x200.jpg 300w\" sizes=\"auto, (max-width: 560px) 100vw, 560px\" \/>\n<p>&nbsp;<\/p>\n<ul>\n<li>J\u00e4lgi, et veevool sind j\u00e4\u00e4 alla ei t\u00f5mba;<\/li>\n<\/ul>\n<img loading=\"lazy\" decoding=\"async\" class=\"aligncenter wp-image-1090\" src=\"http:\/\/demo.opus.ee\/projects\/veeohutus\/www\/wp-content\/uploads\/2016\/12\/j\u00e4\u00e4_rahulikuks_2.jpg\" alt=\"j\u00e4\u00e4_rahulikuks_2\" width=\"560\" height=\"373\" srcset=\"https:\/\/veeohutus.ee\/suvi\/wp-content\/uploads\/2016\/12\/j\u00e4\u00e4_rahulikuks_2.jpg 701w, https:\/\/veeohutus.ee\/suvi\/wp-content\/uploads\/2016\/12\/j\u00e4\u00e4_rahulikuks_2-300x200.jpg 300w\" sizes=\"auto, (max-width: 560px) 100vw, 560px\" \/>\n<p>&nbsp;<\/p>\n<ul>\n<ul>\n<ul>\n<li>Siruta k\u00e4ed j\u00e4\u00e4augu servale ja proovi tugevate ujumisliigutstega keha ja seej\u00e4rel jalad j\u00e4\u00e4augu servale saada. Ole v\u00f5imalikult k\u00f5huli, selliselt jaotad oma kehakaalu m\u00f6\u00f6da j\u00e4\u00e4pinda ja sa ei vaju uuesti l\u00e4bi.<\/li>\n<\/ul>\n<\/ul>\n<\/ul>\n<img loading=\"lazy\" decoding=\"async\" class=\"aligncenter wp-image-1093\" src=\"http:\/\/demo.opus.ee\/projects\/veeohutus\/www\/wp-content\/uploads\/2016\/12\/Roni_j\u00e4\u00e4le_2.jpg\" alt=\"Roni_j\u00e4\u00e4le_2\" width=\"560\" height=\"373\" srcset=\"https:\/\/veeohutus.ee\/suvi\/wp-content\/uploads\/2016\/12\/Roni_j\u00e4\u00e4le_2.jpg 701w, https:\/\/veeohutus.ee\/suvi\/wp-content\/uploads\/2016\/12\/Roni_j\u00e4\u00e4le_2-300x200.jpg 300w\" sizes=\"auto, (max-width: 560px) 100vw, 560px\" \/>\n<img loading=\"lazy\" decoding=\"async\" class=\"aligncenter wp-image-1096\" src=\"http:\/\/demo.opus.ee\/projects\/veeohutus\/www\/wp-content\/uploads\/2016\/12\/Roni_j\u00e4\u00e4le.jpg\" alt=\"Roni_j\u00e4\u00e4le\" width=\"560\" height=\"373\" srcset=\"https:\/\/veeohutus.ee\/suvi\/wp-content\/uploads\/2016\/12\/Roni_j\u00e4\u00e4le.jpg 701w, https:\/\/veeohutus.ee\/suvi\/wp-content\/uploads\/2016\/12\/Roni_j\u00e4\u00e4le-300x200.jpg 300w\" sizes=\"auto, (max-width: 560px) 100vw, 560px\" \/>\n<p>&nbsp;<\/p>\n<ul>\n<ul>\n<ul>\n<li>Kui sul on j\u00e4\u00e4naelad, siis need aitavad sul j\u00e4\u00e4august kiiresti v\u00e4lja saada. V\u00f5ta kumbassegi k\u00e4tte j\u00e4\u00e4nael, l\u00f6\u00f6 need j\u00e4\u00e4 sisse ja t\u00f5mba ennast j\u00e4\u00e4le;<\/li>\n<\/ul>\n<\/ul>\n<\/ul>\n<img loading=\"lazy\" decoding=\"async\" class=\"aligncenter wp-image-1099\" src=\"http:\/\/demo.opus.ee\/projects\/veeohutus\/www\/wp-content\/uploads\/2016\/12\/Kasuta_j\u00e4\u00e4naelu.jpg\" alt=\"Kasuta_j\u00e4\u00e4naelu\" width=\"560\" height=\"373\" srcset=\"https:\/\/veeohutus.ee\/suvi\/wp-content\/uploads\/2016\/12\/Kasuta_j\u00e4\u00e4naelu.jpg 701w, https:\/\/veeohutus.ee\/suvi\/wp-content\/uploads\/2016\/12\/Kasuta_j\u00e4\u00e4naelu-300x200.jpg 300w\" sizes=\"auto, (max-width: 560px) 100vw, 560px\" \/>\n<p>&nbsp;<\/p>\n<ul>\n<ul>\n<ul>\n<li>Kui oled j\u00e4\u00e4august v\u00e4lja saanud, siis \u00e4ra t\u00f5use kohe p\u00fcsti, nii v\u00f5id uuesti l\u00e4bi j\u00e4\u00e4 vajuda. Eemaldu j\u00e4\u00e4august kas rulludes v\u00f5i roomates;<\/li>\n<\/ul>\n<\/ul>\n<\/ul>\n<img loading=\"lazy\" decoding=\"async\" class=\"aligncenter wp-image-1102\" src=\"http:\/\/demo.opus.ee\/projects\/veeohutus\/www\/wp-content\/uploads\/2016\/12\/Rullu_eemale.jpg\" alt=\"Rullu_eemale\" width=\"560\" height=\"373\" srcset=\"https:\/\/veeohutus.ee\/suvi\/wp-content\/uploads\/2016\/12\/Rullu_eemale.jpg 701w, https:\/\/veeohutus.ee\/suvi\/wp-content\/uploads\/2016\/12\/Rullu_eemale-300x200.jpg 300w\" sizes=\"auto, (max-width: 560px) 100vw, 560px\" \/><img loading=\"lazy\" decoding=\"async\" class=\"aligncenter wp-image-1105\" src=\"http:\/\/demo.opus.ee\/projects\/veeohutus\/www\/wp-content\/uploads\/2016\/12\/Liigu_madalalt_1.jpg\" alt=\"Liigu_madalalt_1\" width=\"560\" height=\"373\" srcset=\"https:\/\/veeohutus.ee\/suvi\/wp-content\/uploads\/2016\/12\/Liigu_madalalt_1.jpg 701w, https:\/\/veeohutus.ee\/suvi\/wp-content\/uploads\/2016\/12\/Liigu_madalalt_1-300x200.jpg 300w\" sizes=\"auto, (max-width: 560px) 100vw, 560px\" \/>\n<p>&nbsp;<\/p>\n<ul>\n<ul>\n<li><\/li>\n<li>Ohutus kauguses t\u00f5use p\u00fcsti ja lahku j\u00e4\u00e4le tuldud rada pidi;<\/li>\n<\/ul>\n<\/ul>\n<img loading=\"lazy\" decoding=\"async\" class=\"aligncenter wp-image-1108\" src=\"http:\/\/demo.opus.ee\/projects\/veeohutus\/www\/wp-content\/uploads\/2016\/12\/Liigu_madalalt.jpg\" alt=\"Liigu_madalalt\" width=\"560\" height=\"373\" srcset=\"https:\/\/veeohutus.ee\/suvi\/wp-content\/uploads\/2016\/12\/Liigu_madalalt.jpg 701w, https:\/\/veeohutus.ee\/suvi\/wp-content\/uploads\/2016\/12\/Liigu_madalalt-300x200.jpg 300w\" sizes=\"auto, (max-width: 560px) 100vw, 560px\" \/>\n<p>&nbsp;<\/p>\n<ul>\n<li><\/li>\n<li>Otsi koht, kus sooja saad ja vaheta m\u00e4rjad riided kuivade vastu. Kui sul kuivi riideid k\u00e4ep\u00e4rast ei ole, siis esmaselt aitab ka, kui m\u00e4rjad riided kuivaks v\u00e4\u00e4nad.<\/li>\n<\/ul>\n","protected":false},"excerpt":{"rendered":"<p>&nbsp; H\u00fc\u00fca appi; &nbsp; P\u00fc\u00fca mitte sattuda paanikasse- ole rahulik ja \u00e4ra rabele; &nbsp; J\u00e4lgi, et veevool sind j\u00e4\u00e4 alla ei t\u00f5mba; &nbsp; Siruta k\u00e4ed j\u00e4\u00e4augu servale ja proovi tugevate ujumisliigutstega keha ja seej\u00e4rel jalad j\u00e4\u00e4augu servale saada. Ole v\u00f5imalikult k\u00f5huli, selliselt jaotad oma kehakaalu m\u00f6\u00f6da j\u00e4\u00e4pinda ja sa ei vaju uuesti l\u00e4bi. &nbsp; Kui&#8230;  <a class=\"excerpt-read-more\" href=\"https:\/\/veeohutus.ee\/suvi\/enesepaastmine-jaaaugust\/\" title=\"Read Enesep\u00e4\u00e4stmine j\u00e4\u00e4august\">Read more<\/a><\/p>\n","protected":false},"author":2,"featured_media":1284,"parent":0,"menu_order":5,"comment_status":"closed","ping_status":"closed","template":"","meta":{"_acf_changed":false,"footnotes":""},"class_list":["post-1083","page","type-page","status-publish","has-post-thumbnail","hentry"],"acf":[],"yoast_head":"<!-- This site is optimized with the Yoast SEO plugin v26.7 - https:\/\/yoast.com\/wordpress\/plugins\/seo\/ -->\n<title>Enesep\u00e4\u00e4stmine j\u00e4\u00e4august - Veeohutus - Suvi - tule uuri, kuidas ennetada ja aidata - P\u00e4\u00e4steamet<\/title>\n<meta name=\"robots\" content=\"index, follow, max-snippet:-1, max-image-preview:large, max-video-preview:-1\" \/>\n<link rel=\"canonical\" href=\"https:\/\/veeohutus.ee\/suvi\/enesepaastmine-jaaaugust\/\" \/>\n<meta property=\"og:locale\" content=\"et_EE\" \/>\n<meta property=\"og:type\" content=\"article\" \/>\n<meta property=\"og:title\" content=\"Enesep\u00e4\u00e4stmine j\u00e4\u00e4august - Veeohutus - Suvi - tule uuri, kuidas ennetada ja aidata - P\u00e4\u00e4steamet\" \/>\n<meta property=\"og:description\" content=\"&nbsp; H\u00fc\u00fca appi; &nbsp; P\u00fc\u00fca mitte sattuda paanikasse- ole rahulik ja \u00e4ra rabele; &nbsp; J\u00e4lgi, et veevool sind j\u00e4\u00e4 alla ei t\u00f5mba; &nbsp; Siruta k\u00e4ed j\u00e4\u00e4augu servale ja proovi tugevate ujumisliigutstega keha ja seej\u00e4rel jalad j\u00e4\u00e4augu servale saada. Ole v\u00f5imalikult k\u00f5huli, selliselt jaotad oma kehakaalu m\u00f6\u00f6da j\u00e4\u00e4pinda ja sa ei vaju uuesti l\u00e4bi. &nbsp; Kui... Read more\" \/>\n<meta property=\"og:url\" content=\"https:\/\/veeohutus.ee\/suvi\/enesepaastmine-jaaaugust\/\" \/>\n<meta property=\"og:site_name\" content=\"Veeohutus - Suvi - tule uuri, kuidas ennetada ja aidata - P\u00e4\u00e4steamet\" \/>\n<meta property=\"article:modified_time\" content=\"2017-10-31T08:05:12+00:00\" \/>\n<meta property=\"og:image\" content=\"https:\/\/veeohutus.ee\/suvi\/wp-content\/uploads\/2016\/12\/NAEL_7-Medium.jpg\" \/>\n\t<meta property=\"og:image:width\" content=\"800\" \/>\n\t<meta property=\"og:image:height\" content=\"600\" \/>\n\t<meta property=\"og:image:type\" content=\"image\/jpeg\" \/>\n<meta name=\"twitter:card\" content=\"summary_large_image\" \/>\n<meta name=\"twitter:label1\" content=\"Est. reading time\" \/>\n\t<meta name=\"twitter:data1\" content=\"1 minut\" \/>\n<script type=\"application\/ld+json\" class=\"yoast-schema-graph\">{\"@context\":\"https:\/\/schema.org\",\"@graph\":[{\"@type\":\"WebPage\",\"@id\":\"https:\/\/veeohutus.ee\/suvi\/enesepaastmine-jaaaugust\/\",\"url\":\"https:\/\/veeohutus.ee\/suvi\/enesepaastmine-jaaaugust\/\",\"name\":\"Enesep\u00e4\u00e4stmine j\u00e4\u00e4august - Veeohutus - Suvi - tule uuri, kuidas ennetada ja aidata - P\u00e4\u00e4steamet\",\"isPartOf\":{\"@id\":\"https:\/\/veeohutus.ee\/suvi\/#website\"},\"primaryImageOfPage\":{\"@id\":\"https:\/\/veeohutus.ee\/suvi\/enesepaastmine-jaaaugust\/#primaryimage\"},\"image\":{\"@id\":\"https:\/\/veeohutus.ee\/suvi\/enesepaastmine-jaaaugust\/#primaryimage\"},\"thumbnailUrl\":\"https:\/\/veeohutus.ee\/suvi\/wp-content\/uploads\/2016\/12\/NAEL_7-Medium.jpg\",\"datePublished\":\"2016-12-20T12:25:56+00:00\",\"dateModified\":\"2017-10-31T08:05:12+00:00\",\"breadcrumb\":{\"@id\":\"https:\/\/veeohutus.ee\/suvi\/enesepaastmine-jaaaugust\/#breadcrumb\"},\"inLanguage\":\"et\",\"potentialAction\":[{\"@type\":\"ReadAction\",\"target\":[\"https:\/\/veeohutus.ee\/suvi\/enesepaastmine-jaaaugust\/\"]}]},{\"@type\":\"ImageObject\",\"inLanguage\":\"et\",\"@id\":\"https:\/\/veeohutus.ee\/suvi\/enesepaastmine-jaaaugust\/#primaryimage\",\"url\":\"https:\/\/veeohutus.ee\/suvi\/wp-content\/uploads\/2016\/12\/NAEL_7-Medium.jpg\",\"contentUrl\":\"https:\/\/veeohutus.ee\/suvi\/wp-content\/uploads\/2016\/12\/NAEL_7-Medium.jpg\",\"width\":800,\"height\":600,\"caption\":\"OLYMPUS DIGITAL CAMERA\"},{\"@type\":\"BreadcrumbList\",\"@id\":\"https:\/\/veeohutus.ee\/suvi\/enesepaastmine-jaaaugust\/#breadcrumb\",\"itemListElement\":[{\"@type\":\"ListItem\",\"position\":1,\"name\":\"Home\",\"item\":\"https:\/\/veeohutus.ee\/suvi\/\"},{\"@type\":\"ListItem\",\"position\":2,\"name\":\"Enesep\u00e4\u00e4stmine j\u00e4\u00e4august\"}]},{\"@type\":\"WebSite\",\"@id\":\"https:\/\/veeohutus.ee\/suvi\/#website\",\"url\":\"https:\/\/veeohutus.ee\/suvi\/\",\"name\":\"Veeohutus - Suvi - tule uuri, kuidas ennetada ja aidata - P\u00e4\u00e4steamet\",\"description\":\"P\u00e4\u00e4steamet - Veeohutus\",\"potentialAction\":[{\"@type\":\"SearchAction\",\"target\":{\"@type\":\"EntryPoint\",\"urlTemplate\":\"https:\/\/veeohutus.ee\/suvi\/?s={search_term_string}\"},\"query-input\":{\"@type\":\"PropertyValueSpecification\",\"valueRequired\":true,\"valueName\":\"search_term_string\"}}],\"inLanguage\":\"et\"}]}<\/script>\n<!-- \/ Yoast SEO plugin. -->","yoast_head_json":{"title":"Enesep\u00e4\u00e4stmine j\u00e4\u00e4august - Veeohutus - Suvi - tule uuri, kuidas ennetada ja aidata - P\u00e4\u00e4steamet","robots":{"index":"index","follow":"follow","max-snippet":"max-snippet:-1","max-image-preview":"max-image-preview:large","max-video-preview":"max-video-preview:-1"},"canonical":"https:\/\/veeohutus.ee\/suvi\/enesepaastmine-jaaaugust\/","og_locale":"et_EE","og_type":"article","og_title":"Enesep\u00e4\u00e4stmine j\u00e4\u00e4august - Veeohutus - Suvi - tule uuri, kuidas ennetada ja aidata - P\u00e4\u00e4steamet","og_description":"&nbsp; H\u00fc\u00fca appi; &nbsp; P\u00fc\u00fca mitte sattuda paanikasse- ole rahulik ja \u00e4ra rabele; &nbsp; J\u00e4lgi, et veevool sind j\u00e4\u00e4 alla ei t\u00f5mba; &nbsp; Siruta k\u00e4ed j\u00e4\u00e4augu servale ja proovi tugevate ujumisliigutstega keha ja seej\u00e4rel jalad j\u00e4\u00e4augu servale saada. Ole v\u00f5imalikult k\u00f5huli, selliselt jaotad oma kehakaalu m\u00f6\u00f6da j\u00e4\u00e4pinda ja sa ei vaju uuesti l\u00e4bi. &nbsp; Kui... Read more","og_url":"https:\/\/veeohutus.ee\/suvi\/enesepaastmine-jaaaugust\/","og_site_name":"Veeohutus - Suvi - tule uuri, kuidas ennetada ja aidata - P\u00e4\u00e4steamet","article_modified_time":"2017-10-31T08:05:12+00:00","og_image":[{"width":800,"height":600,"url":"https:\/\/veeohutus.ee\/suvi\/wp-content\/uploads\/2016\/12\/NAEL_7-Medium.jpg","type":"image\/jpeg"}],"twitter_card":"summary_large_image","twitter_misc":{"Est. reading time":"1 minut"},"schema":{"@context":"https:\/\/schema.org","@graph":[{"@type":"WebPage","@id":"https:\/\/veeohutus.ee\/suvi\/enesepaastmine-jaaaugust\/","url":"https:\/\/veeohutus.ee\/suvi\/enesepaastmine-jaaaugust\/","name":"Enesep\u00e4\u00e4stmine j\u00e4\u00e4august - Veeohutus - Suvi - tule uuri, kuidas ennetada ja aidata - P\u00e4\u00e4steamet","isPartOf":{"@id":"https:\/\/veeohutus.ee\/suvi\/#website"},"primaryImageOfPage":{"@id":"https:\/\/veeohutus.ee\/suvi\/enesepaastmine-jaaaugust\/#primaryimage"},"image":{"@id":"https:\/\/veeohutus.ee\/suvi\/enesepaastmine-jaaaugust\/#primaryimage"},"thumbnailUrl":"https:\/\/veeohutus.ee\/suvi\/wp-content\/uploads\/2016\/12\/NAEL_7-Medium.jpg","datePublished":"2016-12-20T12:25:56+00:00","dateModified":"2017-10-31T08:05:12+00:00","breadcrumb":{"@id":"https:\/\/veeohutus.ee\/suvi\/enesepaastmine-jaaaugust\/#breadcrumb"},"inLanguage":"et","potentialAction":[{"@type":"ReadAction","target":["https:\/\/veeohutus.ee\/suvi\/enesepaastmine-jaaaugust\/"]}]},{"@type":"ImageObject","inLanguage":"et","@id":"https:\/\/veeohutus.ee\/suvi\/enesepaastmine-jaaaugust\/#primaryimage","url":"https:\/\/veeohutus.ee\/suvi\/wp-content\/uploads\/2016\/12\/NAEL_7-Medium.jpg","contentUrl":"https:\/\/veeohutus.ee\/suvi\/wp-content\/uploads\/2016\/12\/NAEL_7-Medium.jpg","width":800,"height":600,"caption":"OLYMPUS DIGITAL CAMERA"},{"@type":"BreadcrumbList","@id":"https:\/\/veeohutus.ee\/suvi\/enesepaastmine-jaaaugust\/#breadcrumb","itemListElement":[{"@type":"ListItem","position":1,"name":"Home","item":"https:\/\/veeohutus.ee\/suvi\/"},{"@type":"ListItem","position":2,"name":"Enesep\u00e4\u00e4stmine j\u00e4\u00e4august"}]},{"@type":"WebSite","@id":"https:\/\/veeohutus.ee\/suvi\/#website","url":"https:\/\/veeohutus.ee\/suvi\/","name":"Veeohutus - Suvi - tule uuri, kuidas ennetada ja aidata - P\u00e4\u00e4steamet","description":"P\u00e4\u00e4steamet - Veeohutus","potentialAction":[{"@type":"SearchAction","target":{"@type":"EntryPoint","urlTemplate":"https:\/\/veeohutus.ee\/suvi\/?s={search_term_string}"},"query-input":{"@type":"PropertyValueSpecification","valueRequired":true,"valueName":"search_term_string"}}],"inLanguage":"et"}]}},"_links":{"self":[{"href":"https:\/\/veeohutus.ee\/suvi\/wp-json\/wp\/v2\/pages\/1083","targetHints":{"allow":["GET"]}}],"collection":[{"href":"https:\/\/veeohutus.ee\/suvi\/wp-json\/wp\/v2\/pages"}],"about":[{"href":"https:\/\/veeohutus.ee\/suvi\/wp-json\/wp\/v2\/types\/page"}],"author":[{"embeddable":true,"href":"https:\/\/veeohutus.ee\/suvi\/wp-json\/wp\/v2\/users\/2"}],"replies":[{"embeddable":true,"href":"https:\/\/veeohutus.ee\/suvi\/wp-json\/wp\/v2\/comments?post=1083"}],"version-history":[{"count":13,"href":"https:\/\/veeohutus.ee\/suvi\/wp-json\/wp\/v2\/pages\/1083\/revisions"}],"predecessor-version":[{"id":1353,"href":"https:\/\/veeohutus.ee\/suvi\/wp-json\/wp\/v2\/pages\/1083\/revisions\/1353"}],"wp:featuredmedia":[{"embeddable":true,"href":"https:\/\/veeohutus.ee\/suvi\/wp-json\/wp\/v2\/media\/1284"}],"wp:attachment":[{"href":"https:\/\/veeohutus.ee\/suvi\/wp-json\/wp\/v2\/media?parent=1083"}],"curies":[{"name":"wp","href":"https:\/\/api.w.org\/{rel}","templated":true}]}}