{"id":1121,"date":"2016-12-20T17:01:22","date_gmt":"2016-12-20T14:01:22","guid":{"rendered":"http:\/\/demo.opus.ee\/projects\/veeohutus\/www\/?page_id=1121"},"modified":"2019-09-03T13:53:37","modified_gmt":"2019-09-03T10:53:37","slug":"hadasolija-koha-margistamine-ristsuundadega","status":"publish","type":"page","link":"https:\/\/veeohutus.ee\/suvi\/hadasolija-koha-margistamine-ristsuundadega\/","title":{"rendered":"H\u00e4dasolija koha m\u00e4rgistamine ristsuundadega"},"content":{"rendered":"<p>&nbsp;<\/p>\n<ul>\n<li>Kui h\u00e4dasolija on j\u00e4\u00e4l ja sul ei ole v\u00f5imalik talle appi minna, n\u00e4iteks sa ei ole kindel oma v\u00f5imetes v\u00f5i on j\u00e4\u00e4 liiga ohtlik, siis on suureks abiks saabuvale p\u00e4\u00e4steteenistusele, kui suudad t\u00e4pselt m\u00e4rgistada h\u00e4dasolija asukoha;<\/li>\n<\/ul>\n<ul>\n<li>Seal kus seisad, pane kaldale m\u00e4rk (puuoks, oma kinnas jne) ning vali h\u00e4dasolija suunas vaadates vastaskaldal teine pidepunkt (puulatv, korsten jne.);<\/li>\n<\/ul>\n<ul>\n<li>Liigu 10-20 m m\u00f6\u00f6da kallast ja m\u00e4rgi uuesti oma seismise koht ja \u00fcle veekogu h\u00e4dasolija suunas j\u00e4rgmine pidepunkt;<\/li>\n<\/ul>\n<ul>\n<li>Kahe tekkiva m\u00f5ttelise sirge ristumiskoht t\u00e4histabki t\u00e4pselt h\u00e4dasolija asukohta;<\/li>\n<\/ul>\n<p><strong>PS! Kalda m\u00e4rgid peavad olema statsionaarsed, liikuvad m\u00e4rgid (laeva mastid jne.) ei sobi<\/strong><\/p>\n","protected":false},"excerpt":{"rendered":"<p>&nbsp; Kui h\u00e4dasolija on j\u00e4\u00e4l ja sul ei ole v\u00f5imalik talle appi minna, n\u00e4iteks sa ei ole kindel oma v\u00f5imetes v\u00f5i on j\u00e4\u00e4 liiga ohtlik, siis on suureks abiks saabuvale p\u00e4\u00e4steteenistusele, kui suudad t\u00e4pselt m\u00e4rgistada h\u00e4dasolija asukoha; Seal kus seisad, pane kaldale m\u00e4rk (puuoks, oma kinnas jne) ning vali h\u00e4dasolija suunas vaadates vastaskaldal teine pidepunkt&#8230;  <a class=\"excerpt-read-more\" href=\"https:\/\/veeohutus.ee\/suvi\/hadasolija-koha-margistamine-ristsuundadega\/\" title=\"Read H\u00e4dasolija koha m\u00e4rgistamine ristsuundadega\">Read more<\/a><\/p>\n","protected":false},"author":2,"featured_media":1293,"parent":0,"menu_order":10,"comment_status":"closed","ping_status":"closed","template":"","meta":{"_acf_changed":false,"footnotes":""},"class_list":["post-1121","page","type-page","status-publish","has-post-thumbnail","hentry"],"acf":[],"yoast_head":"<!-- This site is optimized with the Yoast SEO plugin v26.7 - https:\/\/yoast.com\/wordpress\/plugins\/seo\/ -->\n<title>H\u00e4dasolija koha m\u00e4rgistamine ristsuundadega - P\u00e4\u00e4steamet<\/title>\n<meta name=\"robots\" content=\"index, follow, max-snippet:-1, max-image-preview:large, max-video-preview:-1\" \/>\n<link rel=\"canonical\" href=\"https:\/\/veeohutus.ee\/suvi\/hadasolija-koha-margistamine-ristsuundadega\/\" \/>\n<meta property=\"og:locale\" content=\"et_EE\" \/>\n<meta property=\"og:type\" content=\"article\" \/>\n<meta property=\"og:title\" content=\"H\u00e4dasolija koha m\u00e4rgistamine ristsuundadega - P\u00e4\u00e4steamet\" \/>\n<meta property=\"og:description\" content=\"&nbsp; Kui h\u00e4dasolija on j\u00e4\u00e4l ja sul ei ole v\u00f5imalik talle appi minna, n\u00e4iteks sa ei ole kindel oma v\u00f5imetes v\u00f5i on j\u00e4\u00e4 liiga ohtlik, siis on suureks abiks saabuvale p\u00e4\u00e4steteenistusele, kui suudad t\u00e4pselt m\u00e4rgistada h\u00e4dasolija asukoha; Seal kus seisad, pane kaldale m\u00e4rk (puuoks, oma kinnas jne) ning vali h\u00e4dasolija suunas vaadates vastaskaldal teine pidepunkt... Read more\" \/>\n<meta property=\"og:url\" content=\"https:\/\/veeohutus.ee\/suvi\/hadasolija-koha-margistamine-ristsuundadega\/\" \/>\n<meta property=\"og:site_name\" content=\"Veeohutus - Suvi - tule uuri, kuidas ennetada ja aidata - P\u00e4\u00e4steamet\" \/>\n<meta property=\"article:modified_time\" content=\"2019-09-03T10:53:37+00:00\" \/>\n<meta property=\"og:image\" content=\"https:\/\/veeohutus.ee\/suvi\/wp-content\/uploads\/2016\/12\/winter-626243_960_720.jpg\" \/>\n\t<meta property=\"og:image:width\" content=\"960\" \/>\n\t<meta property=\"og:image:height\" content=\"618\" \/>\n\t<meta property=\"og:image:type\" content=\"image\/jpeg\" \/>\n<meta name=\"twitter:card\" content=\"summary_large_image\" \/>\n<meta name=\"twitter:label1\" content=\"Est. reading time\" \/>\n\t<meta name=\"twitter:data1\" content=\"1 minut\" \/>\n<script type=\"application\/ld+json\" class=\"yoast-schema-graph\">{\"@context\":\"https:\/\/schema.org\",\"@graph\":[{\"@type\":\"WebPage\",\"@id\":\"https:\/\/veeohutus.ee\/suvi\/hadasolija-koha-margistamine-ristsuundadega\/\",\"url\":\"https:\/\/veeohutus.ee\/suvi\/hadasolija-koha-margistamine-ristsuundadega\/\",\"name\":\"H\u00e4dasolija koha m\u00e4rgistamine ristsuundadega - P\u00e4\u00e4steamet\",\"isPartOf\":{\"@id\":\"https:\/\/veeohutus.ee\/suvi\/#website\"},\"primaryImageOfPage\":{\"@id\":\"https:\/\/veeohutus.ee\/suvi\/hadasolija-koha-margistamine-ristsuundadega\/#primaryimage\"},\"image\":{\"@id\":\"https:\/\/veeohutus.ee\/suvi\/hadasolija-koha-margistamine-ristsuundadega\/#primaryimage\"},\"thumbnailUrl\":\"https:\/\/veeohutus.ee\/suvi\/wp-content\/uploads\/2016\/12\/winter-626243_960_720.jpg\",\"datePublished\":\"2016-12-20T14:01:22+00:00\",\"dateModified\":\"2019-09-03T10:53:37+00:00\",\"breadcrumb\":{\"@id\":\"https:\/\/veeohutus.ee\/suvi\/hadasolija-koha-margistamine-ristsuundadega\/#breadcrumb\"},\"inLanguage\":\"et\",\"potentialAction\":[{\"@type\":\"ReadAction\",\"target\":[\"https:\/\/veeohutus.ee\/suvi\/hadasolija-koha-margistamine-ristsuundadega\/\"]}]},{\"@type\":\"ImageObject\",\"inLanguage\":\"et\",\"@id\":\"https:\/\/veeohutus.ee\/suvi\/hadasolija-koha-margistamine-ristsuundadega\/#primaryimage\",\"url\":\"https:\/\/veeohutus.ee\/suvi\/wp-content\/uploads\/2016\/12\/winter-626243_960_720.jpg\",\"contentUrl\":\"https:\/\/veeohutus.ee\/suvi\/wp-content\/uploads\/2016\/12\/winter-626243_960_720.jpg\",\"width\":960,\"height\":618},{\"@type\":\"BreadcrumbList\",\"@id\":\"https:\/\/veeohutus.ee\/suvi\/hadasolija-koha-margistamine-ristsuundadega\/#breadcrumb\",\"itemListElement\":[{\"@type\":\"ListItem\",\"position\":1,\"name\":\"Home\",\"item\":\"https:\/\/veeohutus.ee\/suvi\/\"},{\"@type\":\"ListItem\",\"position\":2,\"name\":\"H\u00e4dasolija koha m\u00e4rgistamine ristsuundadega\"}]},{\"@type\":\"WebSite\",\"@id\":\"https:\/\/veeohutus.ee\/suvi\/#website\",\"url\":\"https:\/\/veeohutus.ee\/suvi\/\",\"name\":\"Veeohutus - Suvi - tule uuri, kuidas ennetada ja aidata - P\u00e4\u00e4steamet\",\"description\":\"P\u00e4\u00e4steamet - Veeohutus\",\"potentialAction\":[{\"@type\":\"SearchAction\",\"target\":{\"@type\":\"EntryPoint\",\"urlTemplate\":\"https:\/\/veeohutus.ee\/suvi\/?s={search_term_string}\"},\"query-input\":{\"@type\":\"PropertyValueSpecification\",\"valueRequired\":true,\"valueName\":\"search_term_string\"}}],\"inLanguage\":\"et\"}]}<\/script>\n<!-- \/ Yoast SEO plugin. -->","yoast_head_json":{"title":"H\u00e4dasolija koha m\u00e4rgistamine ristsuundadega - P\u00e4\u00e4steamet","robots":{"index":"index","follow":"follow","max-snippet":"max-snippet:-1","max-image-preview":"max-image-preview:large","max-video-preview":"max-video-preview:-1"},"canonical":"https:\/\/veeohutus.ee\/suvi\/hadasolija-koha-margistamine-ristsuundadega\/","og_locale":"et_EE","og_type":"article","og_title":"H\u00e4dasolija koha m\u00e4rgistamine ristsuundadega - P\u00e4\u00e4steamet","og_description":"&nbsp; Kui h\u00e4dasolija on j\u00e4\u00e4l ja sul ei ole v\u00f5imalik talle appi minna, n\u00e4iteks sa ei ole kindel oma v\u00f5imetes v\u00f5i on j\u00e4\u00e4 liiga ohtlik, siis on suureks abiks saabuvale p\u00e4\u00e4steteenistusele, kui suudad t\u00e4pselt m\u00e4rgistada h\u00e4dasolija asukoha; Seal kus seisad, pane kaldale m\u00e4rk (puuoks, oma kinnas jne) ning vali h\u00e4dasolija suunas vaadates vastaskaldal teine pidepunkt... Read more","og_url":"https:\/\/veeohutus.ee\/suvi\/hadasolija-koha-margistamine-ristsuundadega\/","og_site_name":"Veeohutus - Suvi - tule uuri, kuidas ennetada ja aidata - P\u00e4\u00e4steamet","article_modified_time":"2019-09-03T10:53:37+00:00","og_image":[{"width":960,"height":618,"url":"https:\/\/veeohutus.ee\/suvi\/wp-content\/uploads\/2016\/12\/winter-626243_960_720.jpg","type":"image\/jpeg"}],"twitter_card":"summary_large_image","twitter_misc":{"Est. reading time":"1 minut"},"schema":{"@context":"https:\/\/schema.org","@graph":[{"@type":"WebPage","@id":"https:\/\/veeohutus.ee\/suvi\/hadasolija-koha-margistamine-ristsuundadega\/","url":"https:\/\/veeohutus.ee\/suvi\/hadasolija-koha-margistamine-ristsuundadega\/","name":"H\u00e4dasolija koha m\u00e4rgistamine ristsuundadega - P\u00e4\u00e4steamet","isPartOf":{"@id":"https:\/\/veeohutus.ee\/suvi\/#website"},"primaryImageOfPage":{"@id":"https:\/\/veeohutus.ee\/suvi\/hadasolija-koha-margistamine-ristsuundadega\/#primaryimage"},"image":{"@id":"https:\/\/veeohutus.ee\/suvi\/hadasolija-koha-margistamine-ristsuundadega\/#primaryimage"},"thumbnailUrl":"https:\/\/veeohutus.ee\/suvi\/wp-content\/uploads\/2016\/12\/winter-626243_960_720.jpg","datePublished":"2016-12-20T14:01:22+00:00","dateModified":"2019-09-03T10:53:37+00:00","breadcrumb":{"@id":"https:\/\/veeohutus.ee\/suvi\/hadasolija-koha-margistamine-ristsuundadega\/#breadcrumb"},"inLanguage":"et","potentialAction":[{"@type":"ReadAction","target":["https:\/\/veeohutus.ee\/suvi\/hadasolija-koha-margistamine-ristsuundadega\/"]}]},{"@type":"ImageObject","inLanguage":"et","@id":"https:\/\/veeohutus.ee\/suvi\/hadasolija-koha-margistamine-ristsuundadega\/#primaryimage","url":"https:\/\/veeohutus.ee\/suvi\/wp-content\/uploads\/2016\/12\/winter-626243_960_720.jpg","contentUrl":"https:\/\/veeohutus.ee\/suvi\/wp-content\/uploads\/2016\/12\/winter-626243_960_720.jpg","width":960,"height":618},{"@type":"BreadcrumbList","@id":"https:\/\/veeohutus.ee\/suvi\/hadasolija-koha-margistamine-ristsuundadega\/#breadcrumb","itemListElement":[{"@type":"ListItem","position":1,"name":"Home","item":"https:\/\/veeohutus.ee\/suvi\/"},{"@type":"ListItem","position":2,"name":"H\u00e4dasolija koha m\u00e4rgistamine ristsuundadega"}]},{"@type":"WebSite","@id":"https:\/\/veeohutus.ee\/suvi\/#website","url":"https:\/\/veeohutus.ee\/suvi\/","name":"Veeohutus - Suvi - tule uuri, kuidas ennetada ja aidata - P\u00e4\u00e4steamet","description":"P\u00e4\u00e4steamet - Veeohutus","potentialAction":[{"@type":"SearchAction","target":{"@type":"EntryPoint","urlTemplate":"https:\/\/veeohutus.ee\/suvi\/?s={search_term_string}"},"query-input":{"@type":"PropertyValueSpecification","valueRequired":true,"valueName":"search_term_string"}}],"inLanguage":"et"}]}},"_links":{"self":[{"href":"https:\/\/veeohutus.ee\/suvi\/wp-json\/wp\/v2\/pages\/1121","targetHints":{"allow":["GET"]}}],"collection":[{"href":"https:\/\/veeohutus.ee\/suvi\/wp-json\/wp\/v2\/pages"}],"about":[{"href":"https:\/\/veeohutus.ee\/suvi\/wp-json\/wp\/v2\/types\/page"}],"author":[{"embeddable":true,"href":"https:\/\/veeohutus.ee\/suvi\/wp-json\/wp\/v2\/users\/2"}],"replies":[{"embeddable":true,"href":"https:\/\/veeohutus.ee\/suvi\/wp-json\/wp\/v2\/comments?post=1121"}],"version-history":[{"count":3,"href":"https:\/\/veeohutus.ee\/suvi\/wp-json\/wp\/v2\/pages\/1121\/revisions"}],"predecessor-version":[{"id":1250,"href":"https:\/\/veeohutus.ee\/suvi\/wp-json\/wp\/v2\/pages\/1121\/revisions\/1250"}],"wp:featuredmedia":[{"embeddable":true,"href":"https:\/\/veeohutus.ee\/suvi\/wp-json\/wp\/v2\/media\/1293"}],"wp:attachment":[{"href":"https:\/\/veeohutus.ee\/suvi\/wp-json\/wp\/v2\/media?parent=1121"}],"curies":[{"name":"wp","href":"https:\/\/api.w.org\/{rel}","templated":true}]}}