{"id":1136,"date":"2016-12-20T17:21:24","date_gmt":"2016-12-20T14:21:24","guid":{"rendered":"http:\/\/demo.opus.ee\/projects\/veeohutus\/www\/?page_id=1136"},"modified":"2021-10-18T16:13:52","modified_gmt":"2021-10-18T13:13:52","slug":"kalastamine","status":"publish","type":"page","link":"https:\/\/veeohutus.ee\/suvi\/kalastamine\/","title":{"rendered":"Kalastamine talvel"},"content":{"rendered":"<h2>Kalastama minnes pea meeles!<\/h2>\n<p>Igal aastal on veekogude j\u00e4\u00e4l \u00f5nnetusi just kalameestega, kes ennatlikult eeldavad, et kogemustest tulenevalt nendega midagi ei juhtu. J\u00e4isesse vette sattunud inimese uppumise p\u00f5hjus pole v\u00e4hene ujumisoskus, vaid just k\u00fclm vesi, mis tegutsemisv\u00f5ime halvab. L\u00e4bi j\u00e4\u00e4 vajudes peab inimene arvestama, et j\u00e4\u00e4aluse vee<strong> temperatuur on 4 kraadi<\/strong>. Nii k\u00fclmas vees peab t\u00e4iskasvanu vastu<strong> maksimaalselt 10 minutit<\/strong>, laps kaotab sellise temperatuuriga vees teadvuse veelgi varem.<br \/>\n<strong>\u00dckski kala ei ole seda v\u00e4\u00e4rt, et j\u00e4tta veekogusse oma elu<\/strong>. Tuleb oodata, kuniks j\u00e4\u00e4kate on <strong>piisvalt tugev.<\/strong><\/p>\n<p>&nbsp;<\/p>\n","protected":false},"excerpt":{"rendered":"<p>Kalastama minnes pea meeles! Igal aastal on veekogude j\u00e4\u00e4l \u00f5nnetusi just kalameestega, kes ennatlikult eeldavad, et kogemustest tulenevalt nendega midagi ei juhtu. J\u00e4isesse vette sattunud inimese uppumise p\u00f5hjus pole v\u00e4hene ujumisoskus, vaid just k\u00fclm vesi, mis tegutsemisv\u00f5ime halvab. L\u00e4bi j\u00e4\u00e4 vajudes peab inimene arvestama, et j\u00e4\u00e4aluse vee temperatuur on 4 kraadi. Nii k\u00fclmas vees peab&#8230;  <a class=\"excerpt-read-more\" href=\"https:\/\/veeohutus.ee\/suvi\/kalastamine\/\" title=\"Read Kalastamine talvel\">Read more<\/a><\/p>\n","protected":false},"author":2,"featured_media":1313,"parent":0,"menu_order":23,"comment_status":"closed","ping_status":"closed","template":"","meta":{"_acf_changed":false,"footnotes":""},"class_list":["post-1136","page","type-page","status-publish","has-post-thumbnail","hentry"],"acf":[],"yoast_head":"<!-- This site is optimized with the Yoast SEO plugin v26.7 - https:\/\/yoast.com\/wordpress\/plugins\/seo\/ -->\n<title>Kalastamine talvel - Veeohutus - Suvi - tule uuri, kuidas ennetada ja aidata - P\u00e4\u00e4steamet<\/title>\n<meta name=\"robots\" content=\"index, follow, max-snippet:-1, max-image-preview:large, max-video-preview:-1\" \/>\n<link rel=\"canonical\" href=\"https:\/\/veeohutus.ee\/suvi\/kalastamine\/\" \/>\n<meta property=\"og:locale\" content=\"et_EE\" \/>\n<meta property=\"og:type\" content=\"article\" \/>\n<meta property=\"og:title\" content=\"Kalastamine talvel - Veeohutus - Suvi - tule uuri, kuidas ennetada ja aidata - P\u00e4\u00e4steamet\" \/>\n<meta property=\"og:description\" content=\"Kalastama minnes pea meeles! Igal aastal on veekogude j\u00e4\u00e4l \u00f5nnetusi just kalameestega, kes ennatlikult eeldavad, et kogemustest tulenevalt nendega midagi ei juhtu. J\u00e4isesse vette sattunud inimese uppumise p\u00f5hjus pole v\u00e4hene ujumisoskus, vaid just k\u00fclm vesi, mis tegutsemisv\u00f5ime halvab. L\u00e4bi j\u00e4\u00e4 vajudes peab inimene arvestama, et j\u00e4\u00e4aluse vee temperatuur on 4 kraadi. Nii k\u00fclmas vees peab... Read more\" \/>\n<meta property=\"og:url\" content=\"https:\/\/veeohutus.ee\/suvi\/kalastamine\/\" \/>\n<meta property=\"og:site_name\" content=\"Veeohutus - Suvi - tule uuri, kuidas ennetada ja aidata - P\u00e4\u00e4steamet\" \/>\n<meta property=\"article:modified_time\" content=\"2021-10-18T13:13:52+00:00\" \/>\n<meta property=\"og:image\" content=\"https:\/\/veeohutus.ee\/suvi\/wp-content\/uploads\/2016\/12\/fishing-752584_960_720.jpg\" \/>\n\t<meta property=\"og:image:width\" content=\"960\" \/>\n\t<meta property=\"og:image:height\" content=\"640\" \/>\n\t<meta property=\"og:image:type\" content=\"image\/jpeg\" \/>\n<meta name=\"twitter:card\" content=\"summary_large_image\" \/>\n<meta name=\"twitter:label1\" content=\"Est. reading time\" \/>\n\t<meta name=\"twitter:data1\" content=\"1 minut\" \/>\n<script type=\"application\/ld+json\" class=\"yoast-schema-graph\">{\"@context\":\"https:\/\/schema.org\",\"@graph\":[{\"@type\":\"WebPage\",\"@id\":\"https:\/\/veeohutus.ee\/suvi\/kalastamine\/\",\"url\":\"https:\/\/veeohutus.ee\/suvi\/kalastamine\/\",\"name\":\"Kalastamine talvel - Veeohutus - Suvi - tule uuri, kuidas ennetada ja aidata - P\u00e4\u00e4steamet\",\"isPartOf\":{\"@id\":\"https:\/\/veeohutus.ee\/suvi\/#website\"},\"primaryImageOfPage\":{\"@id\":\"https:\/\/veeohutus.ee\/suvi\/kalastamine\/#primaryimage\"},\"image\":{\"@id\":\"https:\/\/veeohutus.ee\/suvi\/kalastamine\/#primaryimage\"},\"thumbnailUrl\":\"https:\/\/veeohutus.ee\/suvi\/wp-content\/uploads\/2016\/12\/fishing-752584_960_720.jpg\",\"datePublished\":\"2016-12-20T14:21:24+00:00\",\"dateModified\":\"2021-10-18T13:13:52+00:00\",\"breadcrumb\":{\"@id\":\"https:\/\/veeohutus.ee\/suvi\/kalastamine\/#breadcrumb\"},\"inLanguage\":\"et\",\"potentialAction\":[{\"@type\":\"ReadAction\",\"target\":[\"https:\/\/veeohutus.ee\/suvi\/kalastamine\/\"]}]},{\"@type\":\"ImageObject\",\"inLanguage\":\"et\",\"@id\":\"https:\/\/veeohutus.ee\/suvi\/kalastamine\/#primaryimage\",\"url\":\"https:\/\/veeohutus.ee\/suvi\/wp-content\/uploads\/2016\/12\/fishing-752584_960_720.jpg\",\"contentUrl\":\"https:\/\/veeohutus.ee\/suvi\/wp-content\/uploads\/2016\/12\/fishing-752584_960_720.jpg\",\"width\":960,\"height\":640},{\"@type\":\"BreadcrumbList\",\"@id\":\"https:\/\/veeohutus.ee\/suvi\/kalastamine\/#breadcrumb\",\"itemListElement\":[{\"@type\":\"ListItem\",\"position\":1,\"name\":\"Home\",\"item\":\"https:\/\/veeohutus.ee\/suvi\/\"},{\"@type\":\"ListItem\",\"position\":2,\"name\":\"Kalastamine talvel\"}]},{\"@type\":\"WebSite\",\"@id\":\"https:\/\/veeohutus.ee\/suvi\/#website\",\"url\":\"https:\/\/veeohutus.ee\/suvi\/\",\"name\":\"Veeohutus - Suvi - tule uuri, kuidas ennetada ja aidata - P\u00e4\u00e4steamet\",\"description\":\"P\u00e4\u00e4steamet - Veeohutus\",\"potentialAction\":[{\"@type\":\"SearchAction\",\"target\":{\"@type\":\"EntryPoint\",\"urlTemplate\":\"https:\/\/veeohutus.ee\/suvi\/?s={search_term_string}\"},\"query-input\":{\"@type\":\"PropertyValueSpecification\",\"valueRequired\":true,\"valueName\":\"search_term_string\"}}],\"inLanguage\":\"et\"}]}<\/script>\n<!-- \/ Yoast SEO plugin. -->","yoast_head_json":{"title":"Kalastamine talvel - Veeohutus - Suvi - tule uuri, kuidas ennetada ja aidata - P\u00e4\u00e4steamet","robots":{"index":"index","follow":"follow","max-snippet":"max-snippet:-1","max-image-preview":"max-image-preview:large","max-video-preview":"max-video-preview:-1"},"canonical":"https:\/\/veeohutus.ee\/suvi\/kalastamine\/","og_locale":"et_EE","og_type":"article","og_title":"Kalastamine talvel - Veeohutus - Suvi - tule uuri, kuidas ennetada ja aidata - P\u00e4\u00e4steamet","og_description":"Kalastama minnes pea meeles! Igal aastal on veekogude j\u00e4\u00e4l \u00f5nnetusi just kalameestega, kes ennatlikult eeldavad, et kogemustest tulenevalt nendega midagi ei juhtu. J\u00e4isesse vette sattunud inimese uppumise p\u00f5hjus pole v\u00e4hene ujumisoskus, vaid just k\u00fclm vesi, mis tegutsemisv\u00f5ime halvab. L\u00e4bi j\u00e4\u00e4 vajudes peab inimene arvestama, et j\u00e4\u00e4aluse vee temperatuur on 4 kraadi. Nii k\u00fclmas vees peab... Read more","og_url":"https:\/\/veeohutus.ee\/suvi\/kalastamine\/","og_site_name":"Veeohutus - Suvi - tule uuri, kuidas ennetada ja aidata - P\u00e4\u00e4steamet","article_modified_time":"2021-10-18T13:13:52+00:00","og_image":[{"width":960,"height":640,"url":"https:\/\/veeohutus.ee\/suvi\/wp-content\/uploads\/2016\/12\/fishing-752584_960_720.jpg","type":"image\/jpeg"}],"twitter_card":"summary_large_image","twitter_misc":{"Est. reading time":"1 minut"},"schema":{"@context":"https:\/\/schema.org","@graph":[{"@type":"WebPage","@id":"https:\/\/veeohutus.ee\/suvi\/kalastamine\/","url":"https:\/\/veeohutus.ee\/suvi\/kalastamine\/","name":"Kalastamine talvel - Veeohutus - Suvi - tule uuri, kuidas ennetada ja aidata - P\u00e4\u00e4steamet","isPartOf":{"@id":"https:\/\/veeohutus.ee\/suvi\/#website"},"primaryImageOfPage":{"@id":"https:\/\/veeohutus.ee\/suvi\/kalastamine\/#primaryimage"},"image":{"@id":"https:\/\/veeohutus.ee\/suvi\/kalastamine\/#primaryimage"},"thumbnailUrl":"https:\/\/veeohutus.ee\/suvi\/wp-content\/uploads\/2016\/12\/fishing-752584_960_720.jpg","datePublished":"2016-12-20T14:21:24+00:00","dateModified":"2021-10-18T13:13:52+00:00","breadcrumb":{"@id":"https:\/\/veeohutus.ee\/suvi\/kalastamine\/#breadcrumb"},"inLanguage":"et","potentialAction":[{"@type":"ReadAction","target":["https:\/\/veeohutus.ee\/suvi\/kalastamine\/"]}]},{"@type":"ImageObject","inLanguage":"et","@id":"https:\/\/veeohutus.ee\/suvi\/kalastamine\/#primaryimage","url":"https:\/\/veeohutus.ee\/suvi\/wp-content\/uploads\/2016\/12\/fishing-752584_960_720.jpg","contentUrl":"https:\/\/veeohutus.ee\/suvi\/wp-content\/uploads\/2016\/12\/fishing-752584_960_720.jpg","width":960,"height":640},{"@type":"BreadcrumbList","@id":"https:\/\/veeohutus.ee\/suvi\/kalastamine\/#breadcrumb","itemListElement":[{"@type":"ListItem","position":1,"name":"Home","item":"https:\/\/veeohutus.ee\/suvi\/"},{"@type":"ListItem","position":2,"name":"Kalastamine talvel"}]},{"@type":"WebSite","@id":"https:\/\/veeohutus.ee\/suvi\/#website","url":"https:\/\/veeohutus.ee\/suvi\/","name":"Veeohutus - Suvi - tule uuri, kuidas ennetada ja aidata - P\u00e4\u00e4steamet","description":"P\u00e4\u00e4steamet - Veeohutus","potentialAction":[{"@type":"SearchAction","target":{"@type":"EntryPoint","urlTemplate":"https:\/\/veeohutus.ee\/suvi\/?s={search_term_string}"},"query-input":{"@type":"PropertyValueSpecification","valueRequired":true,"valueName":"search_term_string"}}],"inLanguage":"et"}]}},"_links":{"self":[{"href":"https:\/\/veeohutus.ee\/suvi\/wp-json\/wp\/v2\/pages\/1136","targetHints":{"allow":["GET"]}}],"collection":[{"href":"https:\/\/veeohutus.ee\/suvi\/wp-json\/wp\/v2\/pages"}],"about":[{"href":"https:\/\/veeohutus.ee\/suvi\/wp-json\/wp\/v2\/types\/page"}],"author":[{"embeddable":true,"href":"https:\/\/veeohutus.ee\/suvi\/wp-json\/wp\/v2\/users\/2"}],"replies":[{"embeddable":true,"href":"https:\/\/veeohutus.ee\/suvi\/wp-json\/wp\/v2\/comments?post=1136"}],"version-history":[{"count":18,"href":"https:\/\/veeohutus.ee\/suvi\/wp-json\/wp\/v2\/pages\/1136\/revisions"}],"predecessor-version":[{"id":3241,"href":"https:\/\/veeohutus.ee\/suvi\/wp-json\/wp\/v2\/pages\/1136\/revisions\/3241"}],"wp:featuredmedia":[{"embeddable":true,"href":"https:\/\/veeohutus.ee\/suvi\/wp-json\/wp\/v2\/media\/1313"}],"wp:attachment":[{"href":"https:\/\/veeohutus.ee\/suvi\/wp-json\/wp\/v2\/media?parent=1136"}],"curies":[{"name":"wp","href":"https:\/\/api.w.org\/{rel}","templated":true}]}}