{"id":1138,"date":"2016-12-20T17:22:17","date_gmt":"2016-12-20T14:22:17","guid":{"rendered":"http:\/\/demo.opus.ee\/projects\/veeohutus\/www\/?page_id=1138"},"modified":"2018-09-27T12:03:08","modified_gmt":"2018-09-27T09:03:08","slug":"mida-voiks-teada","status":"publish","type":"page","link":"https:\/\/veeohutus.ee\/suvi\/mida-voiks-teada\/","title":{"rendered":"Mida v\u00f5iks teada k\u00fclmal ajal veekogule minnes?"},"content":{"rendered":"<p>&nbsp;<\/p>\n<ul>\n<li>Kuigi miinuskraadide saabudes hakkavad veekogud j\u00e4\u00e4tuma, siis <strong>p\u00e4rast esimesi k\u00fclmasid tekkinud j\u00e4\u00e4 on \u00f5huke ja n\u00f5rk ega kanna inimest<\/strong>.<br \/>\nSamuti v\u00f5ib kevadel p\u00e4ikeselisel v\u00f5i vihmasel perioodil varem veekogu katnud tugev j\u00e4\u00e4 kiiresti \u00f5hukeseks muutuda.<\/li>\n<li>Ohutum on j\u00e4\u00e4le minna<strong> p\u00e4rast paarin\u00e4dalast k\u00fclma ilma<\/strong>, kui \u00f5hutemperatuur on olnud pidevalt alla 0\u00b0C ning veekogul on viiteid tugevale j\u00e4\u00e4le<br \/>\n(nt jalaga katsudes on pind tugev).<\/li>\n<li>Tavaliselt on <strong>j\u00e4\u00e4 n\u00f5rgem j\u00f5gede kiirevoolulistes kohtades<\/strong>, j\u00f5gede suubumiskohtades ja torude suudmetes, allikakohtades, paadisildade tugipostide \u00fcmbruses,<br \/>\nroostikus, vettelangenud puude v\u00f5rade \u00fcmbruses ja laevateede l\u00e4heduses.<\/li>\n<li><strong>2-3-kraadises vees viibimine on eluohtlik<\/strong> juba 15 minuti ja k\u00fclmemas vees isegi paari minuti m\u00f6\u00f6dudes. Seet\u00f5ttu on j\u00e4\u00e4august p\u00e4\u00e4semise kiirus ja kannatanu \u00fclessoojendamine v\u00e4ga oluline.<\/li>\n<li><strong>Piiriveekogule minnes<\/strong> on oluline teha selgeks piiriveekogul kehtestatud piirangud (n\u00e4it. riigipiiri kulgemine, piirire\u017eiimi ala). Piiriveekogule minek ja sealt tagasitulek<br \/>\ntuleb registreerida l\u00e4himas kordonis ning kanda kaasas isiku ja ujuvvahendiga seotud\u00a0 dokumente.<\/li>\n<\/ul>\n","protected":false},"excerpt":{"rendered":"<p>&nbsp; Kuigi miinuskraadide saabudes hakkavad veekogud j\u00e4\u00e4tuma, siis p\u00e4rast esimesi k\u00fclmasid tekkinud j\u00e4\u00e4 on \u00f5huke ja n\u00f5rk ega kanna inimest. Samuti v\u00f5ib kevadel p\u00e4ikeselisel v\u00f5i vihmasel perioodil varem veekogu katnud tugev j\u00e4\u00e4 kiiresti \u00f5hukeseks muutuda. Ohutum on j\u00e4\u00e4le minna p\u00e4rast paarin\u00e4dalast k\u00fclma ilma, kui \u00f5hutemperatuur on olnud pidevalt alla 0\u00b0C ning veekogul on viiteid tugevale&#8230;  <a class=\"excerpt-read-more\" href=\"https:\/\/veeohutus.ee\/suvi\/mida-voiks-teada\/\" title=\"Read Mida v\u00f5iks teada k\u00fclmal ajal veekogule minnes?\">Read more<\/a><\/p>\n","protected":false},"author":2,"featured_media":1307,"parent":0,"menu_order":44,"comment_status":"closed","ping_status":"closed","template":"","meta":{"_acf_changed":false,"footnotes":""},"class_list":["post-1138","page","type-page","status-publish","has-post-thumbnail","hentry"],"acf":[],"yoast_head":"<!-- This site is optimized with the Yoast SEO plugin v26.7 - https:\/\/yoast.com\/wordpress\/plugins\/seo\/ -->\n<title>Mida v\u00f5iks teada k\u00fclmal ajal veekogule minnes? - Veeohutus - Suvi - tule uuri, kuidas ennetada ja aidata - P\u00e4\u00e4steamet<\/title>\n<meta name=\"robots\" content=\"index, follow, max-snippet:-1, max-image-preview:large, max-video-preview:-1\" \/>\n<link rel=\"canonical\" href=\"https:\/\/veeohutus.ee\/suvi\/mida-voiks-teada\/\" \/>\n<meta property=\"og:locale\" content=\"et_EE\" \/>\n<meta property=\"og:type\" content=\"article\" \/>\n<meta property=\"og:title\" content=\"Mida v\u00f5iks teada k\u00fclmal ajal veekogule minnes? - Veeohutus - Suvi - tule uuri, kuidas ennetada ja aidata - P\u00e4\u00e4steamet\" \/>\n<meta property=\"og:description\" content=\"&nbsp; Kuigi miinuskraadide saabudes hakkavad veekogud j\u00e4\u00e4tuma, siis p\u00e4rast esimesi k\u00fclmasid tekkinud j\u00e4\u00e4 on \u00f5huke ja n\u00f5rk ega kanna inimest. Samuti v\u00f5ib kevadel p\u00e4ikeselisel v\u00f5i vihmasel perioodil varem veekogu katnud tugev j\u00e4\u00e4 kiiresti \u00f5hukeseks muutuda. Ohutum on j\u00e4\u00e4le minna p\u00e4rast paarin\u00e4dalast k\u00fclma ilma, kui \u00f5hutemperatuur on olnud pidevalt alla 0\u00b0C ning veekogul on viiteid tugevale... Read more\" \/>\n<meta property=\"og:url\" content=\"https:\/\/veeohutus.ee\/suvi\/mida-voiks-teada\/\" \/>\n<meta property=\"og:site_name\" content=\"Veeohutus - Suvi - tule uuri, kuidas ennetada ja aidata - P\u00e4\u00e4steamet\" \/>\n<meta property=\"article:modified_time\" content=\"2018-09-27T09:03:08+00:00\" \/>\n<meta property=\"og:image\" content=\"https:\/\/veeohutus.ee\/suvi\/wp-content\/uploads\/2016\/12\/winter-1922392_960_720.jpg\" \/>\n\t<meta property=\"og:image:width\" content=\"960\" \/>\n\t<meta property=\"og:image:height\" content=\"664\" \/>\n\t<meta property=\"og:image:type\" content=\"image\/jpeg\" \/>\n<meta name=\"twitter:card\" content=\"summary_large_image\" \/>\n<meta name=\"twitter:label1\" content=\"Est. reading time\" \/>\n\t<meta name=\"twitter:data1\" content=\"1 minut\" \/>\n<script type=\"application\/ld+json\" class=\"yoast-schema-graph\">{\"@context\":\"https:\/\/schema.org\",\"@graph\":[{\"@type\":\"WebPage\",\"@id\":\"https:\/\/veeohutus.ee\/suvi\/mida-voiks-teada\/\",\"url\":\"https:\/\/veeohutus.ee\/suvi\/mida-voiks-teada\/\",\"name\":\"Mida v\u00f5iks teada k\u00fclmal ajal veekogule minnes? - Veeohutus - Suvi - tule uuri, kuidas ennetada ja aidata - P\u00e4\u00e4steamet\",\"isPartOf\":{\"@id\":\"https:\/\/veeohutus.ee\/suvi\/#website\"},\"primaryImageOfPage\":{\"@id\":\"https:\/\/veeohutus.ee\/suvi\/mida-voiks-teada\/#primaryimage\"},\"image\":{\"@id\":\"https:\/\/veeohutus.ee\/suvi\/mida-voiks-teada\/#primaryimage\"},\"thumbnailUrl\":\"https:\/\/veeohutus.ee\/suvi\/wp-content\/uploads\/2016\/12\/winter-1922392_960_720.jpg\",\"datePublished\":\"2016-12-20T14:22:17+00:00\",\"dateModified\":\"2018-09-27T09:03:08+00:00\",\"breadcrumb\":{\"@id\":\"https:\/\/veeohutus.ee\/suvi\/mida-voiks-teada\/#breadcrumb\"},\"inLanguage\":\"et\",\"potentialAction\":[{\"@type\":\"ReadAction\",\"target\":[\"https:\/\/veeohutus.ee\/suvi\/mida-voiks-teada\/\"]}]},{\"@type\":\"ImageObject\",\"inLanguage\":\"et\",\"@id\":\"https:\/\/veeohutus.ee\/suvi\/mida-voiks-teada\/#primaryimage\",\"url\":\"https:\/\/veeohutus.ee\/suvi\/wp-content\/uploads\/2016\/12\/winter-1922392_960_720.jpg\",\"contentUrl\":\"https:\/\/veeohutus.ee\/suvi\/wp-content\/uploads\/2016\/12\/winter-1922392_960_720.jpg\",\"width\":960,\"height\":664},{\"@type\":\"BreadcrumbList\",\"@id\":\"https:\/\/veeohutus.ee\/suvi\/mida-voiks-teada\/#breadcrumb\",\"itemListElement\":[{\"@type\":\"ListItem\",\"position\":1,\"name\":\"Home\",\"item\":\"https:\/\/veeohutus.ee\/suvi\/\"},{\"@type\":\"ListItem\",\"position\":2,\"name\":\"Mida v\u00f5iks teada k\u00fclmal ajal veekogule minnes?\"}]},{\"@type\":\"WebSite\",\"@id\":\"https:\/\/veeohutus.ee\/suvi\/#website\",\"url\":\"https:\/\/veeohutus.ee\/suvi\/\",\"name\":\"Veeohutus - Suvi - tule uuri, kuidas ennetada ja aidata - P\u00e4\u00e4steamet\",\"description\":\"P\u00e4\u00e4steamet - Veeohutus\",\"potentialAction\":[{\"@type\":\"SearchAction\",\"target\":{\"@type\":\"EntryPoint\",\"urlTemplate\":\"https:\/\/veeohutus.ee\/suvi\/?s={search_term_string}\"},\"query-input\":{\"@type\":\"PropertyValueSpecification\",\"valueRequired\":true,\"valueName\":\"search_term_string\"}}],\"inLanguage\":\"et\"}]}<\/script>\n<!-- \/ Yoast SEO plugin. -->","yoast_head_json":{"title":"Mida v\u00f5iks teada k\u00fclmal ajal veekogule minnes? - Veeohutus - Suvi - tule uuri, kuidas ennetada ja aidata - P\u00e4\u00e4steamet","robots":{"index":"index","follow":"follow","max-snippet":"max-snippet:-1","max-image-preview":"max-image-preview:large","max-video-preview":"max-video-preview:-1"},"canonical":"https:\/\/veeohutus.ee\/suvi\/mida-voiks-teada\/","og_locale":"et_EE","og_type":"article","og_title":"Mida v\u00f5iks teada k\u00fclmal ajal veekogule minnes? - Veeohutus - Suvi - tule uuri, kuidas ennetada ja aidata - P\u00e4\u00e4steamet","og_description":"&nbsp; Kuigi miinuskraadide saabudes hakkavad veekogud j\u00e4\u00e4tuma, siis p\u00e4rast esimesi k\u00fclmasid tekkinud j\u00e4\u00e4 on \u00f5huke ja n\u00f5rk ega kanna inimest. Samuti v\u00f5ib kevadel p\u00e4ikeselisel v\u00f5i vihmasel perioodil varem veekogu katnud tugev j\u00e4\u00e4 kiiresti \u00f5hukeseks muutuda. Ohutum on j\u00e4\u00e4le minna p\u00e4rast paarin\u00e4dalast k\u00fclma ilma, kui \u00f5hutemperatuur on olnud pidevalt alla 0\u00b0C ning veekogul on viiteid tugevale... Read more","og_url":"https:\/\/veeohutus.ee\/suvi\/mida-voiks-teada\/","og_site_name":"Veeohutus - Suvi - tule uuri, kuidas ennetada ja aidata - P\u00e4\u00e4steamet","article_modified_time":"2018-09-27T09:03:08+00:00","og_image":[{"width":960,"height":664,"url":"https:\/\/veeohutus.ee\/suvi\/wp-content\/uploads\/2016\/12\/winter-1922392_960_720.jpg","type":"image\/jpeg"}],"twitter_card":"summary_large_image","twitter_misc":{"Est. reading time":"1 minut"},"schema":{"@context":"https:\/\/schema.org","@graph":[{"@type":"WebPage","@id":"https:\/\/veeohutus.ee\/suvi\/mida-voiks-teada\/","url":"https:\/\/veeohutus.ee\/suvi\/mida-voiks-teada\/","name":"Mida v\u00f5iks teada k\u00fclmal ajal veekogule minnes? - Veeohutus - Suvi - tule uuri, kuidas ennetada ja aidata - P\u00e4\u00e4steamet","isPartOf":{"@id":"https:\/\/veeohutus.ee\/suvi\/#website"},"primaryImageOfPage":{"@id":"https:\/\/veeohutus.ee\/suvi\/mida-voiks-teada\/#primaryimage"},"image":{"@id":"https:\/\/veeohutus.ee\/suvi\/mida-voiks-teada\/#primaryimage"},"thumbnailUrl":"https:\/\/veeohutus.ee\/suvi\/wp-content\/uploads\/2016\/12\/winter-1922392_960_720.jpg","datePublished":"2016-12-20T14:22:17+00:00","dateModified":"2018-09-27T09:03:08+00:00","breadcrumb":{"@id":"https:\/\/veeohutus.ee\/suvi\/mida-voiks-teada\/#breadcrumb"},"inLanguage":"et","potentialAction":[{"@type":"ReadAction","target":["https:\/\/veeohutus.ee\/suvi\/mida-voiks-teada\/"]}]},{"@type":"ImageObject","inLanguage":"et","@id":"https:\/\/veeohutus.ee\/suvi\/mida-voiks-teada\/#primaryimage","url":"https:\/\/veeohutus.ee\/suvi\/wp-content\/uploads\/2016\/12\/winter-1922392_960_720.jpg","contentUrl":"https:\/\/veeohutus.ee\/suvi\/wp-content\/uploads\/2016\/12\/winter-1922392_960_720.jpg","width":960,"height":664},{"@type":"BreadcrumbList","@id":"https:\/\/veeohutus.ee\/suvi\/mida-voiks-teada\/#breadcrumb","itemListElement":[{"@type":"ListItem","position":1,"name":"Home","item":"https:\/\/veeohutus.ee\/suvi\/"},{"@type":"ListItem","position":2,"name":"Mida v\u00f5iks teada k\u00fclmal ajal veekogule minnes?"}]},{"@type":"WebSite","@id":"https:\/\/veeohutus.ee\/suvi\/#website","url":"https:\/\/veeohutus.ee\/suvi\/","name":"Veeohutus - Suvi - tule uuri, kuidas ennetada ja aidata - P\u00e4\u00e4steamet","description":"P\u00e4\u00e4steamet - Veeohutus","potentialAction":[{"@type":"SearchAction","target":{"@type":"EntryPoint","urlTemplate":"https:\/\/veeohutus.ee\/suvi\/?s={search_term_string}"},"query-input":{"@type":"PropertyValueSpecification","valueRequired":true,"valueName":"search_term_string"}}],"inLanguage":"et"}]}},"_links":{"self":[{"href":"https:\/\/veeohutus.ee\/suvi\/wp-json\/wp\/v2\/pages\/1138","targetHints":{"allow":["GET"]}}],"collection":[{"href":"https:\/\/veeohutus.ee\/suvi\/wp-json\/wp\/v2\/pages"}],"about":[{"href":"https:\/\/veeohutus.ee\/suvi\/wp-json\/wp\/v2\/types\/page"}],"author":[{"embeddable":true,"href":"https:\/\/veeohutus.ee\/suvi\/wp-json\/wp\/v2\/users\/2"}],"replies":[{"embeddable":true,"href":"https:\/\/veeohutus.ee\/suvi\/wp-json\/wp\/v2\/comments?post=1138"}],"version-history":[{"count":4,"href":"https:\/\/veeohutus.ee\/suvi\/wp-json\/wp\/v2\/pages\/1138\/revisions"}],"predecessor-version":[{"id":2843,"href":"https:\/\/veeohutus.ee\/suvi\/wp-json\/wp\/v2\/pages\/1138\/revisions\/2843"}],"wp:featuredmedia":[{"embeddable":true,"href":"https:\/\/veeohutus.ee\/suvi\/wp-json\/wp\/v2\/media\/1307"}],"wp:attachment":[{"href":"https:\/\/veeohutus.ee\/suvi\/wp-json\/wp\/v2\/media?parent=1138"}],"curies":[{"name":"wp","href":"https:\/\/api.w.org\/{rel}","templated":true}]}}