{"id":1140,"date":"2016-12-20T17:30:24","date_gmt":"2016-12-20T14:30:24","guid":{"rendered":"http:\/\/demo.opus.ee\/projects\/veeohutus\/www\/?page_id=1140"},"modified":"2017-06-02T10:08:53","modified_gmt":"2017-06-02T07:08:53","slug":"millised-on-ohuallikad","status":"publish","type":"page","link":"https:\/\/veeohutus.ee\/suvi\/millised-on-ohuallikad\/","title":{"rendered":"Millised on ohuallikad?"},"content":{"rendered":"<p>&nbsp;<\/p>\n<ul>\n<li><strong>Lahvandused ja j\u00e4\u00e4praod<\/strong> \u2013 nende l\u00e4heduses on j\u00e4\u00e4 n\u00f5rgem.<\/li>\n<li><strong>Triivivad j\u00e4\u00e4pangad <\/strong>\u2013 j\u00e4\u00e4pank v\u00f5ib kiiresti laguneda. Sageli pakuvad need huvi lastele, kes proovivad kevadel j\u00e4\u00e4pankadel s\u00f5ita ning v\u00f5ivad seet\u00f5ttu uppumisohtu sattuda.<\/li>\n<li><strong>J\u00e4\u00e4 praksumine<\/strong> \u2013 tuleb viivitamatult j\u00e4\u00e4lt lahkuda. J\u00e4\u00e4le minnes tuleb veenduda, et j\u00e4\u00e4 kannab inimest ja v\u00e4ltida kohti, kus j\u00e4\u00e4 v\u00f5ib olla n\u00f5rgem.<\/li>\n<li><strong>Liikumine pimedas<\/strong> \u2013 oht on kaotada orientatsioon ja sattuda kohta, kus j\u00e4\u00e4 ei kanna. Lisaks ei pruugita m\u00e4rgata pragusid ega auke.<\/li>\n<li><strong>\u00d5huke riietus<\/strong> \u2013 tuul j\u00e4\u00e4tunud veekogul s\u00fcvendab k\u00fclma tunnet ja allajahtumine tekib kiiremini.<\/li>\n<li><strong>J\u00e4\u00e4 pinnal on n\u00e4ha erinevat tooni laike <\/strong>\u2013 j\u00e4\u00e4 v\u00e4rvus\/toon viitab eba\u00fchtlasele j\u00e4\u00e4 paksusele.<\/li>\n<li><strong>Alkoholitarvitamine<\/strong> \u2013 alkohol tekitab petliku soojatunde, kuid ei peata keha jahtumist.<\/li>\n<\/ul>\n","protected":false},"excerpt":{"rendered":"<p>&nbsp; Lahvandused ja j\u00e4\u00e4praod \u2013 nende l\u00e4heduses on j\u00e4\u00e4 n\u00f5rgem. Triivivad j\u00e4\u00e4pangad \u2013 j\u00e4\u00e4pank v\u00f5ib kiiresti laguneda. Sageli pakuvad need huvi lastele, kes proovivad kevadel j\u00e4\u00e4pankadel s\u00f5ita ning v\u00f5ivad seet\u00f5ttu uppumisohtu sattuda. J\u00e4\u00e4 praksumine \u2013 tuleb viivitamatult j\u00e4\u00e4lt lahkuda. J\u00e4\u00e4le minnes tuleb veenduda, et j\u00e4\u00e4 kannab inimest ja v\u00e4ltida kohti, kus j\u00e4\u00e4 v\u00f5ib olla n\u00f5rgem&#8230;.  <a class=\"excerpt-read-more\" href=\"https:\/\/veeohutus.ee\/suvi\/millised-on-ohuallikad\/\" title=\"Read Millised on ohuallikad?\">Read more<\/a><\/p>\n","protected":false},"author":2,"featured_media":1299,"parent":0,"menu_order":45,"comment_status":"closed","ping_status":"closed","template":"","meta":{"_acf_changed":false,"footnotes":""},"class_list":["post-1140","page","type-page","status-publish","has-post-thumbnail","hentry"],"acf":[],"yoast_head":"<!-- This site is optimized with the Yoast SEO plugin v26.7 - https:\/\/yoast.com\/wordpress\/plugins\/seo\/ -->\n<title>Millised on ohuallikad? - Veeohutus - Suvi - tule uuri, kuidas ennetada ja aidata - P\u00e4\u00e4steamet<\/title>\n<meta name=\"robots\" content=\"index, follow, max-snippet:-1, max-image-preview:large, max-video-preview:-1\" \/>\n<link rel=\"canonical\" href=\"https:\/\/veeohutus.ee\/suvi\/millised-on-ohuallikad\/\" \/>\n<meta property=\"og:locale\" content=\"et_EE\" \/>\n<meta property=\"og:type\" content=\"article\" \/>\n<meta property=\"og:title\" content=\"Millised on ohuallikad? - Veeohutus - Suvi - tule uuri, kuidas ennetada ja aidata - P\u00e4\u00e4steamet\" \/>\n<meta property=\"og:description\" content=\"&nbsp; Lahvandused ja j\u00e4\u00e4praod \u2013 nende l\u00e4heduses on j\u00e4\u00e4 n\u00f5rgem. Triivivad j\u00e4\u00e4pangad \u2013 j\u00e4\u00e4pank v\u00f5ib kiiresti laguneda. Sageli pakuvad need huvi lastele, kes proovivad kevadel j\u00e4\u00e4pankadel s\u00f5ita ning v\u00f5ivad seet\u00f5ttu uppumisohtu sattuda. J\u00e4\u00e4 praksumine \u2013 tuleb viivitamatult j\u00e4\u00e4lt lahkuda. J\u00e4\u00e4le minnes tuleb veenduda, et j\u00e4\u00e4 kannab inimest ja v\u00e4ltida kohti, kus j\u00e4\u00e4 v\u00f5ib olla n\u00f5rgem.... Read more\" \/>\n<meta property=\"og:url\" content=\"https:\/\/veeohutus.ee\/suvi\/millised-on-ohuallikad\/\" \/>\n<meta property=\"og:site_name\" content=\"Veeohutus - Suvi - tule uuri, kuidas ennetada ja aidata - P\u00e4\u00e4steamet\" \/>\n<meta property=\"article:modified_time\" content=\"2017-06-02T07:08:53+00:00\" \/>\n<meta property=\"og:image\" content=\"https:\/\/veeohutus.ee\/suvi\/wp-content\/uploads\/2016\/12\/winter-fishing-954075_960_720.jpg\" \/>\n\t<meta property=\"og:image:width\" content=\"960\" \/>\n\t<meta property=\"og:image:height\" content=\"540\" \/>\n\t<meta property=\"og:image:type\" content=\"image\/jpeg\" \/>\n<meta name=\"twitter:card\" content=\"summary_large_image\" \/>\n<meta name=\"twitter:label1\" content=\"Est. reading time\" \/>\n\t<meta name=\"twitter:data1\" content=\"1 minut\" \/>\n<script type=\"application\/ld+json\" class=\"yoast-schema-graph\">{\"@context\":\"https:\/\/schema.org\",\"@graph\":[{\"@type\":\"WebPage\",\"@id\":\"https:\/\/veeohutus.ee\/suvi\/millised-on-ohuallikad\/\",\"url\":\"https:\/\/veeohutus.ee\/suvi\/millised-on-ohuallikad\/\",\"name\":\"Millised on ohuallikad? - Veeohutus - Suvi - tule uuri, kuidas ennetada ja aidata - P\u00e4\u00e4steamet\",\"isPartOf\":{\"@id\":\"https:\/\/veeohutus.ee\/suvi\/#website\"},\"primaryImageOfPage\":{\"@id\":\"https:\/\/veeohutus.ee\/suvi\/millised-on-ohuallikad\/#primaryimage\"},\"image\":{\"@id\":\"https:\/\/veeohutus.ee\/suvi\/millised-on-ohuallikad\/#primaryimage\"},\"thumbnailUrl\":\"https:\/\/veeohutus.ee\/suvi\/wp-content\/uploads\/2016\/12\/winter-fishing-954075_960_720.jpg\",\"datePublished\":\"2016-12-20T14:30:24+00:00\",\"dateModified\":\"2017-06-02T07:08:53+00:00\",\"breadcrumb\":{\"@id\":\"https:\/\/veeohutus.ee\/suvi\/millised-on-ohuallikad\/#breadcrumb\"},\"inLanguage\":\"et\",\"potentialAction\":[{\"@type\":\"ReadAction\",\"target\":[\"https:\/\/veeohutus.ee\/suvi\/millised-on-ohuallikad\/\"]}]},{\"@type\":\"ImageObject\",\"inLanguage\":\"et\",\"@id\":\"https:\/\/veeohutus.ee\/suvi\/millised-on-ohuallikad\/#primaryimage\",\"url\":\"https:\/\/veeohutus.ee\/suvi\/wp-content\/uploads\/2016\/12\/winter-fishing-954075_960_720.jpg\",\"contentUrl\":\"https:\/\/veeohutus.ee\/suvi\/wp-content\/uploads\/2016\/12\/winter-fishing-954075_960_720.jpg\",\"width\":960,\"height\":540},{\"@type\":\"BreadcrumbList\",\"@id\":\"https:\/\/veeohutus.ee\/suvi\/millised-on-ohuallikad\/#breadcrumb\",\"itemListElement\":[{\"@type\":\"ListItem\",\"position\":1,\"name\":\"Home\",\"item\":\"https:\/\/veeohutus.ee\/suvi\/\"},{\"@type\":\"ListItem\",\"position\":2,\"name\":\"Millised on ohuallikad?\"}]},{\"@type\":\"WebSite\",\"@id\":\"https:\/\/veeohutus.ee\/suvi\/#website\",\"url\":\"https:\/\/veeohutus.ee\/suvi\/\",\"name\":\"Veeohutus - Suvi - tule uuri, kuidas ennetada ja aidata - P\u00e4\u00e4steamet\",\"description\":\"P\u00e4\u00e4steamet - Veeohutus\",\"potentialAction\":[{\"@type\":\"SearchAction\",\"target\":{\"@type\":\"EntryPoint\",\"urlTemplate\":\"https:\/\/veeohutus.ee\/suvi\/?s={search_term_string}\"},\"query-input\":{\"@type\":\"PropertyValueSpecification\",\"valueRequired\":true,\"valueName\":\"search_term_string\"}}],\"inLanguage\":\"et\"}]}<\/script>\n<!-- \/ Yoast SEO plugin. -->","yoast_head_json":{"title":"Millised on ohuallikad? - Veeohutus - Suvi - tule uuri, kuidas ennetada ja aidata - P\u00e4\u00e4steamet","robots":{"index":"index","follow":"follow","max-snippet":"max-snippet:-1","max-image-preview":"max-image-preview:large","max-video-preview":"max-video-preview:-1"},"canonical":"https:\/\/veeohutus.ee\/suvi\/millised-on-ohuallikad\/","og_locale":"et_EE","og_type":"article","og_title":"Millised on ohuallikad? - Veeohutus - Suvi - tule uuri, kuidas ennetada ja aidata - P\u00e4\u00e4steamet","og_description":"&nbsp; Lahvandused ja j\u00e4\u00e4praod \u2013 nende l\u00e4heduses on j\u00e4\u00e4 n\u00f5rgem. Triivivad j\u00e4\u00e4pangad \u2013 j\u00e4\u00e4pank v\u00f5ib kiiresti laguneda. Sageli pakuvad need huvi lastele, kes proovivad kevadel j\u00e4\u00e4pankadel s\u00f5ita ning v\u00f5ivad seet\u00f5ttu uppumisohtu sattuda. J\u00e4\u00e4 praksumine \u2013 tuleb viivitamatult j\u00e4\u00e4lt lahkuda. J\u00e4\u00e4le minnes tuleb veenduda, et j\u00e4\u00e4 kannab inimest ja v\u00e4ltida kohti, kus j\u00e4\u00e4 v\u00f5ib olla n\u00f5rgem.... Read more","og_url":"https:\/\/veeohutus.ee\/suvi\/millised-on-ohuallikad\/","og_site_name":"Veeohutus - Suvi - tule uuri, kuidas ennetada ja aidata - P\u00e4\u00e4steamet","article_modified_time":"2017-06-02T07:08:53+00:00","og_image":[{"width":960,"height":540,"url":"https:\/\/veeohutus.ee\/suvi\/wp-content\/uploads\/2016\/12\/winter-fishing-954075_960_720.jpg","type":"image\/jpeg"}],"twitter_card":"summary_large_image","twitter_misc":{"Est. reading time":"1 minut"},"schema":{"@context":"https:\/\/schema.org","@graph":[{"@type":"WebPage","@id":"https:\/\/veeohutus.ee\/suvi\/millised-on-ohuallikad\/","url":"https:\/\/veeohutus.ee\/suvi\/millised-on-ohuallikad\/","name":"Millised on ohuallikad? - Veeohutus - Suvi - tule uuri, kuidas ennetada ja aidata - P\u00e4\u00e4steamet","isPartOf":{"@id":"https:\/\/veeohutus.ee\/suvi\/#website"},"primaryImageOfPage":{"@id":"https:\/\/veeohutus.ee\/suvi\/millised-on-ohuallikad\/#primaryimage"},"image":{"@id":"https:\/\/veeohutus.ee\/suvi\/millised-on-ohuallikad\/#primaryimage"},"thumbnailUrl":"https:\/\/veeohutus.ee\/suvi\/wp-content\/uploads\/2016\/12\/winter-fishing-954075_960_720.jpg","datePublished":"2016-12-20T14:30:24+00:00","dateModified":"2017-06-02T07:08:53+00:00","breadcrumb":{"@id":"https:\/\/veeohutus.ee\/suvi\/millised-on-ohuallikad\/#breadcrumb"},"inLanguage":"et","potentialAction":[{"@type":"ReadAction","target":["https:\/\/veeohutus.ee\/suvi\/millised-on-ohuallikad\/"]}]},{"@type":"ImageObject","inLanguage":"et","@id":"https:\/\/veeohutus.ee\/suvi\/millised-on-ohuallikad\/#primaryimage","url":"https:\/\/veeohutus.ee\/suvi\/wp-content\/uploads\/2016\/12\/winter-fishing-954075_960_720.jpg","contentUrl":"https:\/\/veeohutus.ee\/suvi\/wp-content\/uploads\/2016\/12\/winter-fishing-954075_960_720.jpg","width":960,"height":540},{"@type":"BreadcrumbList","@id":"https:\/\/veeohutus.ee\/suvi\/millised-on-ohuallikad\/#breadcrumb","itemListElement":[{"@type":"ListItem","position":1,"name":"Home","item":"https:\/\/veeohutus.ee\/suvi\/"},{"@type":"ListItem","position":2,"name":"Millised on ohuallikad?"}]},{"@type":"WebSite","@id":"https:\/\/veeohutus.ee\/suvi\/#website","url":"https:\/\/veeohutus.ee\/suvi\/","name":"Veeohutus - Suvi - tule uuri, kuidas ennetada ja aidata - P\u00e4\u00e4steamet","description":"P\u00e4\u00e4steamet - Veeohutus","potentialAction":[{"@type":"SearchAction","target":{"@type":"EntryPoint","urlTemplate":"https:\/\/veeohutus.ee\/suvi\/?s={search_term_string}"},"query-input":{"@type":"PropertyValueSpecification","valueRequired":true,"valueName":"search_term_string"}}],"inLanguage":"et"}]}},"_links":{"self":[{"href":"https:\/\/veeohutus.ee\/suvi\/wp-json\/wp\/v2\/pages\/1140","targetHints":{"allow":["GET"]}}],"collection":[{"href":"https:\/\/veeohutus.ee\/suvi\/wp-json\/wp\/v2\/pages"}],"about":[{"href":"https:\/\/veeohutus.ee\/suvi\/wp-json\/wp\/v2\/types\/page"}],"author":[{"embeddable":true,"href":"https:\/\/veeohutus.ee\/suvi\/wp-json\/wp\/v2\/users\/2"}],"replies":[{"embeddable":true,"href":"https:\/\/veeohutus.ee\/suvi\/wp-json\/wp\/v2\/comments?post=1140"}],"version-history":[{"count":2,"href":"https:\/\/veeohutus.ee\/suvi\/wp-json\/wp\/v2\/pages\/1140\/revisions"}],"predecessor-version":[{"id":1252,"href":"https:\/\/veeohutus.ee\/suvi\/wp-json\/wp\/v2\/pages\/1140\/revisions\/1252"}],"wp:featuredmedia":[{"embeddable":true,"href":"https:\/\/veeohutus.ee\/suvi\/wp-json\/wp\/v2\/media\/1299"}],"wp:attachment":[{"href":"https:\/\/veeohutus.ee\/suvi\/wp-json\/wp\/v2\/media?parent=1140"}],"curies":[{"name":"wp","href":"https:\/\/api.w.org\/{rel}","templated":true}]}}