{"id":1142,"date":"2016-12-20T17:31:16","date_gmt":"2016-12-20T14:31:16","guid":{"rendered":"http:\/\/demo.opus.ee\/projects\/veeohutus\/www\/?page_id=1142"},"modified":"2017-06-02T10:08:49","modified_gmt":"2017-06-02T07:08:49","slug":"kuidas-end-ja-teisi-ohu-eest-kaitsta","status":"publish","type":"page","link":"https:\/\/veeohutus.ee\/suvi\/kuidas-end-ja-teisi-ohu-eest-kaitsta\/","title":{"rendered":"Kuidas end ja teisi ohu eest kaitsta?"},"content":{"rendered":"<p>&nbsp;<\/p>\n<ul>\n<li>J\u00e4\u00e4le minnes on <strong>soovitav eelnevalt otsida informatsiooni j\u00e4\u00e4olude kohta<\/strong>. Piiriveekogude kohta on v\u00f5imalik infot leida Politsei- ja Piirivalveameti kodulehelt<br \/>\n(avalehel n\u00f5uannete rubriik ja alajaotus j\u00e4\u00e4olud) v\u00f5i helistada kordonisse v\u00f5i teenistuskohta. J\u00e4\u00e4teede kohta saab infot Maanteeameti kodulehelt<br \/>\n(avalehel rubriik maantee ja alataotus maanteeinfo \u2013 j\u00e4\u00e4teed).<\/li>\n<li>J\u00e4\u00e4l olles tuleb<strong> veenduda, et j\u00e4\u00e4 kannab<\/strong> ja v\u00e4ltida kohti, kus j\u00e4\u00e4 v\u00f5ib olla n\u00f5rgem. L\u00e4bi j\u00e4\u00e4 vajudes on abivahenditeks j\u00e4\u00e4naasklid, mille abil on v\u00f5imalik end kandvale j\u00e4\u00e4t\u00fckile hiivata. Naasklid riputatakse kaela ja nad asetsevad rinnal.<\/li>\n<li>Veekogule minnes on hea panna <strong>laetud mobiiltelefon veekindlasse \u00fcmbrisesse<\/strong>.<\/li>\n<li>V\u00f5imalusel tuleb kanda <strong>spetsiaalselt kalameestele m\u00f5eldud ujuvaid riideid<\/strong> ja jalan\u00f5udel spetsiaalseid j\u00e4\u00e4naelu.<\/li>\n<li><strong>Kindlasti on oluline teavitada eelnevalt l\u00e4hedasi<\/strong>, kuhu piirkonda minnakse ja millal tagasi plaanitakse tulla<\/li>\n<\/ul>\n","protected":false},"excerpt":{"rendered":"<p>&nbsp; J\u00e4\u00e4le minnes on soovitav eelnevalt otsida informatsiooni j\u00e4\u00e4olude kohta. Piiriveekogude kohta on v\u00f5imalik infot leida Politsei- ja Piirivalveameti kodulehelt (avalehel n\u00f5uannete rubriik ja alajaotus j\u00e4\u00e4olud) v\u00f5i helistada kordonisse v\u00f5i teenistuskohta. J\u00e4\u00e4teede kohta saab infot Maanteeameti kodulehelt (avalehel rubriik maantee ja alataotus maanteeinfo \u2013 j\u00e4\u00e4teed). J\u00e4\u00e4l olles tuleb veenduda, et j\u00e4\u00e4 kannab ja v\u00e4ltida kohti,&#8230;  <a class=\"excerpt-read-more\" href=\"https:\/\/veeohutus.ee\/suvi\/kuidas-end-ja-teisi-ohu-eest-kaitsta\/\" title=\"Read Kuidas end ja teisi ohu eest kaitsta?\">Read more<\/a><\/p>\n","protected":false},"author":2,"featured_media":1310,"parent":0,"menu_order":31,"comment_status":"closed","ping_status":"closed","template":"","meta":{"_acf_changed":false,"footnotes":""},"class_list":["post-1142","page","type-page","status-publish","has-post-thumbnail","hentry"],"acf":[],"yoast_head":"<!-- This site is optimized with the Yoast SEO plugin v26.7 - https:\/\/yoast.com\/wordpress\/plugins\/seo\/ -->\n<title>Kuidas end ja teisi ohu eest kaitsta? - Veeohutus - Suvi - tule uuri, kuidas ennetada ja aidata - P\u00e4\u00e4steamet<\/title>\n<meta name=\"robots\" content=\"index, follow, max-snippet:-1, max-image-preview:large, max-video-preview:-1\" \/>\n<link rel=\"canonical\" href=\"https:\/\/veeohutus.ee\/suvi\/kuidas-end-ja-teisi-ohu-eest-kaitsta\/\" \/>\n<meta property=\"og:locale\" content=\"et_EE\" \/>\n<meta property=\"og:type\" content=\"article\" \/>\n<meta property=\"og:title\" content=\"Kuidas end ja teisi ohu eest kaitsta? - Veeohutus - Suvi - tule uuri, kuidas ennetada ja aidata - P\u00e4\u00e4steamet\" \/>\n<meta property=\"og:description\" content=\"&nbsp; J\u00e4\u00e4le minnes on soovitav eelnevalt otsida informatsiooni j\u00e4\u00e4olude kohta. Piiriveekogude kohta on v\u00f5imalik infot leida Politsei- ja Piirivalveameti kodulehelt (avalehel n\u00f5uannete rubriik ja alajaotus j\u00e4\u00e4olud) v\u00f5i helistada kordonisse v\u00f5i teenistuskohta. J\u00e4\u00e4teede kohta saab infot Maanteeameti kodulehelt (avalehel rubriik maantee ja alataotus maanteeinfo \u2013 j\u00e4\u00e4teed). J\u00e4\u00e4l olles tuleb veenduda, et j\u00e4\u00e4 kannab ja v\u00e4ltida kohti,... Read more\" \/>\n<meta property=\"og:url\" content=\"https:\/\/veeohutus.ee\/suvi\/kuidas-end-ja-teisi-ohu-eest-kaitsta\/\" \/>\n<meta property=\"og:site_name\" content=\"Veeohutus - Suvi - tule uuri, kuidas ennetada ja aidata - P\u00e4\u00e4steamet\" \/>\n<meta property=\"article:modified_time\" content=\"2017-06-02T07:08:49+00:00\" \/>\n<meta property=\"og:image\" content=\"https:\/\/veeohutus.ee\/suvi\/wp-content\/uploads\/2016\/12\/hikers-17410_960_720.jpg\" \/>\n\t<meta property=\"og:image:width\" content=\"960\" \/>\n\t<meta property=\"og:image:height\" content=\"642\" \/>\n\t<meta property=\"og:image:type\" content=\"image\/jpeg\" \/>\n<meta name=\"twitter:card\" content=\"summary_large_image\" \/>\n<meta name=\"twitter:label1\" content=\"Est. reading time\" \/>\n\t<meta name=\"twitter:data1\" content=\"1 minut\" \/>\n<script type=\"application\/ld+json\" class=\"yoast-schema-graph\">{\"@context\":\"https:\/\/schema.org\",\"@graph\":[{\"@type\":\"WebPage\",\"@id\":\"https:\/\/veeohutus.ee\/suvi\/kuidas-end-ja-teisi-ohu-eest-kaitsta\/\",\"url\":\"https:\/\/veeohutus.ee\/suvi\/kuidas-end-ja-teisi-ohu-eest-kaitsta\/\",\"name\":\"Kuidas end ja teisi ohu eest kaitsta? - Veeohutus - Suvi - tule uuri, kuidas ennetada ja aidata - P\u00e4\u00e4steamet\",\"isPartOf\":{\"@id\":\"https:\/\/veeohutus.ee\/suvi\/#website\"},\"primaryImageOfPage\":{\"@id\":\"https:\/\/veeohutus.ee\/suvi\/kuidas-end-ja-teisi-ohu-eest-kaitsta\/#primaryimage\"},\"image\":{\"@id\":\"https:\/\/veeohutus.ee\/suvi\/kuidas-end-ja-teisi-ohu-eest-kaitsta\/#primaryimage\"},\"thumbnailUrl\":\"https:\/\/veeohutus.ee\/suvi\/wp-content\/uploads\/2016\/12\/hikers-17410_960_720.jpg\",\"datePublished\":\"2016-12-20T14:31:16+00:00\",\"dateModified\":\"2017-06-02T07:08:49+00:00\",\"breadcrumb\":{\"@id\":\"https:\/\/veeohutus.ee\/suvi\/kuidas-end-ja-teisi-ohu-eest-kaitsta\/#breadcrumb\"},\"inLanguage\":\"et\",\"potentialAction\":[{\"@type\":\"ReadAction\",\"target\":[\"https:\/\/veeohutus.ee\/suvi\/kuidas-end-ja-teisi-ohu-eest-kaitsta\/\"]}]},{\"@type\":\"ImageObject\",\"inLanguage\":\"et\",\"@id\":\"https:\/\/veeohutus.ee\/suvi\/kuidas-end-ja-teisi-ohu-eest-kaitsta\/#primaryimage\",\"url\":\"https:\/\/veeohutus.ee\/suvi\/wp-content\/uploads\/2016\/12\/hikers-17410_960_720.jpg\",\"contentUrl\":\"https:\/\/veeohutus.ee\/suvi\/wp-content\/uploads\/2016\/12\/hikers-17410_960_720.jpg\",\"width\":960,\"height\":642},{\"@type\":\"BreadcrumbList\",\"@id\":\"https:\/\/veeohutus.ee\/suvi\/kuidas-end-ja-teisi-ohu-eest-kaitsta\/#breadcrumb\",\"itemListElement\":[{\"@type\":\"ListItem\",\"position\":1,\"name\":\"Home\",\"item\":\"https:\/\/veeohutus.ee\/suvi\/\"},{\"@type\":\"ListItem\",\"position\":2,\"name\":\"Kuidas end ja teisi ohu eest kaitsta?\"}]},{\"@type\":\"WebSite\",\"@id\":\"https:\/\/veeohutus.ee\/suvi\/#website\",\"url\":\"https:\/\/veeohutus.ee\/suvi\/\",\"name\":\"Veeohutus - Suvi - tule uuri, kuidas ennetada ja aidata - P\u00e4\u00e4steamet\",\"description\":\"P\u00e4\u00e4steamet - Veeohutus\",\"potentialAction\":[{\"@type\":\"SearchAction\",\"target\":{\"@type\":\"EntryPoint\",\"urlTemplate\":\"https:\/\/veeohutus.ee\/suvi\/?s={search_term_string}\"},\"query-input\":{\"@type\":\"PropertyValueSpecification\",\"valueRequired\":true,\"valueName\":\"search_term_string\"}}],\"inLanguage\":\"et\"}]}<\/script>\n<!-- \/ Yoast SEO plugin. -->","yoast_head_json":{"title":"Kuidas end ja teisi ohu eest kaitsta? - Veeohutus - Suvi - tule uuri, kuidas ennetada ja aidata - P\u00e4\u00e4steamet","robots":{"index":"index","follow":"follow","max-snippet":"max-snippet:-1","max-image-preview":"max-image-preview:large","max-video-preview":"max-video-preview:-1"},"canonical":"https:\/\/veeohutus.ee\/suvi\/kuidas-end-ja-teisi-ohu-eest-kaitsta\/","og_locale":"et_EE","og_type":"article","og_title":"Kuidas end ja teisi ohu eest kaitsta? - Veeohutus - Suvi - tule uuri, kuidas ennetada ja aidata - P\u00e4\u00e4steamet","og_description":"&nbsp; J\u00e4\u00e4le minnes on soovitav eelnevalt otsida informatsiooni j\u00e4\u00e4olude kohta. Piiriveekogude kohta on v\u00f5imalik infot leida Politsei- ja Piirivalveameti kodulehelt (avalehel n\u00f5uannete rubriik ja alajaotus j\u00e4\u00e4olud) v\u00f5i helistada kordonisse v\u00f5i teenistuskohta. J\u00e4\u00e4teede kohta saab infot Maanteeameti kodulehelt (avalehel rubriik maantee ja alataotus maanteeinfo \u2013 j\u00e4\u00e4teed). J\u00e4\u00e4l olles tuleb veenduda, et j\u00e4\u00e4 kannab ja v\u00e4ltida kohti,... Read more","og_url":"https:\/\/veeohutus.ee\/suvi\/kuidas-end-ja-teisi-ohu-eest-kaitsta\/","og_site_name":"Veeohutus - Suvi - tule uuri, kuidas ennetada ja aidata - P\u00e4\u00e4steamet","article_modified_time":"2017-06-02T07:08:49+00:00","og_image":[{"width":960,"height":642,"url":"https:\/\/veeohutus.ee\/suvi\/wp-content\/uploads\/2016\/12\/hikers-17410_960_720.jpg","type":"image\/jpeg"}],"twitter_card":"summary_large_image","twitter_misc":{"Est. reading time":"1 minut"},"schema":{"@context":"https:\/\/schema.org","@graph":[{"@type":"WebPage","@id":"https:\/\/veeohutus.ee\/suvi\/kuidas-end-ja-teisi-ohu-eest-kaitsta\/","url":"https:\/\/veeohutus.ee\/suvi\/kuidas-end-ja-teisi-ohu-eest-kaitsta\/","name":"Kuidas end ja teisi ohu eest kaitsta? - Veeohutus - Suvi - tule uuri, kuidas ennetada ja aidata - P\u00e4\u00e4steamet","isPartOf":{"@id":"https:\/\/veeohutus.ee\/suvi\/#website"},"primaryImageOfPage":{"@id":"https:\/\/veeohutus.ee\/suvi\/kuidas-end-ja-teisi-ohu-eest-kaitsta\/#primaryimage"},"image":{"@id":"https:\/\/veeohutus.ee\/suvi\/kuidas-end-ja-teisi-ohu-eest-kaitsta\/#primaryimage"},"thumbnailUrl":"https:\/\/veeohutus.ee\/suvi\/wp-content\/uploads\/2016\/12\/hikers-17410_960_720.jpg","datePublished":"2016-12-20T14:31:16+00:00","dateModified":"2017-06-02T07:08:49+00:00","breadcrumb":{"@id":"https:\/\/veeohutus.ee\/suvi\/kuidas-end-ja-teisi-ohu-eest-kaitsta\/#breadcrumb"},"inLanguage":"et","potentialAction":[{"@type":"ReadAction","target":["https:\/\/veeohutus.ee\/suvi\/kuidas-end-ja-teisi-ohu-eest-kaitsta\/"]}]},{"@type":"ImageObject","inLanguage":"et","@id":"https:\/\/veeohutus.ee\/suvi\/kuidas-end-ja-teisi-ohu-eest-kaitsta\/#primaryimage","url":"https:\/\/veeohutus.ee\/suvi\/wp-content\/uploads\/2016\/12\/hikers-17410_960_720.jpg","contentUrl":"https:\/\/veeohutus.ee\/suvi\/wp-content\/uploads\/2016\/12\/hikers-17410_960_720.jpg","width":960,"height":642},{"@type":"BreadcrumbList","@id":"https:\/\/veeohutus.ee\/suvi\/kuidas-end-ja-teisi-ohu-eest-kaitsta\/#breadcrumb","itemListElement":[{"@type":"ListItem","position":1,"name":"Home","item":"https:\/\/veeohutus.ee\/suvi\/"},{"@type":"ListItem","position":2,"name":"Kuidas end ja teisi ohu eest kaitsta?"}]},{"@type":"WebSite","@id":"https:\/\/veeohutus.ee\/suvi\/#website","url":"https:\/\/veeohutus.ee\/suvi\/","name":"Veeohutus - Suvi - tule uuri, kuidas ennetada ja aidata - P\u00e4\u00e4steamet","description":"P\u00e4\u00e4steamet - Veeohutus","potentialAction":[{"@type":"SearchAction","target":{"@type":"EntryPoint","urlTemplate":"https:\/\/veeohutus.ee\/suvi\/?s={search_term_string}"},"query-input":{"@type":"PropertyValueSpecification","valueRequired":true,"valueName":"search_term_string"}}],"inLanguage":"et"}]}},"_links":{"self":[{"href":"https:\/\/veeohutus.ee\/suvi\/wp-json\/wp\/v2\/pages\/1142","targetHints":{"allow":["GET"]}}],"collection":[{"href":"https:\/\/veeohutus.ee\/suvi\/wp-json\/wp\/v2\/pages"}],"about":[{"href":"https:\/\/veeohutus.ee\/suvi\/wp-json\/wp\/v2\/types\/page"}],"author":[{"embeddable":true,"href":"https:\/\/veeohutus.ee\/suvi\/wp-json\/wp\/v2\/users\/2"}],"replies":[{"embeddable":true,"href":"https:\/\/veeohutus.ee\/suvi\/wp-json\/wp\/v2\/comments?post=1142"}],"version-history":[{"count":5,"href":"https:\/\/veeohutus.ee\/suvi\/wp-json\/wp\/v2\/pages\/1142\/revisions"}],"predecessor-version":[{"id":2244,"href":"https:\/\/veeohutus.ee\/suvi\/wp-json\/wp\/v2\/pages\/1142\/revisions\/2244"}],"wp:featuredmedia":[{"embeddable":true,"href":"https:\/\/veeohutus.ee\/suvi\/wp-json\/wp\/v2\/media\/1310"}],"wp:attachment":[{"href":"https:\/\/veeohutus.ee\/suvi\/wp-json\/wp\/v2\/media?parent=1142"}],"curies":[{"name":"wp","href":"https:\/\/api.w.org\/{rel}","templated":true}]}}