{"id":1154,"date":"2016-12-21T11:38:17","date_gmt":"2016-12-21T08:38:17","guid":{"rendered":"http:\/\/demo.opus.ee\/projects\/veeohutus\/www\/?page_id=1154"},"modified":"2018-10-18T14:20:59","modified_gmt":"2018-10-18T11:20:59","slug":"enne-jaele-minekut","status":"publish","type":"page","link":"https:\/\/veeohutus.ee\/suvi\/enne-jaele-minekut\/","title":{"rendered":"Enne j\u00e4\u00e4le minekut"},"content":{"rendered":"<p>&nbsp;<\/p>\n<ul>\n<ul>\n<ul>\n<ul>Veekogu kattev j\u00e4\u00e4 ei r\u00fcnda inimest. J\u00e4\u00e4\u00f5nnetuses on s\u00fc\u00fcdi valesti k\u00e4itunud inimene, kes pole osanud ohtu hinnata ja on olnud liiga enesekindel. Inimest kannab \u201eterve\u201c j\u00e4\u00e4. Selles puuduvad l\u00f5hed v\u00f5i praod, v\u00e4ljan\u00e4gemine on \u00fchtlane ja sile. Pikipragu v\u00e4hendab j\u00e4\u00e4 tugevust ligi 25%, ristipragu ligi 40%. J\u00e4\u00e4 paksus peab olema v\u00e4hemalt 7 cm. Kevadel ja s\u00fcgisel ei pruugi isegi see j\u00e4\u00e4 olla turvaline. P\u00f5hjamaade p\u00e4\u00e4stjad soovitavad minna j\u00e4\u00e4le, mille paksus on v\u00e4hemalt 10 cm.<\/ul>\n<\/ul>\n<\/ul>\n<\/ul>\n<h3>Pea meeles:<\/h3>\n<ul>\n<ul>\n<ul>\n<ul>\n<li><\/li>\n<li>\u00c4ra kanna kummikuid. Vette kukkudes ei saa neid jalast \u00e4ra ja siis on raske j\u00e4\u00e4august v\u00e4lja ronida.<\/li>\n<li><\/li>\n<li>Ole kindel, et k\u00fclm ilm on p\u00fcsinud n\u00e4dalap\u00e4evad;<\/li>\n<\/ul>\n<ul>\n<li>Veendu, et j\u00e4\u00e4 on piisavalt tugev sinu kandmiseks;<\/li>\n<\/ul>\n<ul>\n<li>Riietu vastavalt ilmastikuoludele;<\/li>\n<\/ul>\n<ul>\n<li>V\u00f5ta endaga kaasa j\u00e4\u00e4naelad. J\u00e4\u00e4naelad tuleb panna kaela, k\u00f5ige pealmise riietuse peale, et neid vajadusel takistuseta k\u00e4tte saaks. J\u00e4\u00e4naelad on m\u00f5eldud abivahendina j\u00e4\u00e4august v\u00e4lja ronimiseks;<\/li>\n<\/ul>\n<ul>\n<li>Teavita oma l\u00e4hedasi enne, kui l\u00e4hed j\u00e4\u00e4le;<\/li>\n<\/ul>\n<ul>\n<li>Tea veekogu nime, millele kavatsed minna, see on vajalik juhuks, kui pead sooritama h\u00e4dak\u00f5ne ja selgitama H\u00e4irekeskusele oma asukohta.<\/li>\n<\/ul>\n<\/ul>\n<\/ul>\n<\/ul>\n","protected":false},"excerpt":{"rendered":"<p>&nbsp; Veekogu kattev j\u00e4\u00e4 ei r\u00fcnda inimest. J\u00e4\u00e4\u00f5nnetuses on s\u00fc\u00fcdi valesti k\u00e4itunud inimene, kes pole osanud ohtu hinnata ja on olnud liiga enesekindel. Inimest kannab \u201eterve\u201c j\u00e4\u00e4. Selles puuduvad l\u00f5hed v\u00f5i praod, v\u00e4ljan\u00e4gemine on \u00fchtlane ja sile. Pikipragu v\u00e4hendab j\u00e4\u00e4 tugevust ligi 25%, ristipragu ligi 40%. J\u00e4\u00e4 paksus peab olema v\u00e4hemalt 7 cm. Kevadel ja&#8230;  <a class=\"excerpt-read-more\" href=\"https:\/\/veeohutus.ee\/suvi\/enne-jaele-minekut\/\" title=\"Read Enne j\u00e4\u00e4le minekut\">Read more<\/a><\/p>\n","protected":false},"author":2,"featured_media":1269,"parent":0,"menu_order":6,"comment_status":"closed","ping_status":"closed","template":"","meta":{"_acf_changed":false,"footnotes":""},"class_list":["post-1154","page","type-page","status-publish","has-post-thumbnail","hentry"],"acf":[],"yoast_head":"<!-- This site is optimized with the Yoast SEO plugin v26.7 - https:\/\/yoast.com\/wordpress\/plugins\/seo\/ -->\n<title>Enne j\u00e4\u00e4le minekut - Veeohutus - Suvi - tule uuri, kuidas ennetada ja aidata - P\u00e4\u00e4steamet<\/title>\n<meta name=\"robots\" content=\"index, follow, max-snippet:-1, max-image-preview:large, max-video-preview:-1\" \/>\n<link rel=\"canonical\" href=\"https:\/\/veeohutus.ee\/suvi\/enne-jaele-minekut\/\" \/>\n<meta property=\"og:locale\" content=\"et_EE\" \/>\n<meta property=\"og:type\" content=\"article\" \/>\n<meta property=\"og:title\" content=\"Enne j\u00e4\u00e4le minekut - Veeohutus - Suvi - tule uuri, kuidas ennetada ja aidata - P\u00e4\u00e4steamet\" \/>\n<meta property=\"og:description\" content=\"&nbsp; Veekogu kattev j\u00e4\u00e4 ei r\u00fcnda inimest. J\u00e4\u00e4\u00f5nnetuses on s\u00fc\u00fcdi valesti k\u00e4itunud inimene, kes pole osanud ohtu hinnata ja on olnud liiga enesekindel. Inimest kannab \u201eterve\u201c j\u00e4\u00e4. Selles puuduvad l\u00f5hed v\u00f5i praod, v\u00e4ljan\u00e4gemine on \u00fchtlane ja sile. Pikipragu v\u00e4hendab j\u00e4\u00e4 tugevust ligi 25%, ristipragu ligi 40%. J\u00e4\u00e4 paksus peab olema v\u00e4hemalt 7 cm. Kevadel ja... Read more\" \/>\n<meta property=\"og:url\" content=\"https:\/\/veeohutus.ee\/suvi\/enne-jaele-minekut\/\" \/>\n<meta property=\"og:site_name\" content=\"Veeohutus - Suvi - tule uuri, kuidas ennetada ja aidata - P\u00e4\u00e4steamet\" \/>\n<meta property=\"article:modified_time\" content=\"2018-10-18T11:20:59+00:00\" \/>\n<meta property=\"og:image\" content=\"https:\/\/veeohutus.ee\/suvi\/wp-content\/uploads\/2016\/12\/jaa-Medium.jpg\" \/>\n\t<meta property=\"og:image:width\" content=\"800\" \/>\n\t<meta property=\"og:image:height\" content=\"600\" \/>\n\t<meta property=\"og:image:type\" content=\"image\/jpeg\" \/>\n<meta name=\"twitter:card\" content=\"summary_large_image\" \/>\n<meta name=\"twitter:label1\" content=\"Est. reading time\" \/>\n\t<meta name=\"twitter:data1\" content=\"1 minut\" \/>\n<script type=\"application\/ld+json\" class=\"yoast-schema-graph\">{\"@context\":\"https:\/\/schema.org\",\"@graph\":[{\"@type\":\"WebPage\",\"@id\":\"https:\/\/veeohutus.ee\/suvi\/enne-jaele-minekut\/\",\"url\":\"https:\/\/veeohutus.ee\/suvi\/enne-jaele-minekut\/\",\"name\":\"Enne j\u00e4\u00e4le minekut - Veeohutus - Suvi - tule uuri, kuidas ennetada ja aidata - P\u00e4\u00e4steamet\",\"isPartOf\":{\"@id\":\"https:\/\/veeohutus.ee\/suvi\/#website\"},\"primaryImageOfPage\":{\"@id\":\"https:\/\/veeohutus.ee\/suvi\/enne-jaele-minekut\/#primaryimage\"},\"image\":{\"@id\":\"https:\/\/veeohutus.ee\/suvi\/enne-jaele-minekut\/#primaryimage\"},\"thumbnailUrl\":\"https:\/\/veeohutus.ee\/suvi\/wp-content\/uploads\/2016\/12\/jaa-Medium.jpg\",\"datePublished\":\"2016-12-21T08:38:17+00:00\",\"dateModified\":\"2018-10-18T11:20:59+00:00\",\"breadcrumb\":{\"@id\":\"https:\/\/veeohutus.ee\/suvi\/enne-jaele-minekut\/#breadcrumb\"},\"inLanguage\":\"et\",\"potentialAction\":[{\"@type\":\"ReadAction\",\"target\":[\"https:\/\/veeohutus.ee\/suvi\/enne-jaele-minekut\/\"]}]},{\"@type\":\"ImageObject\",\"inLanguage\":\"et\",\"@id\":\"https:\/\/veeohutus.ee\/suvi\/enne-jaele-minekut\/#primaryimage\",\"url\":\"https:\/\/veeohutus.ee\/suvi\/wp-content\/uploads\/2016\/12\/jaa-Medium.jpg\",\"contentUrl\":\"https:\/\/veeohutus.ee\/suvi\/wp-content\/uploads\/2016\/12\/jaa-Medium.jpg\",\"width\":800,\"height\":600},{\"@type\":\"BreadcrumbList\",\"@id\":\"https:\/\/veeohutus.ee\/suvi\/enne-jaele-minekut\/#breadcrumb\",\"itemListElement\":[{\"@type\":\"ListItem\",\"position\":1,\"name\":\"Home\",\"item\":\"https:\/\/veeohutus.ee\/suvi\/\"},{\"@type\":\"ListItem\",\"position\":2,\"name\":\"Enne j\u00e4\u00e4le minekut\"}]},{\"@type\":\"WebSite\",\"@id\":\"https:\/\/veeohutus.ee\/suvi\/#website\",\"url\":\"https:\/\/veeohutus.ee\/suvi\/\",\"name\":\"Veeohutus - Suvi - tule uuri, kuidas ennetada ja aidata - P\u00e4\u00e4steamet\",\"description\":\"P\u00e4\u00e4steamet - Veeohutus\",\"potentialAction\":[{\"@type\":\"SearchAction\",\"target\":{\"@type\":\"EntryPoint\",\"urlTemplate\":\"https:\/\/veeohutus.ee\/suvi\/?s={search_term_string}\"},\"query-input\":{\"@type\":\"PropertyValueSpecification\",\"valueRequired\":true,\"valueName\":\"search_term_string\"}}],\"inLanguage\":\"et\"}]}<\/script>\n<!-- \/ Yoast SEO plugin. -->","yoast_head_json":{"title":"Enne j\u00e4\u00e4le minekut - Veeohutus - Suvi - tule uuri, kuidas ennetada ja aidata - P\u00e4\u00e4steamet","robots":{"index":"index","follow":"follow","max-snippet":"max-snippet:-1","max-image-preview":"max-image-preview:large","max-video-preview":"max-video-preview:-1"},"canonical":"https:\/\/veeohutus.ee\/suvi\/enne-jaele-minekut\/","og_locale":"et_EE","og_type":"article","og_title":"Enne j\u00e4\u00e4le minekut - Veeohutus - Suvi - tule uuri, kuidas ennetada ja aidata - P\u00e4\u00e4steamet","og_description":"&nbsp; Veekogu kattev j\u00e4\u00e4 ei r\u00fcnda inimest. J\u00e4\u00e4\u00f5nnetuses on s\u00fc\u00fcdi valesti k\u00e4itunud inimene, kes pole osanud ohtu hinnata ja on olnud liiga enesekindel. Inimest kannab \u201eterve\u201c j\u00e4\u00e4. Selles puuduvad l\u00f5hed v\u00f5i praod, v\u00e4ljan\u00e4gemine on \u00fchtlane ja sile. Pikipragu v\u00e4hendab j\u00e4\u00e4 tugevust ligi 25%, ristipragu ligi 40%. J\u00e4\u00e4 paksus peab olema v\u00e4hemalt 7 cm. Kevadel ja... Read more","og_url":"https:\/\/veeohutus.ee\/suvi\/enne-jaele-minekut\/","og_site_name":"Veeohutus - Suvi - tule uuri, kuidas ennetada ja aidata - P\u00e4\u00e4steamet","article_modified_time":"2018-10-18T11:20:59+00:00","og_image":[{"width":800,"height":600,"url":"https:\/\/veeohutus.ee\/suvi\/wp-content\/uploads\/2016\/12\/jaa-Medium.jpg","type":"image\/jpeg"}],"twitter_card":"summary_large_image","twitter_misc":{"Est. reading time":"1 minut"},"schema":{"@context":"https:\/\/schema.org","@graph":[{"@type":"WebPage","@id":"https:\/\/veeohutus.ee\/suvi\/enne-jaele-minekut\/","url":"https:\/\/veeohutus.ee\/suvi\/enne-jaele-minekut\/","name":"Enne j\u00e4\u00e4le minekut - Veeohutus - Suvi - tule uuri, kuidas ennetada ja aidata - P\u00e4\u00e4steamet","isPartOf":{"@id":"https:\/\/veeohutus.ee\/suvi\/#website"},"primaryImageOfPage":{"@id":"https:\/\/veeohutus.ee\/suvi\/enne-jaele-minekut\/#primaryimage"},"image":{"@id":"https:\/\/veeohutus.ee\/suvi\/enne-jaele-minekut\/#primaryimage"},"thumbnailUrl":"https:\/\/veeohutus.ee\/suvi\/wp-content\/uploads\/2016\/12\/jaa-Medium.jpg","datePublished":"2016-12-21T08:38:17+00:00","dateModified":"2018-10-18T11:20:59+00:00","breadcrumb":{"@id":"https:\/\/veeohutus.ee\/suvi\/enne-jaele-minekut\/#breadcrumb"},"inLanguage":"et","potentialAction":[{"@type":"ReadAction","target":["https:\/\/veeohutus.ee\/suvi\/enne-jaele-minekut\/"]}]},{"@type":"ImageObject","inLanguage":"et","@id":"https:\/\/veeohutus.ee\/suvi\/enne-jaele-minekut\/#primaryimage","url":"https:\/\/veeohutus.ee\/suvi\/wp-content\/uploads\/2016\/12\/jaa-Medium.jpg","contentUrl":"https:\/\/veeohutus.ee\/suvi\/wp-content\/uploads\/2016\/12\/jaa-Medium.jpg","width":800,"height":600},{"@type":"BreadcrumbList","@id":"https:\/\/veeohutus.ee\/suvi\/enne-jaele-minekut\/#breadcrumb","itemListElement":[{"@type":"ListItem","position":1,"name":"Home","item":"https:\/\/veeohutus.ee\/suvi\/"},{"@type":"ListItem","position":2,"name":"Enne j\u00e4\u00e4le minekut"}]},{"@type":"WebSite","@id":"https:\/\/veeohutus.ee\/suvi\/#website","url":"https:\/\/veeohutus.ee\/suvi\/","name":"Veeohutus - Suvi - tule uuri, kuidas ennetada ja aidata - P\u00e4\u00e4steamet","description":"P\u00e4\u00e4steamet - Veeohutus","potentialAction":[{"@type":"SearchAction","target":{"@type":"EntryPoint","urlTemplate":"https:\/\/veeohutus.ee\/suvi\/?s={search_term_string}"},"query-input":{"@type":"PropertyValueSpecification","valueRequired":true,"valueName":"search_term_string"}}],"inLanguage":"et"}]}},"_links":{"self":[{"href":"https:\/\/veeohutus.ee\/suvi\/wp-json\/wp\/v2\/pages\/1154","targetHints":{"allow":["GET"]}}],"collection":[{"href":"https:\/\/veeohutus.ee\/suvi\/wp-json\/wp\/v2\/pages"}],"about":[{"href":"https:\/\/veeohutus.ee\/suvi\/wp-json\/wp\/v2\/types\/page"}],"author":[{"embeddable":true,"href":"https:\/\/veeohutus.ee\/suvi\/wp-json\/wp\/v2\/users\/2"}],"replies":[{"embeddable":true,"href":"https:\/\/veeohutus.ee\/suvi\/wp-json\/wp\/v2\/comments?post=1154"}],"version-history":[{"count":18,"href":"https:\/\/veeohutus.ee\/suvi\/wp-json\/wp\/v2\/pages\/1154\/revisions"}],"predecessor-version":[{"id":2853,"href":"https:\/\/veeohutus.ee\/suvi\/wp-json\/wp\/v2\/pages\/1154\/revisions\/2853"}],"wp:featuredmedia":[{"embeddable":true,"href":"https:\/\/veeohutus.ee\/suvi\/wp-json\/wp\/v2\/media\/1269"}],"wp:attachment":[{"href":"https:\/\/veeohutus.ee\/suvi\/wp-json\/wp\/v2\/media?parent=1154"}],"curies":[{"name":"wp","href":"https:\/\/api.w.org\/{rel}","templated":true}]}}