{"id":1175,"date":"2016-12-21T12:24:38","date_gmt":"2016-12-21T09:24:38","guid":{"rendered":"http:\/\/demo.opus.ee\/projects\/veeohutus\/www\/?page_id=1175"},"modified":"2017-06-02T10:08:54","modified_gmt":"2017-06-02T07:08:54","slug":"mootorsoiduk","status":"publish","type":"page","link":"https:\/\/veeohutus.ee\/suvi\/mootorsoiduk\/","title":{"rendered":"Mootors\u00f5idukiga liikumine j\u00e4\u00e4l"},"content":{"rendered":"<p>&nbsp;<\/p>\n<ul>\n<li>J\u00e4\u00e4le s\u00f5ites tuleb j\u00e4lgida kaldal olevaid liiklusm\u00e4rke. Sisse ja l\u00e4bis\u00f5idu keelum\u00e4rk ei muutu j\u00e4\u00e4 tulekuga kehtetuks. Vali oludele vastav s\u00f5idukiirus.<\/li>\n<li>J\u00e4\u00e4l liikudes s\u00f5ida lahtise turvav\u00f6\u00f6ga, ole kindel, et uksed avanevad h\u00f5lpsalt ja autos olevad esemed ei takistaks kiiret v\u00e4ljumist autost.<\/li>\n<li>\u00c4ra tee tarbetuid j\u00e4rske man\u00f6\u00f6vreid. \u00c4ra pidurda ega kiirenda j\u00e4rsult. Kahtlastele kohtadele l\u00e4henedes kontrolli eelnevalt, kas antud kohta on turvaline l\u00e4bida.<br \/>\nJ\u00e4ta masin kahtlasest kohast piisavalt kaugele. \u00c4ra pargi s\u00f5idukeid troppi. Kolonnis liigu \u00fchtlaselt, anna peatumisest teistele varakult m\u00e4rku.<\/li>\n<li>V\u00f5ta kaasa laetud mobiiltelefon, GPS v\u00f5i kompass. Paha ei tee lumelabidas ja puksiirk\u00f6is pagasnikus. Kontrolli kas telefonis on olemas vajalikud telefoninumbrid.<br \/>\nPeipsil \u00e4ra unusta ennast ja kaasas olevaid s\u00f5pru j\u00e4rvele ja \u00f5htul maha registreerida.\u00a0Varu veidi aega, esmasel minekul k\u00fcsitakse k\u00f5ikide minejate nime ja s\u00fcnnikuup\u00e4eva, helistajalt ka isikukoodi.<\/li>\n<\/ul>\n","protected":false},"excerpt":{"rendered":"<p>&nbsp; J\u00e4\u00e4le s\u00f5ites tuleb j\u00e4lgida kaldal olevaid liiklusm\u00e4rke. Sisse ja l\u00e4bis\u00f5idu keelum\u00e4rk ei muutu j\u00e4\u00e4 tulekuga kehtetuks. Vali oludele vastav s\u00f5idukiirus. J\u00e4\u00e4l liikudes s\u00f5ida lahtise turvav\u00f6\u00f6ga, ole kindel, et uksed avanevad h\u00f5lpsalt ja autos olevad esemed ei takistaks kiiret v\u00e4ljumist autost. \u00c4ra tee tarbetuid j\u00e4rske man\u00f6\u00f6vreid. \u00c4ra pidurda ega kiirenda j\u00e4rsult. Kahtlastele kohtadele l\u00e4henedes kontrolli&#8230;  <a class=\"excerpt-read-more\" href=\"https:\/\/veeohutus.ee\/suvi\/mootorsoiduk\/\" title=\"Read Mootors\u00f5idukiga liikumine j\u00e4\u00e4l\">Read more<\/a><\/p>\n","protected":false},"author":2,"featured_media":1281,"parent":0,"menu_order":46,"comment_status":"closed","ping_status":"closed","template":"","meta":{"_acf_changed":false,"footnotes":""},"class_list":["post-1175","page","type-page","status-publish","has-post-thumbnail","hentry"],"acf":[],"yoast_head":"<!-- This site is optimized with the Yoast SEO plugin v26.7 - https:\/\/yoast.com\/wordpress\/plugins\/seo\/ -->\n<title>Mootors\u00f5idukiga liikumine j\u00e4\u00e4l - Veeohutus - Suvi - tule uuri, kuidas ennetada ja aidata - P\u00e4\u00e4steamet<\/title>\n<meta name=\"robots\" content=\"index, follow, max-snippet:-1, max-image-preview:large, max-video-preview:-1\" \/>\n<link rel=\"canonical\" href=\"https:\/\/veeohutus.ee\/suvi\/mootorsoiduk\/\" \/>\n<meta property=\"og:locale\" content=\"et_EE\" \/>\n<meta property=\"og:type\" content=\"article\" \/>\n<meta property=\"og:title\" content=\"Mootors\u00f5idukiga liikumine j\u00e4\u00e4l - Veeohutus - Suvi - tule uuri, kuidas ennetada ja aidata - P\u00e4\u00e4steamet\" \/>\n<meta property=\"og:description\" content=\"&nbsp; J\u00e4\u00e4le s\u00f5ites tuleb j\u00e4lgida kaldal olevaid liiklusm\u00e4rke. Sisse ja l\u00e4bis\u00f5idu keelum\u00e4rk ei muutu j\u00e4\u00e4 tulekuga kehtetuks. Vali oludele vastav s\u00f5idukiirus. J\u00e4\u00e4l liikudes s\u00f5ida lahtise turvav\u00f6\u00f6ga, ole kindel, et uksed avanevad h\u00f5lpsalt ja autos olevad esemed ei takistaks kiiret v\u00e4ljumist autost. \u00c4ra tee tarbetuid j\u00e4rske man\u00f6\u00f6vreid. \u00c4ra pidurda ega kiirenda j\u00e4rsult. Kahtlastele kohtadele l\u00e4henedes kontrolli... Read more\" \/>\n<meta property=\"og:url\" content=\"https:\/\/veeohutus.ee\/suvi\/mootorsoiduk\/\" \/>\n<meta property=\"og:site_name\" content=\"Veeohutus - Suvi - tule uuri, kuidas ennetada ja aidata - P\u00e4\u00e4steamet\" \/>\n<meta property=\"article:modified_time\" content=\"2017-06-02T07:08:54+00:00\" \/>\n<meta property=\"og:image\" content=\"https:\/\/veeohutus.ee\/suvi\/wp-content\/uploads\/2016\/12\/snow-1210060_960_720.jpg\" \/>\n\t<meta property=\"og:image:width\" content=\"960\" \/>\n\t<meta property=\"og:image:height\" content=\"719\" \/>\n\t<meta property=\"og:image:type\" content=\"image\/jpeg\" \/>\n<meta name=\"twitter:card\" content=\"summary_large_image\" \/>\n<meta name=\"twitter:label1\" content=\"Est. reading time\" \/>\n\t<meta name=\"twitter:data1\" content=\"1 minut\" \/>\n<script type=\"application\/ld+json\" class=\"yoast-schema-graph\">{\"@context\":\"https:\/\/schema.org\",\"@graph\":[{\"@type\":\"WebPage\",\"@id\":\"https:\/\/veeohutus.ee\/suvi\/mootorsoiduk\/\",\"url\":\"https:\/\/veeohutus.ee\/suvi\/mootorsoiduk\/\",\"name\":\"Mootors\u00f5idukiga liikumine j\u00e4\u00e4l - Veeohutus - Suvi - tule uuri, kuidas ennetada ja aidata - P\u00e4\u00e4steamet\",\"isPartOf\":{\"@id\":\"https:\/\/veeohutus.ee\/suvi\/#website\"},\"primaryImageOfPage\":{\"@id\":\"https:\/\/veeohutus.ee\/suvi\/mootorsoiduk\/#primaryimage\"},\"image\":{\"@id\":\"https:\/\/veeohutus.ee\/suvi\/mootorsoiduk\/#primaryimage\"},\"thumbnailUrl\":\"https:\/\/veeohutus.ee\/suvi\/wp-content\/uploads\/2016\/12\/snow-1210060_960_720.jpg\",\"datePublished\":\"2016-12-21T09:24:38+00:00\",\"dateModified\":\"2017-06-02T07:08:54+00:00\",\"breadcrumb\":{\"@id\":\"https:\/\/veeohutus.ee\/suvi\/mootorsoiduk\/#breadcrumb\"},\"inLanguage\":\"et\",\"potentialAction\":[{\"@type\":\"ReadAction\",\"target\":[\"https:\/\/veeohutus.ee\/suvi\/mootorsoiduk\/\"]}]},{\"@type\":\"ImageObject\",\"inLanguage\":\"et\",\"@id\":\"https:\/\/veeohutus.ee\/suvi\/mootorsoiduk\/#primaryimage\",\"url\":\"https:\/\/veeohutus.ee\/suvi\/wp-content\/uploads\/2016\/12\/snow-1210060_960_720.jpg\",\"contentUrl\":\"https:\/\/veeohutus.ee\/suvi\/wp-content\/uploads\/2016\/12\/snow-1210060_960_720.jpg\",\"width\":960,\"height\":719},{\"@type\":\"BreadcrumbList\",\"@id\":\"https:\/\/veeohutus.ee\/suvi\/mootorsoiduk\/#breadcrumb\",\"itemListElement\":[{\"@type\":\"ListItem\",\"position\":1,\"name\":\"Home\",\"item\":\"https:\/\/veeohutus.ee\/suvi\/\"},{\"@type\":\"ListItem\",\"position\":2,\"name\":\"Mootors\u00f5idukiga liikumine j\u00e4\u00e4l\"}]},{\"@type\":\"WebSite\",\"@id\":\"https:\/\/veeohutus.ee\/suvi\/#website\",\"url\":\"https:\/\/veeohutus.ee\/suvi\/\",\"name\":\"Veeohutus - Suvi - tule uuri, kuidas ennetada ja aidata - P\u00e4\u00e4steamet\",\"description\":\"P\u00e4\u00e4steamet - Veeohutus\",\"potentialAction\":[{\"@type\":\"SearchAction\",\"target\":{\"@type\":\"EntryPoint\",\"urlTemplate\":\"https:\/\/veeohutus.ee\/suvi\/?s={search_term_string}\"},\"query-input\":{\"@type\":\"PropertyValueSpecification\",\"valueRequired\":true,\"valueName\":\"search_term_string\"}}],\"inLanguage\":\"et\"}]}<\/script>\n<!-- \/ Yoast SEO plugin. -->","yoast_head_json":{"title":"Mootors\u00f5idukiga liikumine j\u00e4\u00e4l - Veeohutus - Suvi - tule uuri, kuidas ennetada ja aidata - P\u00e4\u00e4steamet","robots":{"index":"index","follow":"follow","max-snippet":"max-snippet:-1","max-image-preview":"max-image-preview:large","max-video-preview":"max-video-preview:-1"},"canonical":"https:\/\/veeohutus.ee\/suvi\/mootorsoiduk\/","og_locale":"et_EE","og_type":"article","og_title":"Mootors\u00f5idukiga liikumine j\u00e4\u00e4l - Veeohutus - Suvi - tule uuri, kuidas ennetada ja aidata - P\u00e4\u00e4steamet","og_description":"&nbsp; J\u00e4\u00e4le s\u00f5ites tuleb j\u00e4lgida kaldal olevaid liiklusm\u00e4rke. Sisse ja l\u00e4bis\u00f5idu keelum\u00e4rk ei muutu j\u00e4\u00e4 tulekuga kehtetuks. Vali oludele vastav s\u00f5idukiirus. J\u00e4\u00e4l liikudes s\u00f5ida lahtise turvav\u00f6\u00f6ga, ole kindel, et uksed avanevad h\u00f5lpsalt ja autos olevad esemed ei takistaks kiiret v\u00e4ljumist autost. \u00c4ra tee tarbetuid j\u00e4rske man\u00f6\u00f6vreid. \u00c4ra pidurda ega kiirenda j\u00e4rsult. Kahtlastele kohtadele l\u00e4henedes kontrolli... Read more","og_url":"https:\/\/veeohutus.ee\/suvi\/mootorsoiduk\/","og_site_name":"Veeohutus - Suvi - tule uuri, kuidas ennetada ja aidata - P\u00e4\u00e4steamet","article_modified_time":"2017-06-02T07:08:54+00:00","og_image":[{"width":960,"height":719,"url":"https:\/\/veeohutus.ee\/suvi\/wp-content\/uploads\/2016\/12\/snow-1210060_960_720.jpg","type":"image\/jpeg"}],"twitter_card":"summary_large_image","twitter_misc":{"Est. reading time":"1 minut"},"schema":{"@context":"https:\/\/schema.org","@graph":[{"@type":"WebPage","@id":"https:\/\/veeohutus.ee\/suvi\/mootorsoiduk\/","url":"https:\/\/veeohutus.ee\/suvi\/mootorsoiduk\/","name":"Mootors\u00f5idukiga liikumine j\u00e4\u00e4l - Veeohutus - Suvi - tule uuri, kuidas ennetada ja aidata - P\u00e4\u00e4steamet","isPartOf":{"@id":"https:\/\/veeohutus.ee\/suvi\/#website"},"primaryImageOfPage":{"@id":"https:\/\/veeohutus.ee\/suvi\/mootorsoiduk\/#primaryimage"},"image":{"@id":"https:\/\/veeohutus.ee\/suvi\/mootorsoiduk\/#primaryimage"},"thumbnailUrl":"https:\/\/veeohutus.ee\/suvi\/wp-content\/uploads\/2016\/12\/snow-1210060_960_720.jpg","datePublished":"2016-12-21T09:24:38+00:00","dateModified":"2017-06-02T07:08:54+00:00","breadcrumb":{"@id":"https:\/\/veeohutus.ee\/suvi\/mootorsoiduk\/#breadcrumb"},"inLanguage":"et","potentialAction":[{"@type":"ReadAction","target":["https:\/\/veeohutus.ee\/suvi\/mootorsoiduk\/"]}]},{"@type":"ImageObject","inLanguage":"et","@id":"https:\/\/veeohutus.ee\/suvi\/mootorsoiduk\/#primaryimage","url":"https:\/\/veeohutus.ee\/suvi\/wp-content\/uploads\/2016\/12\/snow-1210060_960_720.jpg","contentUrl":"https:\/\/veeohutus.ee\/suvi\/wp-content\/uploads\/2016\/12\/snow-1210060_960_720.jpg","width":960,"height":719},{"@type":"BreadcrumbList","@id":"https:\/\/veeohutus.ee\/suvi\/mootorsoiduk\/#breadcrumb","itemListElement":[{"@type":"ListItem","position":1,"name":"Home","item":"https:\/\/veeohutus.ee\/suvi\/"},{"@type":"ListItem","position":2,"name":"Mootors\u00f5idukiga liikumine j\u00e4\u00e4l"}]},{"@type":"WebSite","@id":"https:\/\/veeohutus.ee\/suvi\/#website","url":"https:\/\/veeohutus.ee\/suvi\/","name":"Veeohutus - Suvi - tule uuri, kuidas ennetada ja aidata - P\u00e4\u00e4steamet","description":"P\u00e4\u00e4steamet - Veeohutus","potentialAction":[{"@type":"SearchAction","target":{"@type":"EntryPoint","urlTemplate":"https:\/\/veeohutus.ee\/suvi\/?s={search_term_string}"},"query-input":{"@type":"PropertyValueSpecification","valueRequired":true,"valueName":"search_term_string"}}],"inLanguage":"et"}]}},"_links":{"self":[{"href":"https:\/\/veeohutus.ee\/suvi\/wp-json\/wp\/v2\/pages\/1175","targetHints":{"allow":["GET"]}}],"collection":[{"href":"https:\/\/veeohutus.ee\/suvi\/wp-json\/wp\/v2\/pages"}],"about":[{"href":"https:\/\/veeohutus.ee\/suvi\/wp-json\/wp\/v2\/types\/page"}],"author":[{"embeddable":true,"href":"https:\/\/veeohutus.ee\/suvi\/wp-json\/wp\/v2\/users\/2"}],"replies":[{"embeddable":true,"href":"https:\/\/veeohutus.ee\/suvi\/wp-json\/wp\/v2\/comments?post=1175"}],"version-history":[{"count":5,"href":"https:\/\/veeohutus.ee\/suvi\/wp-json\/wp\/v2\/pages\/1175\/revisions"}],"predecessor-version":[{"id":1246,"href":"https:\/\/veeohutus.ee\/suvi\/wp-json\/wp\/v2\/pages\/1175\/revisions\/1246"}],"wp:featuredmedia":[{"embeddable":true,"href":"https:\/\/veeohutus.ee\/suvi\/wp-json\/wp\/v2\/media\/1281"}],"wp:attachment":[{"href":"https:\/\/veeohutus.ee\/suvi\/wp-json\/wp\/v2\/media?parent=1175"}],"curies":[{"name":"wp","href":"https:\/\/api.w.org\/{rel}","templated":true}]}}