{"id":1182,"date":"2016-12-21T16:32:10","date_gmt":"2016-12-21T13:32:10","guid":{"rendered":"http:\/\/demo.opus.ee\/projects\/veeohutus\/www\/?page_id=1182"},"modified":"2016-12-21T16:32:10","modified_gmt":"2016-12-21T13:32:10","slug":"uldist","status":"publish","type":"page","link":"https:\/\/veeohutus.ee\/suvi\/uldist\/","title":{"rendered":"\u00dcldist"},"content":{"rendered":"","protected":false},"excerpt":{"rendered":"","protected":false},"author":2,"featured_media":0,"parent":0,"menu_order":0,"comment_status":"closed","ping_status":"closed","template":"","meta":{"_acf_changed":false,"footnotes":""},"class_list":["post-1182","page","type-page","status-publish","hentry"],"acf":[],"yoast_head":"<!-- This site is optimized with the Yoast SEO plugin v26.7 - https:\/\/yoast.com\/wordpress\/plugins\/seo\/ -->\n<title>\u00dcldist - Veeohutus - Suvi - tule uuri, kuidas ennetada ja aidata - P\u00e4\u00e4steamet<\/title>\n<meta name=\"robots\" content=\"index, follow, max-snippet:-1, max-image-preview:large, max-video-preview:-1\" \/>\n<link rel=\"canonical\" href=\"https:\/\/veeohutus.ee\/suvi\/uldist\/\" \/>\n<meta property=\"og:locale\" content=\"et_EE\" \/>\n<meta property=\"og:type\" content=\"article\" \/>\n<meta property=\"og:title\" content=\"\u00dcldist - Veeohutus - Suvi - tule uuri, kuidas ennetada ja aidata - P\u00e4\u00e4steamet\" \/>\n<meta property=\"og:url\" content=\"https:\/\/veeohutus.ee\/suvi\/uldist\/\" \/>\n<meta property=\"og:site_name\" content=\"Veeohutus - Suvi - tule uuri, kuidas ennetada ja aidata - P\u00e4\u00e4steamet\" \/>\n<meta name=\"twitter:card\" content=\"summary_large_image\" \/>\n<script type=\"application\/ld+json\" class=\"yoast-schema-graph\">{\"@context\":\"https:\/\/schema.org\",\"@graph\":[{\"@type\":\"WebPage\",\"@id\":\"https:\/\/veeohutus.ee\/suvi\/uldist\/\",\"url\":\"https:\/\/veeohutus.ee\/suvi\/uldist\/\",\"name\":\"\u00dcldist - Veeohutus - Suvi - tule uuri, kuidas ennetada ja aidata - P\u00e4\u00e4steamet\",\"isPartOf\":{\"@id\":\"https:\/\/veeohutus.ee\/suvi\/#website\"},\"datePublished\":\"2016-12-21T13:32:10+00:00\",\"breadcrumb\":{\"@id\":\"https:\/\/veeohutus.ee\/suvi\/uldist\/#breadcrumb\"},\"inLanguage\":\"et\",\"potentialAction\":[{\"@type\":\"ReadAction\",\"target\":[\"https:\/\/veeohutus.ee\/suvi\/uldist\/\"]}]},{\"@type\":\"BreadcrumbList\",\"@id\":\"https:\/\/veeohutus.ee\/suvi\/uldist\/#breadcrumb\",\"itemListElement\":[{\"@type\":\"ListItem\",\"position\":1,\"name\":\"Home\",\"item\":\"https:\/\/veeohutus.ee\/suvi\/\"},{\"@type\":\"ListItem\",\"position\":2,\"name\":\"\u00dcldist\"}]},{\"@type\":\"WebSite\",\"@id\":\"https:\/\/veeohutus.ee\/suvi\/#website\",\"url\":\"https:\/\/veeohutus.ee\/suvi\/\",\"name\":\"Veeohutus - Suvi - tule uuri, kuidas ennetada ja aidata - P\u00e4\u00e4steamet\",\"description\":\"P\u00e4\u00e4steamet - Veeohutus\",\"potentialAction\":[{\"@type\":\"SearchAction\",\"target\":{\"@type\":\"EntryPoint\",\"urlTemplate\":\"https:\/\/veeohutus.ee\/suvi\/?s={search_term_string}\"},\"query-input\":{\"@type\":\"PropertyValueSpecification\",\"valueRequired\":true,\"valueName\":\"search_term_string\"}}],\"inLanguage\":\"et\"}]}<\/script>\n<!-- \/ Yoast SEO plugin. -->","yoast_head_json":{"title":"\u00dcldist - Veeohutus - Suvi - tule uuri, kuidas ennetada ja aidata - P\u00e4\u00e4steamet","robots":{"index":"index","follow":"follow","max-snippet":"max-snippet:-1","max-image-preview":"max-image-preview:large","max-video-preview":"max-video-preview:-1"},"canonical":"https:\/\/veeohutus.ee\/suvi\/uldist\/","og_locale":"et_EE","og_type":"article","og_title":"\u00dcldist - Veeohutus - Suvi - tule uuri, kuidas ennetada ja aidata - P\u00e4\u00e4steamet","og_url":"https:\/\/veeohutus.ee\/suvi\/uldist\/","og_site_name":"Veeohutus - Suvi - tule uuri, kuidas ennetada ja aidata - P\u00e4\u00e4steamet","twitter_card":"summary_large_image","schema":{"@context":"https:\/\/schema.org","@graph":[{"@type":"WebPage","@id":"https:\/\/veeohutus.ee\/suvi\/uldist\/","url":"https:\/\/veeohutus.ee\/suvi\/uldist\/","name":"\u00dcldist - Veeohutus - Suvi - tule uuri, kuidas ennetada ja aidata - P\u00e4\u00e4steamet","isPartOf":{"@id":"https:\/\/veeohutus.ee\/suvi\/#website"},"datePublished":"2016-12-21T13:32:10+00:00","breadcrumb":{"@id":"https:\/\/veeohutus.ee\/suvi\/uldist\/#breadcrumb"},"inLanguage":"et","potentialAction":[{"@type":"ReadAction","target":["https:\/\/veeohutus.ee\/suvi\/uldist\/"]}]},{"@type":"BreadcrumbList","@id":"https:\/\/veeohutus.ee\/suvi\/uldist\/#breadcrumb","itemListElement":[{"@type":"ListItem","position":1,"name":"Home","item":"https:\/\/veeohutus.ee\/suvi\/"},{"@type":"ListItem","position":2,"name":"\u00dcldist"}]},{"@type":"WebSite","@id":"https:\/\/veeohutus.ee\/suvi\/#website","url":"https:\/\/veeohutus.ee\/suvi\/","name":"Veeohutus - Suvi - tule uuri, kuidas ennetada ja aidata - P\u00e4\u00e4steamet","description":"P\u00e4\u00e4steamet - Veeohutus","potentialAction":[{"@type":"SearchAction","target":{"@type":"EntryPoint","urlTemplate":"https:\/\/veeohutus.ee\/suvi\/?s={search_term_string}"},"query-input":{"@type":"PropertyValueSpecification","valueRequired":true,"valueName":"search_term_string"}}],"inLanguage":"et"}]}},"_links":{"self":[{"href":"https:\/\/veeohutus.ee\/suvi\/wp-json\/wp\/v2\/pages\/1182","targetHints":{"allow":["GET"]}}],"collection":[{"href":"https:\/\/veeohutus.ee\/suvi\/wp-json\/wp\/v2\/pages"}],"about":[{"href":"https:\/\/veeohutus.ee\/suvi\/wp-json\/wp\/v2\/types\/page"}],"author":[{"embeddable":true,"href":"https:\/\/veeohutus.ee\/suvi\/wp-json\/wp\/v2\/users\/2"}],"replies":[{"embeddable":true,"href":"https:\/\/veeohutus.ee\/suvi\/wp-json\/wp\/v2\/comments?post=1182"}],"version-history":[{"count":1,"href":"https:\/\/veeohutus.ee\/suvi\/wp-json\/wp\/v2\/pages\/1182\/revisions"}],"predecessor-version":[{"id":1183,"href":"https:\/\/veeohutus.ee\/suvi\/wp-json\/wp\/v2\/pages\/1182\/revisions\/1183"}],"wp:attachment":[{"href":"https:\/\/veeohutus.ee\/suvi\/wp-json\/wp\/v2\/media?parent=1182"}],"curies":[{"name":"wp","href":"https:\/\/api.w.org\/{rel}","templated":true}]}}