{"id":1184,"date":"2016-12-21T16:34:37","date_gmt":"2016-12-21T13:34:37","guid":{"rendered":"http:\/\/demo.opus.ee\/projects\/veeohutus\/www\/?page_id=1184"},"modified":"2016-12-22T15:02:26","modified_gmt":"2016-12-22T12:02:26","slug":"video-ara-mine-norgale-jaale","status":"publish","type":"page","link":"https:\/\/veeohutus.ee\/suvi\/video-ara-mine-norgale-jaale\/","title":{"rendered":"Video \u201e\u00c4ra mine n\u00f5rgale j\u00e4\u00e4le!&#8221;"},"content":{"rendered":"<p>&nbsp;<\/p>\n<ul>\nEestis hakkavad veekogud j\u00e4\u00e4tuma hiliss\u00fcgisel, novembris. K\u00fclma talve korral p\u00fcsib j\u00e4\u00e4 kuni varakevadeni, m\u00e4rtsini. Sel perioodil liiguvad inimesed j\u00e4\u00e4l \u2013 uisutatakse, p\u00fc\u00fctakse kala ja tugeva j\u00e4\u00e4 korral \u00fcletatakse j\u00e4\u00e4d isegi autodega. Sellesse perioodi j\u00e4\u00e4vad ka kahjuks \u00f5nnetused, mis toimuvad veekogudel. Statistika j\u00e4rgi toimuvad j\u00e4\u00e4tunud veekogudel \u00f5nnetused just s\u00fcgiseti ja kevadeti ehk perioodil, mil j\u00e4\u00e4 on n\u00f5rk. Paljud samalaadsed \u00f5nnetused j\u00e4\u00e4ksid toimumata, kui inimestel oleks baasteadmised j\u00e4\u00e4 tekkimisest ja olemusest.<br \/>\n&nbsp;<\/p>\n<ul>\n<iframe loading=\"lazy\" width=\"680\" height=\"383\" src=\"https:\/\/www.youtube.com\/embed\/videoseries?list=PL566EA03DBECAB186\" frameborder=\"0\" allowfullscreen><\/iframe><\/p>\n","protected":false},"excerpt":{"rendered":"<p>&nbsp; Eestis hakkavad veekogud j\u00e4\u00e4tuma hiliss\u00fcgisel, novembris. K\u00fclma talve korral p\u00fcsib j\u00e4\u00e4 kuni varakevadeni, m\u00e4rtsini. Sel perioodil liiguvad inimesed j\u00e4\u00e4l \u2013 uisutatakse, p\u00fc\u00fctakse kala ja tugeva j\u00e4\u00e4 korral \u00fcletatakse j\u00e4\u00e4d isegi autodega. Sellesse perioodi j\u00e4\u00e4vad ka kahjuks \u00f5nnetused, mis toimuvad veekogudel. Statistika j\u00e4rgi toimuvad j\u00e4\u00e4tunud veekogudel \u00f5nnetused just s\u00fcgiseti ja kevadeti ehk perioodil, mil j\u00e4\u00e4&#8230;  <a class=\"excerpt-read-more\" href=\"https:\/\/veeohutus.ee\/suvi\/video-ara-mine-norgale-jaale\/\" title=\"Read Video \u201e\u00c4ra mine n\u00f5rgale j\u00e4\u00e4le!&#8221;\">Read more<\/a><\/p>\n","protected":false},"author":2,"featured_media":1310,"parent":0,"menu_order":0,"comment_status":"closed","ping_status":"closed","template":"","meta":{"_acf_changed":false,"footnotes":""},"class_list":["post-1184","page","type-page","status-publish","has-post-thumbnail","hentry"],"acf":[],"yoast_head":"<!-- This site is optimized with the Yoast SEO plugin v26.7 - https:\/\/yoast.com\/wordpress\/plugins\/seo\/ -->\n<title>Video \u201e\u00c4ra mine n\u00f5rgale j\u00e4\u00e4le!&quot; - Veeohutus - Suvi - tule uuri, kuidas ennetada ja aidata - P\u00e4\u00e4steamet<\/title>\n<meta name=\"robots\" content=\"index, follow, max-snippet:-1, max-image-preview:large, max-video-preview:-1\" \/>\n<link rel=\"canonical\" href=\"https:\/\/veeohutus.ee\/suvi\/video-ara-mine-norgale-jaale\/\" \/>\n<meta property=\"og:locale\" content=\"et_EE\" \/>\n<meta property=\"og:type\" content=\"article\" \/>\n<meta property=\"og:title\" content=\"Video \u201e\u00c4ra mine n\u00f5rgale j\u00e4\u00e4le!&quot; - Veeohutus - Suvi - tule uuri, kuidas ennetada ja aidata - P\u00e4\u00e4steamet\" \/>\n<meta property=\"og:description\" content=\"&nbsp; Eestis hakkavad veekogud j\u00e4\u00e4tuma hiliss\u00fcgisel, novembris. K\u00fclma talve korral p\u00fcsib j\u00e4\u00e4 kuni varakevadeni, m\u00e4rtsini. Sel perioodil liiguvad inimesed j\u00e4\u00e4l \u2013 uisutatakse, p\u00fc\u00fctakse kala ja tugeva j\u00e4\u00e4 korral \u00fcletatakse j\u00e4\u00e4d isegi autodega. Sellesse perioodi j\u00e4\u00e4vad ka kahjuks \u00f5nnetused, mis toimuvad veekogudel. Statistika j\u00e4rgi toimuvad j\u00e4\u00e4tunud veekogudel \u00f5nnetused just s\u00fcgiseti ja kevadeti ehk perioodil, mil j\u00e4\u00e4... Read more\" \/>\n<meta property=\"og:url\" content=\"https:\/\/veeohutus.ee\/suvi\/video-ara-mine-norgale-jaale\/\" \/>\n<meta property=\"og:site_name\" content=\"Veeohutus - Suvi - tule uuri, kuidas ennetada ja aidata - P\u00e4\u00e4steamet\" \/>\n<meta property=\"article:modified_time\" content=\"2016-12-22T12:02:26+00:00\" \/>\n<meta property=\"og:image\" content=\"https:\/\/veeohutus.ee\/suvi\/wp-content\/uploads\/2016\/12\/hikers-17410_960_720.jpg\" \/>\n\t<meta property=\"og:image:width\" content=\"960\" \/>\n\t<meta property=\"og:image:height\" content=\"642\" \/>\n\t<meta property=\"og:image:type\" content=\"image\/jpeg\" \/>\n<meta name=\"twitter:card\" content=\"summary_large_image\" \/>\n<meta name=\"twitter:label1\" content=\"Est. reading time\" \/>\n\t<meta name=\"twitter:data1\" content=\"1 minut\" \/>\n<script type=\"application\/ld+json\" class=\"yoast-schema-graph\">{\"@context\":\"https:\/\/schema.org\",\"@graph\":[{\"@type\":\"WebPage\",\"@id\":\"https:\/\/veeohutus.ee\/suvi\/video-ara-mine-norgale-jaale\/\",\"url\":\"https:\/\/veeohutus.ee\/suvi\/video-ara-mine-norgale-jaale\/\",\"name\":\"Video \u201e\u00c4ra mine n\u00f5rgale j\u00e4\u00e4le!\\\" - Veeohutus - Suvi - tule uuri, kuidas ennetada ja aidata - P\u00e4\u00e4steamet\",\"isPartOf\":{\"@id\":\"https:\/\/veeohutus.ee\/suvi\/#website\"},\"primaryImageOfPage\":{\"@id\":\"https:\/\/veeohutus.ee\/suvi\/video-ara-mine-norgale-jaale\/#primaryimage\"},\"image\":{\"@id\":\"https:\/\/veeohutus.ee\/suvi\/video-ara-mine-norgale-jaale\/#primaryimage\"},\"thumbnailUrl\":\"https:\/\/veeohutus.ee\/suvi\/wp-content\/uploads\/2016\/12\/hikers-17410_960_720.jpg\",\"datePublished\":\"2016-12-21T13:34:37+00:00\",\"dateModified\":\"2016-12-22T12:02:26+00:00\",\"breadcrumb\":{\"@id\":\"https:\/\/veeohutus.ee\/suvi\/video-ara-mine-norgale-jaale\/#breadcrumb\"},\"inLanguage\":\"et\",\"potentialAction\":[{\"@type\":\"ReadAction\",\"target\":[\"https:\/\/veeohutus.ee\/suvi\/video-ara-mine-norgale-jaale\/\"]}]},{\"@type\":\"ImageObject\",\"inLanguage\":\"et\",\"@id\":\"https:\/\/veeohutus.ee\/suvi\/video-ara-mine-norgale-jaale\/#primaryimage\",\"url\":\"https:\/\/veeohutus.ee\/suvi\/wp-content\/uploads\/2016\/12\/hikers-17410_960_720.jpg\",\"contentUrl\":\"https:\/\/veeohutus.ee\/suvi\/wp-content\/uploads\/2016\/12\/hikers-17410_960_720.jpg\",\"width\":960,\"height\":642},{\"@type\":\"BreadcrumbList\",\"@id\":\"https:\/\/veeohutus.ee\/suvi\/video-ara-mine-norgale-jaale\/#breadcrumb\",\"itemListElement\":[{\"@type\":\"ListItem\",\"position\":1,\"name\":\"Home\",\"item\":\"https:\/\/veeohutus.ee\/suvi\/\"},{\"@type\":\"ListItem\",\"position\":2,\"name\":\"Video \u201e\u00c4ra mine n\u00f5rgale j\u00e4\u00e4le!&#8221;\"}]},{\"@type\":\"WebSite\",\"@id\":\"https:\/\/veeohutus.ee\/suvi\/#website\",\"url\":\"https:\/\/veeohutus.ee\/suvi\/\",\"name\":\"Veeohutus - Suvi - tule uuri, kuidas ennetada ja aidata - P\u00e4\u00e4steamet\",\"description\":\"P\u00e4\u00e4steamet - Veeohutus\",\"potentialAction\":[{\"@type\":\"SearchAction\",\"target\":{\"@type\":\"EntryPoint\",\"urlTemplate\":\"https:\/\/veeohutus.ee\/suvi\/?s={search_term_string}\"},\"query-input\":{\"@type\":\"PropertyValueSpecification\",\"valueRequired\":true,\"valueName\":\"search_term_string\"}}],\"inLanguage\":\"et\"}]}<\/script>\n<!-- \/ Yoast SEO plugin. -->","yoast_head_json":{"title":"Video \u201e\u00c4ra mine n\u00f5rgale j\u00e4\u00e4le!\" - Veeohutus - Suvi - tule uuri, kuidas ennetada ja aidata - P\u00e4\u00e4steamet","robots":{"index":"index","follow":"follow","max-snippet":"max-snippet:-1","max-image-preview":"max-image-preview:large","max-video-preview":"max-video-preview:-1"},"canonical":"https:\/\/veeohutus.ee\/suvi\/video-ara-mine-norgale-jaale\/","og_locale":"et_EE","og_type":"article","og_title":"Video \u201e\u00c4ra mine n\u00f5rgale j\u00e4\u00e4le!\" - Veeohutus - Suvi - tule uuri, kuidas ennetada ja aidata - P\u00e4\u00e4steamet","og_description":"&nbsp; Eestis hakkavad veekogud j\u00e4\u00e4tuma hiliss\u00fcgisel, novembris. K\u00fclma talve korral p\u00fcsib j\u00e4\u00e4 kuni varakevadeni, m\u00e4rtsini. Sel perioodil liiguvad inimesed j\u00e4\u00e4l \u2013 uisutatakse, p\u00fc\u00fctakse kala ja tugeva j\u00e4\u00e4 korral \u00fcletatakse j\u00e4\u00e4d isegi autodega. Sellesse perioodi j\u00e4\u00e4vad ka kahjuks \u00f5nnetused, mis toimuvad veekogudel. Statistika j\u00e4rgi toimuvad j\u00e4\u00e4tunud veekogudel \u00f5nnetused just s\u00fcgiseti ja kevadeti ehk perioodil, mil j\u00e4\u00e4... Read more","og_url":"https:\/\/veeohutus.ee\/suvi\/video-ara-mine-norgale-jaale\/","og_site_name":"Veeohutus - Suvi - tule uuri, kuidas ennetada ja aidata - P\u00e4\u00e4steamet","article_modified_time":"2016-12-22T12:02:26+00:00","og_image":[{"width":960,"height":642,"url":"https:\/\/veeohutus.ee\/suvi\/wp-content\/uploads\/2016\/12\/hikers-17410_960_720.jpg","type":"image\/jpeg"}],"twitter_card":"summary_large_image","twitter_misc":{"Est. reading time":"1 minut"},"schema":{"@context":"https:\/\/schema.org","@graph":[{"@type":"WebPage","@id":"https:\/\/veeohutus.ee\/suvi\/video-ara-mine-norgale-jaale\/","url":"https:\/\/veeohutus.ee\/suvi\/video-ara-mine-norgale-jaale\/","name":"Video \u201e\u00c4ra mine n\u00f5rgale j\u00e4\u00e4le!\" - Veeohutus - Suvi - tule uuri, kuidas ennetada ja aidata - P\u00e4\u00e4steamet","isPartOf":{"@id":"https:\/\/veeohutus.ee\/suvi\/#website"},"primaryImageOfPage":{"@id":"https:\/\/veeohutus.ee\/suvi\/video-ara-mine-norgale-jaale\/#primaryimage"},"image":{"@id":"https:\/\/veeohutus.ee\/suvi\/video-ara-mine-norgale-jaale\/#primaryimage"},"thumbnailUrl":"https:\/\/veeohutus.ee\/suvi\/wp-content\/uploads\/2016\/12\/hikers-17410_960_720.jpg","datePublished":"2016-12-21T13:34:37+00:00","dateModified":"2016-12-22T12:02:26+00:00","breadcrumb":{"@id":"https:\/\/veeohutus.ee\/suvi\/video-ara-mine-norgale-jaale\/#breadcrumb"},"inLanguage":"et","potentialAction":[{"@type":"ReadAction","target":["https:\/\/veeohutus.ee\/suvi\/video-ara-mine-norgale-jaale\/"]}]},{"@type":"ImageObject","inLanguage":"et","@id":"https:\/\/veeohutus.ee\/suvi\/video-ara-mine-norgale-jaale\/#primaryimage","url":"https:\/\/veeohutus.ee\/suvi\/wp-content\/uploads\/2016\/12\/hikers-17410_960_720.jpg","contentUrl":"https:\/\/veeohutus.ee\/suvi\/wp-content\/uploads\/2016\/12\/hikers-17410_960_720.jpg","width":960,"height":642},{"@type":"BreadcrumbList","@id":"https:\/\/veeohutus.ee\/suvi\/video-ara-mine-norgale-jaale\/#breadcrumb","itemListElement":[{"@type":"ListItem","position":1,"name":"Home","item":"https:\/\/veeohutus.ee\/suvi\/"},{"@type":"ListItem","position":2,"name":"Video \u201e\u00c4ra mine n\u00f5rgale j\u00e4\u00e4le!&#8221;"}]},{"@type":"WebSite","@id":"https:\/\/veeohutus.ee\/suvi\/#website","url":"https:\/\/veeohutus.ee\/suvi\/","name":"Veeohutus - Suvi - tule uuri, kuidas ennetada ja aidata - P\u00e4\u00e4steamet","description":"P\u00e4\u00e4steamet - Veeohutus","potentialAction":[{"@type":"SearchAction","target":{"@type":"EntryPoint","urlTemplate":"https:\/\/veeohutus.ee\/suvi\/?s={search_term_string}"},"query-input":{"@type":"PropertyValueSpecification","valueRequired":true,"valueName":"search_term_string"}}],"inLanguage":"et"}]}},"_links":{"self":[{"href":"https:\/\/veeohutus.ee\/suvi\/wp-json\/wp\/v2\/pages\/1184","targetHints":{"allow":["GET"]}}],"collection":[{"href":"https:\/\/veeohutus.ee\/suvi\/wp-json\/wp\/v2\/pages"}],"about":[{"href":"https:\/\/veeohutus.ee\/suvi\/wp-json\/wp\/v2\/types\/page"}],"author":[{"embeddable":true,"href":"https:\/\/veeohutus.ee\/suvi\/wp-json\/wp\/v2\/users\/2"}],"replies":[{"embeddable":true,"href":"https:\/\/veeohutus.ee\/suvi\/wp-json\/wp\/v2\/comments?post=1184"}],"version-history":[{"count":3,"href":"https:\/\/veeohutus.ee\/suvi\/wp-json\/wp\/v2\/pages\/1184\/revisions"}],"predecessor-version":[{"id":1306,"href":"https:\/\/veeohutus.ee\/suvi\/wp-json\/wp\/v2\/pages\/1184\/revisions\/1306"}],"wp:featuredmedia":[{"embeddable":true,"href":"https:\/\/veeohutus.ee\/suvi\/wp-json\/wp\/v2\/media\/1310"}],"wp:attachment":[{"href":"https:\/\/veeohutus.ee\/suvi\/wp-json\/wp\/v2\/media?parent=1184"}],"curies":[{"name":"wp","href":"https:\/\/api.w.org\/{rel}","templated":true}]}}