{"id":1186,"date":"2016-12-21T16:39:26","date_gmt":"2016-12-21T13:39:26","guid":{"rendered":"http:\/\/demo.opus.ee\/projects\/veeohutus\/www\/?page_id=1186"},"modified":"2017-06-02T10:08:50","modified_gmt":"2017-06-02T07:08:50","slug":"lastele-vaatamiseks-ja-varvimiseks","status":"publish","type":"page","link":"https:\/\/veeohutus.ee\/suvi\/lastele-vaatamiseks-ja-varvimiseks\/","title":{"rendered":"Lastele vaatamiseks ja v\u00e4rvimiseks"},"content":{"rendered":"<p>&nbsp;<\/p>\n<p>Lastel tuleb veekogude juures silm peal hoida ja kindlasti keelata neil j\u00e4\u00e4le mineku, sest <strong>lapsed ei oska veel iseseisvalt k\u00f5iki ohte tunnetada<\/strong>.<br \/>\nVaata videot koos lapsega ja v\u00e4rvige \u00fcks tore pilt.<\/p>\n<p><iframe loading=\"lazy\" width=\"680\" height=\"510\" src=\"https:\/\/www.youtube.com\/embed\/WsYeNiMHZf4?feature=oembed\" frameborder=\"0\" allowfullscreen><\/iframe><\/p>\n<p>&nbsp;<\/p>\n<p>Pildi allalaadimiseks vajuta siia: <a href=\"https:\/\/e-koolikott.ee\/material?id=7233\">Talvine j\u00e4\u00e4ohutus lastele<\/a><\/p>\n<img loading=\"lazy\" decoding=\"async\" class=\"aligncenter wp-image-1192\" src=\"http:\/\/demo.opus.ee\/projects\/veeohutus\/www\/wp-content\/uploads\/2016\/12\/Capture.png\" alt=\"Capture\" width=\"802\" height=\"566\" srcset=\"https:\/\/veeohutus.ee\/suvi\/wp-content\/uploads\/2016\/12\/Capture.png 1338w, https:\/\/veeohutus.ee\/suvi\/wp-content\/uploads\/2016\/12\/Capture-300x212.png 300w, https:\/\/veeohutus.ee\/suvi\/wp-content\/uploads\/2016\/12\/Capture-768x542.png 768w, https:\/\/veeohutus.ee\/suvi\/wp-content\/uploads\/2016\/12\/Capture-1024x722.png 1024w\" sizes=\"auto, (max-width: 802px) 100vw, 802px\" \/>\n","protected":false},"excerpt":{"rendered":"<p>&nbsp; Lastel tuleb veekogude juures silm peal hoida ja kindlasti keelata neil j\u00e4\u00e4le mineku, sest lapsed ei oska veel iseseisvalt k\u00f5iki ohte tunnetada. Vaata videot koos lapsega ja v\u00e4rvige \u00fcks tore pilt. &nbsp; Pildi allalaadimiseks vajuta siia: Talvine j\u00e4\u00e4ohutus lastele<\/p>\n","protected":false},"author":2,"featured_media":1322,"parent":0,"menu_order":36,"comment_status":"closed","ping_status":"closed","template":"","meta":{"_acf_changed":false,"footnotes":""},"class_list":["post-1186","page","type-page","status-publish","has-post-thumbnail","hentry"],"acf":[],"yoast_head":"<!-- This site is optimized with the Yoast SEO plugin v26.7 - https:\/\/yoast.com\/wordpress\/plugins\/seo\/ -->\n<title>Lastele vaatamiseks ja v\u00e4rvimiseks - Veeohutus - Suvi - tule uuri, kuidas ennetada ja aidata - P\u00e4\u00e4steamet<\/title>\n<meta name=\"robots\" content=\"index, follow, max-snippet:-1, max-image-preview:large, max-video-preview:-1\" \/>\n<link rel=\"canonical\" href=\"https:\/\/veeohutus.ee\/suvi\/lastele-vaatamiseks-ja-varvimiseks\/\" \/>\n<meta property=\"og:locale\" content=\"et_EE\" \/>\n<meta property=\"og:type\" content=\"article\" \/>\n<meta property=\"og:title\" content=\"Lastele vaatamiseks ja v\u00e4rvimiseks - Veeohutus - Suvi - tule uuri, kuidas ennetada ja aidata - P\u00e4\u00e4steamet\" \/>\n<meta property=\"og:description\" content=\"&nbsp; Lastel tuleb veekogude juures silm peal hoida ja kindlasti keelata neil j\u00e4\u00e4le mineku, sest lapsed ei oska veel iseseisvalt k\u00f5iki ohte tunnetada. Vaata videot koos lapsega ja v\u00e4rvige \u00fcks tore pilt. &nbsp; Pildi allalaadimiseks vajuta siia: Talvine j\u00e4\u00e4ohutus lastele\" \/>\n<meta property=\"og:url\" content=\"https:\/\/veeohutus.ee\/suvi\/lastele-vaatamiseks-ja-varvimiseks\/\" \/>\n<meta property=\"og:site_name\" content=\"Veeohutus - Suvi - tule uuri, kuidas ennetada ja aidata - P\u00e4\u00e4steamet\" \/>\n<meta property=\"article:modified_time\" content=\"2017-06-02T07:08:50+00:00\" \/>\n<meta property=\"og:image\" content=\"https:\/\/veeohutus.ee\/suvi\/wp-content\/uploads\/2016\/12\/snow-1551741_960_720.jpg\" \/>\n\t<meta property=\"og:image:width\" content=\"960\" \/>\n\t<meta property=\"og:image:height\" content=\"637\" \/>\n\t<meta property=\"og:image:type\" content=\"image\/jpeg\" \/>\n<meta name=\"twitter:card\" content=\"summary_large_image\" \/>\n<script type=\"application\/ld+json\" class=\"yoast-schema-graph\">{\"@context\":\"https:\/\/schema.org\",\"@graph\":[{\"@type\":\"WebPage\",\"@id\":\"https:\/\/veeohutus.ee\/suvi\/lastele-vaatamiseks-ja-varvimiseks\/\",\"url\":\"https:\/\/veeohutus.ee\/suvi\/lastele-vaatamiseks-ja-varvimiseks\/\",\"name\":\"Lastele vaatamiseks ja v\u00e4rvimiseks - Veeohutus - Suvi - tule uuri, kuidas ennetada ja aidata - P\u00e4\u00e4steamet\",\"isPartOf\":{\"@id\":\"https:\/\/veeohutus.ee\/suvi\/#website\"},\"primaryImageOfPage\":{\"@id\":\"https:\/\/veeohutus.ee\/suvi\/lastele-vaatamiseks-ja-varvimiseks\/#primaryimage\"},\"image\":{\"@id\":\"https:\/\/veeohutus.ee\/suvi\/lastele-vaatamiseks-ja-varvimiseks\/#primaryimage\"},\"thumbnailUrl\":\"https:\/\/veeohutus.ee\/suvi\/wp-content\/uploads\/2016\/12\/snow-1551741_960_720.jpg\",\"datePublished\":\"2016-12-21T13:39:26+00:00\",\"dateModified\":\"2017-06-02T07:08:50+00:00\",\"breadcrumb\":{\"@id\":\"https:\/\/veeohutus.ee\/suvi\/lastele-vaatamiseks-ja-varvimiseks\/#breadcrumb\"},\"inLanguage\":\"et\",\"potentialAction\":[{\"@type\":\"ReadAction\",\"target\":[\"https:\/\/veeohutus.ee\/suvi\/lastele-vaatamiseks-ja-varvimiseks\/\"]}]},{\"@type\":\"ImageObject\",\"inLanguage\":\"et\",\"@id\":\"https:\/\/veeohutus.ee\/suvi\/lastele-vaatamiseks-ja-varvimiseks\/#primaryimage\",\"url\":\"https:\/\/veeohutus.ee\/suvi\/wp-content\/uploads\/2016\/12\/snow-1551741_960_720.jpg\",\"contentUrl\":\"https:\/\/veeohutus.ee\/suvi\/wp-content\/uploads\/2016\/12\/snow-1551741_960_720.jpg\",\"width\":960,\"height\":637},{\"@type\":\"BreadcrumbList\",\"@id\":\"https:\/\/veeohutus.ee\/suvi\/lastele-vaatamiseks-ja-varvimiseks\/#breadcrumb\",\"itemListElement\":[{\"@type\":\"ListItem\",\"position\":1,\"name\":\"Home\",\"item\":\"https:\/\/veeohutus.ee\/suvi\/\"},{\"@type\":\"ListItem\",\"position\":2,\"name\":\"Lastele vaatamiseks ja v\u00e4rvimiseks\"}]},{\"@type\":\"WebSite\",\"@id\":\"https:\/\/veeohutus.ee\/suvi\/#website\",\"url\":\"https:\/\/veeohutus.ee\/suvi\/\",\"name\":\"Veeohutus - Suvi - tule uuri, kuidas ennetada ja aidata - P\u00e4\u00e4steamet\",\"description\":\"P\u00e4\u00e4steamet - Veeohutus\",\"potentialAction\":[{\"@type\":\"SearchAction\",\"target\":{\"@type\":\"EntryPoint\",\"urlTemplate\":\"https:\/\/veeohutus.ee\/suvi\/?s={search_term_string}\"},\"query-input\":{\"@type\":\"PropertyValueSpecification\",\"valueRequired\":true,\"valueName\":\"search_term_string\"}}],\"inLanguage\":\"et\"}]}<\/script>\n<!-- \/ Yoast SEO plugin. -->","yoast_head_json":{"title":"Lastele vaatamiseks ja v\u00e4rvimiseks - Veeohutus - Suvi - tule uuri, kuidas ennetada ja aidata - P\u00e4\u00e4steamet","robots":{"index":"index","follow":"follow","max-snippet":"max-snippet:-1","max-image-preview":"max-image-preview:large","max-video-preview":"max-video-preview:-1"},"canonical":"https:\/\/veeohutus.ee\/suvi\/lastele-vaatamiseks-ja-varvimiseks\/","og_locale":"et_EE","og_type":"article","og_title":"Lastele vaatamiseks ja v\u00e4rvimiseks - Veeohutus - Suvi - tule uuri, kuidas ennetada ja aidata - P\u00e4\u00e4steamet","og_description":"&nbsp; Lastel tuleb veekogude juures silm peal hoida ja kindlasti keelata neil j\u00e4\u00e4le mineku, sest lapsed ei oska veel iseseisvalt k\u00f5iki ohte tunnetada. Vaata videot koos lapsega ja v\u00e4rvige \u00fcks tore pilt. &nbsp; Pildi allalaadimiseks vajuta siia: Talvine j\u00e4\u00e4ohutus lastele","og_url":"https:\/\/veeohutus.ee\/suvi\/lastele-vaatamiseks-ja-varvimiseks\/","og_site_name":"Veeohutus - Suvi - tule uuri, kuidas ennetada ja aidata - P\u00e4\u00e4steamet","article_modified_time":"2017-06-02T07:08:50+00:00","og_image":[{"width":960,"height":637,"url":"https:\/\/veeohutus.ee\/suvi\/wp-content\/uploads\/2016\/12\/snow-1551741_960_720.jpg","type":"image\/jpeg"}],"twitter_card":"summary_large_image","schema":{"@context":"https:\/\/schema.org","@graph":[{"@type":"WebPage","@id":"https:\/\/veeohutus.ee\/suvi\/lastele-vaatamiseks-ja-varvimiseks\/","url":"https:\/\/veeohutus.ee\/suvi\/lastele-vaatamiseks-ja-varvimiseks\/","name":"Lastele vaatamiseks ja v\u00e4rvimiseks - Veeohutus - Suvi - tule uuri, kuidas ennetada ja aidata - P\u00e4\u00e4steamet","isPartOf":{"@id":"https:\/\/veeohutus.ee\/suvi\/#website"},"primaryImageOfPage":{"@id":"https:\/\/veeohutus.ee\/suvi\/lastele-vaatamiseks-ja-varvimiseks\/#primaryimage"},"image":{"@id":"https:\/\/veeohutus.ee\/suvi\/lastele-vaatamiseks-ja-varvimiseks\/#primaryimage"},"thumbnailUrl":"https:\/\/veeohutus.ee\/suvi\/wp-content\/uploads\/2016\/12\/snow-1551741_960_720.jpg","datePublished":"2016-12-21T13:39:26+00:00","dateModified":"2017-06-02T07:08:50+00:00","breadcrumb":{"@id":"https:\/\/veeohutus.ee\/suvi\/lastele-vaatamiseks-ja-varvimiseks\/#breadcrumb"},"inLanguage":"et","potentialAction":[{"@type":"ReadAction","target":["https:\/\/veeohutus.ee\/suvi\/lastele-vaatamiseks-ja-varvimiseks\/"]}]},{"@type":"ImageObject","inLanguage":"et","@id":"https:\/\/veeohutus.ee\/suvi\/lastele-vaatamiseks-ja-varvimiseks\/#primaryimage","url":"https:\/\/veeohutus.ee\/suvi\/wp-content\/uploads\/2016\/12\/snow-1551741_960_720.jpg","contentUrl":"https:\/\/veeohutus.ee\/suvi\/wp-content\/uploads\/2016\/12\/snow-1551741_960_720.jpg","width":960,"height":637},{"@type":"BreadcrumbList","@id":"https:\/\/veeohutus.ee\/suvi\/lastele-vaatamiseks-ja-varvimiseks\/#breadcrumb","itemListElement":[{"@type":"ListItem","position":1,"name":"Home","item":"https:\/\/veeohutus.ee\/suvi\/"},{"@type":"ListItem","position":2,"name":"Lastele vaatamiseks ja v\u00e4rvimiseks"}]},{"@type":"WebSite","@id":"https:\/\/veeohutus.ee\/suvi\/#website","url":"https:\/\/veeohutus.ee\/suvi\/","name":"Veeohutus - Suvi - tule uuri, kuidas ennetada ja aidata - P\u00e4\u00e4steamet","description":"P\u00e4\u00e4steamet - Veeohutus","potentialAction":[{"@type":"SearchAction","target":{"@type":"EntryPoint","urlTemplate":"https:\/\/veeohutus.ee\/suvi\/?s={search_term_string}"},"query-input":{"@type":"PropertyValueSpecification","valueRequired":true,"valueName":"search_term_string"}}],"inLanguage":"et"}]}},"_links":{"self":[{"href":"https:\/\/veeohutus.ee\/suvi\/wp-json\/wp\/v2\/pages\/1186","targetHints":{"allow":["GET"]}}],"collection":[{"href":"https:\/\/veeohutus.ee\/suvi\/wp-json\/wp\/v2\/pages"}],"about":[{"href":"https:\/\/veeohutus.ee\/suvi\/wp-json\/wp\/v2\/types\/page"}],"author":[{"embeddable":true,"href":"https:\/\/veeohutus.ee\/suvi\/wp-json\/wp\/v2\/users\/2"}],"replies":[{"embeddable":true,"href":"https:\/\/veeohutus.ee\/suvi\/wp-json\/wp\/v2\/comments?post=1186"}],"version-history":[{"count":12,"href":"https:\/\/veeohutus.ee\/suvi\/wp-json\/wp\/v2\/pages\/1186\/revisions"}],"predecessor-version":[{"id":1451,"href":"https:\/\/veeohutus.ee\/suvi\/wp-json\/wp\/v2\/pages\/1186\/revisions\/1451"}],"wp:featuredmedia":[{"embeddable":true,"href":"https:\/\/veeohutus.ee\/suvi\/wp-json\/wp\/v2\/media\/1322"}],"wp:attachment":[{"href":"https:\/\/veeohutus.ee\/suvi\/wp-json\/wp\/v2\/media?parent=1186"}],"curies":[{"name":"wp","href":"https:\/\/api.w.org\/{rel}","templated":true}]}}