{"id":1861,"date":"2017-05-31T14:38:42","date_gmt":"2017-05-31T11:38:42","guid":{"rendered":"http:\/\/demo.opus.ee\/projects\/veeohutus\/www\/?page_id=1861"},"modified":"2017-06-02T10:08:50","modified_gmt":"2017-06-02T07:08:50","slug":"lastega-rannas","status":"publish","type":"page","link":"https:\/\/veeohutus.ee\/suvi\/lastega-rannas\/","title":{"rendered":"Lastega rannas"},"content":{"rendered":"<p>&nbsp;<\/p>\n<ul>\nPerega rannas olles tuleb meeles pidada, et <strong>kuni 4-aastaseid lapsi ei tohiks veekogu l\u00e4hedal haardeulatusest kaugemale lasta<\/strong> &#8211; v\u00e4ikelapsed v\u00f5ivad vette joosta silmapilkselt. <strong>Suurematel lastel, kes omap\u00e4i vees k\u00e4ivad on oluline koguaeg silm peal hoida.<\/strong> \u00d5nnetused juhtuvad ootamatult ja kiirelt.<br \/>\n&nbsp;<\/p>\n<ul>\n<iframe loading=\"lazy\" src=\"https:\/\/www.youtube.com\/embed\/pYbFP7h1qAk?list=PLXqfEWtALYhePDIWKcQxq-VDpEradxpSB\" width=\"560\" height=\"315\" frameborder=\"0\" allowfullscreen=\"allowfullscreen\"><\/iframe><\/p>\n<ul>\n&nbsp;<\/p>\n<ul>\n<ul>Kuigi t\u00e4ispuhutavad ujumise abivahendid v\u00f5ivad tunduda kasulikud ja toredad, siis tegelikult on <strong>k\u00f5ikv\u00f5imalikud t\u00e4ispuhutavad veem\u00e4nguasjad ja abivahendid ohtlikud.<\/strong> Need v\u00f5ivad lapse rannast eemale kanda ja ootamatult \u00f5hust t\u00fchjaks minna. Samuti v\u00f5ivad lapsed s\u00fcgavasse vette kandunud asju \u00e4ra tooma minnes ohtu sattuda. Ujumisr\u00f5ngas v\u00f5ib tegelikust ujumisoskusest vale arusaama tekitada v\u00f5i lapse tagurpidi keerata ja vee alla l\u00f5ksu j\u00e4tta.<\/ul>\n<\/ul>\n","protected":false},"excerpt":{"rendered":"<p>&nbsp; Perega rannas olles tuleb meeles pidada, et kuni 4-aastaseid lapsi ei tohiks veekogu l\u00e4hedal haardeulatusest kaugemale lasta &#8211; v\u00e4ikelapsed v\u00f5ivad vette joosta silmapilkselt. Suurematel lastel, kes omap\u00e4i vees k\u00e4ivad on oluline koguaeg silm peal hoida. \u00d5nnetused juhtuvad ootamatult ja kiirelt. &nbsp; &nbsp; Kuigi t\u00e4ispuhutavad ujumise abivahendid v\u00f5ivad tunduda kasulikud ja toredad, siis tegelikult on&#8230;  <a class=\"excerpt-read-more\" href=\"https:\/\/veeohutus.ee\/suvi\/lastega-rannas\/\" title=\"Read Lastega rannas\">Read more<\/a><\/p>\n","protected":false},"author":2,"featured_media":1868,"parent":0,"menu_order":34,"comment_status":"closed","ping_status":"closed","template":"","meta":{"_acf_changed":false,"footnotes":""},"class_list":["post-1861","page","type-page","status-publish","has-post-thumbnail","hentry"],"acf":[],"yoast_head":"<!-- This site is optimized with the Yoast SEO plugin v26.7 - https:\/\/yoast.com\/wordpress\/plugins\/seo\/ -->\n<title>Lastega rannas - Veeohutus - Suvi - tule uuri, kuidas ennetada ja aidata - P\u00e4\u00e4steamet<\/title>\n<meta name=\"robots\" content=\"index, follow, max-snippet:-1, max-image-preview:large, max-video-preview:-1\" \/>\n<link rel=\"canonical\" href=\"https:\/\/veeohutus.ee\/suvi\/lastega-rannas\/\" \/>\n<meta property=\"og:locale\" content=\"et_EE\" \/>\n<meta property=\"og:type\" content=\"article\" \/>\n<meta property=\"og:title\" content=\"Lastega rannas - Veeohutus - Suvi - tule uuri, kuidas ennetada ja aidata - P\u00e4\u00e4steamet\" \/>\n<meta property=\"og:description\" content=\"&nbsp; Perega rannas olles tuleb meeles pidada, et kuni 4-aastaseid lapsi ei tohiks veekogu l\u00e4hedal haardeulatusest kaugemale lasta &#8211; v\u00e4ikelapsed v\u00f5ivad vette joosta silmapilkselt. Suurematel lastel, kes omap\u00e4i vees k\u00e4ivad on oluline koguaeg silm peal hoida. \u00d5nnetused juhtuvad ootamatult ja kiirelt. &nbsp; &nbsp; Kuigi t\u00e4ispuhutavad ujumise abivahendid v\u00f5ivad tunduda kasulikud ja toredad, siis tegelikult on... Read more\" \/>\n<meta property=\"og:url\" content=\"https:\/\/veeohutus.ee\/suvi\/lastega-rannas\/\" \/>\n<meta property=\"og:site_name\" content=\"Veeohutus - Suvi - tule uuri, kuidas ennetada ja aidata - P\u00e4\u00e4steamet\" \/>\n<meta property=\"article:modified_time\" content=\"2017-06-02T07:08:50+00:00\" \/>\n<meta property=\"og:image\" content=\"https:\/\/veeohutus.ee\/suvi\/wp-content\/uploads\/2017\/05\/toys-1546710_960_720.jpg\" \/>\n\t<meta property=\"og:image:width\" content=\"960\" \/>\n\t<meta property=\"og:image:height\" content=\"639\" \/>\n\t<meta property=\"og:image:type\" content=\"image\/jpeg\" \/>\n<meta name=\"twitter:card\" content=\"summary_large_image\" \/>\n<meta name=\"twitter:label1\" content=\"Est. reading time\" \/>\n\t<meta name=\"twitter:data1\" content=\"1 minut\" \/>\n<script type=\"application\/ld+json\" class=\"yoast-schema-graph\">{\"@context\":\"https:\/\/schema.org\",\"@graph\":[{\"@type\":\"WebPage\",\"@id\":\"https:\/\/veeohutus.ee\/suvi\/lastega-rannas\/\",\"url\":\"https:\/\/veeohutus.ee\/suvi\/lastega-rannas\/\",\"name\":\"Lastega rannas - Veeohutus - Suvi - tule uuri, kuidas ennetada ja aidata - P\u00e4\u00e4steamet\",\"isPartOf\":{\"@id\":\"https:\/\/veeohutus.ee\/suvi\/#website\"},\"primaryImageOfPage\":{\"@id\":\"https:\/\/veeohutus.ee\/suvi\/lastega-rannas\/#primaryimage\"},\"image\":{\"@id\":\"https:\/\/veeohutus.ee\/suvi\/lastega-rannas\/#primaryimage\"},\"thumbnailUrl\":\"https:\/\/veeohutus.ee\/suvi\/wp-content\/uploads\/2017\/05\/toys-1546710_960_720.jpg\",\"datePublished\":\"2017-05-31T11:38:42+00:00\",\"dateModified\":\"2017-06-02T07:08:50+00:00\",\"breadcrumb\":{\"@id\":\"https:\/\/veeohutus.ee\/suvi\/lastega-rannas\/#breadcrumb\"},\"inLanguage\":\"et\",\"potentialAction\":[{\"@type\":\"ReadAction\",\"target\":[\"https:\/\/veeohutus.ee\/suvi\/lastega-rannas\/\"]}]},{\"@type\":\"ImageObject\",\"inLanguage\":\"et\",\"@id\":\"https:\/\/veeohutus.ee\/suvi\/lastega-rannas\/#primaryimage\",\"url\":\"https:\/\/veeohutus.ee\/suvi\/wp-content\/uploads\/2017\/05\/toys-1546710_960_720.jpg\",\"contentUrl\":\"https:\/\/veeohutus.ee\/suvi\/wp-content\/uploads\/2017\/05\/toys-1546710_960_720.jpg\",\"width\":960,\"height\":639},{\"@type\":\"BreadcrumbList\",\"@id\":\"https:\/\/veeohutus.ee\/suvi\/lastega-rannas\/#breadcrumb\",\"itemListElement\":[{\"@type\":\"ListItem\",\"position\":1,\"name\":\"Home\",\"item\":\"https:\/\/veeohutus.ee\/suvi\/\"},{\"@type\":\"ListItem\",\"position\":2,\"name\":\"Lastega rannas\"}]},{\"@type\":\"WebSite\",\"@id\":\"https:\/\/veeohutus.ee\/suvi\/#website\",\"url\":\"https:\/\/veeohutus.ee\/suvi\/\",\"name\":\"Veeohutus - Suvi - tule uuri, kuidas ennetada ja aidata - P\u00e4\u00e4steamet\",\"description\":\"P\u00e4\u00e4steamet - Veeohutus\",\"potentialAction\":[{\"@type\":\"SearchAction\",\"target\":{\"@type\":\"EntryPoint\",\"urlTemplate\":\"https:\/\/veeohutus.ee\/suvi\/?s={search_term_string}\"},\"query-input\":{\"@type\":\"PropertyValueSpecification\",\"valueRequired\":true,\"valueName\":\"search_term_string\"}}],\"inLanguage\":\"et\"}]}<\/script>\n<!-- \/ Yoast SEO plugin. -->","yoast_head_json":{"title":"Lastega rannas - Veeohutus - Suvi - tule uuri, kuidas ennetada ja aidata - P\u00e4\u00e4steamet","robots":{"index":"index","follow":"follow","max-snippet":"max-snippet:-1","max-image-preview":"max-image-preview:large","max-video-preview":"max-video-preview:-1"},"canonical":"https:\/\/veeohutus.ee\/suvi\/lastega-rannas\/","og_locale":"et_EE","og_type":"article","og_title":"Lastega rannas - Veeohutus - Suvi - tule uuri, kuidas ennetada ja aidata - P\u00e4\u00e4steamet","og_description":"&nbsp; Perega rannas olles tuleb meeles pidada, et kuni 4-aastaseid lapsi ei tohiks veekogu l\u00e4hedal haardeulatusest kaugemale lasta &#8211; v\u00e4ikelapsed v\u00f5ivad vette joosta silmapilkselt. Suurematel lastel, kes omap\u00e4i vees k\u00e4ivad on oluline koguaeg silm peal hoida. \u00d5nnetused juhtuvad ootamatult ja kiirelt. &nbsp; &nbsp; Kuigi t\u00e4ispuhutavad ujumise abivahendid v\u00f5ivad tunduda kasulikud ja toredad, siis tegelikult on... Read more","og_url":"https:\/\/veeohutus.ee\/suvi\/lastega-rannas\/","og_site_name":"Veeohutus - Suvi - tule uuri, kuidas ennetada ja aidata - P\u00e4\u00e4steamet","article_modified_time":"2017-06-02T07:08:50+00:00","og_image":[{"width":960,"height":639,"url":"https:\/\/veeohutus.ee\/suvi\/wp-content\/uploads\/2017\/05\/toys-1546710_960_720.jpg","type":"image\/jpeg"}],"twitter_card":"summary_large_image","twitter_misc":{"Est. reading time":"1 minut"},"schema":{"@context":"https:\/\/schema.org","@graph":[{"@type":"WebPage","@id":"https:\/\/veeohutus.ee\/suvi\/lastega-rannas\/","url":"https:\/\/veeohutus.ee\/suvi\/lastega-rannas\/","name":"Lastega rannas - Veeohutus - Suvi - tule uuri, kuidas ennetada ja aidata - P\u00e4\u00e4steamet","isPartOf":{"@id":"https:\/\/veeohutus.ee\/suvi\/#website"},"primaryImageOfPage":{"@id":"https:\/\/veeohutus.ee\/suvi\/lastega-rannas\/#primaryimage"},"image":{"@id":"https:\/\/veeohutus.ee\/suvi\/lastega-rannas\/#primaryimage"},"thumbnailUrl":"https:\/\/veeohutus.ee\/suvi\/wp-content\/uploads\/2017\/05\/toys-1546710_960_720.jpg","datePublished":"2017-05-31T11:38:42+00:00","dateModified":"2017-06-02T07:08:50+00:00","breadcrumb":{"@id":"https:\/\/veeohutus.ee\/suvi\/lastega-rannas\/#breadcrumb"},"inLanguage":"et","potentialAction":[{"@type":"ReadAction","target":["https:\/\/veeohutus.ee\/suvi\/lastega-rannas\/"]}]},{"@type":"ImageObject","inLanguage":"et","@id":"https:\/\/veeohutus.ee\/suvi\/lastega-rannas\/#primaryimage","url":"https:\/\/veeohutus.ee\/suvi\/wp-content\/uploads\/2017\/05\/toys-1546710_960_720.jpg","contentUrl":"https:\/\/veeohutus.ee\/suvi\/wp-content\/uploads\/2017\/05\/toys-1546710_960_720.jpg","width":960,"height":639},{"@type":"BreadcrumbList","@id":"https:\/\/veeohutus.ee\/suvi\/lastega-rannas\/#breadcrumb","itemListElement":[{"@type":"ListItem","position":1,"name":"Home","item":"https:\/\/veeohutus.ee\/suvi\/"},{"@type":"ListItem","position":2,"name":"Lastega rannas"}]},{"@type":"WebSite","@id":"https:\/\/veeohutus.ee\/suvi\/#website","url":"https:\/\/veeohutus.ee\/suvi\/","name":"Veeohutus - Suvi - tule uuri, kuidas ennetada ja aidata - P\u00e4\u00e4steamet","description":"P\u00e4\u00e4steamet - Veeohutus","potentialAction":[{"@type":"SearchAction","target":{"@type":"EntryPoint","urlTemplate":"https:\/\/veeohutus.ee\/suvi\/?s={search_term_string}"},"query-input":{"@type":"PropertyValueSpecification","valueRequired":true,"valueName":"search_term_string"}}],"inLanguage":"et"}]}},"_links":{"self":[{"href":"https:\/\/veeohutus.ee\/suvi\/wp-json\/wp\/v2\/pages\/1861","targetHints":{"allow":["GET"]}}],"collection":[{"href":"https:\/\/veeohutus.ee\/suvi\/wp-json\/wp\/v2\/pages"}],"about":[{"href":"https:\/\/veeohutus.ee\/suvi\/wp-json\/wp\/v2\/types\/page"}],"author":[{"embeddable":true,"href":"https:\/\/veeohutus.ee\/suvi\/wp-json\/wp\/v2\/users\/2"}],"replies":[{"embeddable":true,"href":"https:\/\/veeohutus.ee\/suvi\/wp-json\/wp\/v2\/comments?post=1861"}],"version-history":[{"count":7,"href":"https:\/\/veeohutus.ee\/suvi\/wp-json\/wp\/v2\/pages\/1861\/revisions"}],"predecessor-version":[{"id":1871,"href":"https:\/\/veeohutus.ee\/suvi\/wp-json\/wp\/v2\/pages\/1861\/revisions\/1871"}],"wp:featuredmedia":[{"embeddable":true,"href":"https:\/\/veeohutus.ee\/suvi\/wp-json\/wp\/v2\/media\/1868"}],"wp:attachment":[{"href":"https:\/\/veeohutus.ee\/suvi\/wp-json\/wp\/v2\/media?parent=1861"}],"curies":[{"name":"wp","href":"https:\/\/api.w.org\/{rel}","templated":true}]}}