{"id":2063,"date":"2017-07-19T20:30:49","date_gmt":"2017-07-19T17:30:49","guid":{"rendered":"http:\/\/veeohutus.ee\/?page_id=2063"},"modified":"2020-07-02T09:55:00","modified_gmt":"2020-07-02T06:55:00","slug":"veeohutuse-statistika","status":"publish","type":"page","link":"https:\/\/veeohutus.ee\/suvi\/veeohutuse-statistika\/","title":{"rendered":"Veeohutuse statistika"},"content":{"rendered":"<h2 class=\"center\">Vee\u00f5nnetustes uppunud 2019. aastal<\/h2>\n<p class=\"w80p auto center\">2019. aastal hukkus vee\u00f5nnetustes 36 inimest. Enamus uppumisi leiab aset kukkumiste v\u00f5i libastumiste tagaj\u00e4rjel. Joobes uppunute osakaal on aasta-aastalt kasvanud. <strong>Vaata t\u00e4psemat statistikat <a href=\"https:\/\/www.rescue.ee\/et\/veeonnetustes-hukkunud\">SIIT<\/a><\/strong><\/p>\n","protected":false},"excerpt":{"rendered":"<p>Vee\u00f5nnetustes uppunud 2019. aastal 2019. aastal hukkus vee\u00f5nnetustes 36 inimest. Enamus uppumisi leiab aset kukkumiste v\u00f5i libastumiste tagaj\u00e4rjel. Joobes uppunute osakaal on aasta-aastalt kasvanud. Vaata t\u00e4psemat statistikat SIIT<\/p>\n","protected":false},"author":1,"featured_media":1781,"parent":0,"menu_order":0,"comment_status":"closed","ping_status":"closed","template":"page-map-drowning.php","meta":{"_acf_changed":false,"footnotes":""},"class_list":["post-2063","page","type-page","status-publish","has-post-thumbnail","hentry"],"acf":[],"yoast_head":"<!-- This site is optimized with the Yoast SEO plugin v26.7 - https:\/\/yoast.com\/wordpress\/plugins\/seo\/ -->\n<title>Statistika - P\u00e4\u00e4steamet - Veeohutus<\/title>\n<meta name=\"description\" content=\"Uppumiste ja vee\u00f5nnetuste statisitika 2018. Enamus uppumisi leidis aset ujumisel v\u00f5i kukkumiste tagaj\u00e4rjel.\" \/>\n<meta name=\"robots\" content=\"index, follow, max-snippet:-1, max-image-preview:large, max-video-preview:-1\" \/>\n<link rel=\"canonical\" href=\"https:\/\/veeohutus.ee\/suvi\/veeohutuse-statistika\/\" \/>\n<meta property=\"og:locale\" content=\"et_EE\" \/>\n<meta property=\"og:type\" content=\"article\" \/>\n<meta property=\"og:title\" content=\"Statistika - P\u00e4\u00e4steamet - Veeohutus\" \/>\n<meta property=\"og:description\" content=\"Uppumiste ja vee\u00f5nnetuste statisitika 2018. Enamus uppumisi leidis aset ujumisel v\u00f5i kukkumiste tagaj\u00e4rjel.\" \/>\n<meta property=\"og:url\" content=\"https:\/\/veeohutus.ee\/suvi\/veeohutuse-statistika\/\" \/>\n<meta property=\"og:site_name\" content=\"Veeohutus - Suvi - tule uuri, kuidas ennetada ja aidata - P\u00e4\u00e4steamet\" \/>\n<meta property=\"article:modified_time\" content=\"2020-07-02T06:55:00+00:00\" \/>\n<meta property=\"og:image\" content=\"https:\/\/veeohutus.ee\/suvi\/wp-content\/uploads\/2017\/03\/water-1761027_960_720.jpg\" \/>\n\t<meta property=\"og:image:width\" content=\"960\" \/>\n\t<meta property=\"og:image:height\" content=\"512\" \/>\n\t<meta property=\"og:image:type\" content=\"image\/jpeg\" \/>\n<meta name=\"twitter:card\" content=\"summary_large_image\" \/>\n<script type=\"application\/ld+json\" class=\"yoast-schema-graph\">{\"@context\":\"https:\/\/schema.org\",\"@graph\":[{\"@type\":\"WebPage\",\"@id\":\"https:\/\/veeohutus.ee\/suvi\/veeohutuse-statistika\/\",\"url\":\"https:\/\/veeohutus.ee\/suvi\/veeohutuse-statistika\/\",\"name\":\"Statistika - P\u00e4\u00e4steamet - Veeohutus\",\"isPartOf\":{\"@id\":\"https:\/\/veeohutus.ee\/suvi\/#website\"},\"primaryImageOfPage\":{\"@id\":\"https:\/\/veeohutus.ee\/suvi\/veeohutuse-statistika\/#primaryimage\"},\"image\":{\"@id\":\"https:\/\/veeohutus.ee\/suvi\/veeohutuse-statistika\/#primaryimage\"},\"thumbnailUrl\":\"https:\/\/veeohutus.ee\/suvi\/wp-content\/uploads\/2017\/03\/water-1761027_960_720.jpg\",\"datePublished\":\"2017-07-19T17:30:49+00:00\",\"dateModified\":\"2020-07-02T06:55:00+00:00\",\"description\":\"Uppumiste ja vee\u00f5nnetuste statisitika 2018. Enamus uppumisi leidis aset ujumisel v\u00f5i kukkumiste tagaj\u00e4rjel.\",\"breadcrumb\":{\"@id\":\"https:\/\/veeohutus.ee\/suvi\/veeohutuse-statistika\/#breadcrumb\"},\"inLanguage\":\"et\",\"potentialAction\":[{\"@type\":\"ReadAction\",\"target\":[\"https:\/\/veeohutus.ee\/suvi\/veeohutuse-statistika\/\"]}]},{\"@type\":\"ImageObject\",\"inLanguage\":\"et\",\"@id\":\"https:\/\/veeohutus.ee\/suvi\/veeohutuse-statistika\/#primaryimage\",\"url\":\"https:\/\/veeohutus.ee\/suvi\/wp-content\/uploads\/2017\/03\/water-1761027_960_720.jpg\",\"contentUrl\":\"https:\/\/veeohutus.ee\/suvi\/wp-content\/uploads\/2017\/03\/water-1761027_960_720.jpg\",\"width\":960,\"height\":512},{\"@type\":\"BreadcrumbList\",\"@id\":\"https:\/\/veeohutus.ee\/suvi\/veeohutuse-statistika\/#breadcrumb\",\"itemListElement\":[{\"@type\":\"ListItem\",\"position\":1,\"name\":\"Home\",\"item\":\"https:\/\/veeohutus.ee\/suvi\/\"},{\"@type\":\"ListItem\",\"position\":2,\"name\":\"Veeohutuse statistika\"}]},{\"@type\":\"WebSite\",\"@id\":\"https:\/\/veeohutus.ee\/suvi\/#website\",\"url\":\"https:\/\/veeohutus.ee\/suvi\/\",\"name\":\"Veeohutus - Suvi - tule uuri, kuidas ennetada ja aidata - P\u00e4\u00e4steamet\",\"description\":\"P\u00e4\u00e4steamet - Veeohutus\",\"potentialAction\":[{\"@type\":\"SearchAction\",\"target\":{\"@type\":\"EntryPoint\",\"urlTemplate\":\"https:\/\/veeohutus.ee\/suvi\/?s={search_term_string}\"},\"query-input\":{\"@type\":\"PropertyValueSpecification\",\"valueRequired\":true,\"valueName\":\"search_term_string\"}}],\"inLanguage\":\"et\"}]}<\/script>\n<!-- \/ Yoast SEO plugin. -->","yoast_head_json":{"title":"Statistika - P\u00e4\u00e4steamet - Veeohutus","description":"Uppumiste ja vee\u00f5nnetuste statisitika 2018. Enamus uppumisi leidis aset ujumisel v\u00f5i kukkumiste tagaj\u00e4rjel.","robots":{"index":"index","follow":"follow","max-snippet":"max-snippet:-1","max-image-preview":"max-image-preview:large","max-video-preview":"max-video-preview:-1"},"canonical":"https:\/\/veeohutus.ee\/suvi\/veeohutuse-statistika\/","og_locale":"et_EE","og_type":"article","og_title":"Statistika - P\u00e4\u00e4steamet - Veeohutus","og_description":"Uppumiste ja vee\u00f5nnetuste statisitika 2018. Enamus uppumisi leidis aset ujumisel v\u00f5i kukkumiste tagaj\u00e4rjel.","og_url":"https:\/\/veeohutus.ee\/suvi\/veeohutuse-statistika\/","og_site_name":"Veeohutus - Suvi - tule uuri, kuidas ennetada ja aidata - P\u00e4\u00e4steamet","article_modified_time":"2020-07-02T06:55:00+00:00","og_image":[{"width":960,"height":512,"url":"https:\/\/veeohutus.ee\/suvi\/wp-content\/uploads\/2017\/03\/water-1761027_960_720.jpg","type":"image\/jpeg"}],"twitter_card":"summary_large_image","schema":{"@context":"https:\/\/schema.org","@graph":[{"@type":"WebPage","@id":"https:\/\/veeohutus.ee\/suvi\/veeohutuse-statistika\/","url":"https:\/\/veeohutus.ee\/suvi\/veeohutuse-statistika\/","name":"Statistika - P\u00e4\u00e4steamet - Veeohutus","isPartOf":{"@id":"https:\/\/veeohutus.ee\/suvi\/#website"},"primaryImageOfPage":{"@id":"https:\/\/veeohutus.ee\/suvi\/veeohutuse-statistika\/#primaryimage"},"image":{"@id":"https:\/\/veeohutus.ee\/suvi\/veeohutuse-statistika\/#primaryimage"},"thumbnailUrl":"https:\/\/veeohutus.ee\/suvi\/wp-content\/uploads\/2017\/03\/water-1761027_960_720.jpg","datePublished":"2017-07-19T17:30:49+00:00","dateModified":"2020-07-02T06:55:00+00:00","description":"Uppumiste ja vee\u00f5nnetuste statisitika 2018. Enamus uppumisi leidis aset ujumisel v\u00f5i kukkumiste tagaj\u00e4rjel.","breadcrumb":{"@id":"https:\/\/veeohutus.ee\/suvi\/veeohutuse-statistika\/#breadcrumb"},"inLanguage":"et","potentialAction":[{"@type":"ReadAction","target":["https:\/\/veeohutus.ee\/suvi\/veeohutuse-statistika\/"]}]},{"@type":"ImageObject","inLanguage":"et","@id":"https:\/\/veeohutus.ee\/suvi\/veeohutuse-statistika\/#primaryimage","url":"https:\/\/veeohutus.ee\/suvi\/wp-content\/uploads\/2017\/03\/water-1761027_960_720.jpg","contentUrl":"https:\/\/veeohutus.ee\/suvi\/wp-content\/uploads\/2017\/03\/water-1761027_960_720.jpg","width":960,"height":512},{"@type":"BreadcrumbList","@id":"https:\/\/veeohutus.ee\/suvi\/veeohutuse-statistika\/#breadcrumb","itemListElement":[{"@type":"ListItem","position":1,"name":"Home","item":"https:\/\/veeohutus.ee\/suvi\/"},{"@type":"ListItem","position":2,"name":"Veeohutuse statistika"}]},{"@type":"WebSite","@id":"https:\/\/veeohutus.ee\/suvi\/#website","url":"https:\/\/veeohutus.ee\/suvi\/","name":"Veeohutus - Suvi - tule uuri, kuidas ennetada ja aidata - P\u00e4\u00e4steamet","description":"P\u00e4\u00e4steamet - Veeohutus","potentialAction":[{"@type":"SearchAction","target":{"@type":"EntryPoint","urlTemplate":"https:\/\/veeohutus.ee\/suvi\/?s={search_term_string}"},"query-input":{"@type":"PropertyValueSpecification","valueRequired":true,"valueName":"search_term_string"}}],"inLanguage":"et"}]}},"_links":{"self":[{"href":"https:\/\/veeohutus.ee\/suvi\/wp-json\/wp\/v2\/pages\/2063","targetHints":{"allow":["GET"]}}],"collection":[{"href":"https:\/\/veeohutus.ee\/suvi\/wp-json\/wp\/v2\/pages"}],"about":[{"href":"https:\/\/veeohutus.ee\/suvi\/wp-json\/wp\/v2\/types\/page"}],"author":[{"embeddable":true,"href":"https:\/\/veeohutus.ee\/suvi\/wp-json\/wp\/v2\/users\/1"}],"replies":[{"embeddable":true,"href":"https:\/\/veeohutus.ee\/suvi\/wp-json\/wp\/v2\/comments?post=2063"}],"version-history":[{"count":9,"href":"https:\/\/veeohutus.ee\/suvi\/wp-json\/wp\/v2\/pages\/2063\/revisions"}],"predecessor-version":[{"id":3133,"href":"https:\/\/veeohutus.ee\/suvi\/wp-json\/wp\/v2\/pages\/2063\/revisions\/3133"}],"wp:featuredmedia":[{"embeddable":true,"href":"https:\/\/veeohutus.ee\/suvi\/wp-json\/wp\/v2\/media\/1781"}],"wp:attachment":[{"href":"https:\/\/veeohutus.ee\/suvi\/wp-json\/wp\/v2\/media?parent=2063"}],"curies":[{"name":"wp","href":"https:\/\/api.w.org\/{rel}","templated":true}]}}