{"id":233,"date":"2017-05-09T14:58:42","date_gmt":"2017-05-09T11:58:42","guid":{"rendered":"http:\/\/demo.opus.ee\/projects\/veeohutus\/www\/?page_id=233"},"modified":"2019-09-03T13:48:40","modified_gmt":"2019-09-03T10:48:40","slug":"paastevesti-kandmine","status":"publish","type":"page","link":"https:\/\/veeohutus.ee\/suvi\/paastevesti-kandmine\/","title":{"rendered":"Kanna p\u00e4\u00e4stevesti"},"content":{"rendered":"<p>&nbsp;<\/p>\n<div style=\"text-align: left;\">\n<div style=\"text-align: justify;\">\n<div style=\"text-align: center;\"><iframe loading=\"lazy\" src=\"https:\/\/www.youtube.com\/embed\/bTDfMdqVQJA?list=PLXqfEWtALYhdrF55QUpfifWiXsht5152x\" width=\"560\" height=\"315\" frameborder=\"0\" allowfullscreen=\"allowfullscreen\"><\/iframe>:<\/div>\n<p>&nbsp;<\/p>\n<h3 style=\"text-align: justify;\">P\u00e4\u00e4stevesti kandmine veekogul ei pea olema ebamugav kohustus<\/h3>\n<p>Selleks, et vest oleks kasutaja jaoks v\u00f5imalikult mugav ja ei segaks veekogul viibimist, on toodetud mitmeid erinevaid veste, mille seast on v\u00f5imalik valida just enda tegevuseks sobivaim variant. Olgu selleks siis kalastamine, purjetamine v\u00f5i lihtsalt l\u00f5bus\u00f5it paadiga.<\/p>\n<p><strong>Tutvu erinevate vestidega allolevas klipis:<\/strong><\/p>\n<div style=\"text-align: center;\"><iframe loading=\"lazy\" src=\"https:\/\/www.youtube.com\/embed\/BEvDKbGPBZ4?list=PLXqfEWtALYhdrF55QUpfifWiXsht5152x\" width=\"560\" height=\"315\" frameborder=\"0\" allowfullscreen=\"allowfullscreen\"><\/iframe>:<\/div>\n<\/div>\n<\/div>\n","protected":false},"excerpt":{"rendered":"<p>&nbsp; : &nbsp; P\u00e4\u00e4stevesti kandmine veekogul ei pea olema ebamugav kohustus Selleks, et vest oleks kasutaja jaoks v\u00f5imalikult mugav ja ei segaks veekogul viibimist, on toodetud mitmeid erinevaid veste, mille seast on v\u00f5imalik valida just enda tegevuseks sobivaim variant. Olgu selleks siis kalastamine, purjetamine v\u00f5i lihtsalt l\u00f5bus\u00f5it paadiga. Tutvu erinevate vestidega allolevas klipis: :<\/p>\n","protected":false},"author":2,"featured_media":314,"parent":0,"menu_order":6,"comment_status":"closed","ping_status":"closed","template":"","meta":{"_acf_changed":false,"footnotes":""},"class_list":["post-233","page","type-page","status-publish","has-post-thumbnail","hentry"],"acf":[],"yoast_head":"<!-- This site is optimized with the Yoast SEO plugin v26.7 - https:\/\/yoast.com\/wordpress\/plugins\/seo\/ -->\n<title>Kanna p\u00e4\u00e4stevesti - P\u00e4\u00e4steamet - Veeohutus<\/title>\n<meta name=\"description\" content=\"Selleks, et vest oleks kasutaja jaoks v\u00f5imalikult mugav ja ei segaks veekogul viibimist, on toodetud mitmeid erinevaid veste.\" \/>\n<meta name=\"robots\" content=\"index, follow, max-snippet:-1, max-image-preview:large, max-video-preview:-1\" \/>\n<link rel=\"canonical\" href=\"https:\/\/veeohutus.ee\/suvi\/paastevesti-kandmine\/\" \/>\n<meta property=\"og:locale\" content=\"et_EE\" \/>\n<meta property=\"og:type\" content=\"article\" \/>\n<meta property=\"og:title\" content=\"Kanna p\u00e4\u00e4stevesti - P\u00e4\u00e4steamet - Veeohutus\" \/>\n<meta property=\"og:description\" content=\"Selleks, et vest oleks kasutaja jaoks v\u00f5imalikult mugav ja ei segaks veekogul viibimist, on toodetud mitmeid erinevaid veste.\" \/>\n<meta property=\"og:url\" content=\"https:\/\/veeohutus.ee\/suvi\/paastevesti-kandmine\/\" \/>\n<meta property=\"og:site_name\" content=\"Veeohutus - Suvi - tule uuri, kuidas ennetada ja aidata - P\u00e4\u00e4steamet\" \/>\n<meta property=\"article:modified_time\" content=\"2019-09-03T10:48:40+00:00\" \/>\n<meta property=\"og:image\" content=\"https:\/\/veeohutus.ee\/suvi\/wp-content\/uploads\/2016\/06\/Paasteamet_veeohutuskampaania_924x427_noored.jpg\" \/>\n\t<meta property=\"og:image:width\" content=\"924\" \/>\n\t<meta property=\"og:image:height\" content=\"427\" \/>\n\t<meta property=\"og:image:type\" content=\"image\/jpeg\" \/>\n<meta name=\"twitter:card\" content=\"summary_large_image\" \/>\n<script type=\"application\/ld+json\" class=\"yoast-schema-graph\">{\"@context\":\"https:\/\/schema.org\",\"@graph\":[{\"@type\":\"WebPage\",\"@id\":\"https:\/\/veeohutus.ee\/suvi\/paastevesti-kandmine\/\",\"url\":\"https:\/\/veeohutus.ee\/suvi\/paastevesti-kandmine\/\",\"name\":\"Kanna p\u00e4\u00e4stevesti - P\u00e4\u00e4steamet - Veeohutus\",\"isPartOf\":{\"@id\":\"https:\/\/veeohutus.ee\/suvi\/#website\"},\"primaryImageOfPage\":{\"@id\":\"https:\/\/veeohutus.ee\/suvi\/paastevesti-kandmine\/#primaryimage\"},\"image\":{\"@id\":\"https:\/\/veeohutus.ee\/suvi\/paastevesti-kandmine\/#primaryimage\"},\"thumbnailUrl\":\"https:\/\/veeohutus.ee\/suvi\/wp-content\/uploads\/2016\/06\/Paasteamet_veeohutuskampaania_924x427_noored.jpg\",\"datePublished\":\"2017-05-09T11:58:42+00:00\",\"dateModified\":\"2019-09-03T10:48:40+00:00\",\"description\":\"Selleks, et vest oleks kasutaja jaoks v\u00f5imalikult mugav ja ei segaks veekogul viibimist, on toodetud mitmeid erinevaid veste.\",\"breadcrumb\":{\"@id\":\"https:\/\/veeohutus.ee\/suvi\/paastevesti-kandmine\/#breadcrumb\"},\"inLanguage\":\"et\",\"potentialAction\":[{\"@type\":\"ReadAction\",\"target\":[\"https:\/\/veeohutus.ee\/suvi\/paastevesti-kandmine\/\"]}]},{\"@type\":\"ImageObject\",\"inLanguage\":\"et\",\"@id\":\"https:\/\/veeohutus.ee\/suvi\/paastevesti-kandmine\/#primaryimage\",\"url\":\"https:\/\/veeohutus.ee\/suvi\/wp-content\/uploads\/2016\/06\/Paasteamet_veeohutuskampaania_924x427_noored.jpg\",\"contentUrl\":\"https:\/\/veeohutus.ee\/suvi\/wp-content\/uploads\/2016\/06\/Paasteamet_veeohutuskampaania_924x427_noored.jpg\",\"width\":924,\"height\":427},{\"@type\":\"BreadcrumbList\",\"@id\":\"https:\/\/veeohutus.ee\/suvi\/paastevesti-kandmine\/#breadcrumb\",\"itemListElement\":[{\"@type\":\"ListItem\",\"position\":1,\"name\":\"Home\",\"item\":\"https:\/\/veeohutus.ee\/suvi\/\"},{\"@type\":\"ListItem\",\"position\":2,\"name\":\"Kanna p\u00e4\u00e4stevesti\"}]},{\"@type\":\"WebSite\",\"@id\":\"https:\/\/veeohutus.ee\/suvi\/#website\",\"url\":\"https:\/\/veeohutus.ee\/suvi\/\",\"name\":\"Veeohutus - Suvi - tule uuri, kuidas ennetada ja aidata - P\u00e4\u00e4steamet\",\"description\":\"P\u00e4\u00e4steamet - Veeohutus\",\"potentialAction\":[{\"@type\":\"SearchAction\",\"target\":{\"@type\":\"EntryPoint\",\"urlTemplate\":\"https:\/\/veeohutus.ee\/suvi\/?s={search_term_string}\"},\"query-input\":{\"@type\":\"PropertyValueSpecification\",\"valueRequired\":true,\"valueName\":\"search_term_string\"}}],\"inLanguage\":\"et\"}]}<\/script>\n<!-- \/ Yoast SEO plugin. -->","yoast_head_json":{"title":"Kanna p\u00e4\u00e4stevesti - P\u00e4\u00e4steamet - Veeohutus","description":"Selleks, et vest oleks kasutaja jaoks v\u00f5imalikult mugav ja ei segaks veekogul viibimist, on toodetud mitmeid erinevaid veste.","robots":{"index":"index","follow":"follow","max-snippet":"max-snippet:-1","max-image-preview":"max-image-preview:large","max-video-preview":"max-video-preview:-1"},"canonical":"https:\/\/veeohutus.ee\/suvi\/paastevesti-kandmine\/","og_locale":"et_EE","og_type":"article","og_title":"Kanna p\u00e4\u00e4stevesti - P\u00e4\u00e4steamet - Veeohutus","og_description":"Selleks, et vest oleks kasutaja jaoks v\u00f5imalikult mugav ja ei segaks veekogul viibimist, on toodetud mitmeid erinevaid veste.","og_url":"https:\/\/veeohutus.ee\/suvi\/paastevesti-kandmine\/","og_site_name":"Veeohutus - Suvi - tule uuri, kuidas ennetada ja aidata - P\u00e4\u00e4steamet","article_modified_time":"2019-09-03T10:48:40+00:00","og_image":[{"width":924,"height":427,"url":"https:\/\/veeohutus.ee\/suvi\/wp-content\/uploads\/2016\/06\/Paasteamet_veeohutuskampaania_924x427_noored.jpg","type":"image\/jpeg"}],"twitter_card":"summary_large_image","schema":{"@context":"https:\/\/schema.org","@graph":[{"@type":"WebPage","@id":"https:\/\/veeohutus.ee\/suvi\/paastevesti-kandmine\/","url":"https:\/\/veeohutus.ee\/suvi\/paastevesti-kandmine\/","name":"Kanna p\u00e4\u00e4stevesti - P\u00e4\u00e4steamet - Veeohutus","isPartOf":{"@id":"https:\/\/veeohutus.ee\/suvi\/#website"},"primaryImageOfPage":{"@id":"https:\/\/veeohutus.ee\/suvi\/paastevesti-kandmine\/#primaryimage"},"image":{"@id":"https:\/\/veeohutus.ee\/suvi\/paastevesti-kandmine\/#primaryimage"},"thumbnailUrl":"https:\/\/veeohutus.ee\/suvi\/wp-content\/uploads\/2016\/06\/Paasteamet_veeohutuskampaania_924x427_noored.jpg","datePublished":"2017-05-09T11:58:42+00:00","dateModified":"2019-09-03T10:48:40+00:00","description":"Selleks, et vest oleks kasutaja jaoks v\u00f5imalikult mugav ja ei segaks veekogul viibimist, on toodetud mitmeid erinevaid veste.","breadcrumb":{"@id":"https:\/\/veeohutus.ee\/suvi\/paastevesti-kandmine\/#breadcrumb"},"inLanguage":"et","potentialAction":[{"@type":"ReadAction","target":["https:\/\/veeohutus.ee\/suvi\/paastevesti-kandmine\/"]}]},{"@type":"ImageObject","inLanguage":"et","@id":"https:\/\/veeohutus.ee\/suvi\/paastevesti-kandmine\/#primaryimage","url":"https:\/\/veeohutus.ee\/suvi\/wp-content\/uploads\/2016\/06\/Paasteamet_veeohutuskampaania_924x427_noored.jpg","contentUrl":"https:\/\/veeohutus.ee\/suvi\/wp-content\/uploads\/2016\/06\/Paasteamet_veeohutuskampaania_924x427_noored.jpg","width":924,"height":427},{"@type":"BreadcrumbList","@id":"https:\/\/veeohutus.ee\/suvi\/paastevesti-kandmine\/#breadcrumb","itemListElement":[{"@type":"ListItem","position":1,"name":"Home","item":"https:\/\/veeohutus.ee\/suvi\/"},{"@type":"ListItem","position":2,"name":"Kanna p\u00e4\u00e4stevesti"}]},{"@type":"WebSite","@id":"https:\/\/veeohutus.ee\/suvi\/#website","url":"https:\/\/veeohutus.ee\/suvi\/","name":"Veeohutus - Suvi - tule uuri, kuidas ennetada ja aidata - P\u00e4\u00e4steamet","description":"P\u00e4\u00e4steamet - Veeohutus","potentialAction":[{"@type":"SearchAction","target":{"@type":"EntryPoint","urlTemplate":"https:\/\/veeohutus.ee\/suvi\/?s={search_term_string}"},"query-input":{"@type":"PropertyValueSpecification","valueRequired":true,"valueName":"search_term_string"}}],"inLanguage":"et"}]}},"_links":{"self":[{"href":"https:\/\/veeohutus.ee\/suvi\/wp-json\/wp\/v2\/pages\/233","targetHints":{"allow":["GET"]}}],"collection":[{"href":"https:\/\/veeohutus.ee\/suvi\/wp-json\/wp\/v2\/pages"}],"about":[{"href":"https:\/\/veeohutus.ee\/suvi\/wp-json\/wp\/v2\/types\/page"}],"author":[{"embeddable":true,"href":"https:\/\/veeohutus.ee\/suvi\/wp-json\/wp\/v2\/users\/2"}],"replies":[{"embeddable":true,"href":"https:\/\/veeohutus.ee\/suvi\/wp-json\/wp\/v2\/comments?post=233"}],"version-history":[{"count":47,"href":"https:\/\/veeohutus.ee\/suvi\/wp-json\/wp\/v2\/pages\/233\/revisions"}],"predecessor-version":[{"id":2797,"href":"https:\/\/veeohutus.ee\/suvi\/wp-json\/wp\/v2\/pages\/233\/revisions\/2797"}],"wp:featuredmedia":[{"embeddable":true,"href":"https:\/\/veeohutus.ee\/suvi\/wp-json\/wp\/v2\/media\/314"}],"wp:attachment":[{"href":"https:\/\/veeohutus.ee\/suvi\/wp-json\/wp\/v2\/media?parent=233"}],"curies":[{"name":"wp","href":"https:\/\/api.w.org\/{rel}","templated":true}]}}