{"id":2537,"date":"2018-05-11T21:02:14","date_gmt":"2018-05-11T18:02:14","guid":{"rendered":"https:\/\/veeohutus.ee\/suvi\/?page_id=2537"},"modified":"2018-06-14T10:32:36","modified_gmt":"2018-06-14T07:32:36","slug":"tahelepanumangud","status":"publish","type":"page","link":"https:\/\/veeohutus.ee\/suvi\/tahelepanumangud\/","title":{"rendered":"T\u00e4helepanum\u00e4ngud"},"content":{"rendered":"<style>\nfigure {\n    display: inline-block;<\/p>\n<p>    margin: 20px;\n}\nfigure img {\n    vertical-align: top;\n}\nfigure figcaption {\n    text-align: center;\n}\nul.gameList {\n    padding:  0;\n    margin: 50px 0;\n    \/* width:  100%; *\/\n    \/* position:  relative; *\/\n}\n.gameList li:before {display: none;}\n.gameList li {\n\tlist-style:none;\n\twidth: 18%;\n\tdisplay:  inline-block;\n\tmargin: 15px;\n\tbackground: #1F3656;\n\t\/* height: 300px; *\/\n\tpadding: 80px 0 80px 0!important;\n\ttext-align:  center;\n\tcolor:  #fff;\n\ttext-transform: uppercase;\n\tfont-size: 30px;\n}\n.gameList span.smallerspan{font-size: 24px; display: block; color: #FFFFFF!important;}\n.gameList span.largespan{font-size: 40px; display: block; color: #FFFFFF!important;}\n.page-container .content-container { width: 100%!important; }\n@media only screen and (max-width: 800px) {\n    .gameList li {\n        width: 100%!important;\n    }\n}\n<\/style>\n<p><strong>Pane oma kiirus ja t\u00e4helepanuv\u00f5ime proovile!<\/strong><\/p>\n<p>\u2028T\u00e4helepanelikkus ja kiirus on kaks omadust, mis v\u00f5ivad teatud olukordades elu p\u00e4\u00e4sta.<br \/>\nProovi t\u00e4helepanum\u00e4ngu ja vaata, kui kiire ja t\u00e4helepanelik sa oled!<\/p>\n<ul class=\"gameList\">\n<li style=\"background-image: url(https:\/\/veeohutus.ee\/suvi\/wp-content\/uploads\/2018\/05\/img1-300x300.png); background-size: cover;\">\n<a href=\"https:\/\/veeohutus.ee\/suvi\/tahelepanumangud\/mang-1\/\"><span class=\"smallerspan\" style=\"color:#fff;\">M\u00e4ng<\/span> <span class=\"largespan\" style=\"color:#fff;\">1<\/span><\/a><\/li>\n<li style=\"background-image: url(https:\/\/veeohutus.ee\/suvi\/wp-content\/uploads\/2018\/05\/img2-300x300.png); background-size: cover;\">\n<a href=\"https:\/\/veeohutus.ee\/suvi\/tahelepanumangud\/mang-2\/\"><span class=\"smallerspan\" style=\"color:#fff;\">M\u00e4ng<\/span> <span class=\"largespan\" style=\"color:#fff;\">2<\/span><\/a><\/li>\n<li style=\"background-image: url(https:\/\/veeohutus.ee\/suvi\/wp-content\/uploads\/2018\/05\/img3-300x300.png); background-size: cover;\">\n<a href=\"https:\/\/veeohutus.ee\/suvi\/tahelepanumangud\/mang-3\/\"><span class=\"smallerspan\" style=\"color:#fff;\">M\u00e4ng<\/span> <span class=\"largespan\">3<\/span><\/a><\/li>\n<li style=\"background-image: url(https:\/\/veeohutus.ee\/suvi\/wp-content\/uploads\/2018\/05\/img4-300x300.png); background-size: cover;\">\n<a href=\"https:\/\/veeohutus.ee\/suvi\/tahelepanumangud\/mang-4\/\"><span class=\"smallerspan\" style=\"color:#fff;\">M\u00e4ng<\/span> <span class=\"largespan\">4<\/span><\/a><\/li>\n<\/ul>\n<\/div>\n","protected":false},"excerpt":{"rendered":"<p>Pane oma kiirus ja t\u00e4helepanuv\u00f5ime proovile! \u2028T\u00e4helepanelikkus ja kiirus on kaks omadust, mis v\u00f5ivad teatud olukordades elu p\u00e4\u00e4sta. Proovi t\u00e4helepanum\u00e4ngu ja vaata, kui kiire ja t\u00e4helepanelik sa oled! M\u00e4ng 1 M\u00e4ng 2 M\u00e4ng 3 M\u00e4ng 4<\/p>\n","protected":false},"author":1,"featured_media":2592,"parent":0,"menu_order":0,"comment_status":"closed","ping_status":"closed","template":"","meta":{"_acf_changed":false,"footnotes":""},"class_list":["post-2537","page","type-page","status-publish","has-post-thumbnail","hentry"],"acf":[],"yoast_head":"<!-- This site is optimized with the Yoast SEO plugin v26.7 - https:\/\/yoast.com\/wordpress\/plugins\/seo\/ -->\n<title>T\u00e4helepanum\u00e4ngud - Veeohutus - Suvi - tule uuri, kuidas ennetada ja aidata - P\u00e4\u00e4steamet<\/title>\n<meta name=\"robots\" content=\"index, follow, max-snippet:-1, max-image-preview:large, max-video-preview:-1\" \/>\n<link rel=\"canonical\" href=\"https:\/\/veeohutus.ee\/suvi\/tahelepanumangud\/\" \/>\n<meta property=\"og:locale\" content=\"et_EE\" \/>\n<meta property=\"og:type\" content=\"article\" \/>\n<meta property=\"og:title\" content=\"T\u00e4helepanum\u00e4ngud - Veeohutus - Suvi - tule uuri, kuidas ennetada ja aidata - P\u00e4\u00e4steamet\" \/>\n<meta property=\"og:description\" content=\"Pane oma kiirus ja t\u00e4helepanuv\u00f5ime proovile! \u2028T\u00e4helepanelikkus ja kiirus on kaks omadust, mis v\u00f5ivad teatud olukordades elu p\u00e4\u00e4sta. Proovi t\u00e4helepanum\u00e4ngu ja vaata, kui kiire ja t\u00e4helepanelik sa oled! M\u00e4ng 1 M\u00e4ng 2 M\u00e4ng 3 M\u00e4ng 4\" \/>\n<meta property=\"og:url\" content=\"https:\/\/veeohutus.ee\/suvi\/tahelepanumangud\/\" \/>\n<meta property=\"og:site_name\" content=\"Veeohutus - Suvi - tule uuri, kuidas ennetada ja aidata - P\u00e4\u00e4steamet\" \/>\n<meta property=\"article:modified_time\" content=\"2018-06-14T07:32:36+00:00\" \/>\n<meta property=\"og:image\" content=\"https:\/\/veeohutus.ee\/suvi\/wp-content\/uploads\/2018\/05\/ban-1.png\" \/>\n\t<meta property=\"og:image:width\" content=\"1320\" \/>\n\t<meta property=\"og:image:height\" content=\"610\" \/>\n\t<meta property=\"og:image:type\" content=\"image\/png\" \/>\n<meta name=\"twitter:card\" content=\"summary_large_image\" \/>\n<script type=\"application\/ld+json\" class=\"yoast-schema-graph\">{\"@context\":\"https:\/\/schema.org\",\"@graph\":[{\"@type\":\"WebPage\",\"@id\":\"https:\/\/veeohutus.ee\/suvi\/tahelepanumangud\/\",\"url\":\"https:\/\/veeohutus.ee\/suvi\/tahelepanumangud\/\",\"name\":\"T\u00e4helepanum\u00e4ngud - Veeohutus - Suvi - tule uuri, kuidas ennetada ja aidata - P\u00e4\u00e4steamet\",\"isPartOf\":{\"@id\":\"https:\/\/veeohutus.ee\/suvi\/#website\"},\"primaryImageOfPage\":{\"@id\":\"https:\/\/veeohutus.ee\/suvi\/tahelepanumangud\/#primaryimage\"},\"image\":{\"@id\":\"https:\/\/veeohutus.ee\/suvi\/tahelepanumangud\/#primaryimage\"},\"thumbnailUrl\":\"https:\/\/veeohutus.ee\/suvi\/wp-content\/uploads\/2018\/05\/ban-1.png\",\"datePublished\":\"2018-05-11T18:02:14+00:00\",\"dateModified\":\"2018-06-14T07:32:36+00:00\",\"breadcrumb\":{\"@id\":\"https:\/\/veeohutus.ee\/suvi\/tahelepanumangud\/#breadcrumb\"},\"inLanguage\":\"et\",\"potentialAction\":[{\"@type\":\"ReadAction\",\"target\":[\"https:\/\/veeohutus.ee\/suvi\/tahelepanumangud\/\"]}]},{\"@type\":\"ImageObject\",\"inLanguage\":\"et\",\"@id\":\"https:\/\/veeohutus.ee\/suvi\/tahelepanumangud\/#primaryimage\",\"url\":\"https:\/\/veeohutus.ee\/suvi\/wp-content\/uploads\/2018\/05\/ban-1.png\",\"contentUrl\":\"https:\/\/veeohutus.ee\/suvi\/wp-content\/uploads\/2018\/05\/ban-1.png\",\"width\":1320,\"height\":610},{\"@type\":\"BreadcrumbList\",\"@id\":\"https:\/\/veeohutus.ee\/suvi\/tahelepanumangud\/#breadcrumb\",\"itemListElement\":[{\"@type\":\"ListItem\",\"position\":1,\"name\":\"Home\",\"item\":\"https:\/\/veeohutus.ee\/suvi\/\"},{\"@type\":\"ListItem\",\"position\":2,\"name\":\"T\u00e4helepanum\u00e4ngud\"}]},{\"@type\":\"WebSite\",\"@id\":\"https:\/\/veeohutus.ee\/suvi\/#website\",\"url\":\"https:\/\/veeohutus.ee\/suvi\/\",\"name\":\"Veeohutus - Suvi - tule uuri, kuidas ennetada ja aidata - P\u00e4\u00e4steamet\",\"description\":\"P\u00e4\u00e4steamet - Veeohutus\",\"potentialAction\":[{\"@type\":\"SearchAction\",\"target\":{\"@type\":\"EntryPoint\",\"urlTemplate\":\"https:\/\/veeohutus.ee\/suvi\/?s={search_term_string}\"},\"query-input\":{\"@type\":\"PropertyValueSpecification\",\"valueRequired\":true,\"valueName\":\"search_term_string\"}}],\"inLanguage\":\"et\"}]}<\/script>\n<!-- \/ Yoast SEO plugin. -->","yoast_head_json":{"title":"T\u00e4helepanum\u00e4ngud - Veeohutus - Suvi - tule uuri, kuidas ennetada ja aidata - P\u00e4\u00e4steamet","robots":{"index":"index","follow":"follow","max-snippet":"max-snippet:-1","max-image-preview":"max-image-preview:large","max-video-preview":"max-video-preview:-1"},"canonical":"https:\/\/veeohutus.ee\/suvi\/tahelepanumangud\/","og_locale":"et_EE","og_type":"article","og_title":"T\u00e4helepanum\u00e4ngud - Veeohutus - Suvi - tule uuri, kuidas ennetada ja aidata - P\u00e4\u00e4steamet","og_description":"Pane oma kiirus ja t\u00e4helepanuv\u00f5ime proovile! \u2028T\u00e4helepanelikkus ja kiirus on kaks omadust, mis v\u00f5ivad teatud olukordades elu p\u00e4\u00e4sta. Proovi t\u00e4helepanum\u00e4ngu ja vaata, kui kiire ja t\u00e4helepanelik sa oled! M\u00e4ng 1 M\u00e4ng 2 M\u00e4ng 3 M\u00e4ng 4","og_url":"https:\/\/veeohutus.ee\/suvi\/tahelepanumangud\/","og_site_name":"Veeohutus - Suvi - tule uuri, kuidas ennetada ja aidata - P\u00e4\u00e4steamet","article_modified_time":"2018-06-14T07:32:36+00:00","og_image":[{"width":1320,"height":610,"url":"https:\/\/veeohutus.ee\/suvi\/wp-content\/uploads\/2018\/05\/ban-1.png","type":"image\/png"}],"twitter_card":"summary_large_image","schema":{"@context":"https:\/\/schema.org","@graph":[{"@type":"WebPage","@id":"https:\/\/veeohutus.ee\/suvi\/tahelepanumangud\/","url":"https:\/\/veeohutus.ee\/suvi\/tahelepanumangud\/","name":"T\u00e4helepanum\u00e4ngud - Veeohutus - Suvi - tule uuri, kuidas ennetada ja aidata - P\u00e4\u00e4steamet","isPartOf":{"@id":"https:\/\/veeohutus.ee\/suvi\/#website"},"primaryImageOfPage":{"@id":"https:\/\/veeohutus.ee\/suvi\/tahelepanumangud\/#primaryimage"},"image":{"@id":"https:\/\/veeohutus.ee\/suvi\/tahelepanumangud\/#primaryimage"},"thumbnailUrl":"https:\/\/veeohutus.ee\/suvi\/wp-content\/uploads\/2018\/05\/ban-1.png","datePublished":"2018-05-11T18:02:14+00:00","dateModified":"2018-06-14T07:32:36+00:00","breadcrumb":{"@id":"https:\/\/veeohutus.ee\/suvi\/tahelepanumangud\/#breadcrumb"},"inLanguage":"et","potentialAction":[{"@type":"ReadAction","target":["https:\/\/veeohutus.ee\/suvi\/tahelepanumangud\/"]}]},{"@type":"ImageObject","inLanguage":"et","@id":"https:\/\/veeohutus.ee\/suvi\/tahelepanumangud\/#primaryimage","url":"https:\/\/veeohutus.ee\/suvi\/wp-content\/uploads\/2018\/05\/ban-1.png","contentUrl":"https:\/\/veeohutus.ee\/suvi\/wp-content\/uploads\/2018\/05\/ban-1.png","width":1320,"height":610},{"@type":"BreadcrumbList","@id":"https:\/\/veeohutus.ee\/suvi\/tahelepanumangud\/#breadcrumb","itemListElement":[{"@type":"ListItem","position":1,"name":"Home","item":"https:\/\/veeohutus.ee\/suvi\/"},{"@type":"ListItem","position":2,"name":"T\u00e4helepanum\u00e4ngud"}]},{"@type":"WebSite","@id":"https:\/\/veeohutus.ee\/suvi\/#website","url":"https:\/\/veeohutus.ee\/suvi\/","name":"Veeohutus - Suvi - tule uuri, kuidas ennetada ja aidata - P\u00e4\u00e4steamet","description":"P\u00e4\u00e4steamet - Veeohutus","potentialAction":[{"@type":"SearchAction","target":{"@type":"EntryPoint","urlTemplate":"https:\/\/veeohutus.ee\/suvi\/?s={search_term_string}"},"query-input":{"@type":"PropertyValueSpecification","valueRequired":true,"valueName":"search_term_string"}}],"inLanguage":"et"}]}},"_links":{"self":[{"href":"https:\/\/veeohutus.ee\/suvi\/wp-json\/wp\/v2\/pages\/2537","targetHints":{"allow":["GET"]}}],"collection":[{"href":"https:\/\/veeohutus.ee\/suvi\/wp-json\/wp\/v2\/pages"}],"about":[{"href":"https:\/\/veeohutus.ee\/suvi\/wp-json\/wp\/v2\/types\/page"}],"author":[{"embeddable":true,"href":"https:\/\/veeohutus.ee\/suvi\/wp-json\/wp\/v2\/users\/1"}],"replies":[{"embeddable":true,"href":"https:\/\/veeohutus.ee\/suvi\/wp-json\/wp\/v2\/comments?post=2537"}],"version-history":[{"count":5,"href":"https:\/\/veeohutus.ee\/suvi\/wp-json\/wp\/v2\/pages\/2537\/revisions"}],"predecessor-version":[{"id":2757,"href":"https:\/\/veeohutus.ee\/suvi\/wp-json\/wp\/v2\/pages\/2537\/revisions\/2757"}],"wp:featuredmedia":[{"embeddable":true,"href":"https:\/\/veeohutus.ee\/suvi\/wp-json\/wp\/v2\/media\/2592"}],"wp:attachment":[{"href":"https:\/\/veeohutus.ee\/suvi\/wp-json\/wp\/v2\/media?parent=2537"}],"curies":[{"name":"wp","href":"https:\/\/api.w.org\/{rel}","templated":true}]}}