{"id":2551,"date":"2018-05-11T21:09:33","date_gmt":"2018-05-11T18:09:33","guid":{"rendered":"https:\/\/veeohutus.ee\/suvi\/?page_id=2551"},"modified":"2018-05-15T11:54:28","modified_gmt":"2018-05-15T08:54:28","slug":"mang-4","status":"publish","type":"page","link":"https:\/\/veeohutus.ee\/suvi\/tahelepanumangud\/mang-4\/","title":{"rendered":"Mang 4"},"content":{"rendered":"<style>\n.page-container .content-container {width: calc(100% - 20px);}\n@media only screen and (max-width: 600px) { .page-container .content-container {width: calc(100% - 0px);} }\n<\/style>\n<p><iframe loading=\"lazy\" style=\"max-width: 100%; height: 650px!important;\" src=\"https:\/\/www.veeohutus.ee\/veeohutusmang_suvi2018\/game_4\/index.html\" width=\"100%\" height=\"650px\" frameborder=\"0\" scrolling=\"no\"><\/iframe><\/p>\n<p><a href=\"https:\/\/veeohutus.ee\/suvi\/tahelepanumangud\" style=\"background: #1D3557; color: #fff; padding: 10px 40px; display: table; margin: 30px auto; border-radius: 20px;\">Tagasi<\/a><\/p>\n<p>&nbsp;<\/p>\n<h3>Loe ka selle kohta, <a href=\"https:\/\/veeohutus.ee\/suvi\/kuidas-muuta-kodulahedane-veekogu-ohutuks\/\">kuidas muuta kodul\u00e4hedane veekogu ohutuks<\/a>!<\/h3>\n","protected":false},"excerpt":{"rendered":"<p>Tagasi &nbsp; Loe ka selle kohta, kuidas muuta kodul\u00e4hedane veekogu ohutuks!<\/p>\n","protected":false},"author":1,"featured_media":2538,"parent":2537,"menu_order":0,"comment_status":"closed","ping_status":"closed","template":"page-no_sidebar-no_banner.php","meta":{"_acf_changed":false,"footnotes":""},"class_list":["post-2551","page","type-page","status-publish","has-post-thumbnail","hentry"],"acf":[],"yoast_head":"<!-- This site is optimized with the Yoast SEO plugin v26.7 - https:\/\/yoast.com\/wordpress\/plugins\/seo\/ -->\n<title>Mang 4 - Veeohutus - Suvi - tule uuri, kuidas ennetada ja aidata - P\u00e4\u00e4steamet<\/title>\n<meta name=\"robots\" content=\"index, follow, max-snippet:-1, max-image-preview:large, max-video-preview:-1\" \/>\n<link rel=\"canonical\" href=\"https:\/\/veeohutus.ee\/suvi\/tahelepanumangud\/mang-4\/\" \/>\n<meta property=\"og:locale\" content=\"et_EE\" \/>\n<meta property=\"og:type\" content=\"article\" \/>\n<meta property=\"og:title\" content=\"Mang 4 - Veeohutus - Suvi - tule uuri, kuidas ennetada ja aidata - P\u00e4\u00e4steamet\" \/>\n<meta property=\"og:description\" content=\"Tagasi &nbsp; Loe ka selle kohta, kuidas muuta kodul\u00e4hedane veekogu ohutuks!\" \/>\n<meta property=\"og:url\" content=\"https:\/\/veeohutus.ee\/suvi\/tahelepanumangud\/mang-4\/\" \/>\n<meta property=\"og:site_name\" content=\"Veeohutus - Suvi - tule uuri, kuidas ennetada ja aidata - P\u00e4\u00e4steamet\" \/>\n<meta property=\"article:modified_time\" content=\"2018-05-15T08:54:28+00:00\" \/>\n<meta property=\"og:image\" content=\"https:\/\/veeohutus.ee\/suvi\/wp-content\/uploads\/2018\/05\/ban.png\" \/>\n\t<meta property=\"og:image:width\" content=\"1320\" \/>\n\t<meta property=\"og:image:height\" content=\"610\" \/>\n\t<meta property=\"og:image:type\" content=\"image\/png\" \/>\n<meta name=\"twitter:card\" content=\"summary_large_image\" \/>\n<script type=\"application\/ld+json\" class=\"yoast-schema-graph\">{\"@context\":\"https:\/\/schema.org\",\"@graph\":[{\"@type\":\"WebPage\",\"@id\":\"https:\/\/veeohutus.ee\/suvi\/tahelepanumangud\/mang-4\/\",\"url\":\"https:\/\/veeohutus.ee\/suvi\/tahelepanumangud\/mang-4\/\",\"name\":\"Mang 4 - Veeohutus - Suvi - tule uuri, kuidas ennetada ja aidata - P\u00e4\u00e4steamet\",\"isPartOf\":{\"@id\":\"https:\/\/veeohutus.ee\/suvi\/#website\"},\"primaryImageOfPage\":{\"@id\":\"https:\/\/veeohutus.ee\/suvi\/tahelepanumangud\/mang-4\/#primaryimage\"},\"image\":{\"@id\":\"https:\/\/veeohutus.ee\/suvi\/tahelepanumangud\/mang-4\/#primaryimage\"},\"thumbnailUrl\":\"https:\/\/veeohutus.ee\/suvi\/wp-content\/uploads\/2018\/05\/ban.png\",\"datePublished\":\"2018-05-11T18:09:33+00:00\",\"dateModified\":\"2018-05-15T08:54:28+00:00\",\"breadcrumb\":{\"@id\":\"https:\/\/veeohutus.ee\/suvi\/tahelepanumangud\/mang-4\/#breadcrumb\"},\"inLanguage\":\"et\",\"potentialAction\":[{\"@type\":\"ReadAction\",\"target\":[\"https:\/\/veeohutus.ee\/suvi\/tahelepanumangud\/mang-4\/\"]}]},{\"@type\":\"ImageObject\",\"inLanguage\":\"et\",\"@id\":\"https:\/\/veeohutus.ee\/suvi\/tahelepanumangud\/mang-4\/#primaryimage\",\"url\":\"https:\/\/veeohutus.ee\/suvi\/wp-content\/uploads\/2018\/05\/ban.png\",\"contentUrl\":\"https:\/\/veeohutus.ee\/suvi\/wp-content\/uploads\/2018\/05\/ban.png\",\"width\":1320,\"height\":610},{\"@type\":\"BreadcrumbList\",\"@id\":\"https:\/\/veeohutus.ee\/suvi\/tahelepanumangud\/mang-4\/#breadcrumb\",\"itemListElement\":[{\"@type\":\"ListItem\",\"position\":1,\"name\":\"Home\",\"item\":\"https:\/\/veeohutus.ee\/suvi\/\"},{\"@type\":\"ListItem\",\"position\":2,\"name\":\"T\u00e4helepanum\u00e4ngud\",\"item\":\"https:\/\/veeohutus.ee\/suvi\/tahelepanumangud\/\"},{\"@type\":\"ListItem\",\"position\":3,\"name\":\"Mang 4\"}]},{\"@type\":\"WebSite\",\"@id\":\"https:\/\/veeohutus.ee\/suvi\/#website\",\"url\":\"https:\/\/veeohutus.ee\/suvi\/\",\"name\":\"Veeohutus - Suvi - tule uuri, kuidas ennetada ja aidata - P\u00e4\u00e4steamet\",\"description\":\"P\u00e4\u00e4steamet - Veeohutus\",\"potentialAction\":[{\"@type\":\"SearchAction\",\"target\":{\"@type\":\"EntryPoint\",\"urlTemplate\":\"https:\/\/veeohutus.ee\/suvi\/?s={search_term_string}\"},\"query-input\":{\"@type\":\"PropertyValueSpecification\",\"valueRequired\":true,\"valueName\":\"search_term_string\"}}],\"inLanguage\":\"et\"}]}<\/script>\n<!-- \/ Yoast SEO plugin. -->","yoast_head_json":{"title":"Mang 4 - Veeohutus - Suvi - tule uuri, kuidas ennetada ja aidata - P\u00e4\u00e4steamet","robots":{"index":"index","follow":"follow","max-snippet":"max-snippet:-1","max-image-preview":"max-image-preview:large","max-video-preview":"max-video-preview:-1"},"canonical":"https:\/\/veeohutus.ee\/suvi\/tahelepanumangud\/mang-4\/","og_locale":"et_EE","og_type":"article","og_title":"Mang 4 - Veeohutus - Suvi - tule uuri, kuidas ennetada ja aidata - P\u00e4\u00e4steamet","og_description":"Tagasi &nbsp; Loe ka selle kohta, kuidas muuta kodul\u00e4hedane veekogu ohutuks!","og_url":"https:\/\/veeohutus.ee\/suvi\/tahelepanumangud\/mang-4\/","og_site_name":"Veeohutus - Suvi - tule uuri, kuidas ennetada ja aidata - P\u00e4\u00e4steamet","article_modified_time":"2018-05-15T08:54:28+00:00","og_image":[{"width":1320,"height":610,"url":"https:\/\/veeohutus.ee\/suvi\/wp-content\/uploads\/2018\/05\/ban.png","type":"image\/png"}],"twitter_card":"summary_large_image","schema":{"@context":"https:\/\/schema.org","@graph":[{"@type":"WebPage","@id":"https:\/\/veeohutus.ee\/suvi\/tahelepanumangud\/mang-4\/","url":"https:\/\/veeohutus.ee\/suvi\/tahelepanumangud\/mang-4\/","name":"Mang 4 - Veeohutus - Suvi - tule uuri, kuidas ennetada ja aidata - P\u00e4\u00e4steamet","isPartOf":{"@id":"https:\/\/veeohutus.ee\/suvi\/#website"},"primaryImageOfPage":{"@id":"https:\/\/veeohutus.ee\/suvi\/tahelepanumangud\/mang-4\/#primaryimage"},"image":{"@id":"https:\/\/veeohutus.ee\/suvi\/tahelepanumangud\/mang-4\/#primaryimage"},"thumbnailUrl":"https:\/\/veeohutus.ee\/suvi\/wp-content\/uploads\/2018\/05\/ban.png","datePublished":"2018-05-11T18:09:33+00:00","dateModified":"2018-05-15T08:54:28+00:00","breadcrumb":{"@id":"https:\/\/veeohutus.ee\/suvi\/tahelepanumangud\/mang-4\/#breadcrumb"},"inLanguage":"et","potentialAction":[{"@type":"ReadAction","target":["https:\/\/veeohutus.ee\/suvi\/tahelepanumangud\/mang-4\/"]}]},{"@type":"ImageObject","inLanguage":"et","@id":"https:\/\/veeohutus.ee\/suvi\/tahelepanumangud\/mang-4\/#primaryimage","url":"https:\/\/veeohutus.ee\/suvi\/wp-content\/uploads\/2018\/05\/ban.png","contentUrl":"https:\/\/veeohutus.ee\/suvi\/wp-content\/uploads\/2018\/05\/ban.png","width":1320,"height":610},{"@type":"BreadcrumbList","@id":"https:\/\/veeohutus.ee\/suvi\/tahelepanumangud\/mang-4\/#breadcrumb","itemListElement":[{"@type":"ListItem","position":1,"name":"Home","item":"https:\/\/veeohutus.ee\/suvi\/"},{"@type":"ListItem","position":2,"name":"T\u00e4helepanum\u00e4ngud","item":"https:\/\/veeohutus.ee\/suvi\/tahelepanumangud\/"},{"@type":"ListItem","position":3,"name":"Mang 4"}]},{"@type":"WebSite","@id":"https:\/\/veeohutus.ee\/suvi\/#website","url":"https:\/\/veeohutus.ee\/suvi\/","name":"Veeohutus - Suvi - tule uuri, kuidas ennetada ja aidata - P\u00e4\u00e4steamet","description":"P\u00e4\u00e4steamet - Veeohutus","potentialAction":[{"@type":"SearchAction","target":{"@type":"EntryPoint","urlTemplate":"https:\/\/veeohutus.ee\/suvi\/?s={search_term_string}"},"query-input":{"@type":"PropertyValueSpecification","valueRequired":true,"valueName":"search_term_string"}}],"inLanguage":"et"}]}},"_links":{"self":[{"href":"https:\/\/veeohutus.ee\/suvi\/wp-json\/wp\/v2\/pages\/2551","targetHints":{"allow":["GET"]}}],"collection":[{"href":"https:\/\/veeohutus.ee\/suvi\/wp-json\/wp\/v2\/pages"}],"about":[{"href":"https:\/\/veeohutus.ee\/suvi\/wp-json\/wp\/v2\/types\/page"}],"author":[{"embeddable":true,"href":"https:\/\/veeohutus.ee\/suvi\/wp-json\/wp\/v2\/users\/1"}],"replies":[{"embeddable":true,"href":"https:\/\/veeohutus.ee\/suvi\/wp-json\/wp\/v2\/comments?post=2551"}],"version-history":[{"count":7,"href":"https:\/\/veeohutus.ee\/suvi\/wp-json\/wp\/v2\/pages\/2551\/revisions"}],"predecessor-version":[{"id":2726,"href":"https:\/\/veeohutus.ee\/suvi\/wp-json\/wp\/v2\/pages\/2551\/revisions\/2726"}],"up":[{"embeddable":true,"href":"https:\/\/veeohutus.ee\/suvi\/wp-json\/wp\/v2\/pages\/2537"}],"wp:featuredmedia":[{"embeddable":true,"href":"https:\/\/veeohutus.ee\/suvi\/wp-json\/wp\/v2\/media\/2538"}],"wp:attachment":[{"href":"https:\/\/veeohutus.ee\/suvi\/wp-json\/wp\/v2\/media?parent=2551"}],"curies":[{"name":"wp","href":"https:\/\/api.w.org\/{rel}","templated":true}]}}