{"id":270,"date":"2016-06-21T12:15:58","date_gmt":"2016-06-21T12:15:58","guid":{"rendered":"http:\/\/demo.opus.ee\/projects\/veeohutus\/www\/?page_id=270"},"modified":"2022-04-11T10:34:06","modified_gmt":"2022-04-11T07:34:06","slug":"ara-lase-purjus-sopra-vette","status":"publish","type":"page","link":"https:\/\/veeohutus.ee\/suvi\/ara-lase-purjus-sopra-vette\/","title":{"rendered":"\u00c4ra lase purjus s\u00f5pra vette"},"content":{"rendered":"<h1 style=\"text-align: justify;\">Kui jood, \u00e4ra uju!<\/h1>\n<p>Veekogu \u00e4\u00e4res viibides on oluline meeles pidada, et <strong>ujumine ja alkohol ei k\u00e4i kokku<\/strong>. Seet\u00f5ttu on v\u00e4ga oluline oma s\u00f5pradel ja l\u00e4hedastel veekogu \u00e4\u00e4res viibides silma peal hoida &#8211; \u00e4ra lase neid purjus peaga vette. Purjus inimene ei pruugi osata hinnata olukorra ohtlikkust, mist\u00f5ttu on oluline, et l\u00e4hedal viibivad inimesed oleksid t\u00e4helepanelikud ja vajadusel sekkuksid, <strong>keelates alkoholi tarvitanud inimesel vette minna.<\/strong><\/p>\n<p><iframe loading=\"lazy\" src=\"https:\/\/www.youtube.com\/embed\/9gEoYQQHyhU?list=PLXqfEWtALYhePDIWKcQxq-VDpEradxpSB\" width=\"560\" height=\"315\" frameborder=\"0\" allowfullscreen=\"allowfullscreen\"><\/iframe><\/p>\n<p>Eelmine aasta kujunes taasiseseisvumise aja \u00fcheks suurima vee\u00f5nnetuste arvuga aastaks. 2021. aastal hukkus vee\u00f5nnetustes 60 inimest, ainu\u00fcksi juulis 15 inimest. Ka 2020. oli uppunute arv v\u00e4ga k\u00f5rge &#8211; 58 inimest. <strong>\u00dcle poolte uppunutest olid joobes.<\/strong>\u00a0 Hoolimata sellest, et ollakse teadlikud joobes vette mineku ohtlikkusest, kaob alkoholi m\u00f5jul ohutunne ning ohver l\u00e4heb veekogusse end v\u00e4rskendama, ujuma v\u00f5i oma v\u00f5imeid proovile panema. Veekogudel tegevuste (suplemine, kalastamine, paadis\u00f5it jmt) t\u00f5ttu uppus rekordarv inimesi &#8211; 41.<\/p>\n<p>Enamusel juhtumistest oleks <strong>keegi kaaslastest v\u00f5inud \u00f5nnetuse \u00e4ra hoida,<\/strong> kui oleks s\u00f5bral silma peal hoidnud ja \u00f5igel ajal sekkunud.<\/p>\n<p>Vaata lisaks: <a href=\"https:\/\/selgroog.ee\/\"><strong>Selgroog.ee<\/strong><\/a><\/p>\n<p style=\"text-align: justify;\"><img loading=\"lazy\" decoding=\"async\" class=\"aligncenter wp-image-583 size-full\" src=\"http:\/\/demo.opus.ee\/projects\/veeohutus\/www\/wp-content\/uploads\/2016\/06\/Pesakond_Pa_\u0142a_\u0142steamet_suured_3.jpg\" alt=\"Kui joon, ei uju\" width=\"640\" height=\"404\" srcset=\"https:\/\/veeohutus.ee\/suvi\/wp-content\/uploads\/2016\/06\/Pesakond_Pa_\u0142a_\u0142steamet_suured_3.jpg 640w, https:\/\/veeohutus.ee\/suvi\/wp-content\/uploads\/2016\/06\/Pesakond_Pa_\u0142a_\u0142steamet_suured_3-300x189.jpg 300w\" sizes=\"auto, (max-width: 640px) 100vw, 640px\" \/><\/p>\n","protected":false},"excerpt":{"rendered":"<p>Kui jood, \u00e4ra uju! Veekogu \u00e4\u00e4res viibides on oluline meeles pidada, et ujumine ja alkohol ei k\u00e4i kokku. Seet\u00f5ttu on v\u00e4ga oluline oma s\u00f5pradel ja l\u00e4hedastel veekogu \u00e4\u00e4res viibides silma peal hoida &#8211; \u00e4ra lase neid purjus peaga vette. Purjus inimene ei pruugi osata hinnata olukorra ohtlikkust, mist\u00f5ttu on oluline, et l\u00e4hedal viibivad inimesed oleksid&#8230;  <a class=\"excerpt-read-more\" href=\"https:\/\/veeohutus.ee\/suvi\/ara-lase-purjus-sopra-vette\/\" title=\"Read \u00c4ra lase purjus s\u00f5pra vette\">Read more<\/a><\/p>\n","protected":false},"author":2,"featured_media":150,"parent":0,"menu_order":7,"comment_status":"closed","ping_status":"closed","template":"","meta":{"_acf_changed":false,"footnotes":""},"class_list":["post-270","page","type-page","status-publish","has-post-thumbnail","hentry"],"acf":[],"yoast_head":"<!-- This site is optimized with the Yoast SEO plugin v26.7 - https:\/\/yoast.com\/wordpress\/plugins\/seo\/ -->\n<title>P\u00e4\u00e4steamet -\u00e4ra lase purjus s\u00f5pra vette - veeohutus<\/title>\n<meta name=\"description\" content=\"Veekogu \u00e4\u00e4res viibides on oluline meeles pidada, et ujumine ja alkohol ei k\u00e4i kokku. Kui jood, \u00e4ra uju.\" \/>\n<meta name=\"robots\" content=\"index, follow, max-snippet:-1, max-image-preview:large, max-video-preview:-1\" \/>\n<link rel=\"canonical\" href=\"https:\/\/veeohutus.ee\/suvi\/ara-lase-purjus-sopra-vette\/\" \/>\n<meta property=\"og:locale\" content=\"et_EE\" \/>\n<meta property=\"og:type\" content=\"article\" \/>\n<meta property=\"og:title\" content=\"P\u00e4\u00e4steamet -\u00e4ra lase purjus s\u00f5pra vette - veeohutus\" \/>\n<meta property=\"og:description\" content=\"Veekogu \u00e4\u00e4res viibides on oluline meeles pidada, et ujumine ja alkohol ei k\u00e4i kokku. Kui jood, \u00e4ra uju.\" \/>\n<meta property=\"og:url\" content=\"https:\/\/veeohutus.ee\/suvi\/ara-lase-purjus-sopra-vette\/\" \/>\n<meta property=\"og:site_name\" content=\"Veeohutus - Suvi - tule uuri, kuidas ennetada ja aidata - P\u00e4\u00e4steamet\" \/>\n<meta property=\"article:modified_time\" content=\"2022-04-11T07:34:06+00:00\" \/>\n<meta property=\"og:image\" content=\"https:\/\/veeohutus.ee\/suvi\/wp-content\/uploads\/2016\/06\/img03.jpg\" \/>\n\t<meta property=\"og:image:width\" content=\"1100\" \/>\n\t<meta property=\"og:image:height\" content=\"535\" \/>\n\t<meta property=\"og:image:type\" content=\"image\/jpeg\" \/>\n<meta name=\"twitter:card\" content=\"summary_large_image\" \/>\n<meta name=\"twitter:label1\" content=\"Est. reading time\" \/>\n\t<meta name=\"twitter:data1\" content=\"1 minut\" \/>\n<script type=\"application\/ld+json\" class=\"yoast-schema-graph\">{\"@context\":\"https:\/\/schema.org\",\"@graph\":[{\"@type\":\"WebPage\",\"@id\":\"https:\/\/veeohutus.ee\/suvi\/ara-lase-purjus-sopra-vette\/\",\"url\":\"https:\/\/veeohutus.ee\/suvi\/ara-lase-purjus-sopra-vette\/\",\"name\":\"P\u00e4\u00e4steamet -\u00e4ra lase purjus s\u00f5pra vette - veeohutus\",\"isPartOf\":{\"@id\":\"https:\/\/veeohutus.ee\/suvi\/#website\"},\"primaryImageOfPage\":{\"@id\":\"https:\/\/veeohutus.ee\/suvi\/ara-lase-purjus-sopra-vette\/#primaryimage\"},\"image\":{\"@id\":\"https:\/\/veeohutus.ee\/suvi\/ara-lase-purjus-sopra-vette\/#primaryimage\"},\"thumbnailUrl\":\"https:\/\/veeohutus.ee\/suvi\/wp-content\/uploads\/2016\/06\/img03.jpg\",\"datePublished\":\"2016-06-21T12:15:58+00:00\",\"dateModified\":\"2022-04-11T07:34:06+00:00\",\"description\":\"Veekogu \u00e4\u00e4res viibides on oluline meeles pidada, et ujumine ja alkohol ei k\u00e4i kokku. Kui jood, \u00e4ra uju.\",\"breadcrumb\":{\"@id\":\"https:\/\/veeohutus.ee\/suvi\/ara-lase-purjus-sopra-vette\/#breadcrumb\"},\"inLanguage\":\"et\",\"potentialAction\":[{\"@type\":\"ReadAction\",\"target\":[\"https:\/\/veeohutus.ee\/suvi\/ara-lase-purjus-sopra-vette\/\"]}]},{\"@type\":\"ImageObject\",\"inLanguage\":\"et\",\"@id\":\"https:\/\/veeohutus.ee\/suvi\/ara-lase-purjus-sopra-vette\/#primaryimage\",\"url\":\"https:\/\/veeohutus.ee\/suvi\/wp-content\/uploads\/2016\/06\/img03.jpg\",\"contentUrl\":\"https:\/\/veeohutus.ee\/suvi\/wp-content\/uploads\/2016\/06\/img03.jpg\",\"width\":1100,\"height\":535},{\"@type\":\"BreadcrumbList\",\"@id\":\"https:\/\/veeohutus.ee\/suvi\/ara-lase-purjus-sopra-vette\/#breadcrumb\",\"itemListElement\":[{\"@type\":\"ListItem\",\"position\":1,\"name\":\"Home\",\"item\":\"https:\/\/veeohutus.ee\/suvi\/\"},{\"@type\":\"ListItem\",\"position\":2,\"name\":\"\u00c4ra lase purjus s\u00f5pra vette\"}]},{\"@type\":\"WebSite\",\"@id\":\"https:\/\/veeohutus.ee\/suvi\/#website\",\"url\":\"https:\/\/veeohutus.ee\/suvi\/\",\"name\":\"Veeohutus - Suvi - tule uuri, kuidas ennetada ja aidata - P\u00e4\u00e4steamet\",\"description\":\"P\u00e4\u00e4steamet - Veeohutus\",\"potentialAction\":[{\"@type\":\"SearchAction\",\"target\":{\"@type\":\"EntryPoint\",\"urlTemplate\":\"https:\/\/veeohutus.ee\/suvi\/?s={search_term_string}\"},\"query-input\":{\"@type\":\"PropertyValueSpecification\",\"valueRequired\":true,\"valueName\":\"search_term_string\"}}],\"inLanguage\":\"et\"}]}<\/script>\n<!-- \/ Yoast SEO plugin. -->","yoast_head_json":{"title":"P\u00e4\u00e4steamet -\u00e4ra lase purjus s\u00f5pra vette - veeohutus","description":"Veekogu \u00e4\u00e4res viibides on oluline meeles pidada, et ujumine ja alkohol ei k\u00e4i kokku. Kui jood, \u00e4ra uju.","robots":{"index":"index","follow":"follow","max-snippet":"max-snippet:-1","max-image-preview":"max-image-preview:large","max-video-preview":"max-video-preview:-1"},"canonical":"https:\/\/veeohutus.ee\/suvi\/ara-lase-purjus-sopra-vette\/","og_locale":"et_EE","og_type":"article","og_title":"P\u00e4\u00e4steamet -\u00e4ra lase purjus s\u00f5pra vette - veeohutus","og_description":"Veekogu \u00e4\u00e4res viibides on oluline meeles pidada, et ujumine ja alkohol ei k\u00e4i kokku. Kui jood, \u00e4ra uju.","og_url":"https:\/\/veeohutus.ee\/suvi\/ara-lase-purjus-sopra-vette\/","og_site_name":"Veeohutus - Suvi - tule uuri, kuidas ennetada ja aidata - P\u00e4\u00e4steamet","article_modified_time":"2022-04-11T07:34:06+00:00","og_image":[{"width":1100,"height":535,"url":"https:\/\/veeohutus.ee\/suvi\/wp-content\/uploads\/2016\/06\/img03.jpg","type":"image\/jpeg"}],"twitter_card":"summary_large_image","twitter_misc":{"Est. reading time":"1 minut"},"schema":{"@context":"https:\/\/schema.org","@graph":[{"@type":"WebPage","@id":"https:\/\/veeohutus.ee\/suvi\/ara-lase-purjus-sopra-vette\/","url":"https:\/\/veeohutus.ee\/suvi\/ara-lase-purjus-sopra-vette\/","name":"P\u00e4\u00e4steamet -\u00e4ra lase purjus s\u00f5pra vette - veeohutus","isPartOf":{"@id":"https:\/\/veeohutus.ee\/suvi\/#website"},"primaryImageOfPage":{"@id":"https:\/\/veeohutus.ee\/suvi\/ara-lase-purjus-sopra-vette\/#primaryimage"},"image":{"@id":"https:\/\/veeohutus.ee\/suvi\/ara-lase-purjus-sopra-vette\/#primaryimage"},"thumbnailUrl":"https:\/\/veeohutus.ee\/suvi\/wp-content\/uploads\/2016\/06\/img03.jpg","datePublished":"2016-06-21T12:15:58+00:00","dateModified":"2022-04-11T07:34:06+00:00","description":"Veekogu \u00e4\u00e4res viibides on oluline meeles pidada, et ujumine ja alkohol ei k\u00e4i kokku. Kui jood, \u00e4ra uju.","breadcrumb":{"@id":"https:\/\/veeohutus.ee\/suvi\/ara-lase-purjus-sopra-vette\/#breadcrumb"},"inLanguage":"et","potentialAction":[{"@type":"ReadAction","target":["https:\/\/veeohutus.ee\/suvi\/ara-lase-purjus-sopra-vette\/"]}]},{"@type":"ImageObject","inLanguage":"et","@id":"https:\/\/veeohutus.ee\/suvi\/ara-lase-purjus-sopra-vette\/#primaryimage","url":"https:\/\/veeohutus.ee\/suvi\/wp-content\/uploads\/2016\/06\/img03.jpg","contentUrl":"https:\/\/veeohutus.ee\/suvi\/wp-content\/uploads\/2016\/06\/img03.jpg","width":1100,"height":535},{"@type":"BreadcrumbList","@id":"https:\/\/veeohutus.ee\/suvi\/ara-lase-purjus-sopra-vette\/#breadcrumb","itemListElement":[{"@type":"ListItem","position":1,"name":"Home","item":"https:\/\/veeohutus.ee\/suvi\/"},{"@type":"ListItem","position":2,"name":"\u00c4ra lase purjus s\u00f5pra vette"}]},{"@type":"WebSite","@id":"https:\/\/veeohutus.ee\/suvi\/#website","url":"https:\/\/veeohutus.ee\/suvi\/","name":"Veeohutus - Suvi - tule uuri, kuidas ennetada ja aidata - P\u00e4\u00e4steamet","description":"P\u00e4\u00e4steamet - Veeohutus","potentialAction":[{"@type":"SearchAction","target":{"@type":"EntryPoint","urlTemplate":"https:\/\/veeohutus.ee\/suvi\/?s={search_term_string}"},"query-input":{"@type":"PropertyValueSpecification","valueRequired":true,"valueName":"search_term_string"}}],"inLanguage":"et"}]}},"_links":{"self":[{"href":"https:\/\/veeohutus.ee\/suvi\/wp-json\/wp\/v2\/pages\/270","targetHints":{"allow":["GET"]}}],"collection":[{"href":"https:\/\/veeohutus.ee\/suvi\/wp-json\/wp\/v2\/pages"}],"about":[{"href":"https:\/\/veeohutus.ee\/suvi\/wp-json\/wp\/v2\/types\/page"}],"author":[{"embeddable":true,"href":"https:\/\/veeohutus.ee\/suvi\/wp-json\/wp\/v2\/users\/2"}],"replies":[{"embeddable":true,"href":"https:\/\/veeohutus.ee\/suvi\/wp-json\/wp\/v2\/comments?post=270"}],"version-history":[{"count":32,"href":"https:\/\/veeohutus.ee\/suvi\/wp-json\/wp\/v2\/pages\/270\/revisions"}],"predecessor-version":[{"id":3284,"href":"https:\/\/veeohutus.ee\/suvi\/wp-json\/wp\/v2\/pages\/270\/revisions\/3284"}],"wp:featuredmedia":[{"embeddable":true,"href":"https:\/\/veeohutus.ee\/suvi\/wp-json\/wp\/v2\/media\/150"}],"wp:attachment":[{"href":"https:\/\/veeohutus.ee\/suvi\/wp-json\/wp\/v2\/media?parent=270"}],"curies":[{"name":"wp","href":"https:\/\/api.w.org\/{rel}","templated":true}]}}