{"id":272,"date":"2016-06-21T12:16:24","date_gmt":"2016-06-21T12:16:24","guid":{"rendered":"http:\/\/demo.opus.ee\/projects\/veeohutus\/www\/?page_id=272"},"modified":"2025-07-28T11:41:21","modified_gmt":"2025-07-28T08:41:21","slug":"vali-avalik-valvega-rand","status":"publish","type":"page","link":"https:\/\/veeohutus.ee\/suvi\/vali-avalik-valvega-rand\/","title":{"rendered":"Vali avalik valvega rand"},"content":{"rendered":"<h2>Avalik valvega rand on k\u00f5ige parem valik, sest:<\/h2>\n<ul>\n<li>Ranna territoorium on hooldatud ja veekogu p\u00f5hjast eemaldatakse sinna sattunud ohtlikud esemed;<\/li>\n<li><\/li>\n<li>Vetteh\u00fcppe tornid on kontrollitud, p\u00f5hi turvaline ja s\u00fcgavus piisav;<\/li>\n<li><\/li>\n<li>Ujumisala on m\u00e4rgistatud poidega ja seda valvatakse;<\/li>\n<li><\/li>\n<li>Vetelp\u00e4\u00e4stjad n\u00e4evad nii vees kui kaldal olevaid ohte ja aitavad \u00f5nnetusi \u00e4ra hoida;<\/li>\n<li><\/li>\n<li>P\u00e4\u00e4stjad ja kiirabi teavad avalike randade asukohti ja p\u00e4\u00e4sevad \u00f5nnetuse korral sinna kiiresti ligi;<\/li>\n<li><\/li>\n<li>Lipud n\u00e4itavad, kas ilmaolud ja vesi on ujumiseks sobivad.<\/li>\n<\/ul>\n<p style=\"text-align: left;\"><strong>Vaata ka avaliku ranna infolehte <a href=\"https:\/\/veeohutus.ee\/suvi\/wp-content\/uploads\/2020\/11\/pa_veeohutus_est_297x2103mm.pdf\"><span style=\"text-decoration: underline;\">SIIT<\/span><\/a><\/strong><\/p>\n","protected":false},"excerpt":{"rendered":"<p>Avalik valvega rand on k\u00f5ige parem valik, sest: Ranna territoorium on hooldatud ja veekogu p\u00f5hjast eemaldatakse sinna sattunud ohtlikud esemed; Vetteh\u00fcppe tornid on kontrollitud, p\u00f5hi turvaline ja s\u00fcgavus piisav; Ujumisala on m\u00e4rgistatud poidega ja seda valvatakse; Vetelp\u00e4\u00e4stjad n\u00e4evad nii vees kui kaldal olevaid ohte ja aitavad \u00f5nnetusi \u00e4ra hoida; P\u00e4\u00e4stjad ja kiirabi teavad avalike randade&#8230;  <a class=\"excerpt-read-more\" href=\"https:\/\/veeohutus.ee\/suvi\/vali-avalik-valvega-rand\/\" title=\"Read Vali avalik valvega rand\">Read more<\/a><\/p>\n","protected":false},"author":2,"featured_media":726,"parent":0,"menu_order":8,"comment_status":"closed","ping_status":"closed","template":"","meta":{"_acf_changed":false,"footnotes":""},"class_list":["post-272","page","type-page","status-publish","has-post-thumbnail","hentry"],"acf":[],"yoast_head":"<!-- This site is optimized with the Yoast SEO plugin v26.7 - https:\/\/yoast.com\/wordpress\/plugins\/seo\/ -->\n<title>Vali avalik valvega rand - P\u00e4\u00e4steamet - Veeohutus<\/title>\n<meta name=\"description\" content=\"Vali avalik valvega rand, sest seal on ranna territoorium hooldatud, p\u00f5hi on turvaline ja kontrollitud, ujumisala m\u00e4rgistatud ja seda valvatakse.\" \/>\n<meta name=\"robots\" content=\"index, follow, max-snippet:-1, max-image-preview:large, max-video-preview:-1\" \/>\n<link rel=\"canonical\" href=\"https:\/\/veeohutus.ee\/suvi\/vali-avalik-valvega-rand\/\" \/>\n<meta property=\"og:locale\" content=\"et_EE\" \/>\n<meta property=\"og:type\" content=\"article\" \/>\n<meta property=\"og:title\" content=\"Vali avalik valvega rand - P\u00e4\u00e4steamet - Veeohutus\" \/>\n<meta property=\"og:description\" content=\"Vali avalik valvega rand, sest seal on ranna territoorium hooldatud, p\u00f5hi on turvaline ja kontrollitud, ujumisala m\u00e4rgistatud ja seda valvatakse.\" \/>\n<meta property=\"og:url\" content=\"https:\/\/veeohutus.ee\/suvi\/vali-avalik-valvega-rand\/\" \/>\n<meta property=\"og:site_name\" content=\"Veeohutus - Suvi - tule uuri, kuidas ennetada ja aidata - P\u00e4\u00e4steamet\" \/>\n<meta property=\"article:modified_time\" content=\"2025-07-28T08:41:21+00:00\" \/>\n<meta property=\"og:image\" content=\"https:\/\/veeohutus.ee\/suvi\/wp-content\/uploads\/2016\/06\/Valvegarand-e1466584690301.jpg\" \/>\n\t<meta property=\"og:image:width\" content=\"1752\" \/>\n\t<meta property=\"og:image:height\" content=\"978\" \/>\n\t<meta property=\"og:image:type\" content=\"image\/jpeg\" \/>\n<meta name=\"twitter:card\" content=\"summary_large_image\" \/>\n<meta name=\"twitter:label1\" content=\"Est. reading time\" \/>\n\t<meta name=\"twitter:data1\" content=\"1 minut\" \/>\n<script type=\"application\/ld+json\" class=\"yoast-schema-graph\">{\"@context\":\"https:\/\/schema.org\",\"@graph\":[{\"@type\":\"WebPage\",\"@id\":\"https:\/\/veeohutus.ee\/suvi\/vali-avalik-valvega-rand\/\",\"url\":\"https:\/\/veeohutus.ee\/suvi\/vali-avalik-valvega-rand\/\",\"name\":\"Vali avalik valvega rand - P\u00e4\u00e4steamet - Veeohutus\",\"isPartOf\":{\"@id\":\"https:\/\/veeohutus.ee\/suvi\/#website\"},\"primaryImageOfPage\":{\"@id\":\"https:\/\/veeohutus.ee\/suvi\/vali-avalik-valvega-rand\/#primaryimage\"},\"image\":{\"@id\":\"https:\/\/veeohutus.ee\/suvi\/vali-avalik-valvega-rand\/#primaryimage\"},\"thumbnailUrl\":\"https:\/\/veeohutus.ee\/suvi\/wp-content\/uploads\/2016\/06\/Valvegarand-e1466584690301.jpg\",\"datePublished\":\"2016-06-21T12:16:24+00:00\",\"dateModified\":\"2025-07-28T08:41:21+00:00\",\"description\":\"Vali avalik valvega rand, sest seal on ranna territoorium hooldatud, p\u00f5hi on turvaline ja kontrollitud, ujumisala m\u00e4rgistatud ja seda valvatakse.\",\"breadcrumb\":{\"@id\":\"https:\/\/veeohutus.ee\/suvi\/vali-avalik-valvega-rand\/#breadcrumb\"},\"inLanguage\":\"et\",\"potentialAction\":[{\"@type\":\"ReadAction\",\"target\":[\"https:\/\/veeohutus.ee\/suvi\/vali-avalik-valvega-rand\/\"]}]},{\"@type\":\"ImageObject\",\"inLanguage\":\"et\",\"@id\":\"https:\/\/veeohutus.ee\/suvi\/vali-avalik-valvega-rand\/#primaryimage\",\"url\":\"https:\/\/veeohutus.ee\/suvi\/wp-content\/uploads\/2016\/06\/Valvegarand-e1466584690301.jpg\",\"contentUrl\":\"https:\/\/veeohutus.ee\/suvi\/wp-content\/uploads\/2016\/06\/Valvegarand-e1466584690301.jpg\",\"width\":1752,\"height\":978},{\"@type\":\"BreadcrumbList\",\"@id\":\"https:\/\/veeohutus.ee\/suvi\/vali-avalik-valvega-rand\/#breadcrumb\",\"itemListElement\":[{\"@type\":\"ListItem\",\"position\":1,\"name\":\"Home\",\"item\":\"https:\/\/veeohutus.ee\/suvi\/\"},{\"@type\":\"ListItem\",\"position\":2,\"name\":\"Vali avalik valvega rand\"}]},{\"@type\":\"WebSite\",\"@id\":\"https:\/\/veeohutus.ee\/suvi\/#website\",\"url\":\"https:\/\/veeohutus.ee\/suvi\/\",\"name\":\"Veeohutus - Suvi - tule uuri, kuidas ennetada ja aidata - P\u00e4\u00e4steamet\",\"description\":\"P\u00e4\u00e4steamet - Veeohutus\",\"potentialAction\":[{\"@type\":\"SearchAction\",\"target\":{\"@type\":\"EntryPoint\",\"urlTemplate\":\"https:\/\/veeohutus.ee\/suvi\/?s={search_term_string}\"},\"query-input\":{\"@type\":\"PropertyValueSpecification\",\"valueRequired\":true,\"valueName\":\"search_term_string\"}}],\"inLanguage\":\"et\"}]}<\/script>\n<!-- \/ Yoast SEO plugin. -->","yoast_head_json":{"title":"Vali avalik valvega rand - P\u00e4\u00e4steamet - Veeohutus","description":"Vali avalik valvega rand, sest seal on ranna territoorium hooldatud, p\u00f5hi on turvaline ja kontrollitud, ujumisala m\u00e4rgistatud ja seda valvatakse.","robots":{"index":"index","follow":"follow","max-snippet":"max-snippet:-1","max-image-preview":"max-image-preview:large","max-video-preview":"max-video-preview:-1"},"canonical":"https:\/\/veeohutus.ee\/suvi\/vali-avalik-valvega-rand\/","og_locale":"et_EE","og_type":"article","og_title":"Vali avalik valvega rand - P\u00e4\u00e4steamet - Veeohutus","og_description":"Vali avalik valvega rand, sest seal on ranna territoorium hooldatud, p\u00f5hi on turvaline ja kontrollitud, ujumisala m\u00e4rgistatud ja seda valvatakse.","og_url":"https:\/\/veeohutus.ee\/suvi\/vali-avalik-valvega-rand\/","og_site_name":"Veeohutus - Suvi - tule uuri, kuidas ennetada ja aidata - P\u00e4\u00e4steamet","article_modified_time":"2025-07-28T08:41:21+00:00","og_image":[{"width":1752,"height":978,"url":"https:\/\/veeohutus.ee\/suvi\/wp-content\/uploads\/2016\/06\/Valvegarand-e1466584690301.jpg","type":"image\/jpeg"}],"twitter_card":"summary_large_image","twitter_misc":{"Est. reading time":"1 minut"},"schema":{"@context":"https:\/\/schema.org","@graph":[{"@type":"WebPage","@id":"https:\/\/veeohutus.ee\/suvi\/vali-avalik-valvega-rand\/","url":"https:\/\/veeohutus.ee\/suvi\/vali-avalik-valvega-rand\/","name":"Vali avalik valvega rand - P\u00e4\u00e4steamet - Veeohutus","isPartOf":{"@id":"https:\/\/veeohutus.ee\/suvi\/#website"},"primaryImageOfPage":{"@id":"https:\/\/veeohutus.ee\/suvi\/vali-avalik-valvega-rand\/#primaryimage"},"image":{"@id":"https:\/\/veeohutus.ee\/suvi\/vali-avalik-valvega-rand\/#primaryimage"},"thumbnailUrl":"https:\/\/veeohutus.ee\/suvi\/wp-content\/uploads\/2016\/06\/Valvegarand-e1466584690301.jpg","datePublished":"2016-06-21T12:16:24+00:00","dateModified":"2025-07-28T08:41:21+00:00","description":"Vali avalik valvega rand, sest seal on ranna territoorium hooldatud, p\u00f5hi on turvaline ja kontrollitud, ujumisala m\u00e4rgistatud ja seda valvatakse.","breadcrumb":{"@id":"https:\/\/veeohutus.ee\/suvi\/vali-avalik-valvega-rand\/#breadcrumb"},"inLanguage":"et","potentialAction":[{"@type":"ReadAction","target":["https:\/\/veeohutus.ee\/suvi\/vali-avalik-valvega-rand\/"]}]},{"@type":"ImageObject","inLanguage":"et","@id":"https:\/\/veeohutus.ee\/suvi\/vali-avalik-valvega-rand\/#primaryimage","url":"https:\/\/veeohutus.ee\/suvi\/wp-content\/uploads\/2016\/06\/Valvegarand-e1466584690301.jpg","contentUrl":"https:\/\/veeohutus.ee\/suvi\/wp-content\/uploads\/2016\/06\/Valvegarand-e1466584690301.jpg","width":1752,"height":978},{"@type":"BreadcrumbList","@id":"https:\/\/veeohutus.ee\/suvi\/vali-avalik-valvega-rand\/#breadcrumb","itemListElement":[{"@type":"ListItem","position":1,"name":"Home","item":"https:\/\/veeohutus.ee\/suvi\/"},{"@type":"ListItem","position":2,"name":"Vali avalik valvega rand"}]},{"@type":"WebSite","@id":"https:\/\/veeohutus.ee\/suvi\/#website","url":"https:\/\/veeohutus.ee\/suvi\/","name":"Veeohutus - Suvi - tule uuri, kuidas ennetada ja aidata - P\u00e4\u00e4steamet","description":"P\u00e4\u00e4steamet - Veeohutus","potentialAction":[{"@type":"SearchAction","target":{"@type":"EntryPoint","urlTemplate":"https:\/\/veeohutus.ee\/suvi\/?s={search_term_string}"},"query-input":{"@type":"PropertyValueSpecification","valueRequired":true,"valueName":"search_term_string"}}],"inLanguage":"et"}]}},"_links":{"self":[{"href":"https:\/\/veeohutus.ee\/suvi\/wp-json\/wp\/v2\/pages\/272","targetHints":{"allow":["GET"]}}],"collection":[{"href":"https:\/\/veeohutus.ee\/suvi\/wp-json\/wp\/v2\/pages"}],"about":[{"href":"https:\/\/veeohutus.ee\/suvi\/wp-json\/wp\/v2\/types\/page"}],"author":[{"embeddable":true,"href":"https:\/\/veeohutus.ee\/suvi\/wp-json\/wp\/v2\/users\/2"}],"replies":[{"embeddable":true,"href":"https:\/\/veeohutus.ee\/suvi\/wp-json\/wp\/v2\/comments?post=272"}],"version-history":[{"count":20,"href":"https:\/\/veeohutus.ee\/suvi\/wp-json\/wp\/v2\/pages\/272\/revisions"}],"predecessor-version":[{"id":4696,"href":"https:\/\/veeohutus.ee\/suvi\/wp-json\/wp\/v2\/pages\/272\/revisions\/4696"}],"wp:featuredmedia":[{"embeddable":true,"href":"https:\/\/veeohutus.ee\/suvi\/wp-json\/wp\/v2\/media\/726"}],"wp:attachment":[{"href":"https:\/\/veeohutus.ee\/suvi\/wp-json\/wp\/v2\/media?parent=272"}],"curies":[{"name":"wp","href":"https:\/\/api.w.org\/{rel}","templated":true}]}}